{"id":3619,"date":"2026-02-17T12:52:46","date_gmt":"2026-02-17T17:52:46","guid":{"rendered":"https:\/\/sixtrum.com\/evidences\/"},"modified":"2026-03-31T09:41:32","modified_gmt":"2026-03-31T13:41:32","slug":"evidences","status":"publish","type":"page","link":"https:\/\/sixtrum.com\/en\/evidences\/","title":{"rendered":"\u00c9vidences"},"content":{"rendered":"<div class=\"wpb-content-wrapper\"><p>[vc_row css_animation=&#8221;&#8221; row_type=&#8221;row&#8221; use_row_as_full_screen_section=&#8221;no&#8221; type=&#8221;full_width&#8221; angled_section=&#8221;no&#8221; text_align=&#8221;left&#8221; background_image_as_pattern=&#8221;without_pattern&#8221;][vc_column]\n\t\t\t<!-- START \u00c9vidences REVOLUTION SLIDER 6.7.38 --><p class=\"rs-p-wp-fix\"><\/p>\n\t\t\t<rs-module-wrap id=\"rev_slider_42_1_wrapper\" data-source=\"gallery\" style=\"visibility:hidden;background:transparent;padding:0;margin:0px auto;margin-top:0;margin-bottom:0;\">\n\t\t\t\t<rs-module id=\"rev_slider_42_1\" style=\"\" data-version=\"6.7.38\">\n\t\t\t\t\t<rs-slides style=\"overflow: hidden; position: absolute;\">\n\t\t\t\t\t\t<rs-slide style=\"position: absolute;\" data-key=\"rs-281\" data-title=\"Slide\" data-thumb=\"\/\/sixtrum.com\/wp-content\/uploads\/2026\/02\/Sixtrum_Evidences_Banniere_FormatHD_2-2-scaled-50x100.jpg\" data-in=\"o:0;\" data-out=\"a:false;\">\n\t\t\t\t\t\t\t<img decoding=\"async\" src=\"\/\/sixtrum.com\/wp-content\/plugins\/revslider\/sr6\/assets\/assets\/dummy.png\" alt=\"\" title=\"Sixtrum_Evidences_Banniere_FormatHD_2\" width=\"2560\" height=\"1124\" class=\"rev-slidebg tp-rs-img rs-lazyload\" data-lazyload=\"\/\/sixtrum.com\/wp-content\/uploads\/2026\/02\/Sixtrum_Evidences_Banniere_FormatHD_2-2-scaled.jpg\" data-parallax=\"off\" data-no-retina>\n<!---->\t\t\t\t\t<\/rs-slide>\n\t\t\t\t\t\t<rs-slide style=\"position: absolute;\" data-key=\"rs-277\" data-title=\"Slide\" data-thumb=\"\/\/sixtrum.com\/wp-content\/uploads\/2026\/02\/FB-pC-Oktaven-50x100.jpg\" data-in=\"o:0;\" data-out=\"a:false;\">\n\t\t\t\t\t\t\t<img decoding=\"async\" src=\"\/\/sixtrum.com\/wp-content\/plugins\/revslider\/sr6\/assets\/assets\/dummy.png\" alt=\"\" title=\"FB pC Oktaven\" width=\"2048\" height=\"1536\" class=\"rev-slidebg tp-rs-img rs-lazyload\" data-lazyload=\"\/\/sixtrum.com\/wp-content\/uploads\/2026\/02\/FB-pC-Oktaven.jpg\" data-parallax=\"off\" data-no-retina>\n<!---->\t\t\t\t\t<\/rs-slide>\n\t\t\t\t\t\t<rs-slide style=\"position: absolute;\" data-key=\"rs-278\" data-title=\"Slide\" data-thumb=\"\/\/sixtrum.com\/wp-content\/uploads\/2026\/02\/DW8A0342-scaled-50x100.jpg\" data-in=\"o:0;\" data-out=\"a:false;\">\n\t\t\t\t\t\t\t<img decoding=\"async\" src=\"\/\/sixtrum.com\/wp-content\/plugins\/revslider\/sr6\/assets\/assets\/dummy.png\" alt=\"\" title=\"DW8A0342\" width=\"2389\" height=\"2560\" class=\"rev-slidebg tp-rs-img rs-lazyload\" data-lazyload=\"\/\/sixtrum.com\/wp-content\/uploads\/2026\/02\/DW8A0342-scaled.jpg\" data-parallax=\"off\" data-no-retina>\n<!---->\t\t\t\t\t<\/rs-slide>\n\t\t\t\t\t<\/rs-slides>\n\t\t\t\t<\/rs-module>\n\t\t\t\t<script>\n\t\t\t\t\tsetREVStartSize({c: 'rev_slider_42_1',rl:[1240,1240,778,480],el:[525,525,960,720],gw:[1240,1240,778,480],gh:[525,525,550,400],type:'standard',justify:'',layout:'fullwidth',mh:\"0\"});if (window.RS_MODULES!==undefined && window.RS_MODULES.modules!==undefined && window.RS_MODULES.modules[\"revslider421\"]!==undefined) {window.RS_MODULES.modules[\"revslider421\"].once = false;window.revapi42 = undefined;if (window.RS_MODULES.checkMinimal!==undefined) window.RS_MODULES.checkMinimal()}\n\t\t\t\t<\/script>\n\t\t\t<\/rs-module-wrap>\n\t\t\t<!-- END REVOLUTION SLIDER -->\n[\/vc_column][\/vc_row][vc_row css_animation=&#8221;&#8221; row_type=&#8221;row&#8221; use_row_as_full_screen_section=&#8221;no&#8221; type=&#8221;grid&#8221; angled_section=&#8221;no&#8221; text_align=&#8221;left&#8221; background_image_as_pattern=&#8221;without_pattern&#8221; z_index=&#8221;&#8221; padding_top=&#8221;64&#8243; padding_bottom=&#8221;64&#8243;][vc_column][vc_empty_space height=&#8221;16px&#8221;][vc_row_inner row_type=&#8221;row&#8221; type=&#8221;full_width&#8221; text_align=&#8221;left&#8221; css_animation=&#8221;&#8221;][vc_column_inner width=&#8221;5\/6&#8243;][vc_column_text css=&#8221;&#8221;]<\/p>\n<h1>\u00c9vidences<\/h1>\n<p><a href=\"https:\/\/philippecote.bandcamp.com\/album\/confluence\">Confluence<\/a> &#8211; Philippe C\u00f4t\u00e9 and Fran\u00e7ois Bourassa &#8211; meet Sixtrum.<br \/>\nA show co-presented with <a href=\"https:\/\/levivier.ca\/fr\">Le Vivier<\/a>.<\/p>\n<p><strong>PROGRAM<\/strong><\/p>\n<p>Saxophonist and composer <strong>Philippe C\u00f4t\u00e9<\/strong> joins the Sixtrum percussion ensemble and pianist <strong>Fran\u00e7ois Bourassa<\/strong> for the world premiere of new works that place percussion at the center of the music, shaping an ever-changing landscape of rhythms and textures where improvisation unfolds. Building on the duo project <strong><em>Confluence<\/em><\/strong> (C\u00f4t\u00e9\/Bourassa, 2023), this concert extends the duo&#8217;s dialogue in an encounter with Sixtrum&#8217;s inventive percussive universe: <em><strong>\u00c9vidences &#8211; Confluence meets Sixtrum<\/strong><\/em>.<\/p>\n<p>The main piece, <strong>\u00c9vidences,<\/strong> follows in the footsteps of Thelonious Monk&#8217;s <em>Evidence<\/em>: rhythms, fragments, and unexpected accents appear, disappear, and reappear. Familiarity wavers and dissolves. The boundary between written and improvised music is never fixed; every moment is in flux, every choice resonates.<\/p>\n<p>The title has several meanings: in English, <em>evidence<\/em> evokes clues or traces; in French,<em> \u00e9vidence<\/em> refers to what is clear or unavoidable. For C\u00f4t\u00e9, it is obvious that jazz and contemporary music are in constant dialogue, and that open forms, like those of Earle Brown, offer an inspiring way to fuse these worlds.<\/p>\n<p>Inspired by these open forms, C\u00f4t\u00e9&#8217;s music combines rigor and unpredictability, precision and free-flowing expression. Thanks to Sixtrum&#8217;s energy, Bourassa&#8217;s percussive touch, and C\u00f4t\u00e9&#8217;s lyrical and mysterious saxophone playing, the concert unfolds like a vivid and ever-changing soundscape.[\/vc_column_text][\/vc_column_inner][vc_column_inner width=&#8221;1\/6&#8243;][\/vc_column_inner][\/vc_row_inner][\/vc_column][\/vc_row][vc_row css_animation=&#8221;&#8221; row_type=&#8221;row&#8221; use_row_as_full_screen_section=&#8221;no&#8221; type=&#8221;grid&#8221; angled_section=&#8221;no&#8221; text_align=&#8221;left&#8221; background_image_as_pattern=&#8221;without_pattern&#8221; z_index=&#8221;&#8221; padding_top=&#8221;64&#8243; padding_bottom=&#8221;64&#8243; background_color=&#8221;#ffffff&#8221;][vc_column width=&#8221;5\/6&#8243;][vc_column_text css=&#8221;&#8221;]<\/p>\n<h5>Program<\/h5>\n<p>[\/vc_column_text][vc_row_inner row_type=&#8221;row&#8221; type=&#8221;full_width&#8221; text_align=&#8221;left&#8221; css_animation=&#8221;&#8221;][vc_column_inner width=&#8221;1\/2&#8243;][vc_column_text css=&#8221;&#8221;]<b>Upcoming<\/b>[\/vc_column_text][\/vc_column_inner][vc_column_inner width=&#8221;1\/2&#8243;][vc_column_text css=&#8221;&#8221;][\/vc_column_text][\/vc_column_inner][\/vc_row_inner][\/vc_column][vc_column width=&#8221;1\/6&#8243;][\/vc_column][\/vc_row][vc_row css_animation=&#8221;&#8221; row_type=&#8221;row&#8221; use_row_as_full_screen_section=&#8221;no&#8221; type=&#8221;grid&#8221; angled_section=&#8221;no&#8221; text_align=&#8221;left&#8221; background_image_as_pattern=&#8221;without_pattern&#8221; z_index=&#8221;&#8221; padding_top=&#8221;64&#8243; padding_bottom=&#8221;64&#8243;][vc_column width=&#8221;1\/3&#8243;]<div class='q_icon_with_title tiny circle left_from_title '><div class=\"icon_text_holder\" style=\"\"><div class=\"icon_text_inner\" style=\"\"><div class=\"icon_title_holder\"><div class=\"icon_holder \" style=\" \"><span data-icon-type=\"circle\" data-icon-hover-bg-color=\"#ffde4e\" class=\"qode_iwt_icon_holder fa-stack fa-lg  \" style=\"border-color: #ffde4e;background-color: #ffde4e\"><i class=\"qode_icon_font_awesome fa fa-clock-o qode_iwt_icon_element\" style=\"color: #242424\"><\/i><\/span><\/div><h6 class=\"icon_title\" style=\"\">Duration : 1h10<\/h6><\/div><p style=''><\/p><\/div><\/div><\/div><div class='q_icon_with_title tiny circle left_from_title '><div class=\"icon_text_holder\" style=\"\"><div class=\"icon_text_inner\" style=\"\"><div class=\"icon_title_holder\"><div class=\"icon_holder \" style=\" \"><span data-icon-type=\"circle\" data-icon-hover-bg-color=\"#ffde4e\" class=\"qode_iwt_icon_holder fa-stack fa-lg  \" style=\"border-color: #ffde4e;background-color: #ffde4e\"><i class=\"qode_icon_font_awesome_5 fa5 fa fa-drum qode_iwt_icon_element\" style=\"color: #242424\"><\/i><\/span><\/div><h6 class=\"icon_title\" style=\"\">Musicians Sixtrum<\/h6><\/div><p style=''><\/p><\/div><\/div><\/div>[vc_column_text css=&#8221;.vc_custom_1774964490636{margin-top: -25px !important;}&#8221;]<\/p>\n<p class=\"caps\">Jo\u00e3o Catal\u00e3o, percussions<br \/>\nPhilip Hornsey, percussions<br \/>\nKristie Ibrahim, percussions<br \/>\nFabrice Marandola, percussions<\/p>\n<p>[\/vc_column_text][vc_empty_space][\/vc_column][vc_column width=&#8221;1\/3&#8243;]<div class='q_icon_with_title tiny circle left_from_title '><div class=\"icon_text_holder\" style=\"\"><div class=\"icon_text_inner\" style=\"\"><div class=\"icon_title_holder\"><div class=\"icon_holder \" style=\" \"><span data-icon-type=\"circle\" data-icon-hover-bg-color=\"#ffde4e\" class=\"qode_iwt_icon_holder fa-stack fa-lg  \" style=\"border-color: #ffde4e;background-color: #ffde4e\"><i class=\"qode_icon_font_awesome_5 fa5 fa fa-drum qode_iwt_icon_element\" style=\"color: #242424\"><\/i><\/span><\/div><h6 class=\"icon_title\" style=\"\">Musiciens Confluence<\/h6><\/div><p style=''><\/p><\/div><\/div><\/div>[vc_column_text css=&#8221;.vc_custom_1771978658520{margin-top: -25px !important;}&#8221;]<\/p>\n<p class=\"caps\">Philippe C\u00f4t\u00e9, saxophone<br \/>\nFran\u00e7ois Bourassa, piano<\/p>\n<p>[\/vc_column_text][vc_empty_space]<div class='q_icon_with_title tiny circle left_from_title '><div class=\"icon_text_holder\" style=\"\"><div class=\"icon_text_inner\" style=\"\"><div class=\"icon_title_holder\"><div class=\"icon_holder \" style=\" \"><span data-icon-type=\"circle\" data-icon-hover-bg-color=\"#ffde4e\" class=\"qode_iwt_icon_holder fa-stack fa-lg  \" style=\"border-color: #ffde4e;background-color: #ffde4e\"><i class=\"qode_icon_font_awesome fa fa-download qode_iwt_icon_element\" style=\"color: #242424\"><\/i><\/span><\/div><h6 class=\"icon_title\" style=\"\">Downloads<\/h6><\/div><p style=''><\/p><\/div><\/div><\/div>[vc_column_text css=&#8221;.vc_custom_1771978682875{margin-top: -25px !important;}&#8221;]<\/p>\n<p style=\"padding-left: 40px;\"><u>Presse release<br \/>\n<a href=\"https:\/\/sixtrum.com\/en\/sixtrum-2\/#biographies-photos-logos\">Biography et photos<\/a><br \/>\n<\/u><\/p>\n<p>[\/vc_column_text][vc_empty_space][\/vc_column][vc_column width=&#8221;1\/3&#8243;]<div class='q_icon_with_title tiny circle left_from_title '><div class=\"icon_text_holder\" style=\"\"><div class=\"icon_text_inner\" style=\"\"><div class=\"icon_title_holder\"><div class=\"icon_holder \" style=\" \"><span data-icon-type=\"circle\" data-icon-hover-bg-color=\"#ffde4e\" class=\"qode_iwt_icon_holder fa-stack fa-lg  \" style=\"border-color: #ffde4e;background-color: #ffde4e\"><i class=\"qode_icon_font_awesome fa fa-envelope-o qode_iwt_icon_element\" style=\"color: #242424\"><\/i><\/span><\/div><h6 class=\"icon_title\" style=\"\">Contacts<\/h6><\/div><p style=''><\/p><\/div><\/div><\/div>[vc_column_text css=&#8221;.vc_custom_1771978709615{margin-top: -25px !important;}&#8221;]<\/p>\n<p style=\"padding-left: 40px;\"><strong>Fabrice Marandola<\/strong><br \/>\nassociate artistic director<br \/>\n<u><a href=\"mailto:fabrice.marandola@sixtrum.com\">fabrice.marandola@sixtrum.com<\/a><\/u><\/p>\n<p style=\"padding-left: 40px;\"><strong>Aur\u00e9lie Suberchicot<\/strong><br \/>\nMusic promotion<br \/>\n<u><a href=\"mailto:info@sixtrum.com\">info@sixtrum.com<\/a><\/u><\/p>\n<p>[\/vc_column_text][vc_empty_space][\/vc_column][\/vc_row]<\/p>\n<\/div>","protected":false},"excerpt":{"rendered":"<p>[vc_row css_animation=&#8221;&#8221; row_type=&#8221;row&#8221; use_row_as_full_screen_section=&#8221;no&#8221; type=&#8221;full_width&#8221; angled_section=&#8221;no&#8221; text_align=&#8221;left&#8221; background_image_as_pattern=&#8221;without_pattern&#8221;][vc_column][\/vc_column][\/vc_row][vc_row css_animation=&#8221;&#8221; row_type=&#8221;row&#8221; use_row_as_full_screen_section=&#8221;no&#8221; type=&#8221;grid&#8221; angled_section=&#8221;no&#8221; text_align=&#8221;left&#8221; background_image_as_pattern=&#8221;without_pattern&#8221; z_index=&#8221;&#8221; padding_top=&#8221;64&#8243; padding_bottom=&#8221;64&#8243;][vc_column][vc_empty_space height=&#8221;16px&#8221;][vc_row_inner row_type=&#8221;row&#8221; type=&#8221;full_width&#8221; text_align=&#8221;left&#8221; css_animation=&#8221;&#8221;][vc_column_inner width=&#8221;5\/6&#8243;][vc_column_text css=&#8221;&#8221;] \u00c9vidences Confluence &#8211; Philippe C\u00f4t\u00e9 and Fran\u00e7ois Bourassa &#8211; meet Sixtrum. A show co-presented with Le Vivier. PROGRAM Saxophonist and&#8230;<\/p>\n","protected":false},"author":4,"featured_media":3585,"parent":0,"menu_order":0,"comment_status":"closed","ping_status":"closed","template":"full_width.php","meta":{"footnotes":""},"class_list":["post-3619","page","type-page","status-publish","has-post-thumbnail","hentry"],"yoast_head":"<!-- This site is optimized with the Yoast SEO plugin v26.4 - https:\/\/yoast.com\/wordpress\/plugins\/seo\/ -->\n<title>\u00c9vidences - Ensemble \u00e0 percussion Sixtrum<\/title>\n<meta name=\"description\" content=\"Le saxophoniste Philippe C\u00f4t\u00e9 rejoint l\u2019ensemble de percussions Sixtrum et le pianiste Fran\u00e7ois Bourassa pour un programme qui place la percussion au centre d\u2019un paysage en constante \u00e9volution de rythmes.\" \/>\n<meta name=\"robots\" content=\"index, follow, max-snippet:-1, max-image-preview:large, max-video-preview:-1\" \/>\n<link rel=\"canonical\" href=\"https:\/\/sixtrum.com\/en\/evidences\/\" \/>\n<meta property=\"og:locale\" content=\"en_US\" \/>\n<meta property=\"og:type\" content=\"article\" \/>\n<meta property=\"og:title\" content=\"\u00c9vidences - Ensemble \u00e0 percussion Sixtrum\" \/>\n<meta property=\"og:description\" content=\"Le saxophoniste Philippe C\u00f4t\u00e9 rejoint l\u2019ensemble de percussions Sixtrum et le pianiste Fran\u00e7ois Bourassa pour un programme qui place la percussion au centre d\u2019un paysage en constante \u00e9volution de rythmes.\" \/>\n<meta property=\"og:url\" content=\"https:\/\/sixtrum.com\/en\/evidences\/\" \/>\n<meta property=\"og:site_name\" content=\"Ensemble \u00e0 percussion Sixtrum\" \/>\n<meta property=\"article:publisher\" content=\"https:\/\/www.facebook.com\/sixtrum\" \/>\n<meta property=\"article:modified_time\" content=\"2026-03-31T13:41:32+00:00\" \/>\n<meta property=\"og:image\" content=\"https:\/\/sixtrum.com\/wp-content\/uploads\/2026\/02\/Sixtrum_Evidences_Post.jpg\" \/>\n\t<meta property=\"og:image:width\" content=\"1080\" \/>\n\t<meta property=\"og:image:height\" content=\"1080\" \/>\n\t<meta property=\"og:image:type\" content=\"image\/jpeg\" \/>\n<meta name=\"twitter:card\" content=\"summary_large_image\" \/>\n<meta name=\"twitter:site\" content=\"@sixtrum\" \/>\n<meta name=\"twitter:label1\" content=\"Est. reading time\" \/>\n\t<meta name=\"twitter:data1\" content=\"3 minutes\" \/>\n<script type=\"application\/ld+json\" class=\"yoast-schema-graph\">{\"@context\":\"https:\/\/schema.org\",\"@graph\":[{\"@type\":\"WebPage\",\"@id\":\"https:\/\/sixtrum.com\/en\/evidences\/\",\"url\":\"https:\/\/sixtrum.com\/en\/evidences\/\",\"name\":\"\u00c9vidences - Ensemble \u00e0 percussion Sixtrum\",\"isPartOf\":{\"@id\":\"https:\/\/sixtrum.com\/en\/#website\"},\"primaryImageOfPage\":{\"@id\":\"https:\/\/sixtrum.com\/en\/evidences\/#primaryimage\"},\"image\":{\"@id\":\"https:\/\/sixtrum.com\/en\/evidences\/#primaryimage\"},\"thumbnailUrl\":\"https:\/\/sixtrum.com\/wp-content\/uploads\/2026\/02\/Sixtrum_Evidences_Post.jpg\",\"datePublished\":\"2026-02-17T17:52:46+00:00\",\"dateModified\":\"2026-03-31T13:41:32+00:00\",\"description\":\"Le saxophoniste Philippe C\u00f4t\u00e9 rejoint l\u2019ensemble de percussions Sixtrum et le pianiste Fran\u00e7ois Bourassa pour un programme qui place la percussion au centre d\u2019un paysage en constante \u00e9volution de rythmes.\",\"breadcrumb\":{\"@id\":\"https:\/\/sixtrum.com\/en\/evidences\/#breadcrumb\"},\"inLanguage\":\"en-US\",\"potentialAction\":[{\"@type\":\"ReadAction\",\"target\":[\"https:\/\/sixtrum.com\/en\/evidences\/\"]}]},{\"@type\":\"ImageObject\",\"inLanguage\":\"en-US\",\"@id\":\"https:\/\/sixtrum.com\/en\/evidences\/#primaryimage\",\"url\":\"https:\/\/sixtrum.com\/wp-content\/uploads\/2026\/02\/Sixtrum_Evidences_Post.jpg\",\"contentUrl\":\"https:\/\/sixtrum.com\/wp-content\/uploads\/2026\/02\/Sixtrum_Evidences_Post.jpg\",\"width\":1080,\"height\":1080},{\"@type\":\"BreadcrumbList\",\"@id\":\"https:\/\/sixtrum.com\/en\/evidences\/#breadcrumb\",\"itemListElement\":[{\"@type\":\"ListItem\",\"position\":1,\"name\":\"Accueil\",\"item\":\"https:\/\/sixtrum.com\/en\/\"},{\"@type\":\"ListItem\",\"position\":2,\"name\":\"\u00c9vidences\"}]},{\"@type\":\"WebSite\",\"@id\":\"https:\/\/sixtrum.com\/en\/#website\",\"url\":\"https:\/\/sixtrum.com\/en\/\",\"name\":\"Ensemble \u00e0 percussion Sixtrum\",\"description\":\"Une exploration d\u00e9brid\u00e9e de la percussion contemporaine\",\"publisher\":{\"@id\":\"https:\/\/sixtrum.com\/en\/#organization\"},\"potentialAction\":[{\"@type\":\"SearchAction\",\"target\":{\"@type\":\"EntryPoint\",\"urlTemplate\":\"https:\/\/sixtrum.com\/en\/?s={search_term_string}\"},\"query-input\":{\"@type\":\"PropertyValueSpecification\",\"valueRequired\":true,\"valueName\":\"search_term_string\"}}],\"inLanguage\":\"en-US\"},{\"@type\":\"Organization\",\"@id\":\"https:\/\/sixtrum.com\/en\/#organization\",\"name\":\"Sixtrum\",\"url\":\"https:\/\/sixtrum.com\/en\/\",\"logo\":{\"@type\":\"ImageObject\",\"inLanguage\":\"en-US\",\"@id\":\"https:\/\/sixtrum.com\/en\/#\/schema\/logo\/image\/\",\"url\":\"https:\/\/sixtrum.com\/wp-content\/uploads\/2020\/10\/sixtrum-ensemble-percussion-logo-noir.png\",\"contentUrl\":\"https:\/\/sixtrum.com\/wp-content\/uploads\/2020\/10\/sixtrum-ensemble-percussion-logo-noir.png\",\"width\":1000,\"height\":368,\"caption\":\"Sixtrum\"},\"image\":{\"@id\":\"https:\/\/sixtrum.com\/en\/#\/schema\/logo\/image\/\"},\"sameAs\":[\"https:\/\/www.facebook.com\/sixtrum\",\"https:\/\/x.com\/sixtrum\",\"https:\/\/www.instagram.com\/sixtrum_percussion\/\",\"https:\/\/www.youtube.com\/sixtrum\"]}]}<\/script>\n<!-- \/ Yoast SEO plugin. -->","yoast_head_json":{"title":"\u00c9vidences - Ensemble \u00e0 percussion Sixtrum","description":"Le saxophoniste Philippe C\u00f4t\u00e9 rejoint l\u2019ensemble de percussions Sixtrum et le pianiste Fran\u00e7ois Bourassa pour un programme qui place la percussion au centre d\u2019un paysage en constante \u00e9volution de rythmes.","robots":{"index":"index","follow":"follow","max-snippet":"max-snippet:-1","max-image-preview":"max-image-preview:large","max-video-preview":"max-video-preview:-1"},"canonical":"https:\/\/sixtrum.com\/en\/evidences\/","og_locale":"en_US","og_type":"article","og_title":"\u00c9vidences - Ensemble \u00e0 percussion Sixtrum","og_description":"Le saxophoniste Philippe C\u00f4t\u00e9 rejoint l\u2019ensemble de percussions Sixtrum et le pianiste Fran\u00e7ois Bourassa pour un programme qui place la percussion au centre d\u2019un paysage en constante \u00e9volution de rythmes.","og_url":"https:\/\/sixtrum.com\/en\/evidences\/","og_site_name":"Ensemble \u00e0 percussion Sixtrum","article_publisher":"https:\/\/www.facebook.com\/sixtrum","article_modified_time":"2026-03-31T13:41:32+00:00","og_image":[{"width":1080,"height":1080,"url":"https:\/\/sixtrum.com\/wp-content\/uploads\/2026\/02\/Sixtrum_Evidences_Post.jpg","type":"image\/jpeg"}],"twitter_card":"summary_large_image","twitter_site":"@sixtrum","twitter_misc":{"Est. reading time":"3 minutes"},"schema":{"@context":"https:\/\/schema.org","@graph":[{"@type":"WebPage","@id":"https:\/\/sixtrum.com\/en\/evidences\/","url":"https:\/\/sixtrum.com\/en\/evidences\/","name":"\u00c9vidences - Ensemble \u00e0 percussion Sixtrum","isPartOf":{"@id":"https:\/\/sixtrum.com\/en\/#website"},"primaryImageOfPage":{"@id":"https:\/\/sixtrum.com\/en\/evidences\/#primaryimage"},"image":{"@id":"https:\/\/sixtrum.com\/en\/evidences\/#primaryimage"},"thumbnailUrl":"https:\/\/sixtrum.com\/wp-content\/uploads\/2026\/02\/Sixtrum_Evidences_Post.jpg","datePublished":"2026-02-17T17:52:46+00:00","dateModified":"2026-03-31T13:41:32+00:00","description":"Le saxophoniste Philippe C\u00f4t\u00e9 rejoint l\u2019ensemble de percussions Sixtrum et le pianiste Fran\u00e7ois Bourassa pour un programme qui place la percussion au centre d\u2019un paysage en constante \u00e9volution de rythmes.","breadcrumb":{"@id":"https:\/\/sixtrum.com\/en\/evidences\/#breadcrumb"},"inLanguage":"en-US","potentialAction":[{"@type":"ReadAction","target":["https:\/\/sixtrum.com\/en\/evidences\/"]}]},{"@type":"ImageObject","inLanguage":"en-US","@id":"https:\/\/sixtrum.com\/en\/evidences\/#primaryimage","url":"https:\/\/sixtrum.com\/wp-content\/uploads\/2026\/02\/Sixtrum_Evidences_Post.jpg","contentUrl":"https:\/\/sixtrum.com\/wp-content\/uploads\/2026\/02\/Sixtrum_Evidences_Post.jpg","width":1080,"height":1080},{"@type":"BreadcrumbList","@id":"https:\/\/sixtrum.com\/en\/evidences\/#breadcrumb","itemListElement":[{"@type":"ListItem","position":1,"name":"Accueil","item":"https:\/\/sixtrum.com\/en\/"},{"@type":"ListItem","position":2,"name":"\u00c9vidences"}]},{"@type":"WebSite","@id":"https:\/\/sixtrum.com\/en\/#website","url":"https:\/\/sixtrum.com\/en\/","name":"Ensemble \u00e0 percussion Sixtrum","description":"Une exploration d\u00e9brid\u00e9e de la percussion contemporaine","publisher":{"@id":"https:\/\/sixtrum.com\/en\/#organization"},"potentialAction":[{"@type":"SearchAction","target":{"@type":"EntryPoint","urlTemplate":"https:\/\/sixtrum.com\/en\/?s={search_term_string}"},"query-input":{"@type":"PropertyValueSpecification","valueRequired":true,"valueName":"search_term_string"}}],"inLanguage":"en-US"},{"@type":"Organization","@id":"https:\/\/sixtrum.com\/en\/#organization","name":"Sixtrum","url":"https:\/\/sixtrum.com\/en\/","logo":{"@type":"ImageObject","inLanguage":"en-US","@id":"https:\/\/sixtrum.com\/en\/#\/schema\/logo\/image\/","url":"https:\/\/sixtrum.com\/wp-content\/uploads\/2020\/10\/sixtrum-ensemble-percussion-logo-noir.png","contentUrl":"https:\/\/sixtrum.com\/wp-content\/uploads\/2020\/10\/sixtrum-ensemble-percussion-logo-noir.png","width":1000,"height":368,"caption":"Sixtrum"},"image":{"@id":"https:\/\/sixtrum.com\/en\/#\/schema\/logo\/image\/"},"sameAs":["https:\/\/www.facebook.com\/sixtrum","https:\/\/x.com\/sixtrum","https:\/\/www.instagram.com\/sixtrum_percussion\/","https:\/\/www.youtube.com\/sixtrum"]}]}},"_links":{"self":[{"href":"https:\/\/sixtrum.com\/en\/wp-json\/wp\/v2\/pages\/3619","targetHints":{"allow":["GET"]}}],"collection":[{"href":"https:\/\/sixtrum.com\/en\/wp-json\/wp\/v2\/pages"}],"about":[{"href":"https:\/\/sixtrum.com\/en\/wp-json\/wp\/v2\/types\/page"}],"author":[{"embeddable":true,"href":"https:\/\/sixtrum.com\/en\/wp-json\/wp\/v2\/users\/4"}],"replies":[{"embeddable":true,"href":"https:\/\/sixtrum.com\/en\/wp-json\/wp\/v2\/comments?post=3619"}],"version-history":[{"count":4,"href":"https:\/\/sixtrum.com\/en\/wp-json\/wp\/v2\/pages\/3619\/revisions"}],"predecessor-version":[{"id":3665,"href":"https:\/\/sixtrum.com\/en\/wp-json\/wp\/v2\/pages\/3619\/revisions\/3665"}],"wp:featuredmedia":[{"embeddable":true,"href":"https:\/\/sixtrum.com\/en\/wp-json\/wp\/v2\/media\/3585"}],"wp:attachment":[{"href":"https:\/\/sixtrum.com\/en\/wp-json\/wp\/v2\/media?parent=3619"}],"curies":[{"name":"wp","href":"https:\/\/api.w.org\/{rel}","templated":true}]}}