{"id":3387,"date":"2025-10-01T16:03:38","date_gmt":"2025-10-01T20:03:38","guid":{"rendered":"https:\/\/sixtrum.com\/field-of-vision\/"},"modified":"2025-12-15T13:18:35","modified_gmt":"2025-12-15T18:18:35","slug":"field-of-vision","status":"publish","type":"page","link":"https:\/\/sixtrum.com\/en\/season-2025-2026\/field-of-vision\/","title":{"rendered":"Field of vision"},"content":{"rendered":"<div class=\"wpb-content-wrapper\"><p>[vc_row css_animation=&#8221;&#8221; row_type=&#8221;row&#8221; use_row_as_full_screen_section=&#8221;no&#8221; type=&#8221;full_width&#8221; angled_section=&#8221;no&#8221; text_align=&#8221;left&#8221; background_image_as_pattern=&#8221;without_pattern&#8221;][vc_column]\n\t\t\t<!-- START Field of vision REVOLUTION SLIDER 6.7.38 --><p class=\"rs-p-wp-fix\"><\/p>\n\t\t\t<rs-module-wrap id=\"rev_slider_41_1_wrapper\" data-source=\"gallery\" style=\"visibility:hidden;background:transparent;padding:0;margin:0px auto;margin-top:0;margin-bottom:0;\">\n\t\t\t\t<rs-module id=\"rev_slider_41_1\" style=\"\" data-version=\"6.7.38\">\n\t\t\t\t\t<rs-slides style=\"overflow: hidden; position: absolute;\">\n\t\t\t\t\t\t<rs-slide style=\"position: absolute;\" data-key=\"rs-269\" data-title=\"Slide\" data-in=\"o:0;\" data-out=\"a:false;\">\n\t\t\t\t\t\t\t<img decoding=\"async\" src=\"\/\/sixtrum.com\/wp-content\/plugins\/revslider\/sr6\/assets\/assets\/dummy.png\" alt=\"\" title=\"Sixtrum_FieldOfVision_modif\" width=\"1862\" height=\"2560\" class=\"rev-slidebg tp-rs-img rs-lazyload\" data-lazyload=\"\/\/sixtrum.com\/wp-content\/uploads\/2025\/09\/Sixtrum_FieldOfVision_modif-scaled.jpg\" data-parallax=\"off\" data-no-retina>\n<!---->\t\t\t\t\t<\/rs-slide>\n\t\t\t\t\t<\/rs-slides>\n\t\t\t\t<\/rs-module>\n\t\t\t\t<script>\n\t\t\t\t\tsetREVStartSize({c: 'rev_slider_41_1',rl:[1240,1240,778,480],el:[525,525,960,720],gw:[1240,1240,778,480],gh:[525,525,550,400],type:'standard',justify:'',layout:'fullwidth',mh:\"0\"});if (window.RS_MODULES!==undefined && window.RS_MODULES.modules!==undefined && window.RS_MODULES.modules[\"revslider411\"]!==undefined) {window.RS_MODULES.modules[\"revslider411\"].once = false;window.revapi41 = undefined;if (window.RS_MODULES.checkMinimal!==undefined) window.RS_MODULES.checkMinimal()}\n\t\t\t\t<\/script>\n\t\t\t<\/rs-module-wrap>\n\t\t\t<!-- END REVOLUTION SLIDER -->\n[\/vc_column][\/vc_row][vc_row css_animation=&#8221;&#8221; row_type=&#8221;row&#8221; use_row_as_full_screen_section=&#8221;no&#8221; type=&#8221;grid&#8221; angled_section=&#8221;no&#8221; text_align=&#8221;left&#8221; background_image_as_pattern=&#8221;without_pattern&#8221; z_index=&#8221;&#8221; padding_top=&#8221;64&#8243; padding_bottom=&#8221;64&#8243;][vc_column][vc_empty_space height=&#8221;16px&#8221;][vc_row_inner row_type=&#8221;row&#8221; type=&#8221;full_width&#8221; text_align=&#8221;left&#8221; css_animation=&#8221;&#8221;][vc_column_inner width=&#8221;5\/6&#8243;][vc_column_text css=&#8221;&#8221;]<\/p>\n<h1>Field of vision<\/h1>\n<p>A concert presented in collaboration with <a href=\"https:\/\/www.percussionsdestrasbourg.com\/\">Les Percussions de Strasbourg<\/a>.<br \/>\nCo-organized with <a href=\"https:\/\/levivier.ca\/fr\">Le Vivier<\/a> and the <a href=\"https:\/\/musique.uqam.ca\/\">UQAM Music Department<\/a>.<br \/>\nSupported by the Consulate General of France in Quebec City, specifically by the <a href=\"https:\/\/www.calq.gouv.qc.ca\/#:~:text=Le%20Conseil%20des%20arts%20et,ici%20comme%20%C3%A0%20l'international.\">Conseil des arts et des lettres du Qu\u00e9bec (CALQ)<\/a>, <a href=\"https:\/\/www.cirmmt.org\/en\/welcome-to-cirmmt?set_language=en\">Centre for Interdisciplinary Research in Media and Music Technology<\/a> (CIRMMT), <a href=\"https:\/\/www.mcgill.ca\/music\/\">McGill University<\/a> and <a href=\"https:\/\/www.facebook.com\/TransmissionSquelch\/?locale=fr_CA\">Squelch Transmission<\/a>.<\/p>\n<p>Sixtrum Percussion welcomes the percussionists of <a href=\"https:\/\/www.percussionsdestrasbourg.com\/\">Les Percussions de Strasbourg<\/a> to perform <em><strong>Field of Vision<\/strong><\/em>, a large-scale work by Michael Gordon. It requires 36 percussionists (six times the size of Sixtrum!), far beyond our usual productions.<\/p>\n<p>During this exceptional collaboration with Les Percussions de Strasbourg, the legendary group that created the percussion ensemble genre in 1962, we will also invite other professional groups from Montreal, including our colleagues from the Quebec quartets <a href=\"https:\/\/www.architekpercussion.com\/\">Architek<\/a> and<a href=\"https:\/\/www.ep4percussion.com\/\"> Ep4<\/a>. The other performers will be students from the University of Montreal, UQAM, the Montreal Conservatory, and McGill University. Following on from its 2018 <em>Rythmopolis<\/em> event, Sixtrum is reclaiming a public urban space, transforming places of passage into lively and fluid stages<\/p>\n<p><em><strong>Field of Vision<\/strong><\/em> (2022) is a large-scale outdoor work lasting 60 minutes, intended to be performed by 36 percussionists. Commissioned by the Caramoor Center for the Arts, it is performed on specially constructed tuned percussion instruments, industrial metals, and gongs, all of which are resonant instruments that produce a complex spectrum of harmonics and resonances. The number of percussionists and the vast playing field highlight the perspective and architectural movement of sound.<\/p>\n<p>The piece has been performed in the United States, Germany, Argentina, Spain, and Italy. This november 7th it will be a Premiere in Canada !<\/p>\n<p><em><strong>Field of Vision<\/strong><\/em> sets itself apart from Montreal&#8217;s major festivals by removing the stage in order to bring the audience closer to the artistic experience. The Agora of the Judith-Jasmin Pavilion at UQAM, as a public space frequented daily by thousands of people, makes contemporary percussion music available to all, without barriers to access, whether in terms of price, age, or musical knowledge. Street and outdoor performances are designed to capture the attention of passersby, offering them a spontaneous immersion in the sound world of percussion. By aiming for maximum accessibility, the project seeks to democratize the experience of contemporary music, particularly percussion, which is often perceived as elitist or difficult to access.[\/vc_column_text][vc_empty_space][\/vc_column_inner][vc_column_inner width=&#8221;1\/6&#8243;][\/vc_column_inner][\/vc_row_inner][vc_video link=&#8221;https:\/\/www.youtube.com\/watch?v=dXq1iR8pA6U&#8221; css=&#8221;&#8221;][\/vc_column][\/vc_row][vc_row css_animation=&#8221;&#8221; row_type=&#8221;row&#8221; use_row_as_full_screen_section=&#8221;no&#8221; type=&#8221;grid&#8221; angled_section=&#8221;no&#8221; text_align=&#8221;left&#8221; background_image_as_pattern=&#8221;without_pattern&#8221; z_index=&#8221;&#8221; padding_top=&#8221;64&#8243; padding_bottom=&#8221;64&#8243;][vc_column width=&#8221;1\/3&#8243;]<div class='q_icon_with_title tiny circle left_from_title '><div class=\"icon_text_holder\" style=\"\"><div class=\"icon_text_inner\" style=\"\"><div class=\"icon_title_holder\"><div class=\"icon_holder \" style=\" \"><span data-icon-type=\"circle\" data-icon-hover-bg-color=\"#ffde4e\" class=\"qode_iwt_icon_holder fa-stack fa-lg  \" style=\"border-color: #ffde4e;background-color: #ffde4e\"><i class=\"qode_icon_font_awesome fa fa-clock-o qode_iwt_icon_element\" style=\"color: #242424\"><\/i><\/span><\/div><h6 class=\"icon_title\" style=\"\">Duration : 1h<\/h6><\/div><p style=''><\/p><\/div><\/div><\/div><div class='q_icon_with_title tiny circle left_from_title '><div class=\"icon_text_holder\" style=\"\"><div class=\"icon_text_inner\" style=\"\"><div class=\"icon_title_holder\"><div class=\"icon_holder \" style=\" \"><span data-icon-type=\"circle\" data-icon-hover-bg-color=\"#ffde4e\" class=\"qode_iwt_icon_holder fa-stack fa-lg  \" style=\"border-color: #ffde4e;background-color: #ffde4e\"><i class=\"qode_icon_font_awesome_5 fa5 fa fa-drum qode_iwt_icon_element\" style=\"color: #242424\"><\/i><\/span><\/div><h6 class=\"icon_title\" style=\"\">Sixtrum<\/h6><\/div><p style=''><\/p><\/div><\/div><\/div>[vc_column_text css=&#8221;.vc_custom_1759350114383{margin-top: -25px !important;}&#8221;]<\/p>\n<p class=\"caps\">Jo\u00e3o Catal\u00e3o, percussions<br \/>\nCatherine Cherrier, percussions<br \/>\nPhilip Hornsey, percussions<br \/>\nKristie Ibrahim, percussions<br \/>\nAlexandre Lavoie, percussions<br \/>\nFabrice Marandola, percussions<\/p>\n<p>[\/vc_column_text][vc_empty_space][\/vc_column][vc_column width=&#8221;1\/3&#8243;]<div class='q_icon_with_title tiny circle left_from_title '><div class=\"icon_text_holder\" style=\"\"><div class=\"icon_text_inner\" style=\"\"><div class=\"icon_title_holder\"><div class=\"icon_holder \" style=\" \"><span data-icon-type=\"circle\" data-icon-hover-bg-color=\"#ffde4e\" class=\"qode_iwt_icon_holder fa-stack fa-lg  \" style=\"border-color: #ffde4e;background-color: #ffde4e\"><i class=\"qode_icon_font_awesome fa fa-download qode_iwt_icon_element\" style=\"color: #242424\"><\/i><\/span><\/div><h6 class=\"icon_title\" style=\"\">Les Percussions de Strasbourg<\/h6><\/div><p style=''><\/p><\/div><\/div><\/div>[vc_column_text css=&#8221;.vc_custom_1760382057401{margin-top: -25px !important;}&#8221;]Minh-T\u00e2m Nguyen<br \/>\nFran\u00e7ois Papirer<br \/>\nYi-Ping Yang<br \/>\nHsun Hsuan Wu<br \/>\nLou Renaud Bailly<br \/>\nThibaut Weber[\/vc_column_text][vc_empty_space][\/vc_column][vc_column width=&#8221;1\/3&#8243;]<div class='q_icon_with_title tiny circle left_from_title '><div class=\"icon_text_holder\" style=\"\"><div class=\"icon_text_inner\" style=\"\"><div class=\"icon_title_holder\"><div class=\"icon_holder \" style=\" \"><span data-icon-type=\"circle\" data-icon-hover-bg-color=\"#ffde4e\" class=\"qode_iwt_icon_holder fa-stack fa-lg  \" style=\"border-color: #ffde4e;background-color: #ffde4e\"><i class=\"qode_icon_font_awesome fa fa-envelope-o qode_iwt_icon_element\" style=\"color: #242424\"><\/i><\/span><\/div><h6 class=\"icon_title\" style=\"\">Contacts<\/h6><\/div><p style=''><\/p><\/div><\/div><\/div>[vc_column_text css=&#8221;.vc_custom_1762083823898{margin-top: -25px !important;}&#8221;]<\/p>\n<p style=\"padding-left: 40px;\"><strong>Fabrice Marandola<\/strong><br \/>\nassociate artistic director<br \/>\n<u><a href=\"mailto:fabrice.marandola@sixtrum.com\">fabrice.marandola@sixtrum.com<\/a><\/u><\/p>\n<p style=\"padding-left: 40px;\"><strong>Aur\u00e9lie Suberchicot<\/strong><br \/>\ncommunication and music promotion<br \/>\n<u><a href=\"mailto:info@sixtrum.com\">info@sixtrum.com<\/a><\/u><\/p>\n<p>[\/vc_column_text][vc_empty_space][\/vc_column][\/vc_row]<\/p>\n<\/div>","protected":false},"excerpt":{"rendered":"<p>[vc_row css_animation=&#8221;&#8221; row_type=&#8221;row&#8221; use_row_as_full_screen_section=&#8221;no&#8221; type=&#8221;full_width&#8221; angled_section=&#8221;no&#8221; text_align=&#8221;left&#8221; background_image_as_pattern=&#8221;without_pattern&#8221;][vc_column][\/vc_column][\/vc_row][vc_row css_animation=&#8221;&#8221; row_type=&#8221;row&#8221; use_row_as_full_screen_section=&#8221;no&#8221; type=&#8221;grid&#8221; angled_section=&#8221;no&#8221; text_align=&#8221;left&#8221; background_image_as_pattern=&#8221;without_pattern&#8221; z_index=&#8221;&#8221; padding_top=&#8221;64&#8243; padding_bottom=&#8221;64&#8243;][vc_column][vc_empty_space height=&#8221;16px&#8221;][vc_row_inner row_type=&#8221;row&#8221; type=&#8221;full_width&#8221; text_align=&#8221;left&#8221; css_animation=&#8221;&#8221;][vc_column_inner width=&#8221;5\/6&#8243;][vc_column_text css=&#8221;&#8221;] Field of vision A concert presented in collaboration with Les Percussions de Strasbourg. Co-organized with Le Vivier and the UQAM&#8230;<\/p>\n","protected":false},"author":4,"featured_media":3335,"parent":3371,"menu_order":0,"comment_status":"closed","ping_status":"closed","template":"full_width.php","meta":{"footnotes":""},"class_list":["post-3387","page","type-page","status-publish","has-post-thumbnail","hentry"],"yoast_head":"<!-- This site is optimized with the Yoast SEO plugin v26.4 - https:\/\/yoast.com\/wordpress\/plugins\/seo\/ -->\n<title>Field of vision - Ensemble \u00e0 percussion Sixtrum<\/title>\n<meta name=\"description\" content=\"Field of Vision: 36 percussionists, no stage, 100% immersion\u2014contemporary music takes over public spaces.\" \/>\n<meta name=\"robots\" content=\"index, follow, max-snippet:-1, max-image-preview:large, max-video-preview:-1\" \/>\n<link rel=\"canonical\" href=\"https:\/\/sixtrum.com\/en\/season-2025-2026\/field-of-vision\/\" \/>\n<meta property=\"og:locale\" content=\"en_US\" \/>\n<meta property=\"og:type\" content=\"article\" \/>\n<meta property=\"og:title\" content=\"Field of vision - Ensemble \u00e0 percussion Sixtrum\" \/>\n<meta property=\"og:description\" content=\"Field of Vision: 36 percussionists, no stage, 100% immersion\u2014contemporary music takes over public spaces.\" \/>\n<meta property=\"og:url\" content=\"https:\/\/sixtrum.com\/en\/season-2025-2026\/field-of-vision\/\" \/>\n<meta property=\"og:site_name\" content=\"Ensemble \u00e0 percussion Sixtrum\" \/>\n<meta property=\"article:publisher\" content=\"https:\/\/www.facebook.com\/sixtrum\" \/>\n<meta property=\"article:modified_time\" content=\"2025-12-15T18:18:35+00:00\" \/>\n<meta property=\"og:image\" content=\"https:\/\/sixtrum.com\/wp-content\/uploads\/2025\/09\/Sixtrum_FieldOfVision_modif-scaled.jpg\" \/>\n\t<meta property=\"og:image:width\" content=\"1862\" \/>\n\t<meta property=\"og:image:height\" content=\"2560\" \/>\n\t<meta property=\"og:image:type\" content=\"image\/jpeg\" \/>\n<meta name=\"twitter:card\" content=\"summary_large_image\" \/>\n<meta name=\"twitter:site\" content=\"@sixtrum\" \/>\n<meta name=\"twitter:label1\" content=\"Est. reading time\" \/>\n\t<meta name=\"twitter:data1\" content=\"3 minutes\" \/>\n<script type=\"application\/ld+json\" class=\"yoast-schema-graph\">{\"@context\":\"https:\/\/schema.org\",\"@graph\":[{\"@type\":\"WebPage\",\"@id\":\"https:\/\/sixtrum.com\/en\/season-2025-2026\/field-of-vision\/\",\"url\":\"https:\/\/sixtrum.com\/en\/season-2025-2026\/field-of-vision\/\",\"name\":\"Field of vision - Ensemble \u00e0 percussion Sixtrum\",\"isPartOf\":{\"@id\":\"https:\/\/sixtrum.com\/en\/#website\"},\"primaryImageOfPage\":{\"@id\":\"https:\/\/sixtrum.com\/en\/season-2025-2026\/field-of-vision\/#primaryimage\"},\"image\":{\"@id\":\"https:\/\/sixtrum.com\/en\/season-2025-2026\/field-of-vision\/#primaryimage\"},\"thumbnailUrl\":\"https:\/\/sixtrum.com\/wp-content\/uploads\/2025\/09\/Sixtrum_FieldOfVision_modif-scaled.jpg\",\"datePublished\":\"2025-10-01T20:03:38+00:00\",\"dateModified\":\"2025-12-15T18:18:35+00:00\",\"description\":\"Field of Vision: 36 percussionists, no stage, 100% immersion\u2014contemporary music takes over public spaces.\",\"breadcrumb\":{\"@id\":\"https:\/\/sixtrum.com\/en\/season-2025-2026\/field-of-vision\/#breadcrumb\"},\"inLanguage\":\"en-US\",\"potentialAction\":[{\"@type\":\"ReadAction\",\"target\":[\"https:\/\/sixtrum.com\/en\/season-2025-2026\/field-of-vision\/\"]}]},{\"@type\":\"ImageObject\",\"inLanguage\":\"en-US\",\"@id\":\"https:\/\/sixtrum.com\/en\/season-2025-2026\/field-of-vision\/#primaryimage\",\"url\":\"https:\/\/sixtrum.com\/wp-content\/uploads\/2025\/09\/Sixtrum_FieldOfVision_modif-scaled.jpg\",\"contentUrl\":\"https:\/\/sixtrum.com\/wp-content\/uploads\/2025\/09\/Sixtrum_FieldOfVision_modif-scaled.jpg\",\"width\":1862,\"height\":2560},{\"@type\":\"BreadcrumbList\",\"@id\":\"https:\/\/sixtrum.com\/en\/season-2025-2026\/field-of-vision\/#breadcrumb\",\"itemListElement\":[{\"@type\":\"ListItem\",\"position\":1,\"name\":\"Accueil\",\"item\":\"https:\/\/sixtrum.com\/en\/\"},{\"@type\":\"ListItem\",\"position\":2,\"name\":\"Season 2025-2026\",\"item\":\"https:\/\/sixtrum.com\/en\/season-2025-2026\/\"},{\"@type\":\"ListItem\",\"position\":3,\"name\":\"Field of vision\"}]},{\"@type\":\"WebSite\",\"@id\":\"https:\/\/sixtrum.com\/en\/#website\",\"url\":\"https:\/\/sixtrum.com\/en\/\",\"name\":\"Ensemble \u00e0 percussion Sixtrum\",\"description\":\"Une exploration d\u00e9brid\u00e9e de la percussion contemporaine\",\"publisher\":{\"@id\":\"https:\/\/sixtrum.com\/en\/#organization\"},\"potentialAction\":[{\"@type\":\"SearchAction\",\"target\":{\"@type\":\"EntryPoint\",\"urlTemplate\":\"https:\/\/sixtrum.com\/en\/?s={search_term_string}\"},\"query-input\":{\"@type\":\"PropertyValueSpecification\",\"valueRequired\":true,\"valueName\":\"search_term_string\"}}],\"inLanguage\":\"en-US\"},{\"@type\":\"Organization\",\"@id\":\"https:\/\/sixtrum.com\/en\/#organization\",\"name\":\"Sixtrum\",\"url\":\"https:\/\/sixtrum.com\/en\/\",\"logo\":{\"@type\":\"ImageObject\",\"inLanguage\":\"en-US\",\"@id\":\"https:\/\/sixtrum.com\/en\/#\/schema\/logo\/image\/\",\"url\":\"https:\/\/sixtrum.com\/wp-content\/uploads\/2020\/10\/sixtrum-ensemble-percussion-logo-noir.png\",\"contentUrl\":\"https:\/\/sixtrum.com\/wp-content\/uploads\/2020\/10\/sixtrum-ensemble-percussion-logo-noir.png\",\"width\":1000,\"height\":368,\"caption\":\"Sixtrum\"},\"image\":{\"@id\":\"https:\/\/sixtrum.com\/en\/#\/schema\/logo\/image\/\"},\"sameAs\":[\"https:\/\/www.facebook.com\/sixtrum\",\"https:\/\/x.com\/sixtrum\",\"https:\/\/www.instagram.com\/sixtrum_percussion\/\",\"https:\/\/www.youtube.com\/sixtrum\"]}]}<\/script>\n<!-- \/ Yoast SEO plugin. -->","yoast_head_json":{"title":"Field of vision - Ensemble \u00e0 percussion Sixtrum","description":"Field of Vision: 36 percussionists, no stage, 100% immersion\u2014contemporary music takes over public spaces.","robots":{"index":"index","follow":"follow","max-snippet":"max-snippet:-1","max-image-preview":"max-image-preview:large","max-video-preview":"max-video-preview:-1"},"canonical":"https:\/\/sixtrum.com\/en\/season-2025-2026\/field-of-vision\/","og_locale":"en_US","og_type":"article","og_title":"Field of vision - Ensemble \u00e0 percussion Sixtrum","og_description":"Field of Vision: 36 percussionists, no stage, 100% immersion\u2014contemporary music takes over public spaces.","og_url":"https:\/\/sixtrum.com\/en\/season-2025-2026\/field-of-vision\/","og_site_name":"Ensemble \u00e0 percussion Sixtrum","article_publisher":"https:\/\/www.facebook.com\/sixtrum","article_modified_time":"2025-12-15T18:18:35+00:00","og_image":[{"width":1862,"height":2560,"url":"https:\/\/sixtrum.com\/wp-content\/uploads\/2025\/09\/Sixtrum_FieldOfVision_modif-scaled.jpg","type":"image\/jpeg"}],"twitter_card":"summary_large_image","twitter_site":"@sixtrum","twitter_misc":{"Est. reading time":"3 minutes"},"schema":{"@context":"https:\/\/schema.org","@graph":[{"@type":"WebPage","@id":"https:\/\/sixtrum.com\/en\/season-2025-2026\/field-of-vision\/","url":"https:\/\/sixtrum.com\/en\/season-2025-2026\/field-of-vision\/","name":"Field of vision - Ensemble \u00e0 percussion Sixtrum","isPartOf":{"@id":"https:\/\/sixtrum.com\/en\/#website"},"primaryImageOfPage":{"@id":"https:\/\/sixtrum.com\/en\/season-2025-2026\/field-of-vision\/#primaryimage"},"image":{"@id":"https:\/\/sixtrum.com\/en\/season-2025-2026\/field-of-vision\/#primaryimage"},"thumbnailUrl":"https:\/\/sixtrum.com\/wp-content\/uploads\/2025\/09\/Sixtrum_FieldOfVision_modif-scaled.jpg","datePublished":"2025-10-01T20:03:38+00:00","dateModified":"2025-12-15T18:18:35+00:00","description":"Field of Vision: 36 percussionists, no stage, 100% immersion\u2014contemporary music takes over public spaces.","breadcrumb":{"@id":"https:\/\/sixtrum.com\/en\/season-2025-2026\/field-of-vision\/#breadcrumb"},"inLanguage":"en-US","potentialAction":[{"@type":"ReadAction","target":["https:\/\/sixtrum.com\/en\/season-2025-2026\/field-of-vision\/"]}]},{"@type":"ImageObject","inLanguage":"en-US","@id":"https:\/\/sixtrum.com\/en\/season-2025-2026\/field-of-vision\/#primaryimage","url":"https:\/\/sixtrum.com\/wp-content\/uploads\/2025\/09\/Sixtrum_FieldOfVision_modif-scaled.jpg","contentUrl":"https:\/\/sixtrum.com\/wp-content\/uploads\/2025\/09\/Sixtrum_FieldOfVision_modif-scaled.jpg","width":1862,"height":2560},{"@type":"BreadcrumbList","@id":"https:\/\/sixtrum.com\/en\/season-2025-2026\/field-of-vision\/#breadcrumb","itemListElement":[{"@type":"ListItem","position":1,"name":"Accueil","item":"https:\/\/sixtrum.com\/en\/"},{"@type":"ListItem","position":2,"name":"Season 2025-2026","item":"https:\/\/sixtrum.com\/en\/season-2025-2026\/"},{"@type":"ListItem","position":3,"name":"Field of vision"}]},{"@type":"WebSite","@id":"https:\/\/sixtrum.com\/en\/#website","url":"https:\/\/sixtrum.com\/en\/","name":"Ensemble \u00e0 percussion Sixtrum","description":"Une exploration d\u00e9brid\u00e9e de la percussion contemporaine","publisher":{"@id":"https:\/\/sixtrum.com\/en\/#organization"},"potentialAction":[{"@type":"SearchAction","target":{"@type":"EntryPoint","urlTemplate":"https:\/\/sixtrum.com\/en\/?s={search_term_string}"},"query-input":{"@type":"PropertyValueSpecification","valueRequired":true,"valueName":"search_term_string"}}],"inLanguage":"en-US"},{"@type":"Organization","@id":"https:\/\/sixtrum.com\/en\/#organization","name":"Sixtrum","url":"https:\/\/sixtrum.com\/en\/","logo":{"@type":"ImageObject","inLanguage":"en-US","@id":"https:\/\/sixtrum.com\/en\/#\/schema\/logo\/image\/","url":"https:\/\/sixtrum.com\/wp-content\/uploads\/2020\/10\/sixtrum-ensemble-percussion-logo-noir.png","contentUrl":"https:\/\/sixtrum.com\/wp-content\/uploads\/2020\/10\/sixtrum-ensemble-percussion-logo-noir.png","width":1000,"height":368,"caption":"Sixtrum"},"image":{"@id":"https:\/\/sixtrum.com\/en\/#\/schema\/logo\/image\/"},"sameAs":["https:\/\/www.facebook.com\/sixtrum","https:\/\/x.com\/sixtrum","https:\/\/www.instagram.com\/sixtrum_percussion\/","https:\/\/www.youtube.com\/sixtrum"]}]}},"_links":{"self":[{"href":"https:\/\/sixtrum.com\/en\/wp-json\/wp\/v2\/pages\/3387","targetHints":{"allow":["GET"]}}],"collection":[{"href":"https:\/\/sixtrum.com\/en\/wp-json\/wp\/v2\/pages"}],"about":[{"href":"https:\/\/sixtrum.com\/en\/wp-json\/wp\/v2\/types\/page"}],"author":[{"embeddable":true,"href":"https:\/\/sixtrum.com\/en\/wp-json\/wp\/v2\/users\/4"}],"replies":[{"embeddable":true,"href":"https:\/\/sixtrum.com\/en\/wp-json\/wp\/v2\/comments?post=3387"}],"version-history":[{"count":4,"href":"https:\/\/sixtrum.com\/en\/wp-json\/wp\/v2\/pages\/3387\/revisions"}],"predecessor-version":[{"id":3513,"href":"https:\/\/sixtrum.com\/en\/wp-json\/wp\/v2\/pages\/3387\/revisions\/3513"}],"up":[{"embeddable":true,"href":"https:\/\/sixtrum.com\/en\/wp-json\/wp\/v2\/pages\/3371"}],"wp:featuredmedia":[{"embeddable":true,"href":"https:\/\/sixtrum.com\/en\/wp-json\/wp\/v2\/media\/3335"}],"wp:attachment":[{"href":"https:\/\/sixtrum.com\/en\/wp-json\/wp\/v2\/media?parent=3387"}],"curies":[{"name":"wp","href":"https:\/\/api.w.org\/{rel}","templated":true}]}}