{"id":3291,"date":"2025-06-26T14:42:01","date_gmt":"2025-06-26T18:42:01","guid":{"rendered":"https:\/\/sixtrum.com\/espaces-dinteraction-1\/"},"modified":"2026-02-11T14:08:45","modified_gmt":"2026-02-11T19:08:45","slug":"espaces-dinteraction-1","status":"publish","type":"page","link":"https:\/\/sixtrum.com\/en\/season-2025-2026\/espaces-dinteraction-1\/","title":{"rendered":"Espaces d&#8217;interaction #1"},"content":{"rendered":"<div class=\"wpb-content-wrapper\"><p>[vc_row css_animation=&#8221;&#8221; row_type=&#8221;row&#8221; use_row_as_full_screen_section=&#8221;no&#8221; type=&#8221;full_width&#8221; angled_section=&#8221;no&#8221; text_align=&#8221;left&#8221; background_image_as_pattern=&#8221;without_pattern&#8221;][vc_column]\n\t\t\t<!-- START Espaces d&#039;interactions REVOLUTION SLIDER 6.7.38 --><p class=\"rs-p-wp-fix\"><\/p>\n\t\t\t<rs-module-wrap id=\"rev_slider_40_1_wrapper\" data-source=\"gallery\" style=\"visibility:hidden;background:transparent;padding:0;margin:0px auto;margin-top:0;margin-bottom:0;\">\n\t\t\t\t<rs-module id=\"rev_slider_40_1\" style=\"\" data-version=\"6.7.38\">\n\t\t\t\t\t<rs-slides style=\"overflow: hidden; position: absolute;\">\n\t\t\t\t\t\t<rs-slide style=\"position: absolute;\" data-key=\"rs-273\" data-title=\"Slide\" data-thumb=\"\/\/sixtrum.com\/wp-content\/uploads\/2026\/01\/Sixtrum_Espace_Banniere_FormatHD_2-1-scaled-50x100.png\" data-in=\"o:0;\" data-out=\"a:false;\">\n\t\t\t\t\t\t\t<img decoding=\"async\" src=\"\/\/sixtrum.com\/wp-content\/plugins\/revslider\/sr6\/assets\/assets\/dummy.png\" alt=\"\" title=\"Sixtrum_Espace_Banniere_FormatHD_2\" width=\"2560\" height=\"1124\" class=\"rev-slidebg tp-rs-img rs-lazyload\" data-lazyload=\"\/\/sixtrum.com\/wp-content\/uploads\/2026\/01\/Sixtrum_Espace_Banniere_FormatHD_2-1-scaled.png\" data-parallax=\"off\" data-no-retina>\n<!---->\t\t\t\t\t<\/rs-slide>\n\t\t\t\t\t\t<rs-slide style=\"position: absolute;\" data-key=\"rs-260\" data-title=\"Slide\" data-thumb=\"\/\/sixtrum.com\/wp-content\/uploads\/2024\/10\/sixtrum-et-vicens-18-mars-site-web-1222-scaled-50x100.jpg\" data-in=\"o:0;\" data-out=\"a:false;\">\n\t\t\t\t\t\t\t<img decoding=\"async\" src=\"\/\/sixtrum.com\/wp-content\/plugins\/revslider\/sr6\/assets\/assets\/dummy.png\" alt=\"\" title=\"sixtrum et vicens 18 mars site web-1222\" width=\"2560\" height=\"1703\" class=\"rev-slidebg tp-rs-img rs-lazyload\" data-lazyload=\"\/\/sixtrum.com\/wp-content\/uploads\/2024\/10\/sixtrum-et-vicens-18-mars-site-web-1222-scaled.jpg\" data-parallax=\"off\" data-no-retina>\n<!---->\t\t\t\t\t<\/rs-slide>\n\t\t\t\t\t<\/rs-slides>\n\t\t\t\t<\/rs-module>\n\t\t\t\t<script>\n\t\t\t\t\tsetREVStartSize({c: 'rev_slider_40_1',rl:[1240,1240,778,480],el:[525,525,960,720],gw:[1240,1240,778,480],gh:[525,525,550,400],type:'standard',justify:'',layout:'fullwidth',mh:\"0\"});if (window.RS_MODULES!==undefined && window.RS_MODULES.modules!==undefined && window.RS_MODULES.modules[\"revslider401\"]!==undefined) {window.RS_MODULES.modules[\"revslider401\"].once = false;window.revapi40 = undefined;if (window.RS_MODULES.checkMinimal!==undefined) window.RS_MODULES.checkMinimal()}\n\t\t\t\t<\/script>\n\t\t\t<\/rs-module-wrap>\n\t\t\t<!-- END REVOLUTION SLIDER -->\n[\/vc_column][\/vc_row][vc_row css_animation=&#8221;&#8221; row_type=&#8221;row&#8221; use_row_as_full_screen_section=&#8221;no&#8221; type=&#8221;grid&#8221; angled_section=&#8221;no&#8221; text_align=&#8221;left&#8221; background_image_as_pattern=&#8221;without_pattern&#8221; z_index=&#8221;&#8221; padding_top=&#8221;64&#8243; padding_bottom=&#8221;64&#8243;][vc_column][vc_empty_space height=&#8221;16px&#8221;][vc_row_inner row_type=&#8221;row&#8221; type=&#8221;full_width&#8221; text_align=&#8221;left&#8221; css_animation=&#8221;&#8221;][vc_column_inner width=&#8221;5\/6&#8243;][vc_column_text css=&#8221;&#8221;]<\/p>\n<h1>Espaces d&#8217;interaction #1<\/h1>\n<p>A concert in collaboration with <a href=\"https:\/\/levivier.ca\/fr\">Le Vivier<\/a>.<\/p>\n<p><a href=\"https:\/\/sixtrum.com\/wp-content\/uploads\/2026\/02\/Note-de-programme_Espaces-dinteraction-ENG-1.pdf\"><strong>PROGRAM (click here)<\/strong><\/a><\/p>\n<p>The use of technology has been part of SIXTRUM&#8217;s artistic work for many years. Our new <em>Espaces d&#8217;interaction<\/em> series aims to explore different modes of interaction over the coming years, through the creation of new works based on the notions of interaction, spatialization and the human-machine relationship. Each project will enable the percussionists to collaborate with a group of Quebec and Canadian creators, a mix of established and emerging artists.<\/p>\n<p>For this first season, Espaces d&#8217;interaction #1 explores the notion of control in the interaction between musicians, as well as between musicians and the machine, but also that of the game, playful or entertaining, whose rules are not always explicit. The commission to \u00d6rjan Sandred, professor of composition at the University of Manitoba, was the starting point for the project: <em>Tilting Points<\/em>, which evokes memories of the game of pinball, pits the performers against each other and against the machine, which will eventually choose a winner. Pierre Michaud&#8217;s <em>ens\u014d<\/em>, premiered in 2016 and presented in a revised version today, places the performers in a situation of interdependence, while Martin Daigle&#8217;s <em>SextetEmulator<\/em> places them in a game of tarot with somewhat hijacked conventions to give rise to guided and playful improvisations, unique to each performance. A collaboration between composers Alexandre Amat for the acoustic part, and Simon Chioini for the electronic part, <em>Dissolution<\/em> offers a universe of timbres in which the acoustic sounds interact with each other to transform themselves continuously, in the manner of an electroacoustic work, while the electronic part takes up in canon these effects of transformation by extending the diffusion of sound to the entire concert hall. The works respond to each other by following on from each other, thanks to the creation of short electroacoustic works by Garbielle Caux, who uses elements from the other works mixed with acoustic recordings made during our creation workshops, to create new interactions and guide the audience from one sound universe to another.[\/vc_column_text][\/vc_column_inner][vc_column_inner width=&#8221;1\/6&#8243;][\/vc_column_inner][\/vc_row_inner][\/vc_column][\/vc_row][vc_row css_animation=&#8221;&#8221; row_type=&#8221;row&#8221; use_row_as_full_screen_section=&#8221;no&#8221; type=&#8221;grid&#8221; angled_section=&#8221;no&#8221; text_align=&#8221;left&#8221; background_image_as_pattern=&#8221;without_pattern&#8221; z_index=&#8221;&#8221; padding_top=&#8221;64&#8243; padding_bottom=&#8221;64&#8243; background_color=&#8221;#ffffff&#8221;][vc_column width=&#8221;5\/6&#8243;][vc_column_text css=&#8221;&#8221;]<\/p>\n<h5>Program<\/h5>\n<p>[\/vc_column_text][vc_row_inner row_type=&#8221;row&#8221; type=&#8221;full_width&#8221; text_align=&#8221;left&#8221; css_animation=&#8221;&#8221;][vc_column_inner width=&#8221;1\/2&#8243;][vc_column_text css=&#8221;&#8221;]<strong>ens\u014d I-II <\/strong>(version 2025)<br \/>\nPierre Michaud<\/p>\n<p><strong>L\u00e0-bas, ici <\/strong>(2016)<br \/>\nAna Dall\u2019Ara-Majek<\/p>\n<p><strong>Interlude 1<\/strong> (2025)<br \/>\nGabrielle Caux<\/p>\n<p><strong>Titling Points<\/strong> (2025)<br \/>\n\u00d6rjan Sandred[\/vc_column_text][\/vc_column_inner][vc_column_inner width=&#8221;1\/2&#8243;][vc_column_text css=&#8221;&#8221;]<strong>Interlude 2<\/strong> (2025)<br \/>\nGabrielle Caux<\/p>\n<p><strong>Dissolution<\/strong> (2024-2025)<br \/>\nAlexandre Amat &amp; Simon Chioini<\/p>\n<p><strong>Interlude 2<\/strong> (2025)<br \/>\nGabrielle Caux<\/p>\n<p><strong>SextetEmulator<\/strong> (2025)<br \/>\nMartin Daigle[\/vc_column_text][\/vc_column_inner][\/vc_row_inner][\/vc_column][vc_column width=&#8221;1\/6&#8243;][\/vc_column][\/vc_row][vc_row css_animation=&#8221;&#8221; row_type=&#8221;row&#8221; use_row_as_full_screen_section=&#8221;no&#8221; type=&#8221;grid&#8221; angled_section=&#8221;no&#8221; text_align=&#8221;left&#8221; background_image_as_pattern=&#8221;without_pattern&#8221; z_index=&#8221;&#8221; padding_top=&#8221;64&#8243; padding_bottom=&#8221;64&#8243;][vc_column width=&#8221;1\/3&#8243;]<div class='q_icon_with_title tiny circle left_from_title '><div class=\"icon_text_holder\" style=\"\"><div class=\"icon_text_inner\" style=\"\"><div class=\"icon_title_holder\"><div class=\"icon_holder \" style=\" \"><span data-icon-type=\"circle\" data-icon-hover-bg-color=\"#ffde4e\" class=\"qode_iwt_icon_holder fa-stack fa-lg  \" style=\"border-color: #ffde4e;background-color: #ffde4e\"><i class=\"qode_icon_font_awesome fa fa-clock-o qode_iwt_icon_element\" style=\"color: #242424\"><\/i><\/span><\/div><h6 class=\"icon_title\" style=\"\">Dur\u00e9e: 1h10<\/h6><\/div><p style=''><\/p><\/div><\/div><\/div><div class='q_icon_with_title tiny circle left_from_title '><div class=\"icon_text_holder\" style=\"\"><div class=\"icon_text_inner\" style=\"\"><div class=\"icon_title_holder\"><div class=\"icon_holder \" style=\" \"><span data-icon-type=\"circle\" data-icon-hover-bg-color=\"#ffde4e\" class=\"qode_iwt_icon_holder fa-stack fa-lg  \" style=\"border-color: #ffde4e;background-color: #ffde4e\"><i class=\"qode_icon_font_awesome_5 fa5 fa fa-drum qode_iwt_icon_element\" style=\"color: #242424\"><\/i><\/span><\/div><h6 class=\"icon_title\" style=\"\">Musiciens<\/h6><\/div><p style=''><\/p><\/div><\/div><\/div>[vc_column_text css=&#8221;.vc_custom_1767891962978{margin-top: -25px !important;}&#8221;]<\/p>\n<p class=\"caps\">Jo\u00e3o Catal\u00e3o, percussions<br \/>\nPhilip Hornsey, percussions<br \/>\nKristie Ibrahim, percussions<br \/>\nStuart Jackson, percussions<br \/>\nAlexandre Lavoie, percussions<br \/>\nFabrice Marandola, percussions<\/p>\n<p>[\/vc_column_text][vc_empty_space][\/vc_column][vc_column width=&#8221;1\/3&#8243;]<div class='q_icon_with_title tiny circle left_from_title '><div class=\"icon_text_holder\" style=\"\"><div class=\"icon_text_inner\" style=\"\"><div class=\"icon_title_holder\"><div class=\"icon_holder \" style=\" \"><span data-icon-type=\"circle\" data-icon-hover-bg-color=\"#ffde4e\" class=\"qode_iwt_icon_holder fa-stack fa-lg  \" style=\"border-color: #ffde4e;background-color: #ffde4e\"><i class=\"qode_icon_font_awesome fa fa-download qode_iwt_icon_element\" style=\"color: #242424\"><\/i><\/span><\/div><h6 class=\"icon_title\" style=\"\">T\u00e9l\u00e9chargements<\/h6><\/div><p style=''><\/p><\/div><\/div><\/div>[vc_column_text css=&#8221;.vc_custom_1762272335036{margin-top: -25px !important;}&#8221;]<\/p>\n<p style=\"padding-left: 40px;\"><u>Press release<br \/>\n<a href=\"https:\/\/sixtrum.com\/en\/sixtrum-2\/#biographies-photos-logos\">Biography and photos<\/a><br \/>\n<\/u><\/p>\n<p>[\/vc_column_text][vc_empty_space][\/vc_column][vc_column width=&#8221;1\/3&#8243;]<div class='q_icon_with_title tiny circle left_from_title '><div class=\"icon_text_holder\" style=\"\"><div class=\"icon_text_inner\" style=\"\"><div class=\"icon_title_holder\"><div class=\"icon_holder \" style=\" \"><span data-icon-type=\"circle\" data-icon-hover-bg-color=\"#ffde4e\" class=\"qode_iwt_icon_holder fa-stack fa-lg  \" style=\"border-color: #ffde4e;background-color: #ffde4e\"><i class=\"qode_icon_font_awesome fa fa-envelope-o qode_iwt_icon_element\" style=\"color: #242424\"><\/i><\/span><\/div><h6 class=\"icon_title\" style=\"\">Contacts<\/h6><\/div><p style=''><\/p><\/div><\/div><\/div>[vc_column_text css=&#8221;.vc_custom_1762272365762{margin-top: -25px !important;}&#8221;]<\/p>\n<p style=\"padding-left: 40px;\"><strong>Fabrice Marandola<\/strong><br \/>\nassociate artistic director<br \/>\n<u><a href=\"mailto:fabrice.marandola@sixtrum.com\">fabrice.marandola@sixtrum.com<\/a><\/u><\/p>\n<p style=\"padding-left: 40px;\"><strong>Aur\u00e9lie Suberchicot<\/strong><br \/>\ncommunication and music promotion<br \/>\n<u><a href=\"mailto:info@sixtrum.com\">info@sixtrum.com<\/a><\/u><\/p>\n<p>[\/vc_column_text][vc_empty_space][\/vc_column][\/vc_row]<\/p>\n<\/div>","protected":false},"excerpt":{"rendered":"<p>[vc_row css_animation=&#8221;&#8221; row_type=&#8221;row&#8221; use_row_as_full_screen_section=&#8221;no&#8221; type=&#8221;full_width&#8221; angled_section=&#8221;no&#8221; text_align=&#8221;left&#8221; background_image_as_pattern=&#8221;without_pattern&#8221;][vc_column][\/vc_column][\/vc_row][vc_row css_animation=&#8221;&#8221; row_type=&#8221;row&#8221; use_row_as_full_screen_section=&#8221;no&#8221; type=&#8221;grid&#8221; angled_section=&#8221;no&#8221; text_align=&#8221;left&#8221; background_image_as_pattern=&#8221;without_pattern&#8221; z_index=&#8221;&#8221; padding_top=&#8221;64&#8243; padding_bottom=&#8221;64&#8243;][vc_column][vc_empty_space height=&#8221;16px&#8221;][vc_row_inner row_type=&#8221;row&#8221; type=&#8221;full_width&#8221; text_align=&#8221;left&#8221; css_animation=&#8221;&#8221;][vc_column_inner width=&#8221;5\/6&#8243;][vc_column_text css=&#8221;&#8221;] Espaces d&#8217;interaction #1 A concert in collaboration with Le Vivier. PROGRAM (click here) The use of technology has been part&#8230;<\/p>\n","protected":false},"author":4,"featured_media":3516,"parent":3371,"menu_order":0,"comment_status":"closed","ping_status":"closed","template":"full_width.php","meta":{"footnotes":""},"class_list":["post-3291","page","type-page","status-publish","has-post-thumbnail","hentry"],"yoast_head":"<!-- This site is optimized with the Yoast SEO plugin v26.4 - https:\/\/yoast.com\/wordpress\/plugins\/seo\/ -->\n<title>Espaces d&#039;interaction #1 - Ensemble \u00e0 percussion Sixtrum<\/title>\n<meta name=\"description\" content=\"Our new Interaction Spaces series explores different modes of interaction, spatialization and the human-machine relationship.\" \/>\n<meta name=\"robots\" content=\"index, follow, max-snippet:-1, max-image-preview:large, max-video-preview:-1\" \/>\n<link rel=\"canonical\" href=\"https:\/\/sixtrum.com\/en\/season-2025-2026\/espaces-dinteraction-1\/\" \/>\n<meta property=\"og:locale\" content=\"en_US\" \/>\n<meta property=\"og:type\" content=\"article\" \/>\n<meta property=\"og:title\" content=\"Espaces d&#039;interaction #1 - Ensemble \u00e0 percussion Sixtrum\" \/>\n<meta property=\"og:description\" content=\"Our new Interaction Spaces series explores different modes of interaction, spatialization and the human-machine relationship.\" \/>\n<meta property=\"og:url\" content=\"https:\/\/sixtrum.com\/en\/season-2025-2026\/espaces-dinteraction-1\/\" \/>\n<meta property=\"og:site_name\" content=\"Ensemble \u00e0 percussion Sixtrum\" \/>\n<meta property=\"article:publisher\" content=\"https:\/\/www.facebook.com\/sixtrum\" \/>\n<meta property=\"article:modified_time\" content=\"2026-02-11T19:08:45+00:00\" \/>\n<meta property=\"og:image\" content=\"https:\/\/sixtrum.com\/wp-content\/uploads\/2026\/01\/Sixtrum_Espace_Post_1080X1080.jpg\" \/>\n\t<meta property=\"og:image:width\" content=\"1080\" \/>\n\t<meta property=\"og:image:height\" content=\"1080\" \/>\n\t<meta property=\"og:image:type\" content=\"image\/jpeg\" \/>\n<meta name=\"twitter:card\" content=\"summary_large_image\" \/>\n<meta name=\"twitter:site\" content=\"@sixtrum\" \/>\n<meta name=\"twitter:label1\" content=\"Est. reading time\" \/>\n\t<meta name=\"twitter:data1\" content=\"3 minutes\" \/>\n<script type=\"application\/ld+json\" class=\"yoast-schema-graph\">{\"@context\":\"https:\/\/schema.org\",\"@graph\":[{\"@type\":\"WebPage\",\"@id\":\"https:\/\/sixtrum.com\/en\/season-2025-2026\/espaces-dinteraction-1\/\",\"url\":\"https:\/\/sixtrum.com\/en\/season-2025-2026\/espaces-dinteraction-1\/\",\"name\":\"Espaces d'interaction #1 - Ensemble \u00e0 percussion Sixtrum\",\"isPartOf\":{\"@id\":\"https:\/\/sixtrum.com\/en\/#website\"},\"primaryImageOfPage\":{\"@id\":\"https:\/\/sixtrum.com\/en\/season-2025-2026\/espaces-dinteraction-1\/#primaryimage\"},\"image\":{\"@id\":\"https:\/\/sixtrum.com\/en\/season-2025-2026\/espaces-dinteraction-1\/#primaryimage\"},\"thumbnailUrl\":\"https:\/\/sixtrum.com\/wp-content\/uploads\/2026\/01\/Sixtrum_Espace_Post_1080X1080.jpg\",\"datePublished\":\"2025-06-26T18:42:01+00:00\",\"dateModified\":\"2026-02-11T19:08:45+00:00\",\"description\":\"Our new Interaction Spaces series explores different modes of interaction, spatialization and the human-machine relationship.\",\"breadcrumb\":{\"@id\":\"https:\/\/sixtrum.com\/en\/season-2025-2026\/espaces-dinteraction-1\/#breadcrumb\"},\"inLanguage\":\"en-US\",\"potentialAction\":[{\"@type\":\"ReadAction\",\"target\":[\"https:\/\/sixtrum.com\/en\/season-2025-2026\/espaces-dinteraction-1\/\"]}]},{\"@type\":\"ImageObject\",\"inLanguage\":\"en-US\",\"@id\":\"https:\/\/sixtrum.com\/en\/season-2025-2026\/espaces-dinteraction-1\/#primaryimage\",\"url\":\"https:\/\/sixtrum.com\/wp-content\/uploads\/2026\/01\/Sixtrum_Espace_Post_1080X1080.jpg\",\"contentUrl\":\"https:\/\/sixtrum.com\/wp-content\/uploads\/2026\/01\/Sixtrum_Espace_Post_1080X1080.jpg\",\"width\":1080,\"height\":1080},{\"@type\":\"BreadcrumbList\",\"@id\":\"https:\/\/sixtrum.com\/en\/season-2025-2026\/espaces-dinteraction-1\/#breadcrumb\",\"itemListElement\":[{\"@type\":\"ListItem\",\"position\":1,\"name\":\"Accueil\",\"item\":\"https:\/\/sixtrum.com\/en\/\"},{\"@type\":\"ListItem\",\"position\":2,\"name\":\"Season 2025-2026\",\"item\":\"https:\/\/sixtrum.com\/en\/season-2025-2026\/\"},{\"@type\":\"ListItem\",\"position\":3,\"name\":\"Espaces d&rsquo;interaction #1\"}]},{\"@type\":\"WebSite\",\"@id\":\"https:\/\/sixtrum.com\/en\/#website\",\"url\":\"https:\/\/sixtrum.com\/en\/\",\"name\":\"Ensemble \u00e0 percussion Sixtrum\",\"description\":\"Une exploration d\u00e9brid\u00e9e de la percussion contemporaine\",\"publisher\":{\"@id\":\"https:\/\/sixtrum.com\/en\/#organization\"},\"potentialAction\":[{\"@type\":\"SearchAction\",\"target\":{\"@type\":\"EntryPoint\",\"urlTemplate\":\"https:\/\/sixtrum.com\/en\/?s={search_term_string}\"},\"query-input\":{\"@type\":\"PropertyValueSpecification\",\"valueRequired\":true,\"valueName\":\"search_term_string\"}}],\"inLanguage\":\"en-US\"},{\"@type\":\"Organization\",\"@id\":\"https:\/\/sixtrum.com\/en\/#organization\",\"name\":\"Sixtrum\",\"url\":\"https:\/\/sixtrum.com\/en\/\",\"logo\":{\"@type\":\"ImageObject\",\"inLanguage\":\"en-US\",\"@id\":\"https:\/\/sixtrum.com\/en\/#\/schema\/logo\/image\/\",\"url\":\"https:\/\/sixtrum.com\/wp-content\/uploads\/2020\/10\/sixtrum-ensemble-percussion-logo-noir.png\",\"contentUrl\":\"https:\/\/sixtrum.com\/wp-content\/uploads\/2020\/10\/sixtrum-ensemble-percussion-logo-noir.png\",\"width\":1000,\"height\":368,\"caption\":\"Sixtrum\"},\"image\":{\"@id\":\"https:\/\/sixtrum.com\/en\/#\/schema\/logo\/image\/\"},\"sameAs\":[\"https:\/\/www.facebook.com\/sixtrum\",\"https:\/\/x.com\/sixtrum\",\"https:\/\/www.instagram.com\/sixtrum_percussion\/\",\"https:\/\/www.youtube.com\/sixtrum\"]}]}<\/script>\n<!-- \/ Yoast SEO plugin. -->","yoast_head_json":{"title":"Espaces d'interaction #1 - Ensemble \u00e0 percussion Sixtrum","description":"Our new Interaction Spaces series explores different modes of interaction, spatialization and the human-machine relationship.","robots":{"index":"index","follow":"follow","max-snippet":"max-snippet:-1","max-image-preview":"max-image-preview:large","max-video-preview":"max-video-preview:-1"},"canonical":"https:\/\/sixtrum.com\/en\/season-2025-2026\/espaces-dinteraction-1\/","og_locale":"en_US","og_type":"article","og_title":"Espaces d'interaction #1 - Ensemble \u00e0 percussion Sixtrum","og_description":"Our new Interaction Spaces series explores different modes of interaction, spatialization and the human-machine relationship.","og_url":"https:\/\/sixtrum.com\/en\/season-2025-2026\/espaces-dinteraction-1\/","og_site_name":"Ensemble \u00e0 percussion Sixtrum","article_publisher":"https:\/\/www.facebook.com\/sixtrum","article_modified_time":"2026-02-11T19:08:45+00:00","og_image":[{"width":1080,"height":1080,"url":"https:\/\/sixtrum.com\/wp-content\/uploads\/2026\/01\/Sixtrum_Espace_Post_1080X1080.jpg","type":"image\/jpeg"}],"twitter_card":"summary_large_image","twitter_site":"@sixtrum","twitter_misc":{"Est. reading time":"3 minutes"},"schema":{"@context":"https:\/\/schema.org","@graph":[{"@type":"WebPage","@id":"https:\/\/sixtrum.com\/en\/season-2025-2026\/espaces-dinteraction-1\/","url":"https:\/\/sixtrum.com\/en\/season-2025-2026\/espaces-dinteraction-1\/","name":"Espaces d'interaction #1 - Ensemble \u00e0 percussion Sixtrum","isPartOf":{"@id":"https:\/\/sixtrum.com\/en\/#website"},"primaryImageOfPage":{"@id":"https:\/\/sixtrum.com\/en\/season-2025-2026\/espaces-dinteraction-1\/#primaryimage"},"image":{"@id":"https:\/\/sixtrum.com\/en\/season-2025-2026\/espaces-dinteraction-1\/#primaryimage"},"thumbnailUrl":"https:\/\/sixtrum.com\/wp-content\/uploads\/2026\/01\/Sixtrum_Espace_Post_1080X1080.jpg","datePublished":"2025-06-26T18:42:01+00:00","dateModified":"2026-02-11T19:08:45+00:00","description":"Our new Interaction Spaces series explores different modes of interaction, spatialization and the human-machine relationship.","breadcrumb":{"@id":"https:\/\/sixtrum.com\/en\/season-2025-2026\/espaces-dinteraction-1\/#breadcrumb"},"inLanguage":"en-US","potentialAction":[{"@type":"ReadAction","target":["https:\/\/sixtrum.com\/en\/season-2025-2026\/espaces-dinteraction-1\/"]}]},{"@type":"ImageObject","inLanguage":"en-US","@id":"https:\/\/sixtrum.com\/en\/season-2025-2026\/espaces-dinteraction-1\/#primaryimage","url":"https:\/\/sixtrum.com\/wp-content\/uploads\/2026\/01\/Sixtrum_Espace_Post_1080X1080.jpg","contentUrl":"https:\/\/sixtrum.com\/wp-content\/uploads\/2026\/01\/Sixtrum_Espace_Post_1080X1080.jpg","width":1080,"height":1080},{"@type":"BreadcrumbList","@id":"https:\/\/sixtrum.com\/en\/season-2025-2026\/espaces-dinteraction-1\/#breadcrumb","itemListElement":[{"@type":"ListItem","position":1,"name":"Accueil","item":"https:\/\/sixtrum.com\/en\/"},{"@type":"ListItem","position":2,"name":"Season 2025-2026","item":"https:\/\/sixtrum.com\/en\/season-2025-2026\/"},{"@type":"ListItem","position":3,"name":"Espaces d&rsquo;interaction #1"}]},{"@type":"WebSite","@id":"https:\/\/sixtrum.com\/en\/#website","url":"https:\/\/sixtrum.com\/en\/","name":"Ensemble \u00e0 percussion Sixtrum","description":"Une exploration d\u00e9brid\u00e9e de la percussion contemporaine","publisher":{"@id":"https:\/\/sixtrum.com\/en\/#organization"},"potentialAction":[{"@type":"SearchAction","target":{"@type":"EntryPoint","urlTemplate":"https:\/\/sixtrum.com\/en\/?s={search_term_string}"},"query-input":{"@type":"PropertyValueSpecification","valueRequired":true,"valueName":"search_term_string"}}],"inLanguage":"en-US"},{"@type":"Organization","@id":"https:\/\/sixtrum.com\/en\/#organization","name":"Sixtrum","url":"https:\/\/sixtrum.com\/en\/","logo":{"@type":"ImageObject","inLanguage":"en-US","@id":"https:\/\/sixtrum.com\/en\/#\/schema\/logo\/image\/","url":"https:\/\/sixtrum.com\/wp-content\/uploads\/2020\/10\/sixtrum-ensemble-percussion-logo-noir.png","contentUrl":"https:\/\/sixtrum.com\/wp-content\/uploads\/2020\/10\/sixtrum-ensemble-percussion-logo-noir.png","width":1000,"height":368,"caption":"Sixtrum"},"image":{"@id":"https:\/\/sixtrum.com\/en\/#\/schema\/logo\/image\/"},"sameAs":["https:\/\/www.facebook.com\/sixtrum","https:\/\/x.com\/sixtrum","https:\/\/www.instagram.com\/sixtrum_percussion\/","https:\/\/www.youtube.com\/sixtrum"]}]}},"_links":{"self":[{"href":"https:\/\/sixtrum.com\/en\/wp-json\/wp\/v2\/pages\/3291","targetHints":{"allow":["GET"]}}],"collection":[{"href":"https:\/\/sixtrum.com\/en\/wp-json\/wp\/v2\/pages"}],"about":[{"href":"https:\/\/sixtrum.com\/en\/wp-json\/wp\/v2\/types\/page"}],"author":[{"embeddable":true,"href":"https:\/\/sixtrum.com\/en\/wp-json\/wp\/v2\/users\/4"}],"replies":[{"embeddable":true,"href":"https:\/\/sixtrum.com\/en\/wp-json\/wp\/v2\/comments?post=3291"}],"version-history":[{"count":8,"href":"https:\/\/sixtrum.com\/en\/wp-json\/wp\/v2\/pages\/3291\/revisions"}],"predecessor-version":[{"id":3574,"href":"https:\/\/sixtrum.com\/en\/wp-json\/wp\/v2\/pages\/3291\/revisions\/3574"}],"up":[{"embeddable":true,"href":"https:\/\/sixtrum.com\/en\/wp-json\/wp\/v2\/pages\/3371"}],"wp:featuredmedia":[{"embeddable":true,"href":"https:\/\/sixtrum.com\/en\/wp-json\/wp\/v2\/media\/3516"}],"wp:attachment":[{"href":"https:\/\/sixtrum.com\/en\/wp-json\/wp\/v2\/media?parent=3291"}],"curies":[{"name":"wp","href":"https:\/\/api.w.org\/{rel}","templated":true}]}}