{"id":3119,"date":"2020-10-28T14:05:43","date_gmt":"2020-10-28T18:05:43","guid":{"rendered":"https:\/\/sixtrum.com\/musiciens\/"},"modified":"2025-03-19T16:31:59","modified_gmt":"2025-03-19T20:31:59","slug":"musicians","status":"publish","type":"page","link":"https:\/\/sixtrum.com\/en\/musicians\/","title":{"rendered":"Musicians"},"content":{"rendered":"<div class=\"wpb-content-wrapper\"><p>[vc_row css_animation=&#8221;&#8221; row_type=&#8221;row&#8221; use_row_as_full_screen_section=&#8221;no&#8221; type=&#8221;grid&#8221; angled_section=&#8221;no&#8221; text_align=&#8221;left&#8221; background_image_as_pattern=&#8221;without_pattern&#8221; z_index=&#8221;&#8221;][vc_column][vc_empty_space][vc_column_text css=&#8221;&#8221;]<\/p>\n<h2>Musicians<\/h2>\n<p>[\/vc_column_text][vc_empty_space][\/vc_column][\/vc_row][vc_row css_animation=&#8221;&#8221; row_type=&#8221;row&#8221; use_row_as_full_screen_section=&#8221;no&#8221; type=&#8221;grid&#8221; angled_section=&#8221;no&#8221; text_align=&#8221;left&#8221; background_image_as_pattern=&#8221;without_pattern&#8221; z_index=&#8221;&#8221;][vc_column width=&#8221;1\/4&#8243;]<div class=\"q_image_with_text_over q_iwto_hover\"><div class=\"shader\" style=\"background-color: rgba(0,0,0,0.01)\"><\/div><div class=\"shader_hover\" style=\"background-color: rgba(255,222,78,0.75)\"><\/div><img decoding=\"async\" itemprop=\"image\" src=\"https:\/\/sixtrum.com\/wp-content\/uploads\/2024\/01\/Joao-Catalao.jpg\" alt=\"\" \/><div class=\"text\"><table><tr><td><h4 class=\"caption no_icon\" style=\"\"><\/h4><\/td><\/tr><\/table><table><tr><td><div class=\"desc\"><\/p>\n<h4><span style=\"color: #ffffff;\">Jo\u00e3o Catal\u00e3o<\/span><\/h4>\n<p><a  itemprop=\"url\" href=\"https:\/\/sixtrum.com\/en\/musicians\/joao-catalao\/\" target=\"_self\"  class=\"qbutton  small default\" style=\"\">Biography<\/a><\/div><\/td><\/tr><\/table><\/div><\/div>[vc_empty_space][\/vc_column][vc_column width=&#8221;1\/4&#8243;]<div class=\"q_image_with_text_over q_iwto_hover\"><div class=\"shader\" style=\"background-color: rgba(0,0,0,0.01)\"><\/div><div class=\"shader_hover\" style=\"background-color: rgba(255,222,78,0.75)\"><\/div><img decoding=\"async\" itemprop=\"image\" src=\"https:\/\/sixtrum.com\/wp-content\/uploads\/2024\/01\/Kristie.jpg\" alt=\"\" \/><div class=\"text\"><table><tr><td><h4 class=\"caption no_icon\" style=\"\"><\/h4><\/td><\/tr><\/table><table><tr><td><div class=\"desc\"><\/p>\n<h4><span style=\"color: #ffffff;\">Kristie Ibrahim<\/span><\/h4>\n<p><a  itemprop=\"url\" href=\"https:\/\/sixtrum.com\/en\/musiciens\/kristie-ibrahim\/\" target=\"_self\"  class=\"qbutton  small default\" style=\"\">Biography<\/a><\/div><\/td><\/tr><\/table><\/div><\/div>[vc_empty_space][\/vc_column][vc_column width=&#8221;1\/4&#8243;]<div class=\"q_image_with_text_over q_iwto_hover\"><div class=\"shader\" style=\"background-color: rgba(0,0,0,0.01)\"><\/div><div class=\"shader_hover\" style=\"background-color: rgba(255,222,78,0.75)\"><\/div><img decoding=\"async\" itemprop=\"image\" src=\"https:\/\/sixtrum.com\/wp-content\/uploads\/2024\/01\/Philip.jpg\" alt=\"\" \/><div class=\"text\"><table><tr><td><h4 class=\"caption no_icon\" style=\"\"><\/h4><\/td><\/tr><\/table><table><tr><td><div class=\"desc\"><\/p>\n<h4><span style=\"color: #ffffff;\">Philip Hornsey<\/span><\/h4>\n<p><a  itemprop=\"url\" href=\"https:\/\/sixtrum.com\/en\/musiciens\/philip-hornsey\/\" target=\"_self\"  class=\"qbutton  small default\" style=\"\">Biography<\/a><\/div><\/td><\/tr><\/table><\/div><\/div>[vc_empty_space][\/vc_column][vc_column width=&#8221;1\/4&#8243;]<div class=\"q_image_with_text_over q_iwto_hover\"><div class=\"shader\" style=\"background-color: rgba(0,0,0,0.01)\"><\/div><div class=\"shader_hover\" style=\"background-color: rgba(255,222,78,0.75)\"><\/div><img decoding=\"async\" itemprop=\"image\" src=\"https:\/\/sixtrum.com\/wp-content\/uploads\/2024\/01\/Fabrice.jpg\" alt=\"\" \/><div class=\"text\"><table><tr><td><h4 class=\"caption no_icon\" style=\"\"><\/h4><\/td><\/tr><\/table><table><tr><td><div class=\"desc\"><\/p>\n<h4><span style=\"color: #ffffff;\">Fabrice Marandola<\/span><\/h4>\n<p><a  itemprop=\"url\" href=\"https:\/\/sixtrum.com\/en\/musiciens\/fabrice-marandola\/\" target=\"_self\"  class=\"qbutton  small default\" style=\"\">Biography<\/a><\/div><\/td><\/tr><\/table><\/div><\/div>[\/vc_column][\/vc_row][vc_row css_animation=&#8221;&#8221; row_type=&#8221;row&#8221; use_row_as_full_screen_section=&#8221;no&#8221; type=&#8221;grid&#8221; angled_section=&#8221;no&#8221; text_align=&#8221;left&#8221; background_image_as_pattern=&#8221;without_pattern&#8221; z_index=&#8221;&#8221;][vc_column][vc_empty_space][vc_column_text css=&#8221;&#8221;]<\/p>\n<h2>Guest percussionists<\/h2>\n<p>[\/vc_column_text][vc_empty_space][\/vc_column][\/vc_row][vc_row css_animation=&#8221;&#8221; row_type=&#8221;row&#8221; use_row_as_full_screen_section=&#8221;no&#8221; type=&#8221;grid&#8221; angled_section=&#8221;no&#8221; text_align=&#8221;left&#8221; background_image_as_pattern=&#8221;without_pattern&#8221; z_index=&#8221;&#8221;][vc_column width=&#8221;1\/4&#8243;]<div class=\"q_image_with_text_over q_iwto_hover\"><div class=\"shader\" style=\"background-color: rgba(0,0,0,0.01)\"><\/div><div class=\"shader_hover\" style=\"background-color: rgba(255,222,78,0.75)\"><\/div><img decoding=\"async\" itemprop=\"image\" src=\"https:\/\/sixtrum.com\/wp-content\/uploads\/2025\/03\/catherine-cherrier_2.png\" alt=\"\" \/><div class=\"text\"><table><tr><td><h4 class=\"caption no_icon\" style=\"\"><\/h4><\/td><\/tr><\/table><table><tr><td><div class=\"desc\"><\/p>\n<h4><span style=\"color: #ffffff;\">Catherine Cherrier<\/span><\/h4>\n<p><a  itemprop=\"url\" href=\"https:\/\/sixtrum.com\/en\/musicians\/guest-percussionists\/#catherine-cherrier-en\" target=\"_self\"  class=\"qbutton  small default\" style=\"\">Biography<\/a><\/div><\/td><\/tr><\/table><\/div><\/div>[vc_empty_space][\/vc_column][vc_column width=&#8221;1\/4&#8243;]<div class=\"q_image_with_text_over q_iwto_hover\"><div class=\"shader\" style=\"background-color: rgba(0,0,0,0.01)\"><\/div><div class=\"shader_hover\" style=\"background-color: rgba(255,222,78,0.75)\"><\/div><img decoding=\"async\" itemprop=\"image\" src=\"https:\/\/sixtrum.com\/wp-content\/uploads\/2025\/03\/Leo-Guiollot_2.png\" alt=\"\" \/><div class=\"text\"><table><tr><td><h4 class=\"caption no_icon\" style=\"\"><\/h4><\/td><\/tr><\/table><table><tr><td><div class=\"desc\"><\/p>\n<h4><span style=\"color: #ffffff;\">L\u00e9o Guiollot<\/span><\/h4>\n<a  itemprop=\"url\" href=\"https:\/\/sixtrum.com\/en\/musicians\/guest-percussionists\/#leo-guiollot-en\" target=\"_self\"  class=\"qbutton  small default\" style=\"\">Biography<\/a>\n<p>&nbsp;<\/p>\n<p><\/div><\/td><\/tr><\/table><\/div><\/div>[vc_empty_space][\/vc_column][vc_column width=&#8221;1\/4&#8243;]<div class=\"q_image_with_text_over q_iwto_hover\"><div class=\"shader\" style=\"background-color: rgba(0,0,0,0.01)\"><\/div><div class=\"shader_hover\" style=\"background-color: rgba(255,222,78,0.75)\"><\/div><img decoding=\"async\" itemprop=\"image\" src=\"https:\/\/sixtrum.com\/wp-content\/uploads\/2025\/03\/Gina-Ryan_2.png\" alt=\"\" \/><div class=\"text\"><table><tr><td><h4 class=\"caption no_icon\" style=\"\"><\/h4><\/td><\/tr><\/table><table><tr><td><div class=\"desc\"><\/p>\n<h4><span style=\"color: #ffffff;\">Gina Ryan<\/span><\/h4>\n<p><a  itemprop=\"url\" href=\"https:\/\/sixtrum.com\/en\/musicians\/guest-percussionists\/#gina-ryan-en\" target=\"_self\"  class=\"qbutton  small default\" style=\"\">Biography<\/a><\/div><\/td><\/tr><\/table><\/div><\/div>[vc_empty_space][\/vc_column][vc_column width=&#8221;1\/4&#8243;]<div class=\"q_image_with_text_over q_iwto_hover\"><div class=\"shader\" style=\"background-color: rgba(0,0,0,0.01)\"><\/div><div class=\"shader_hover\" style=\"background-color: rgba(255,222,78,0.75)\"><\/div><img decoding=\"async\" itemprop=\"image\" src=\"https:\/\/sixtrum.com\/wp-content\/uploads\/2025\/03\/Martin-Daigle_2.png\" alt=\"\" \/><div class=\"text\"><table><tr><td><h4 class=\"caption no_icon\" style=\"\"><\/h4><\/td><\/tr><\/table><table><tr><td><div class=\"desc\"><\/p>\n<h4><span style=\"color: #ffffff;\">Martin Daigle<\/span><\/h4>\n<p><a  itemprop=\"url\" href=\"https:\/\/sixtrum.com\/en\/musicians\/guest-percussionists\/#martin-daigle-en\" target=\"_self\"  class=\"qbutton  small default\" style=\"\">Biography<\/a><\/div><\/td><\/tr><\/table><\/div><\/div>[\/vc_column][\/vc_row][vc_row css_animation=&#8221;&#8221; row_type=&#8221;row&#8221; use_row_as_full_screen_section=&#8221;no&#8221; type=&#8221;grid&#8221; angled_section=&#8221;no&#8221; text_align=&#8221;left&#8221; background_image_as_pattern=&#8221;without_pattern&#8221; z_index=&#8221;&#8221;][vc_column width=&#8221;1\/4&#8243;]<div class=\"q_image_with_text_over q_iwto_hover\"><div class=\"shader\" style=\"background-color: rgba(0,0,0,0.01)\"><\/div><div class=\"shader_hover\" style=\"background-color: rgba(255,222,78,0.75)\"><\/div><img decoding=\"async\" itemprop=\"image\" src=\"https:\/\/sixtrum.com\/wp-content\/uploads\/2025\/03\/Stuart-Jackson_2.png\" alt=\"\" \/><div class=\"text\"><table><tr><td><h4 class=\"caption no_icon\" style=\"\"><\/h4><\/td><\/tr><\/table><table><tr><td><div class=\"desc\"><\/p>\n<h4><span style=\"color: #ffffff;\">Stuart Jackson<\/span><\/h4>\n<p><a  itemprop=\"url\" href=\"https:\/\/sixtrum.com\/en\/musicians\/guest-percussionists\/#stuart-jackson-en\" target=\"_self\"  class=\"qbutton  small default\" style=\"\">Biography<\/a><\/div><\/td><\/tr><\/table><\/div><\/div>[vc_empty_space][\/vc_column][vc_column width=&#8221;1\/4&#8243;]<div class=\"q_image_with_text_over q_iwto_hover\"><div class=\"shader\" style=\"background-color: rgba(0,0,0,0.01)\"><\/div><div class=\"shader_hover\" style=\"background-color: rgba(255,222,78,0.75)\"><\/div><img decoding=\"async\" itemprop=\"image\" src=\"https:\/\/sixtrum.com\/wp-content\/uploads\/2025\/03\/alexandre-lavoie.png\" alt=\"\" \/><div class=\"text\"><table><tr><td><h4 class=\"caption no_icon\" style=\"\"><\/h4><\/td><\/tr><\/table><table><tr><td><div class=\"desc\"><\/p>\n<h4><span style=\"color: #ffffff;\">Alexandre Lavoie<\/span><\/h4>\n<p><a  itemprop=\"url\" href=\"https:\/\/sixtrum.com\/en\/musicians\/guest-percussionists\/#alexandre-lavoie-en\" target=\"_self\"  class=\"qbutton  small default\" style=\"\">Biography<\/a><\/div><\/td><\/tr><\/table><\/div><\/div>[vc_empty_space][\/vc_column][vc_column width=&#8221;1\/4&#8243;]<div class=\"q_image_with_text_over q_iwto_hover\"><div class=\"shader\" style=\"background-color: rgba(0,0,0,0.01)\"><\/div><div class=\"shader_hover\" style=\"background-color: rgba(255,222,78,0.75)\"><\/div><img decoding=\"async\" itemprop=\"image\" src=\"https:\/\/sixtrum.com\/wp-content\/uploads\/2025\/03\/Manuel-Lopez-Tovar_2.png\" alt=\"\" \/><div class=\"text\"><table><tr><td><h4 class=\"caption no_icon\" style=\"\"><\/h4><\/td><\/tr><\/table><table><tr><td><div class=\"desc\"><\/p>\n<h4><span style=\"color: #ffffff;\">Manuel Lopez Tovar<\/span><\/h4>\n<p><a  itemprop=\"url\" href=\"https:\/\/sixtrum.com\/en\/musicians\/guest-percussionists\/#manuel-lopez-tovar-en\" target=\"_self\"  class=\"qbutton  small default\" style=\"\">Biography<\/a><\/div><\/td><\/tr><\/table><\/div><\/div>[vc_empty_space][\/vc_column][\/vc_row]<\/p>\n<\/div>","protected":false},"excerpt":{"rendered":"<p>[vc_row css_animation=&#8221;&#8221; row_type=&#8221;row&#8221; use_row_as_full_screen_section=&#8221;no&#8221; type=&#8221;grid&#8221; angled_section=&#8221;no&#8221; text_align=&#8221;left&#8221; background_image_as_pattern=&#8221;without_pattern&#8221; z_index=&#8221;&#8221;][vc_column][vc_empty_space][vc_column_text css=&#8221;&#8221;] Musicians [\/vc_column_text][vc_empty_space][\/vc_column][\/vc_row][vc_row css_animation=&#8221;&#8221; row_type=&#8221;row&#8221; use_row_as_full_screen_section=&#8221;no&#8221; type=&#8221;grid&#8221; angled_section=&#8221;no&#8221; text_align=&#8221;left&#8221; background_image_as_pattern=&#8221;without_pattern&#8221; z_index=&#8221;&#8221;][vc_column width=&#8221;1\/4&#8243;][vc_empty_space][\/vc_column][vc_column width=&#8221;1\/4&#8243;][vc_empty_space][\/vc_column][vc_column width=&#8221;1\/4&#8243;][vc_empty_space][\/vc_column][vc_column width=&#8221;1\/4&#8243;][\/vc_column][\/vc_row][vc_row css_animation=&#8221;&#8221; row_type=&#8221;row&#8221; use_row_as_full_screen_section=&#8221;no&#8221; type=&#8221;grid&#8221; angled_section=&#8221;no&#8221; text_align=&#8221;left&#8221; background_image_as_pattern=&#8221;without_pattern&#8221; z_index=&#8221;&#8221;][vc_column][vc_empty_space][vc_column_text css=&#8221;&#8221;] Guest percussionists [\/vc_column_text][vc_empty_space][\/vc_column][\/vc_row][vc_row css_animation=&#8221;&#8221; row_type=&#8221;row&#8221; use_row_as_full_screen_section=&#8221;no&#8221; type=&#8221;grid&#8221; angled_section=&#8221;no&#8221; text_align=&#8221;left&#8221; background_image_as_pattern=&#8221;without_pattern&#8221; z_index=&#8221;&#8221;][vc_column width=&#8221;1\/4&#8243;][vc_empty_space][\/vc_column][vc_column&#8230;<\/p>\n","protected":false},"author":2,"featured_media":0,"parent":0,"menu_order":0,"comment_status":"closed","ping_status":"closed","template":"full_width.php","meta":{"footnotes":""},"class_list":["post-3119","page","type-page","status-publish","hentry"],"yoast_head":"<!-- This site is optimized with the Yoast SEO plugin v26.4 - https:\/\/yoast.com\/wordpress\/plugins\/seo\/ -->\n<title>Musicians - Ensemble \u00e0 percussion Sixtrum<\/title>\n<meta name=\"robots\" content=\"index, follow, max-snippet:-1, max-image-preview:large, max-video-preview:-1\" \/>\n<link rel=\"canonical\" href=\"https:\/\/sixtrum.com\/en\/musicians\/\" \/>\n<meta property=\"og:locale\" content=\"en_US\" \/>\n<meta property=\"og:type\" content=\"article\" \/>\n<meta property=\"og:title\" content=\"Musicians - Ensemble \u00e0 percussion Sixtrum\" \/>\n<meta property=\"og:description\" content=\"[vc_row css_animation=&#8221;&#8221; row_type=&#8221;row&#8221; use_row_as_full_screen_section=&#8221;no&#8221; type=&#8221;grid&#8221; angled_section=&#8221;no&#8221; text_align=&#8221;left&#8221; background_image_as_pattern=&#8221;without_pattern&#8221; z_index=&#8221;&#8221;][vc_column][vc_empty_space][vc_column_text css=&#8221;&#8221;] Musicians [\/vc_column_text][vc_empty_space][\/vc_column][\/vc_row][vc_row css_animation=&#8221;&#8221; row_type=&#8221;row&#8221; use_row_as_full_screen_section=&#8221;no&#8221; type=&#8221;grid&#8221; angled_section=&#8221;no&#8221; text_align=&#8221;left&#8221; background_image_as_pattern=&#8221;without_pattern&#8221; z_index=&#8221;&#8221;][vc_column width=&#8221;1\/4&#8243;][vc_empty_space][\/vc_column][vc_column width=&#8221;1\/4&#8243;][vc_empty_space][\/vc_column][vc_column width=&#8221;1\/4&#8243;][vc_empty_space][\/vc_column][vc_column width=&#8221;1\/4&#8243;][\/vc_column][\/vc_row][vc_row css_animation=&#8221;&#8221; row_type=&#8221;row&#8221; use_row_as_full_screen_section=&#8221;no&#8221; type=&#8221;grid&#8221; angled_section=&#8221;no&#8221; text_align=&#8221;left&#8221; background_image_as_pattern=&#8221;without_pattern&#8221; z_index=&#8221;&#8221;][vc_column][vc_empty_space][vc_column_text css=&#8221;&#8221;] Guest percussionists [\/vc_column_text][vc_empty_space][\/vc_column][\/vc_row][vc_row css_animation=&#8221;&#8221; row_type=&#8221;row&#8221; use_row_as_full_screen_section=&#8221;no&#8221; type=&#8221;grid&#8221; angled_section=&#8221;no&#8221; text_align=&#8221;left&#8221; background_image_as_pattern=&#8221;without_pattern&#8221; z_index=&#8221;&#8221;][vc_column width=&#8221;1\/4&#8243;][vc_empty_space][\/vc_column][vc_column...\" \/>\n<meta property=\"og:url\" content=\"https:\/\/sixtrum.com\/en\/musicians\/\" \/>\n<meta property=\"og:site_name\" content=\"Ensemble \u00e0 percussion Sixtrum\" \/>\n<meta property=\"article:publisher\" content=\"https:\/\/www.facebook.com\/sixtrum\" \/>\n<meta property=\"article:modified_time\" content=\"2025-03-19T20:31:59+00:00\" \/>\n<meta property=\"og:image\" content=\"https:\/\/sixtrum.com\/wp-content\/uploads\/2020\/10\/sixtrum-ensemble-percussion-photo-groupe-hugo-lefort-fullscreen.jpg\" \/>\n\t<meta property=\"og:image:width\" content=\"2560\" \/>\n\t<meta property=\"og:image:height\" content=\"1440\" \/>\n\t<meta property=\"og:image:type\" content=\"image\/jpeg\" \/>\n<meta name=\"twitter:card\" content=\"summary_large_image\" \/>\n<meta name=\"twitter:site\" content=\"@sixtrum\" \/>\n<meta name=\"twitter:label1\" content=\"Est. reading time\" \/>\n\t<meta name=\"twitter:data1\" content=\"4 minutes\" \/>\n<script type=\"application\/ld+json\" class=\"yoast-schema-graph\">{\"@context\":\"https:\/\/schema.org\",\"@graph\":[{\"@type\":\"WebPage\",\"@id\":\"https:\/\/sixtrum.com\/en\/musicians\/\",\"url\":\"https:\/\/sixtrum.com\/en\/musicians\/\",\"name\":\"Musicians - Ensemble \u00e0 percussion Sixtrum\",\"isPartOf\":{\"@id\":\"https:\/\/sixtrum.com\/en\/#website\"},\"datePublished\":\"2020-10-28T18:05:43+00:00\",\"dateModified\":\"2025-03-19T20:31:59+00:00\",\"breadcrumb\":{\"@id\":\"https:\/\/sixtrum.com\/en\/musicians\/#breadcrumb\"},\"inLanguage\":\"en-US\",\"potentialAction\":[{\"@type\":\"ReadAction\",\"target\":[\"https:\/\/sixtrum.com\/en\/musicians\/\"]}]},{\"@type\":\"BreadcrumbList\",\"@id\":\"https:\/\/sixtrum.com\/en\/musicians\/#breadcrumb\",\"itemListElement\":[{\"@type\":\"ListItem\",\"position\":1,\"name\":\"Accueil\",\"item\":\"https:\/\/sixtrum.com\/en\/\"},{\"@type\":\"ListItem\",\"position\":2,\"name\":\"Musicians\"}]},{\"@type\":\"WebSite\",\"@id\":\"https:\/\/sixtrum.com\/en\/#website\",\"url\":\"https:\/\/sixtrum.com\/en\/\",\"name\":\"Ensemble \u00e0 percussion Sixtrum\",\"description\":\"Une exploration d\u00e9brid\u00e9e de la percussion contemporaine\",\"publisher\":{\"@id\":\"https:\/\/sixtrum.com\/en\/#organization\"},\"potentialAction\":[{\"@type\":\"SearchAction\",\"target\":{\"@type\":\"EntryPoint\",\"urlTemplate\":\"https:\/\/sixtrum.com\/en\/?s={search_term_string}\"},\"query-input\":{\"@type\":\"PropertyValueSpecification\",\"valueRequired\":true,\"valueName\":\"search_term_string\"}}],\"inLanguage\":\"en-US\"},{\"@type\":\"Organization\",\"@id\":\"https:\/\/sixtrum.com\/en\/#organization\",\"name\":\"Sixtrum\",\"url\":\"https:\/\/sixtrum.com\/en\/\",\"logo\":{\"@type\":\"ImageObject\",\"inLanguage\":\"en-US\",\"@id\":\"https:\/\/sixtrum.com\/en\/#\/schema\/logo\/image\/\",\"url\":\"https:\/\/sixtrum.com\/wp-content\/uploads\/2020\/10\/sixtrum-ensemble-percussion-logo-noir.png\",\"contentUrl\":\"https:\/\/sixtrum.com\/wp-content\/uploads\/2020\/10\/sixtrum-ensemble-percussion-logo-noir.png\",\"width\":1000,\"height\":368,\"caption\":\"Sixtrum\"},\"image\":{\"@id\":\"https:\/\/sixtrum.com\/en\/#\/schema\/logo\/image\/\"},\"sameAs\":[\"https:\/\/www.facebook.com\/sixtrum\",\"https:\/\/x.com\/sixtrum\",\"https:\/\/www.instagram.com\/sixtrum_percussion\/\",\"https:\/\/www.youtube.com\/sixtrum\"]}]}<\/script>\n<!-- \/ Yoast SEO plugin. -->","yoast_head_json":{"title":"Musicians - Ensemble \u00e0 percussion Sixtrum","robots":{"index":"index","follow":"follow","max-snippet":"max-snippet:-1","max-image-preview":"max-image-preview:large","max-video-preview":"max-video-preview:-1"},"canonical":"https:\/\/sixtrum.com\/en\/musicians\/","og_locale":"en_US","og_type":"article","og_title":"Musicians - Ensemble \u00e0 percussion Sixtrum","og_description":"[vc_row css_animation=&#8221;&#8221; row_type=&#8221;row&#8221; use_row_as_full_screen_section=&#8221;no&#8221; type=&#8221;grid&#8221; angled_section=&#8221;no&#8221; text_align=&#8221;left&#8221; background_image_as_pattern=&#8221;without_pattern&#8221; z_index=&#8221;&#8221;][vc_column][vc_empty_space][vc_column_text css=&#8221;&#8221;] Musicians [\/vc_column_text][vc_empty_space][\/vc_column][\/vc_row][vc_row css_animation=&#8221;&#8221; row_type=&#8221;row&#8221; use_row_as_full_screen_section=&#8221;no&#8221; type=&#8221;grid&#8221; angled_section=&#8221;no&#8221; text_align=&#8221;left&#8221; background_image_as_pattern=&#8221;without_pattern&#8221; z_index=&#8221;&#8221;][vc_column width=&#8221;1\/4&#8243;][vc_empty_space][\/vc_column][vc_column width=&#8221;1\/4&#8243;][vc_empty_space][\/vc_column][vc_column width=&#8221;1\/4&#8243;][vc_empty_space][\/vc_column][vc_column width=&#8221;1\/4&#8243;][\/vc_column][\/vc_row][vc_row css_animation=&#8221;&#8221; row_type=&#8221;row&#8221; use_row_as_full_screen_section=&#8221;no&#8221; type=&#8221;grid&#8221; angled_section=&#8221;no&#8221; text_align=&#8221;left&#8221; background_image_as_pattern=&#8221;without_pattern&#8221; z_index=&#8221;&#8221;][vc_column][vc_empty_space][vc_column_text css=&#8221;&#8221;] Guest percussionists [\/vc_column_text][vc_empty_space][\/vc_column][\/vc_row][vc_row css_animation=&#8221;&#8221; row_type=&#8221;row&#8221; use_row_as_full_screen_section=&#8221;no&#8221; type=&#8221;grid&#8221; angled_section=&#8221;no&#8221; text_align=&#8221;left&#8221; background_image_as_pattern=&#8221;without_pattern&#8221; z_index=&#8221;&#8221;][vc_column width=&#8221;1\/4&#8243;][vc_empty_space][\/vc_column][vc_column...","og_url":"https:\/\/sixtrum.com\/en\/musicians\/","og_site_name":"Ensemble \u00e0 percussion Sixtrum","article_publisher":"https:\/\/www.facebook.com\/sixtrum","article_modified_time":"2025-03-19T20:31:59+00:00","og_image":[{"width":2560,"height":1440,"url":"https:\/\/sixtrum.com\/wp-content\/uploads\/2020\/10\/sixtrum-ensemble-percussion-photo-groupe-hugo-lefort-fullscreen.jpg","type":"image\/jpeg"}],"twitter_card":"summary_large_image","twitter_site":"@sixtrum","twitter_misc":{"Est. reading time":"4 minutes"},"schema":{"@context":"https:\/\/schema.org","@graph":[{"@type":"WebPage","@id":"https:\/\/sixtrum.com\/en\/musicians\/","url":"https:\/\/sixtrum.com\/en\/musicians\/","name":"Musicians - Ensemble \u00e0 percussion Sixtrum","isPartOf":{"@id":"https:\/\/sixtrum.com\/en\/#website"},"datePublished":"2020-10-28T18:05:43+00:00","dateModified":"2025-03-19T20:31:59+00:00","breadcrumb":{"@id":"https:\/\/sixtrum.com\/en\/musicians\/#breadcrumb"},"inLanguage":"en-US","potentialAction":[{"@type":"ReadAction","target":["https:\/\/sixtrum.com\/en\/musicians\/"]}]},{"@type":"BreadcrumbList","@id":"https:\/\/sixtrum.com\/en\/musicians\/#breadcrumb","itemListElement":[{"@type":"ListItem","position":1,"name":"Accueil","item":"https:\/\/sixtrum.com\/en\/"},{"@type":"ListItem","position":2,"name":"Musicians"}]},{"@type":"WebSite","@id":"https:\/\/sixtrum.com\/en\/#website","url":"https:\/\/sixtrum.com\/en\/","name":"Ensemble \u00e0 percussion Sixtrum","description":"Une exploration d\u00e9brid\u00e9e de la percussion contemporaine","publisher":{"@id":"https:\/\/sixtrum.com\/en\/#organization"},"potentialAction":[{"@type":"SearchAction","target":{"@type":"EntryPoint","urlTemplate":"https:\/\/sixtrum.com\/en\/?s={search_term_string}"},"query-input":{"@type":"PropertyValueSpecification","valueRequired":true,"valueName":"search_term_string"}}],"inLanguage":"en-US"},{"@type":"Organization","@id":"https:\/\/sixtrum.com\/en\/#organization","name":"Sixtrum","url":"https:\/\/sixtrum.com\/en\/","logo":{"@type":"ImageObject","inLanguage":"en-US","@id":"https:\/\/sixtrum.com\/en\/#\/schema\/logo\/image\/","url":"https:\/\/sixtrum.com\/wp-content\/uploads\/2020\/10\/sixtrum-ensemble-percussion-logo-noir.png","contentUrl":"https:\/\/sixtrum.com\/wp-content\/uploads\/2020\/10\/sixtrum-ensemble-percussion-logo-noir.png","width":1000,"height":368,"caption":"Sixtrum"},"image":{"@id":"https:\/\/sixtrum.com\/en\/#\/schema\/logo\/image\/"},"sameAs":["https:\/\/www.facebook.com\/sixtrum","https:\/\/x.com\/sixtrum","https:\/\/www.instagram.com\/sixtrum_percussion\/","https:\/\/www.youtube.com\/sixtrum"]}]}},"_links":{"self":[{"href":"https:\/\/sixtrum.com\/en\/wp-json\/wp\/v2\/pages\/3119","targetHints":{"allow":["GET"]}}],"collection":[{"href":"https:\/\/sixtrum.com\/en\/wp-json\/wp\/v2\/pages"}],"about":[{"href":"https:\/\/sixtrum.com\/en\/wp-json\/wp\/v2\/types\/page"}],"author":[{"embeddable":true,"href":"https:\/\/sixtrum.com\/en\/wp-json\/wp\/v2\/users\/2"}],"replies":[{"embeddable":true,"href":"https:\/\/sixtrum.com\/en\/wp-json\/wp\/v2\/comments?post=3119"}],"version-history":[{"count":22,"href":"https:\/\/sixtrum.com\/en\/wp-json\/wp\/v2\/pages\/3119\/revisions"}],"predecessor-version":[{"id":3149,"href":"https:\/\/sixtrum.com\/en\/wp-json\/wp\/v2\/pages\/3119\/revisions\/3149"}],"wp:attachment":[{"href":"https:\/\/sixtrum.com\/en\/wp-json\/wp\/v2\/media?parent=3119"}],"curies":[{"name":"wp","href":"https:\/\/api.w.org\/{rel}","templated":true}]}}