{"id":3116,"date":"2025-03-12T09:26:33","date_gmt":"2025-03-12T13:26:33","guid":{"rendered":"https:\/\/sixtrum.com\/musicians\/percussionnistes-invites\/"},"modified":"2025-06-26T12:03:22","modified_gmt":"2025-06-26T16:03:22","slug":"guest-percussionists","status":"publish","type":"page","link":"https:\/\/sixtrum.com\/en\/musicians\/guest-percussionists\/","title":{"rendered":"Guest percussionists"},"content":{"rendered":"<div class=\"wpb-content-wrapper\"><p>[vc_row css_animation=&#8221;&#8221; row_type=&#8221;row&#8221; use_row_as_full_screen_section=&#8221;no&#8221; type=&#8221;grid&#8221; angled_section=&#8221;no&#8221; text_align=&#8221;left&#8221; background_image_as_pattern=&#8221;without_pattern&#8221; z_index=&#8221;&#8221; padding_top=&#8221;32&#8243; padding_bottom=&#8221;32&#8243;][vc_column][vc_empty_space height=&#8221;16px&#8221;][vc_column_text css=&#8221;&#8221;]<\/p>\n<h3>Guest percussionists<\/h3>\n<p>From 2025 onwards, Sixtrum decided to change its composition. The organization&#8217;s 4 founding musicians will now join forces with other Montreal percussionists to expand their repertoire and welcome up-and-coming musicians.<\/p>\n<p>For 2024-2025, we are fortunate to welcome a number of talented musicians, including Catherine Cherrier, L\u00e9o Guiollot, Gina Ryan, Martin Daigle, Manuel Lopez Tovar, Stuart Jackson and Alexandre Lavoie, for our various activities (concerts, creative workshops, tours, residencies, etc.).[\/vc_column_text][\/vc_column][\/vc_row][vc_row css_animation=&#8221;&#8221; row_type=&#8221;row&#8221; use_row_as_full_screen_section=&#8221;no&#8221; type=&#8221;grid&#8221; angled_section=&#8221;no&#8221; text_align=&#8221;left&#8221; background_image_as_pattern=&#8221;without_pattern&#8221; z_index=&#8221;&#8221; padding_top=&#8221;32&#8243; padding_bottom=&#8221;32&#8243; anchor=&#8221;catherine-cherrier-en&#8221;][vc_column width=&#8221;1\/4&#8243;][vc_single_image image=&#8221;3072&#8243; img_size=&#8221;large&#8221; css=&#8221;&#8221; qode_css_animation=&#8221;&#8221;][vc_empty_space height=&#8221;16px&#8221;][\/vc_column][vc_column width=&#8221;3\/4&#8243;][vc_column_text css=&#8221;&#8221;]<\/p>\n<h3>Catherine Cherrier<\/h3>\n<p>Catherine Cherrier has been practicing the art of percussion for 19 years. Surrounded by dedicated teachers such as Jean-Guy Plante and Michel Viau, she made her way to the Universit\u00e9 de Montr\u00e9al, where in 2020 she completed her master&#8217;s degree in performance under the direction of Julien Gr\u00e9goire. Catherine works with passion and tenacity in many musical styles, in small and large ensembles. She can be found with the Orchestre des Grands Ballets Canadiens, the Orchestre M\u00e9tropolitain, the Orchestre symphonique du Saguenay-Lac-St-Jean and many others. In contemporary music, she was part of the modern opera produced by Musique 3 Femmes, Racoon Opera, and took part in the production of Kathinkas Gesang in 2016 and 2019 (Opus Prize). Finally, Catherine plays and shines in the style of film music. The artist discovered this passion in 2014 and has had the pleasure of performing various pieces of film music through Filmharmonique, Kashamara and GFN productions.[\/vc_column_text][\/vc_column][\/vc_row][vc_row css_animation=&#8221;&#8221; row_type=&#8221;row&#8221; use_row_as_full_screen_section=&#8221;no&#8221; type=&#8221;grid&#8221; angled_section=&#8221;no&#8221; text_align=&#8221;left&#8221; background_image_as_pattern=&#8221;without_pattern&#8221; z_index=&#8221;&#8221; padding_top=&#8221;32&#8243; padding_bottom=&#8221;32&#8243; anchor=&#8221;martin-daigle-en&#8221;][vc_column width=&#8221;1\/4&#8243;][vc_single_image image=&#8221;3085&#8243; img_size=&#8221;large&#8221; css=&#8221;&#8221; qode_css_animation=&#8221;&#8221;][vc_empty_space height=&#8221;16px&#8221;][\/vc_column][vc_column width=&#8221;3\/4&#8243;][vc_column_text css=&#8221;&#8221;]<\/p>\n<h3>Martin Daigle<\/h3>\n<p>Winner of Musique NB&#8217;s Innovator of the Year award for 2022, Martin Daigle is an interdisciplinary artist with a strong commitment to research and creation in the audiovisual arts.<\/p>\n<p>He is enrolled in the doctoral program at McGill&#8217;s Schulich School of Music, where he is developing repertoire for electronically augmented drums.<\/p>\n<p>As a performer, Martin plays in a variety of musical genres with a variety of artists; however, he is best known as a classical percussionist and rock drummer.<\/p>\n<p>As a researcher, Martin has worked on haptic drum learning with vibrating bracelets attached to the student&#8217;s limbs to facilitate rhythm learning. He also observes a drummer&#8217;s balance with the help of an infrared camera system at the Centre Interdisciplinaire de Recherche en Musique, M\u00e9dias et Technologie (CIRMMT).[\/vc_column_text][\/vc_column][\/vc_row][vc_row css_animation=&#8221;&#8221; row_type=&#8221;row&#8221; use_row_as_full_screen_section=&#8221;no&#8221; type=&#8221;grid&#8221; angled_section=&#8221;no&#8221; text_align=&#8221;left&#8221; background_image_as_pattern=&#8221;without_pattern&#8221; z_index=&#8221;&#8221; padding_top=&#8221;32&#8243; padding_bottom=&#8221;32&#8243; anchor=&#8221;leo-guiollot-en&#8221;][vc_column width=&#8221;1\/4&#8243;][vc_single_image image=&#8221;3066&#8243; img_size=&#8221;large&#8221; css=&#8221;&#8221; qode_css_animation=&#8221;&#8221;][vc_empty_space height=&#8221;16px&#8221;][\/vc_column][vc_column width=&#8221;3\/4&#8243;][vc_column_text css=&#8221;&#8221;]<\/p>\n<h3>L\u00e9o Guiollot<\/h3>\n<p>With a master&#8217;s degree in classical percussion from the Universit\u00e9 de Montr\u00e9al, L\u00e9o Guiollot has performed with the McGill Chamber Orchestra, the Orchestre Symphonique de Trois-Rivi\u00e8res, Jeunesses Musicales du Canada, Bishop&#8217;s University Composers Forum, Sinfonia de Lanaudi\u00e8re, Sixtrum, SCRAP and the Orchestre du Festival de Lanaudi\u00e8re.His keen interest and aptitude for many \u201cworld\u201d percussion traditions have also led him to travel and perfect his skills in Brazil, Cuba and Spain.Teaching is an integral part of L\u00e9o&#8217;s musical approach, and he is frequently called upon to share his wide-ranging musical knowledge in various institutions (\u00c9cole Joseph-Fran\u00e7ois-Perrault, Coll\u00e8ge de Montr\u00e9al, \u00c9cole des Jeunes et Activit\u00e9s Culturelles de l&#8217;Universit\u00e9 de Montr\u00e9al, CAMMAC).<\/p>\n<p>His qualities as a performer and teacher, his commitment and his desire to perfect his skills with specialist percussionists abroad have already earned him several scholarships and awards, including the Lieutenant-Governor&#8217;s Youth Medal, several academic and travel scholarships, and most recently the Best Workshop Leader Award (UdeM Cultural Activities).[\/vc_column_text][\/vc_column][\/vc_row][vc_row css_animation=&#8221;&#8221; row_type=&#8221;row&#8221; use_row_as_full_screen_section=&#8221;no&#8221; type=&#8221;grid&#8221; angled_section=&#8221;no&#8221; text_align=&#8221;left&#8221; background_image_as_pattern=&#8221;without_pattern&#8221; z_index=&#8221;&#8221; padding_top=&#8221;32&#8243; padding_bottom=&#8221;32&#8243; anchor=&#8221;stuart-jackson-en&#8221;][vc_column width=&#8221;1\/4&#8243;][vc_single_image image=&#8221;3070&#8243; img_size=&#8221;large&#8221; css=&#8221;&#8221; qode_css_animation=&#8221;&#8221;][vc_empty_space height=&#8221;16px&#8221;][\/vc_column][vc_column width=&#8221;3\/4&#8243;][vc_column_text css=&#8221;&#8221;]<\/p>\n<h3>Stuart Jackson<\/h3>\n<p>Stuart Jackson is a percussionist and piper originally from Virginia, now based in Montreal.<\/p>\n<p>An active performer of both traditional and contemporary music, he eschews the popular tendency to frantically commission the creation of new works, instead devoting himself to an in-depth engagement with musical works dating primarily from the twentieth century. Graphic scores by John Cage, Karlheinz Stockhausen and others are seen not just as artifacts of recent music history, but as radical blueprints that offer endless possibilities for discovering new worlds of sound.<br \/>\nRecent projects include realizations of 27&#8217;10&#8221;554 for a percussionist, Duet for Cymbal, and Cartridge Music by John Cage, as well as transcriptions for keyboard percussion of Messagesquisse and Dialogue de l&#8217;Ombre Double by Pierre Boulez.<br \/>\nAs well as using the bagpipes as a sound source in contemporary music projects, he has also studied the traditional music of pipers Seamus Ennis, Tommy Reck, Leo Rowsome and others.[\/vc_column_text][\/vc_column][\/vc_row][vc_row css_animation=&#8221;&#8221; row_type=&#8221;row&#8221; use_row_as_full_screen_section=&#8221;no&#8221; type=&#8221;grid&#8221; angled_section=&#8221;no&#8221; text_align=&#8221;left&#8221; background_image_as_pattern=&#8221;without_pattern&#8221; z_index=&#8221;&#8221; padding_top=&#8221;32&#8243; padding_bottom=&#8221;32&#8243; anchor=&#8221;alexandre-lavoie-en&#8221;][vc_column width=&#8221;1\/4&#8243;][vc_single_image image=&#8221;3092&#8243; img_size=&#8221;large&#8221; css=&#8221;&#8221; qode_css_animation=&#8221;&#8221;][vc_empty_space height=&#8221;16px&#8221;][\/vc_column][vc_column width=&#8221;3\/4&#8243;][vc_column_text css=&#8221;&#8221;]<\/p>\n<h3>Alexandre Lavoie<\/h3>\n<p>Originally from Abitibi, in 2018 Alexandre obtained a master&#8217;s degree and the Prix avec distinction from the Conservatoire de musique de Qu\u00e9bec in Anne-Julie Caron&#8217;s class. Since 2019, he has held the position of principal percussionist with the Orchestre M\u00e9tropolitain (Yannick N\u00e9zet-S\u00e9guin).<\/p>\n<p>In 2014, he distinguished himself at the Canadian Music Competition, where he won first prize as soloist, and at the 2015 OSM Manulife Competition, where he won second prize for percussion as well as the prize for best performance of a Canadian work.In 2016, he is a member of the YOA Orchestra of the Americas for their Nordic-Baltic European tour. He participated in the Roots and Rhizomes program at the Banff Centre for the Arts in 2017, under the supervision of Steven Schick and Aiyun Huang. Teaching has always been part of his musical journey. Alexandre collaborates with several institutions, including the Conservatoire de musique de Qu\u00e9bec, and currently teaches at Coll\u00e8ge Notre-Dame de Montr\u00e9al and McGill University&#8217;s Schulich School of Music.[\/vc_column_text][\/vc_column][\/vc_row][vc_row css_animation=&#8221;&#8221; row_type=&#8221;row&#8221; use_row_as_full_screen_section=&#8221;no&#8221; type=&#8221;grid&#8221; angled_section=&#8221;no&#8221; text_align=&#8221;left&#8221; background_image_as_pattern=&#8221;without_pattern&#8221; z_index=&#8221;&#8221; padding_top=&#8221;32&#8243; padding_bottom=&#8221;32&#8243; anchor=&#8221;manuel-lopez-tovar-en&#8221;][vc_column width=&#8221;1\/4&#8243;][vc_single_image image=&#8221;3100&#8243; img_size=&#8221;large&#8221; css=&#8221;&#8221; qode_css_animation=&#8221;&#8221;][vc_empty_space height=&#8221;16px&#8221;][\/vc_column][vc_column width=&#8221;3\/4&#8243;][vc_column_text css=&#8221;&#8221;]<\/p>\n<h3>Manuel Lopez Tovar<\/h3>\n<p class=\"font_8 wixui-rich-text__text\">Coming soon.<\/p>\n<p>[\/vc_column_text][\/vc_column][\/vc_row][vc_row css_animation=&#8221;&#8221; row_type=&#8221;row&#8221; use_row_as_full_screen_section=&#8221;no&#8221; type=&#8221;grid&#8221; angled_section=&#8221;no&#8221; text_align=&#8221;left&#8221; background_image_as_pattern=&#8221;without_pattern&#8221; z_index=&#8221;&#8221; padding_top=&#8221;32&#8243; padding_bottom=&#8221;32&#8243; anchor=&#8221;gina-ryan-en&#8221;][vc_column width=&#8221;1\/4&#8243;][vc_single_image image=&#8221;3064&#8243; img_size=&#8221;large&#8221; css=&#8221;&#8221; qode_css_animation=&#8221;&#8221;][vc_empty_space height=&#8221;16px&#8221;][\/vc_column][vc_column width=&#8221;3\/4&#8243;][vc_column_text css=&#8221;&#8221;]<\/p>\n<h3>Gina Ryan<\/h3>\n<p>Gina Ryan is a professor in the music department of the Universit\u00e9 du Qu\u00e9bec \u00e0 Montr\u00e9al.<\/p>\n<p>As a composer and percussionist, she has presented her work in Canada, the United States, Thailand, Mexico, France, Japan and China.Gina is regularly invited to give workshops and master classes, and to act as a referee in Canada and abroad. She has been published in several journals and magazines, including International Journal of Music Education, Psychology of Music, Research Studies in Music Education, Percussive Notes and Canadian Music Educator.[\/vc_column_text][\/vc_column][\/vc_row][vc_row css_animation=&#8221;&#8221; row_type=&#8221;row&#8221; use_row_as_full_screen_section=&#8221;no&#8221; type=&#8221;grid&#8221; angled_section=&#8221;no&#8221; text_align=&#8221;left&#8221; background_image_as_pattern=&#8221;without_pattern&#8221; z_index=&#8221;&#8221; padding_top=&#8221;32&#8243; padding_bottom=&#8221;32&#8243; anchor=&#8221;gina-ryan-en&#8221;][vc_column width=&#8221;1\/4&#8243;][vc_single_image image=&#8221;3216&#8243; img_size=&#8221;large&#8221; css=&#8221;&#8221; qode_css_animation=&#8221;&#8221;][vc_empty_space height=&#8221;16px&#8221;][\/vc_column][vc_column width=&#8221;3\/4&#8243;][vc_column_text css=&#8221;&#8221;]<\/p>\n<h3>Corinne Ren\u00e9<\/h3>\n<p>Corinne Ren\u00e9 is a percussionist who has distinguished herself in a variety of artistic circles. Trained as a classical musician, she plays regularly with Quebec orchestras, principally the Orchestre M\u00e9tropolitain. At the same time, her practice brings her closer to the worlds of improvisation, noise, movement and the visual arts. She works in collaboration with visual artist Marie-Michelle Deschamps, video artist Etienne Morneau, the groups Loos Pango, Ensemble SuperMusique and Yuki Isami. She has taken part in advanced training courses at the Conservatoire Sup\u00e9rieur de Musique de Lyon, The Banff Centre for the Arts, the Centre Chor\u00e9graphique National de Rillieux-la-Pape, and Hotel Pupik in Austria.[\/vc_column_text][\/vc_column][\/vc_row]<\/p>\n<\/div>","protected":false},"excerpt":{"rendered":"<p>[vc_row css_animation=&#8221;&#8221; row_type=&#8221;row&#8221; use_row_as_full_screen_section=&#8221;no&#8221; type=&#8221;grid&#8221; angled_section=&#8221;no&#8221; text_align=&#8221;left&#8221; background_image_as_pattern=&#8221;without_pattern&#8221; z_index=&#8221;&#8221; padding_top=&#8221;32&#8243; padding_bottom=&#8221;32&#8243;][vc_column][vc_empty_space height=&#8221;16px&#8221;][vc_column_text css=&#8221;&#8221;] Guest percussionists From 2025 onwards, Sixtrum decided to change its composition. The organization&#8217;s 4 founding musicians will now join forces with other Montreal percussionists to expand their repertoire and welcome up-and-coming musicians&#8230;.<\/p>\n","protected":false},"author":4,"featured_media":3048,"parent":3119,"menu_order":0,"comment_status":"closed","ping_status":"closed","template":"full_width.php","meta":{"footnotes":""},"class_list":["post-3116","page","type-page","status-publish","has-post-thumbnail","hentry"],"yoast_head":"<!-- This site is optimized with the Yoast SEO plugin v26.4 - https:\/\/yoast.com\/wordpress\/plugins\/seo\/ -->\n<title>Guest percussionists - Ensemble \u00e0 percussion Sixtrum<\/title>\n<meta name=\"description\" content=\"\u00c0 partir de 2025, Sixtrum d\u00e9cide de modifier sa compositi. Les 4 musiciens fondateurs de l&#039;organisme s&#039;associeront d\u00e9sormais avec 2 percussionnistes ext\u00e9rieurs au groupe afin de multiplier les occasions d&#039;enrichir son r\u00e9pertoire et d&#039;accueillir notamment des musiciens de la rel\u00e8ve.\" \/>\n<meta name=\"robots\" content=\"index, follow, max-snippet:-1, max-image-preview:large, max-video-preview:-1\" \/>\n<link rel=\"canonical\" href=\"https:\/\/sixtrum.com\/en\/musicians\/guest-percussionists\/\" \/>\n<meta property=\"og:locale\" content=\"en_US\" \/>\n<meta property=\"og:type\" content=\"article\" \/>\n<meta property=\"og:title\" content=\"Guest percussionists - Ensemble \u00e0 percussion Sixtrum\" \/>\n<meta property=\"og:description\" content=\"\u00c0 partir de 2025, Sixtrum d\u00e9cide de modifier sa compositi. Les 4 musiciens fondateurs de l&#039;organisme s&#039;associeront d\u00e9sormais avec 2 percussionnistes ext\u00e9rieurs au groupe afin de multiplier les occasions d&#039;enrichir son r\u00e9pertoire et d&#039;accueillir notamment des musiciens de la rel\u00e8ve.\" \/>\n<meta property=\"og:url\" content=\"https:\/\/sixtrum.com\/en\/musicians\/guest-percussionists\/\" \/>\n<meta property=\"og:site_name\" content=\"Ensemble \u00e0 percussion Sixtrum\" \/>\n<meta property=\"article:publisher\" content=\"https:\/\/www.facebook.com\/sixtrum\" \/>\n<meta property=\"article:modified_time\" content=\"2025-06-26T16:03:22+00:00\" \/>\n<meta property=\"og:image\" content=\"https:\/\/sixtrum.com\/wp-content\/uploads\/2025\/03\/sixtrum-et-vicens-18-mars-site-web-1176-scaled.jpg\" \/>\n\t<meta property=\"og:image:width\" content=\"2560\" \/>\n\t<meta property=\"og:image:height\" content=\"1703\" \/>\n\t<meta property=\"og:image:type\" content=\"image\/jpeg\" \/>\n<meta name=\"twitter:card\" content=\"summary_large_image\" \/>\n<meta name=\"twitter:site\" content=\"@sixtrum\" \/>\n<meta name=\"twitter:label1\" content=\"Est. reading time\" \/>\n\t<meta name=\"twitter:data1\" content=\"8 minutes\" \/>\n<script type=\"application\/ld+json\" class=\"yoast-schema-graph\">{\"@context\":\"https:\/\/schema.org\",\"@graph\":[{\"@type\":\"WebPage\",\"@id\":\"https:\/\/sixtrum.com\/en\/musicians\/guest-percussionists\/\",\"url\":\"https:\/\/sixtrum.com\/en\/musicians\/guest-percussionists\/\",\"name\":\"Guest percussionists - Ensemble \u00e0 percussion Sixtrum\",\"isPartOf\":{\"@id\":\"https:\/\/sixtrum.com\/en\/#website\"},\"primaryImageOfPage\":{\"@id\":\"https:\/\/sixtrum.com\/en\/musicians\/guest-percussionists\/#primaryimage\"},\"image\":{\"@id\":\"https:\/\/sixtrum.com\/en\/musicians\/guest-percussionists\/#primaryimage\"},\"thumbnailUrl\":\"https:\/\/sixtrum.com\/wp-content\/uploads\/2025\/03\/sixtrum-et-vicens-18-mars-site-web-1176-scaled.jpg\",\"datePublished\":\"2025-03-12T13:26:33+00:00\",\"dateModified\":\"2025-06-26T16:03:22+00:00\",\"description\":\"\u00c0 partir de 2025, Sixtrum d\u00e9cide de modifier sa compositi. Les 4 musiciens fondateurs de l'organisme s'associeront d\u00e9sormais avec 2 percussionnistes ext\u00e9rieurs au groupe afin de multiplier les occasions d'enrichir son r\u00e9pertoire et d'accueillir notamment des musiciens de la rel\u00e8ve.\",\"breadcrumb\":{\"@id\":\"https:\/\/sixtrum.com\/en\/musicians\/guest-percussionists\/#breadcrumb\"},\"inLanguage\":\"en-US\",\"potentialAction\":[{\"@type\":\"ReadAction\",\"target\":[\"https:\/\/sixtrum.com\/en\/musicians\/guest-percussionists\/\"]}]},{\"@type\":\"ImageObject\",\"inLanguage\":\"en-US\",\"@id\":\"https:\/\/sixtrum.com\/en\/musicians\/guest-percussionists\/#primaryimage\",\"url\":\"https:\/\/sixtrum.com\/wp-content\/uploads\/2025\/03\/sixtrum-et-vicens-18-mars-site-web-1176-scaled.jpg\",\"contentUrl\":\"https:\/\/sixtrum.com\/wp-content\/uploads\/2025\/03\/sixtrum-et-vicens-18-mars-site-web-1176-scaled.jpg\",\"width\":2560,\"height\":1703},{\"@type\":\"BreadcrumbList\",\"@id\":\"https:\/\/sixtrum.com\/en\/musicians\/guest-percussionists\/#breadcrumb\",\"itemListElement\":[{\"@type\":\"ListItem\",\"position\":1,\"name\":\"Accueil\",\"item\":\"https:\/\/sixtrum.com\/en\/\"},{\"@type\":\"ListItem\",\"position\":2,\"name\":\"Musicians\",\"item\":\"https:\/\/sixtrum.com\/en\/musicians\/\"},{\"@type\":\"ListItem\",\"position\":3,\"name\":\"Guest percussionists\"}]},{\"@type\":\"WebSite\",\"@id\":\"https:\/\/sixtrum.com\/en\/#website\",\"url\":\"https:\/\/sixtrum.com\/en\/\",\"name\":\"Ensemble \u00e0 percussion Sixtrum\",\"description\":\"Une exploration d\u00e9brid\u00e9e de la percussion contemporaine\",\"publisher\":{\"@id\":\"https:\/\/sixtrum.com\/en\/#organization\"},\"potentialAction\":[{\"@type\":\"SearchAction\",\"target\":{\"@type\":\"EntryPoint\",\"urlTemplate\":\"https:\/\/sixtrum.com\/en\/?s={search_term_string}\"},\"query-input\":{\"@type\":\"PropertyValueSpecification\",\"valueRequired\":true,\"valueName\":\"search_term_string\"}}],\"inLanguage\":\"en-US\"},{\"@type\":\"Organization\",\"@id\":\"https:\/\/sixtrum.com\/en\/#organization\",\"name\":\"Sixtrum\",\"url\":\"https:\/\/sixtrum.com\/en\/\",\"logo\":{\"@type\":\"ImageObject\",\"inLanguage\":\"en-US\",\"@id\":\"https:\/\/sixtrum.com\/en\/#\/schema\/logo\/image\/\",\"url\":\"https:\/\/sixtrum.com\/wp-content\/uploads\/2020\/10\/sixtrum-ensemble-percussion-logo-noir.png\",\"contentUrl\":\"https:\/\/sixtrum.com\/wp-content\/uploads\/2020\/10\/sixtrum-ensemble-percussion-logo-noir.png\",\"width\":1000,\"height\":368,\"caption\":\"Sixtrum\"},\"image\":{\"@id\":\"https:\/\/sixtrum.com\/en\/#\/schema\/logo\/image\/\"},\"sameAs\":[\"https:\/\/www.facebook.com\/sixtrum\",\"https:\/\/x.com\/sixtrum\",\"https:\/\/www.instagram.com\/sixtrum_percussion\/\",\"https:\/\/www.youtube.com\/sixtrum\"]}]}<\/script>\n<!-- \/ Yoast SEO plugin. -->","yoast_head_json":{"title":"Guest percussionists - Ensemble \u00e0 percussion Sixtrum","description":"\u00c0 partir de 2025, Sixtrum d\u00e9cide de modifier sa compositi. Les 4 musiciens fondateurs de l'organisme s'associeront d\u00e9sormais avec 2 percussionnistes ext\u00e9rieurs au groupe afin de multiplier les occasions d'enrichir son r\u00e9pertoire et d'accueillir notamment des musiciens de la rel\u00e8ve.","robots":{"index":"index","follow":"follow","max-snippet":"max-snippet:-1","max-image-preview":"max-image-preview:large","max-video-preview":"max-video-preview:-1"},"canonical":"https:\/\/sixtrum.com\/en\/musicians\/guest-percussionists\/","og_locale":"en_US","og_type":"article","og_title":"Guest percussionists - Ensemble \u00e0 percussion Sixtrum","og_description":"\u00c0 partir de 2025, Sixtrum d\u00e9cide de modifier sa compositi. Les 4 musiciens fondateurs de l'organisme s'associeront d\u00e9sormais avec 2 percussionnistes ext\u00e9rieurs au groupe afin de multiplier les occasions d'enrichir son r\u00e9pertoire et d'accueillir notamment des musiciens de la rel\u00e8ve.","og_url":"https:\/\/sixtrum.com\/en\/musicians\/guest-percussionists\/","og_site_name":"Ensemble \u00e0 percussion Sixtrum","article_publisher":"https:\/\/www.facebook.com\/sixtrum","article_modified_time":"2025-06-26T16:03:22+00:00","og_image":[{"width":2560,"height":1703,"url":"https:\/\/sixtrum.com\/wp-content\/uploads\/2025\/03\/sixtrum-et-vicens-18-mars-site-web-1176-scaled.jpg","type":"image\/jpeg"}],"twitter_card":"summary_large_image","twitter_site":"@sixtrum","twitter_misc":{"Est. reading time":"8 minutes"},"schema":{"@context":"https:\/\/schema.org","@graph":[{"@type":"WebPage","@id":"https:\/\/sixtrum.com\/en\/musicians\/guest-percussionists\/","url":"https:\/\/sixtrum.com\/en\/musicians\/guest-percussionists\/","name":"Guest percussionists - Ensemble \u00e0 percussion Sixtrum","isPartOf":{"@id":"https:\/\/sixtrum.com\/en\/#website"},"primaryImageOfPage":{"@id":"https:\/\/sixtrum.com\/en\/musicians\/guest-percussionists\/#primaryimage"},"image":{"@id":"https:\/\/sixtrum.com\/en\/musicians\/guest-percussionists\/#primaryimage"},"thumbnailUrl":"https:\/\/sixtrum.com\/wp-content\/uploads\/2025\/03\/sixtrum-et-vicens-18-mars-site-web-1176-scaled.jpg","datePublished":"2025-03-12T13:26:33+00:00","dateModified":"2025-06-26T16:03:22+00:00","description":"\u00c0 partir de 2025, Sixtrum d\u00e9cide de modifier sa compositi. Les 4 musiciens fondateurs de l'organisme s'associeront d\u00e9sormais avec 2 percussionnistes ext\u00e9rieurs au groupe afin de multiplier les occasions d'enrichir son r\u00e9pertoire et d'accueillir notamment des musiciens de la rel\u00e8ve.","breadcrumb":{"@id":"https:\/\/sixtrum.com\/en\/musicians\/guest-percussionists\/#breadcrumb"},"inLanguage":"en-US","potentialAction":[{"@type":"ReadAction","target":["https:\/\/sixtrum.com\/en\/musicians\/guest-percussionists\/"]}]},{"@type":"ImageObject","inLanguage":"en-US","@id":"https:\/\/sixtrum.com\/en\/musicians\/guest-percussionists\/#primaryimage","url":"https:\/\/sixtrum.com\/wp-content\/uploads\/2025\/03\/sixtrum-et-vicens-18-mars-site-web-1176-scaled.jpg","contentUrl":"https:\/\/sixtrum.com\/wp-content\/uploads\/2025\/03\/sixtrum-et-vicens-18-mars-site-web-1176-scaled.jpg","width":2560,"height":1703},{"@type":"BreadcrumbList","@id":"https:\/\/sixtrum.com\/en\/musicians\/guest-percussionists\/#breadcrumb","itemListElement":[{"@type":"ListItem","position":1,"name":"Accueil","item":"https:\/\/sixtrum.com\/en\/"},{"@type":"ListItem","position":2,"name":"Musicians","item":"https:\/\/sixtrum.com\/en\/musicians\/"},{"@type":"ListItem","position":3,"name":"Guest percussionists"}]},{"@type":"WebSite","@id":"https:\/\/sixtrum.com\/en\/#website","url":"https:\/\/sixtrum.com\/en\/","name":"Ensemble \u00e0 percussion Sixtrum","description":"Une exploration d\u00e9brid\u00e9e de la percussion contemporaine","publisher":{"@id":"https:\/\/sixtrum.com\/en\/#organization"},"potentialAction":[{"@type":"SearchAction","target":{"@type":"EntryPoint","urlTemplate":"https:\/\/sixtrum.com\/en\/?s={search_term_string}"},"query-input":{"@type":"PropertyValueSpecification","valueRequired":true,"valueName":"search_term_string"}}],"inLanguage":"en-US"},{"@type":"Organization","@id":"https:\/\/sixtrum.com\/en\/#organization","name":"Sixtrum","url":"https:\/\/sixtrum.com\/en\/","logo":{"@type":"ImageObject","inLanguage":"en-US","@id":"https:\/\/sixtrum.com\/en\/#\/schema\/logo\/image\/","url":"https:\/\/sixtrum.com\/wp-content\/uploads\/2020\/10\/sixtrum-ensemble-percussion-logo-noir.png","contentUrl":"https:\/\/sixtrum.com\/wp-content\/uploads\/2020\/10\/sixtrum-ensemble-percussion-logo-noir.png","width":1000,"height":368,"caption":"Sixtrum"},"image":{"@id":"https:\/\/sixtrum.com\/en\/#\/schema\/logo\/image\/"},"sameAs":["https:\/\/www.facebook.com\/sixtrum","https:\/\/x.com\/sixtrum","https:\/\/www.instagram.com\/sixtrum_percussion\/","https:\/\/www.youtube.com\/sixtrum"]}]}},"_links":{"self":[{"href":"https:\/\/sixtrum.com\/en\/wp-json\/wp\/v2\/pages\/3116","targetHints":{"allow":["GET"]}}],"collection":[{"href":"https:\/\/sixtrum.com\/en\/wp-json\/wp\/v2\/pages"}],"about":[{"href":"https:\/\/sixtrum.com\/en\/wp-json\/wp\/v2\/types\/page"}],"author":[{"embeddable":true,"href":"https:\/\/sixtrum.com\/en\/wp-json\/wp\/v2\/users\/4"}],"replies":[{"embeddable":true,"href":"https:\/\/sixtrum.com\/en\/wp-json\/wp\/v2\/comments?post=3116"}],"version-history":[{"count":7,"href":"https:\/\/sixtrum.com\/en\/wp-json\/wp\/v2\/pages\/3116\/revisions"}],"predecessor-version":[{"id":3258,"href":"https:\/\/sixtrum.com\/en\/wp-json\/wp\/v2\/pages\/3116\/revisions\/3258"}],"up":[{"embeddable":true,"href":"https:\/\/sixtrum.com\/en\/wp-json\/wp\/v2\/pages\/3119"}],"wp:featuredmedia":[{"embeddable":true,"href":"https:\/\/sixtrum.com\/en\/wp-json\/wp\/v2\/media\/3048"}],"wp:attachment":[{"href":"https:\/\/sixtrum.com\/en\/wp-json\/wp\/v2\/media?parent=3116"}],"curies":[{"name":"wp","href":"https:\/\/api.w.org\/{rel}","templated":true}]}}