{"id":2848,"date":"2024-01-23T14:21:34","date_gmt":"2024-01-23T19:21:34","guid":{"rendered":"https:\/\/sixtrum.com\/saison-2023-2024\/basileus\/"},"modified":"2024-11-07T11:57:04","modified_gmt":"2024-11-07T16:57:04","slug":"basileus","status":"publish","type":"page","link":"https:\/\/sixtrum.com\/en\/saison-2023-2024\/basileus\/","title":{"rendered":"Basileus"},"content":{"rendered":"<div class=\"wpb-content-wrapper\"><p>[vc_row css_animation=&#8221;&#8221; row_type=&#8221;row&#8221; use_row_as_full_screen_section=&#8221;no&#8221; type=&#8221;full_width&#8221; angled_section=&#8221;no&#8221; text_align=&#8221;left&#8221; background_image_as_pattern=&#8221;without_pattern&#8221;][vc_column]\n\t\t\t<!-- START Basileus REVOLUTION SLIDER 6.7.38 --><p class=\"rs-p-wp-fix\"><\/p>\n\t\t\t<rs-module-wrap id=\"rev_slider_31_1_wrapper\" data-source=\"gallery\" style=\"visibility:hidden;background:transparent;padding:0;margin:0px auto;margin-top:0;margin-bottom:0;\">\n\t\t\t\t<rs-module id=\"rev_slider_31_1\" style=\"\" data-version=\"6.7.38\">\n\t\t\t\t\t<rs-slides style=\"overflow: hidden; position: absolute;\">\n\t\t\t\t\t\t<rs-slide style=\"position: absolute;\" data-key=\"rs-221\" data-title=\"Slide\" data-thumb=\"\/\/sixtrum.com\/wp-content\/uploads\/2024\/10\/Basileus_credit-Martin-Morissette-14-50x100.jpg\" data-in=\"o:0;\" data-out=\"a:false;\">\n\t\t\t\t\t\t\t<img decoding=\"async\" src=\"\/\/sixtrum.com\/wp-content\/plugins\/revslider\/sr6\/assets\/assets\/dummy.png\" alt=\"\" title=\"Basileus_cr\u00e9dit Martin Morissette (14)\" width=\"1500\" height=\"1000\" class=\"rev-slidebg tp-rs-img rs-lazyload\" data-lazyload=\"\/\/sixtrum.com\/wp-content\/uploads\/2024\/10\/Basileus_credit-Martin-Morissette-14.jpg\" data-parallax=\"off\" data-no-retina>\n<!---->\t\t\t\t\t<\/rs-slide>\n\t\t\t\t\t\t<rs-slide style=\"position: absolute;\" data-key=\"rs-205\" data-title=\"Slide\" data-thumb=\"\/\/sixtrum.com\/wp-content\/uploads\/2024\/10\/Basileus_credit-Martin-Morissette-25-50x100.jpg\" data-in=\"o:0;\" data-out=\"a:false;\">\n\t\t\t\t\t\t\t<img decoding=\"async\" src=\"\/\/sixtrum.com\/wp-content\/plugins\/revslider\/sr6\/assets\/assets\/dummy.png\" alt=\"\" title=\"Basileus_cr\u00e9dit Martin Morissette (25)\" width=\"1500\" height=\"909\" class=\"rev-slidebg tp-rs-img rs-lazyload\" data-lazyload=\"\/\/sixtrum.com\/wp-content\/uploads\/2024\/10\/Basileus_credit-Martin-Morissette-25.jpg\" data-parallax=\"off\" data-no-retina>\n<!---->\t\t\t\t\t<\/rs-slide>\n\t\t\t\t\t\t<rs-slide style=\"position: absolute;\" data-key=\"rs-223\" data-title=\"Slide\" data-thumb=\"\/\/sixtrum.com\/wp-content\/uploads\/2024\/10\/Basileus_credit-Martin-Morissette-19-50x100.jpg\" data-in=\"o:0;\" data-out=\"a:false;\">\n\t\t\t\t\t\t\t<img decoding=\"async\" src=\"\/\/sixtrum.com\/wp-content\/plugins\/revslider\/sr6\/assets\/assets\/dummy.png\" alt=\"\" title=\"Basileus_cr\u00e9dit Martin Morissette (19)\" width=\"1500\" height=\"1073\" class=\"rev-slidebg tp-rs-img rs-lazyload\" data-lazyload=\"\/\/sixtrum.com\/wp-content\/uploads\/2024\/10\/Basileus_credit-Martin-Morissette-19.jpg\" data-parallax=\"off\" data-no-retina>\n<!---->\t\t\t\t\t<\/rs-slide>\n\t\t\t\t\t\t<rs-slide style=\"position: absolute;\" data-key=\"rs-222\" data-title=\"Slide\" data-thumb=\"\/\/sixtrum.com\/wp-content\/uploads\/2024\/10\/Basileus_credit-Martin-Morissette-3-50x100.jpg\" data-in=\"o:0;\" data-out=\"a:false;\">\n\t\t\t\t\t\t\t<img decoding=\"async\" src=\"\/\/sixtrum.com\/wp-content\/plugins\/revslider\/sr6\/assets\/assets\/dummy.png\" alt=\"\" title=\"Basileus_cr\u00e9dit Martin Morissette (3)\" width=\"1500\" height=\"835\" class=\"rev-slidebg tp-rs-img rs-lazyload\" data-lazyload=\"\/\/sixtrum.com\/wp-content\/uploads\/2024\/10\/Basileus_credit-Martin-Morissette-3.jpg\" data-parallax=\"off\" data-no-retina>\n<!---->\t\t\t\t\t<\/rs-slide>\n\t\t\t\t\t<\/rs-slides>\n\t\t\t\t<\/rs-module>\n\t\t\t\t<script>\n\t\t\t\t\tsetREVStartSize({c: 'rev_slider_31_1',rl:[1240,1240,778,480],el:[525,525,960,720],gw:[1240,1240,778,480],gh:[525,525,550,400],type:'standard',justify:'',layout:'fullwidth',mh:\"0\"});if (window.RS_MODULES!==undefined && window.RS_MODULES.modules!==undefined && window.RS_MODULES.modules[\"revslider311\"]!==undefined) {window.RS_MODULES.modules[\"revslider311\"].once = false;window.revapi31 = undefined;if (window.RS_MODULES.checkMinimal!==undefined) window.RS_MODULES.checkMinimal()}\n\t\t\t\t<\/script>\n\t\t\t<\/rs-module-wrap>\n\t\t\t<!-- END REVOLUTION SLIDER -->\n[\/vc_column][\/vc_row][vc_row css_animation=&#8221;&#8221; row_type=&#8221;row&#8221; use_row_as_full_screen_section=&#8221;no&#8221; type=&#8221;grid&#8221; angled_section=&#8221;no&#8221; text_align=&#8221;left&#8221; background_image_as_pattern=&#8221;without_pattern&#8221; z_index=&#8221;&#8221; padding_top=&#8221;64&#8243; padding_bottom=&#8221;64&#8243;][vc_column][vc_column_text css=&#8221;&#8221;]<\/p>\n<h5>A coproduction between Temps Fort, Sixtrum, Forestare, Ensemble Horizon and Growler&#8217;s Choir.<\/h5>\n<p>[\/vc_column_text][vc_empty_space height=&#8221;16px&#8221;][vc_row_inner row_type=&#8221;row&#8221; type=&#8221;full_width&#8221; text_align=&#8221;left&#8221; css_animation=&#8221;&#8221;][vc_column_inner width=&#8221;5\/6&#8243;][vc_column_text css=&#8221;&#8221;]A family drama plunged into the center of a violent era, greedy for honors, thirsty for individual freedom and cultural domination. Four characters from the same family play out this tragedy about descent, inheritance and the weight of origins. How to free ourselves from the past while respecting our own freedom and collective responsibilities.<\/p>\n<p>Composer, conductor and artistic director of Temps Fort, Pascal Germain-B\u00e9rardi is responsible for the conception and creation of Basileus, an oratorio in four acts based on a libretto by S\u00e9bastien Johnson. Staged by Collectif T\u00f4le, this ambitious work features some 50 Quebec artists, including four soloists, Sixtrum Percussion, guitar ensemble Forestare, brass ensemble Horizon and the Growler&#8217;s Choir of metal screamers.[\/vc_column_text][vc_empty_space][\/vc_column_inner][vc_column_inner width=&#8221;1\/6&#8243;][\/vc_column_inner][\/vc_row_inner][\/vc_column][\/vc_row][vc_row css_animation=&#8221;&#8221; row_type=&#8221;row&#8221; use_row_as_full_screen_section=&#8221;no&#8221; type=&#8221;grid&#8221; angled_section=&#8221;no&#8221; text_align=&#8221;left&#8221; background_image_as_pattern=&#8221;without_pattern&#8221; z_index=&#8221;&#8221; padding_top=&#8221;64&#8243; padding_bottom=&#8221;64&#8243; background_color=&#8221;#ffffff&#8221;][vc_column width=&#8221;5\/6&#8243;][vc_column_text css=&#8221;&#8221;]<\/p>\n<h5>Program<\/h5>\n<p>[\/vc_column_text][vc_row_inner row_type=&#8221;row&#8221; type=&#8221;full_width&#8221; text_align=&#8221;left&#8221; css_animation=&#8221;&#8221;][vc_column_inner width=&#8221;1\/2&#8243;][vc_column_text css=&#8221;&#8221;]<strong>ACT I<\/strong><br \/>\nAux feux de la matriarche<\/p>\n<p><strong>ACT II<\/strong><br \/>\nLe fils Agis[\/vc_column_text][\/vc_column_inner][vc_column_inner width=&#8221;1\/2&#8243;][vc_column_text css=&#8221;&#8221;]<strong>ACT III<\/strong><br \/>\nLa fille Ad\u00e8s<\/p>\n<p><strong>ACT IV<\/strong><br \/>\nAu sol supr\u00eame[\/vc_column_text][\/vc_column_inner][\/vc_row_inner][\/vc_column][vc_column width=&#8221;1\/6&#8243;][\/vc_column][\/vc_row][vc_row css_animation=&#8221;&#8221; row_type=&#8221;row&#8221; use_row_as_full_screen_section=&#8221;no&#8221; type=&#8221;grid&#8221; angled_section=&#8221;no&#8221; text_align=&#8221;left&#8221; background_image_as_pattern=&#8221;without_pattern&#8221; z_index=&#8221;&#8221; padding_top=&#8221;64&#8243; padding_bottom=&#8221;64&#8243;][vc_column width=&#8221;1\/3&#8243;]<div class='q_icon_with_title tiny circle left_from_title '><div class=\"icon_text_holder\" style=\"\"><div class=\"icon_text_inner\" style=\"\"><div class=\"icon_title_holder\"><div class=\"icon_holder \" style=\" \"><span data-icon-type=\"circle\" data-icon-hover-bg-color=\"#ffde4e\" class=\"qode_iwt_icon_holder fa-stack fa-lg  \" style=\"border-color: #ffde4e;background-color: #ffde4e\"><i class=\"qode_icon_font_awesome fa fa-clock-o qode_iwt_icon_element\" style=\"color: #242424\"><\/i><\/span><\/div><h6 class=\"icon_title\" style=\"\">Duration : 1h<\/h6><\/div><p style=''><\/p><\/div><\/div><\/div><div class='q_icon_with_title tiny circle left_from_title '><div class=\"icon_text_holder\" style=\"\"><div class=\"icon_text_inner\" style=\"\"><div class=\"icon_title_holder\"><div class=\"icon_holder \" style=\" \"><span data-icon-type=\"circle\" data-icon-hover-bg-color=\"#ffde4e\" class=\"qode_iwt_icon_holder fa-stack fa-lg  \" style=\"border-color: #ffde4e;background-color: #ffde4e\"><i class=\"qode_icon_font_awesome_5 fa5 fa fa-drum qode_iwt_icon_element\" style=\"color: #242424\"><\/i><\/span><\/div><h6 class=\"icon_title\" style=\"\">Sixtrum<\/h6><\/div><p style=''><\/p><\/div><\/div><\/div>[vc_column_text css=&#8221;.vc_custom_1706038354567{margin-top: -25px !important;}&#8221;]<\/p>\n<p style=\"padding-left: 40px;\">Jo\u00e3o Catal\u00e3o<br \/>\nCharles Chiovato-Rambaldo<br \/>\nPhilip Hornsey<br \/>\nKristie Ibrahim<br \/>\nFabrice Marandola<br \/>\nHuizi Wang<\/p>\n<p>[\/vc_column_text][vc_empty_space][\/vc_column][vc_column width=&#8221;1\/3&#8243;]<div class='q_icon_with_title tiny circle left_from_title '><div class=\"icon_text_holder\" style=\"\"><div class=\"icon_text_inner\" style=\"\"><div class=\"icon_title_holder\"><div class=\"icon_holder \" style=\" \"><span data-icon-type=\"circle\" data-icon-hover-bg-color=\"#ffde4e\" class=\"qode_iwt_icon_holder fa-stack fa-lg  \" style=\"border-color: #ffde4e;background-color: #ffde4e\"><i class=\"qode_icon_font_awesome_5 fa5 fa fa-guitar qode_iwt_icon_element\" style=\"color: #242424\"><\/i><\/span><\/div><h6 class=\"icon_title\" style=\"\">Artistic Team<\/h6><\/div><p style=''><\/p><\/div><\/div><\/div>[vc_column_text css=&#8221;.vc_custom_1730998588391{margin-top: -25px !important;}&#8221;]Conductor, composer : Pascal Germain-Berardi<br \/>\nTexts : S\u00e9bastien Johnson<br \/>\nDirection : Collectif T\u00f4le<br \/>\nSolists : Sarah Albu, Charlotte Gagnon, Dominic Lorange<br \/>\nBrass : Ensemble <a href=\"https:\/\/ensemblehorizon.com\/\">Horizon<\/a><br \/>\nGuitars and double bass :\u00a0 <a href=\"https:\/\/forestare.com\/\">Forestare ensemble<\/a><br \/>\nPercussions : Sixtrum Percussion<br \/>\nMetal screamer choir : <a href=\"https:\/\/www.growlerschoir.com\/?lang=en\">Growler&#8217;s Choir<\/a><br \/>\nCostumes : Charlotte Cartel[\/vc_column_text][vc_empty_space][\/vc_column][vc_column width=&#8221;1\/3&#8243;]<div class='q_icon_with_title tiny circle left_from_title '><div class=\"icon_text_holder\" style=\"\"><div class=\"icon_text_inner\" style=\"\"><div class=\"icon_title_holder\"><div class=\"icon_holder \" style=\" \"><span data-icon-type=\"circle\" data-icon-hover-bg-color=\"#ffde4e\" class=\"qode_iwt_icon_holder fa-stack fa-lg  \" style=\"border-color: #ffde4e;background-color: #ffde4e\"><i class=\"qode_icon_font_awesome fa fa-envelope-o qode_iwt_icon_element\" style=\"color: #242424\"><\/i><\/span><\/div><h6 class=\"icon_title\" style=\"\">Contacts<\/h6><\/div><p style=''><\/p><\/div><\/div><\/div>[vc_column_text css=&#8221;.vc_custom_1730998610330{margin-top: -25px !important;}&#8221;]<\/p>\n<p style=\"padding-left: 40px;\"><strong>Fabrice Marandola<\/strong><br \/>\nassociate artistic director<br \/>\n<u><a href=\"mailto:fabrice.marandola@sixtrum.com\">fabrice.marandola@sixtrum.com<\/a><\/u><\/p>\n<p style=\"padding-left: 40px;\"><strong>Aur\u00e9lie Suberchicot<\/strong><br \/>\nmusic promotion<br \/>\n<u><a href=\"mailto:info@sixtrum.com\">info@sixtrum.com<\/a><\/u><\/p>\n<p>[\/vc_column_text][vc_empty_space][\/vc_column][\/vc_row]<\/p>\n<\/div>","protected":false},"excerpt":{"rendered":"<p>[vc_row css_animation=&#8221;&#8221; row_type=&#8221;row&#8221; use_row_as_full_screen_section=&#8221;no&#8221; type=&#8221;full_width&#8221; angled_section=&#8221;no&#8221; text_align=&#8221;left&#8221; background_image_as_pattern=&#8221;without_pattern&#8221;][vc_column][\/vc_column][\/vc_row][vc_row css_animation=&#8221;&#8221; row_type=&#8221;row&#8221; use_row_as_full_screen_section=&#8221;no&#8221; type=&#8221;grid&#8221; angled_section=&#8221;no&#8221; text_align=&#8221;left&#8221; background_image_as_pattern=&#8221;without_pattern&#8221; z_index=&#8221;&#8221; padding_top=&#8221;64&#8243; padding_bottom=&#8221;64&#8243;][vc_column][vc_column_text css=&#8221;&#8221;] A coproduction between Temps Fort, Sixtrum, Forestare, Ensemble Horizon and Growler&#8217;s Choir. [\/vc_column_text][vc_empty_space height=&#8221;16px&#8221;][vc_row_inner row_type=&#8221;row&#8221; type=&#8221;full_width&#8221; text_align=&#8221;left&#8221; css_animation=&#8221;&#8221;][vc_column_inner width=&#8221;5\/6&#8243;][vc_column_text css=&#8221;&#8221;]A family drama plunged into the center&#8230;<\/p>\n","protected":false},"author":4,"featured_media":2633,"parent":2768,"menu_order":0,"comment_status":"closed","ping_status":"closed","template":"full_width.php","meta":{"footnotes":""},"class_list":["post-2848","page","type-page","status-publish","has-post-thumbnail","hentry"],"yoast_head":"<!-- This site is optimized with the Yoast SEO plugin v26.4 - https:\/\/yoast.com\/wordpress\/plugins\/seo\/ -->\n<title>Basileus - Ensemble \u00e0 percussion Sixtrum<\/title>\n<meta name=\"description\" content=\"Sixtrum collaborates with Pascal Germain-Berardi, composer, conductor and artistic director of Temps Fort, to conceive and create \u201cBasileus\u201d, an oratorio in four acts.\" \/>\n<meta name=\"robots\" content=\"index, follow, max-snippet:-1, max-image-preview:large, max-video-preview:-1\" \/>\n<link rel=\"canonical\" href=\"https:\/\/sixtrum.com\/en\/saison-2023-2024\/basileus\/\" \/>\n<meta property=\"og:locale\" content=\"en_US\" \/>\n<meta property=\"og:type\" content=\"article\" \/>\n<meta property=\"og:title\" content=\"Basileus - Ensemble \u00e0 percussion Sixtrum\" \/>\n<meta property=\"og:description\" content=\"Sixtrum collaborates with Pascal Germain-Berardi, composer, conductor and artistic director of Temps Fort, to conceive and create \u201cBasileus\u201d, an oratorio in four acts.\" \/>\n<meta property=\"og:url\" content=\"https:\/\/sixtrum.com\/en\/saison-2023-2024\/basileus\/\" \/>\n<meta property=\"og:site_name\" content=\"Ensemble \u00e0 percussion Sixtrum\" \/>\n<meta property=\"article:publisher\" content=\"https:\/\/www.facebook.com\/sixtrum\" \/>\n<meta property=\"article:modified_time\" content=\"2024-11-07T16:57:04+00:00\" \/>\n<meta property=\"og:image\" content=\"https:\/\/sixtrum.com\/wp-content\/uploads\/2024\/10\/Basileus_credit-Martin-Morissette-14.jpg\" \/>\n\t<meta property=\"og:image:width\" content=\"1500\" \/>\n\t<meta property=\"og:image:height\" content=\"1000\" \/>\n\t<meta property=\"og:image:type\" content=\"image\/jpeg\" \/>\n<meta name=\"twitter:card\" content=\"summary_large_image\" \/>\n<meta name=\"twitter:site\" content=\"@sixtrum\" \/>\n<meta name=\"twitter:label1\" content=\"Est. reading time\" \/>\n\t<meta name=\"twitter:data1\" content=\"2 minutes\" \/>\n<script type=\"application\/ld+json\" class=\"yoast-schema-graph\">{\"@context\":\"https:\/\/schema.org\",\"@graph\":[{\"@type\":\"WebPage\",\"@id\":\"https:\/\/sixtrum.com\/en\/saison-2023-2024\/basileus\/\",\"url\":\"https:\/\/sixtrum.com\/en\/saison-2023-2024\/basileus\/\",\"name\":\"Basileus - Ensemble \u00e0 percussion Sixtrum\",\"isPartOf\":{\"@id\":\"https:\/\/sixtrum.com\/en\/#website\"},\"primaryImageOfPage\":{\"@id\":\"https:\/\/sixtrum.com\/en\/saison-2023-2024\/basileus\/#primaryimage\"},\"image\":{\"@id\":\"https:\/\/sixtrum.com\/en\/saison-2023-2024\/basileus\/#primaryimage\"},\"thumbnailUrl\":\"https:\/\/sixtrum.com\/wp-content\/uploads\/2024\/10\/Basileus_credit-Martin-Morissette-14.jpg\",\"datePublished\":\"2024-01-23T19:21:34+00:00\",\"dateModified\":\"2024-11-07T16:57:04+00:00\",\"description\":\"Sixtrum collaborates with Pascal Germain-Berardi, composer, conductor and artistic director of Temps Fort, to conceive and create \u201cBasileus\u201d, an oratorio in four acts.\",\"breadcrumb\":{\"@id\":\"https:\/\/sixtrum.com\/en\/saison-2023-2024\/basileus\/#breadcrumb\"},\"inLanguage\":\"en-US\",\"potentialAction\":[{\"@type\":\"ReadAction\",\"target\":[\"https:\/\/sixtrum.com\/en\/saison-2023-2024\/basileus\/\"]}]},{\"@type\":\"ImageObject\",\"inLanguage\":\"en-US\",\"@id\":\"https:\/\/sixtrum.com\/en\/saison-2023-2024\/basileus\/#primaryimage\",\"url\":\"https:\/\/sixtrum.com\/wp-content\/uploads\/2024\/10\/Basileus_credit-Martin-Morissette-14.jpg\",\"contentUrl\":\"https:\/\/sixtrum.com\/wp-content\/uploads\/2024\/10\/Basileus_credit-Martin-Morissette-14.jpg\",\"width\":1500,\"height\":1000},{\"@type\":\"BreadcrumbList\",\"@id\":\"https:\/\/sixtrum.com\/en\/saison-2023-2024\/basileus\/#breadcrumb\",\"itemListElement\":[{\"@type\":\"ListItem\",\"position\":1,\"name\":\"Accueil\",\"item\":\"https:\/\/sixtrum.com\/en\/\"},{\"@type\":\"ListItem\",\"position\":2,\"name\":\"Season 2023-2024\",\"item\":\"https:\/\/sixtrum.com\/en\/saison-2023-2024\/\"},{\"@type\":\"ListItem\",\"position\":3,\"name\":\"Basileus\"}]},{\"@type\":\"WebSite\",\"@id\":\"https:\/\/sixtrum.com\/en\/#website\",\"url\":\"https:\/\/sixtrum.com\/en\/\",\"name\":\"Ensemble \u00e0 percussion Sixtrum\",\"description\":\"Une exploration d\u00e9brid\u00e9e de la percussion contemporaine\",\"publisher\":{\"@id\":\"https:\/\/sixtrum.com\/en\/#organization\"},\"potentialAction\":[{\"@type\":\"SearchAction\",\"target\":{\"@type\":\"EntryPoint\",\"urlTemplate\":\"https:\/\/sixtrum.com\/en\/?s={search_term_string}\"},\"query-input\":{\"@type\":\"PropertyValueSpecification\",\"valueRequired\":true,\"valueName\":\"search_term_string\"}}],\"inLanguage\":\"en-US\"},{\"@type\":\"Organization\",\"@id\":\"https:\/\/sixtrum.com\/en\/#organization\",\"name\":\"Sixtrum\",\"url\":\"https:\/\/sixtrum.com\/en\/\",\"logo\":{\"@type\":\"ImageObject\",\"inLanguage\":\"en-US\",\"@id\":\"https:\/\/sixtrum.com\/en\/#\/schema\/logo\/image\/\",\"url\":\"https:\/\/sixtrum.com\/wp-content\/uploads\/2020\/10\/sixtrum-ensemble-percussion-logo-noir.png\",\"contentUrl\":\"https:\/\/sixtrum.com\/wp-content\/uploads\/2020\/10\/sixtrum-ensemble-percussion-logo-noir.png\",\"width\":1000,\"height\":368,\"caption\":\"Sixtrum\"},\"image\":{\"@id\":\"https:\/\/sixtrum.com\/en\/#\/schema\/logo\/image\/\"},\"sameAs\":[\"https:\/\/www.facebook.com\/sixtrum\",\"https:\/\/x.com\/sixtrum\",\"https:\/\/www.instagram.com\/sixtrum_percussion\/\",\"https:\/\/www.youtube.com\/sixtrum\"]}]}<\/script>\n<!-- \/ Yoast SEO plugin. -->","yoast_head_json":{"title":"Basileus - Ensemble \u00e0 percussion Sixtrum","description":"Sixtrum collaborates with Pascal Germain-Berardi, composer, conductor and artistic director of Temps Fort, to conceive and create \u201cBasileus\u201d, an oratorio in four acts.","robots":{"index":"index","follow":"follow","max-snippet":"max-snippet:-1","max-image-preview":"max-image-preview:large","max-video-preview":"max-video-preview:-1"},"canonical":"https:\/\/sixtrum.com\/en\/saison-2023-2024\/basileus\/","og_locale":"en_US","og_type":"article","og_title":"Basileus - Ensemble \u00e0 percussion Sixtrum","og_description":"Sixtrum collaborates with Pascal Germain-Berardi, composer, conductor and artistic director of Temps Fort, to conceive and create \u201cBasileus\u201d, an oratorio in four acts.","og_url":"https:\/\/sixtrum.com\/en\/saison-2023-2024\/basileus\/","og_site_name":"Ensemble \u00e0 percussion Sixtrum","article_publisher":"https:\/\/www.facebook.com\/sixtrum","article_modified_time":"2024-11-07T16:57:04+00:00","og_image":[{"width":1500,"height":1000,"url":"https:\/\/sixtrum.com\/wp-content\/uploads\/2024\/10\/Basileus_credit-Martin-Morissette-14.jpg","type":"image\/jpeg"}],"twitter_card":"summary_large_image","twitter_site":"@sixtrum","twitter_misc":{"Est. reading time":"2 minutes"},"schema":{"@context":"https:\/\/schema.org","@graph":[{"@type":"WebPage","@id":"https:\/\/sixtrum.com\/en\/saison-2023-2024\/basileus\/","url":"https:\/\/sixtrum.com\/en\/saison-2023-2024\/basileus\/","name":"Basileus - Ensemble \u00e0 percussion Sixtrum","isPartOf":{"@id":"https:\/\/sixtrum.com\/en\/#website"},"primaryImageOfPage":{"@id":"https:\/\/sixtrum.com\/en\/saison-2023-2024\/basileus\/#primaryimage"},"image":{"@id":"https:\/\/sixtrum.com\/en\/saison-2023-2024\/basileus\/#primaryimage"},"thumbnailUrl":"https:\/\/sixtrum.com\/wp-content\/uploads\/2024\/10\/Basileus_credit-Martin-Morissette-14.jpg","datePublished":"2024-01-23T19:21:34+00:00","dateModified":"2024-11-07T16:57:04+00:00","description":"Sixtrum collaborates with Pascal Germain-Berardi, composer, conductor and artistic director of Temps Fort, to conceive and create \u201cBasileus\u201d, an oratorio in four acts.","breadcrumb":{"@id":"https:\/\/sixtrum.com\/en\/saison-2023-2024\/basileus\/#breadcrumb"},"inLanguage":"en-US","potentialAction":[{"@type":"ReadAction","target":["https:\/\/sixtrum.com\/en\/saison-2023-2024\/basileus\/"]}]},{"@type":"ImageObject","inLanguage":"en-US","@id":"https:\/\/sixtrum.com\/en\/saison-2023-2024\/basileus\/#primaryimage","url":"https:\/\/sixtrum.com\/wp-content\/uploads\/2024\/10\/Basileus_credit-Martin-Morissette-14.jpg","contentUrl":"https:\/\/sixtrum.com\/wp-content\/uploads\/2024\/10\/Basileus_credit-Martin-Morissette-14.jpg","width":1500,"height":1000},{"@type":"BreadcrumbList","@id":"https:\/\/sixtrum.com\/en\/saison-2023-2024\/basileus\/#breadcrumb","itemListElement":[{"@type":"ListItem","position":1,"name":"Accueil","item":"https:\/\/sixtrum.com\/en\/"},{"@type":"ListItem","position":2,"name":"Season 2023-2024","item":"https:\/\/sixtrum.com\/en\/saison-2023-2024\/"},{"@type":"ListItem","position":3,"name":"Basileus"}]},{"@type":"WebSite","@id":"https:\/\/sixtrum.com\/en\/#website","url":"https:\/\/sixtrum.com\/en\/","name":"Ensemble \u00e0 percussion Sixtrum","description":"Une exploration d\u00e9brid\u00e9e de la percussion contemporaine","publisher":{"@id":"https:\/\/sixtrum.com\/en\/#organization"},"potentialAction":[{"@type":"SearchAction","target":{"@type":"EntryPoint","urlTemplate":"https:\/\/sixtrum.com\/en\/?s={search_term_string}"},"query-input":{"@type":"PropertyValueSpecification","valueRequired":true,"valueName":"search_term_string"}}],"inLanguage":"en-US"},{"@type":"Organization","@id":"https:\/\/sixtrum.com\/en\/#organization","name":"Sixtrum","url":"https:\/\/sixtrum.com\/en\/","logo":{"@type":"ImageObject","inLanguage":"en-US","@id":"https:\/\/sixtrum.com\/en\/#\/schema\/logo\/image\/","url":"https:\/\/sixtrum.com\/wp-content\/uploads\/2020\/10\/sixtrum-ensemble-percussion-logo-noir.png","contentUrl":"https:\/\/sixtrum.com\/wp-content\/uploads\/2020\/10\/sixtrum-ensemble-percussion-logo-noir.png","width":1000,"height":368,"caption":"Sixtrum"},"image":{"@id":"https:\/\/sixtrum.com\/en\/#\/schema\/logo\/image\/"},"sameAs":["https:\/\/www.facebook.com\/sixtrum","https:\/\/x.com\/sixtrum","https:\/\/www.instagram.com\/sixtrum_percussion\/","https:\/\/www.youtube.com\/sixtrum"]}]}},"_links":{"self":[{"href":"https:\/\/sixtrum.com\/en\/wp-json\/wp\/v2\/pages\/2848","targetHints":{"allow":["GET"]}}],"collection":[{"href":"https:\/\/sixtrum.com\/en\/wp-json\/wp\/v2\/pages"}],"about":[{"href":"https:\/\/sixtrum.com\/en\/wp-json\/wp\/v2\/types\/page"}],"author":[{"embeddable":true,"href":"https:\/\/sixtrum.com\/en\/wp-json\/wp\/v2\/users\/4"}],"replies":[{"embeddable":true,"href":"https:\/\/sixtrum.com\/en\/wp-json\/wp\/v2\/comments?post=2848"}],"version-history":[{"count":2,"href":"https:\/\/sixtrum.com\/en\/wp-json\/wp\/v2\/pages\/2848\/revisions"}],"predecessor-version":[{"id":2850,"href":"https:\/\/sixtrum.com\/en\/wp-json\/wp\/v2\/pages\/2848\/revisions\/2850"}],"up":[{"embeddable":true,"href":"https:\/\/sixtrum.com\/en\/wp-json\/wp\/v2\/pages\/2768"}],"wp:featuredmedia":[{"embeddable":true,"href":"https:\/\/sixtrum.com\/en\/wp-json\/wp\/v2\/media\/2633"}],"wp:attachment":[{"href":"https:\/\/sixtrum.com\/en\/wp-json\/wp\/v2\/media?parent=2848"}],"curies":[{"name":"wp","href":"https:\/\/api.w.org\/{rel}","templated":true}]}}