{"id":2843,"date":"2023-09-19T10:16:00","date_gmt":"2023-09-19T14:16:00","guid":{"rendered":"https:\/\/sixtrum.com\/season-2024-2025\/opera-trois-legendes\/"},"modified":"2025-03-03T16:53:59","modified_gmt":"2025-03-03T21:53:59","slug":"nanatasis","status":"publish","type":"page","link":"https:\/\/sixtrum.com\/en\/season-2024-2025\/nanatasis\/","title":{"rendered":"Nanatasis"},"content":{"rendered":"<div class=\"wpb-content-wrapper\"><p>[vc_row css_animation=&#8221;&#8221; row_type=&#8221;row&#8221; use_row_as_full_screen_section=&#8221;no&#8221; type=&#8221;full_width&#8221; angled_section=&#8221;no&#8221; text_align=&#8221;left&#8221; background_image_as_pattern=&#8221;without_pattern&#8221;][vc_column]\n\t\t\t<!-- START Op\u00e9ra en 3 l\u00e9gendes REVOLUTION SLIDER 6.7.38 --><p class=\"rs-p-wp-fix\"><\/p>\n\t\t\t<rs-module-wrap id=\"rev_slider_33_1_wrapper\" data-source=\"gallery\" style=\"visibility:hidden;background:transparent;padding:0;margin:0px auto;margin-top:0;margin-bottom:0;\">\n\t\t\t\t<rs-module id=\"rev_slider_33_1\" style=\"\" data-version=\"6.7.38\">\n\t\t\t\t\t<rs-slides style=\"overflow: hidden; position: absolute;\">\n\t\t\t\t\t\t<rs-slide style=\"position: absolute;\" data-key=\"rs-211\" data-title=\"Slide\" data-thumb=\"\/\/sixtrum.com\/wp-content\/uploads\/2024\/10\/445492959_767309112225197_7112115942732051902_n-50x100.jpg\" data-in=\"o:0;\" data-out=\"a:false;\">\n\t\t\t\t\t\t\t<img decoding=\"async\" src=\"\/\/sixtrum.com\/wp-content\/plugins\/revslider\/sr6\/assets\/assets\/dummy.png\" alt=\"\" title=\"445492959_767309112225197_7112115942732051902_n\" width=\"2048\" height=\"1365\" class=\"rev-slidebg tp-rs-img rs-lazyload\" data-lazyload=\"\/\/sixtrum.com\/wp-content\/uploads\/2024\/10\/445492959_767309112225197_7112115942732051902_n.jpg\" data-parallax=\"off\" data-no-retina>\n<!---->\t\t\t\t\t<\/rs-slide>\n\t\t\t\t\t\t<rs-slide style=\"position: absolute;\" data-key=\"rs-212\" data-title=\"Slide\" data-thumb=\"\/\/sixtrum.com\/wp-content\/uploads\/2024\/10\/445473683_767299868892788_7014525287988574396_n-50x100.jpg\" data-in=\"o:0;\" data-out=\"a:false;\">\n\t\t\t\t\t\t\t<img decoding=\"async\" src=\"\/\/sixtrum.com\/wp-content\/plugins\/revslider\/sr6\/assets\/assets\/dummy.png\" alt=\"\" title=\"445473683_767299868892788_7014525287988574396_n\" width=\"2048\" height=\"1365\" class=\"rev-slidebg tp-rs-img rs-lazyload\" data-lazyload=\"\/\/sixtrum.com\/wp-content\/uploads\/2024\/10\/445473683_767299868892788_7014525287988574396_n.jpg\" data-parallax=\"off\" data-no-retina>\n<!---->\t\t\t\t\t<\/rs-slide>\n\t\t\t\t\t\t<rs-slide style=\"position: absolute;\" data-key=\"rs-202\" data-title=\"Slide\" data-thumb=\"\/\/sixtrum.com\/wp-content\/uploads\/2024\/01\/MMP3F-2022-Composite-Bourgie-1-50x100.png\" data-in=\"o:0;\" data-out=\"a:false;\">\n\t\t\t\t\t\t\t<img decoding=\"async\" src=\"\/\/sixtrum.com\/wp-content\/plugins\/revslider\/sr6\/assets\/assets\/dummy.png\" alt=\"\" title=\"MMP3F 2022 Composite &#8211; Bourgie (1)\" width=\"2000\" height=\"600\" class=\"rev-slidebg tp-rs-img rs-lazyload\" data-lazyload=\"\/\/sixtrum.com\/wp-content\/uploads\/2024\/01\/MMP3F-2022-Composite-Bourgie-1.png\" data-parallax=\"off\" data-no-retina>\n<!---->\t\t\t\t\t<\/rs-slide>\n\t\t\t\t\t\t<rs-slide style=\"position: absolute;\" data-key=\"rs-213\" data-title=\"Slide\" data-in=\"o:0;\" data-out=\"a:false;\">\n\t\t\t\t\t\t\t<img decoding=\"async\" src=\"\/\/sixtrum.com\/wp-content\/plugins\/revslider\/sr6\/assets\/assets\/dummy.png\" alt=\"Slide\" title=\"Nanatasis\" class=\"rev-slidebg tp-rs-img rs-lazyload\" data-lazyload=\"\/\/sixtrum.com\/wp-content\/plugins\/revslider\/sr6\/assets\/assets\/transparent.png\" data-parallax=\"off\" data-no-retina>\n<!---->\t\t\t\t\t<\/rs-slide>\n\t\t\t\t\t<\/rs-slides>\n\t\t\t\t<\/rs-module>\n\t\t\t\t<script>\n\t\t\t\t\tsetREVStartSize({c: 'rev_slider_33_1',rl:[1240,1240,778,480],el:[525,525,960,720],gw:[1240,1240,778,480],gh:[525,525,550,400],type:'standard',justify:'',layout:'fullwidth',mh:\"0\"});if (window.RS_MODULES!==undefined && window.RS_MODULES.modules!==undefined && window.RS_MODULES.modules[\"revslider331\"]!==undefined) {window.RS_MODULES.modules[\"revslider331\"].once = false;window.revapi33 = undefined;if (window.RS_MODULES.checkMinimal!==undefined) window.RS_MODULES.checkMinimal()}\n\t\t\t\t<\/script>\n\t\t\t<\/rs-module-wrap>\n\t\t\t<!-- END REVOLUTION SLIDER -->\n[\/vc_column][\/vc_row][vc_row css_animation=&#8221;&#8221; row_type=&#8221;row&#8221; use_row_as_full_screen_section=&#8221;no&#8221; type=&#8221;grid&#8221; angled_section=&#8221;no&#8221; text_align=&#8221;left&#8221; background_image_as_pattern=&#8221;without_pattern&#8221; z_index=&#8221;&#8221; padding_top=&#8221;64&#8243; padding_bottom=&#8221;64&#8243;][vc_column][vc_empty_space height=&#8221;16px&#8221;][vc_row_inner row_type=&#8221;row&#8221; type=&#8221;full_width&#8221; text_align=&#8221;left&#8221; css_animation=&#8221;&#8221;][vc_column_inner width=&#8221;5\/6&#8243;][vc_column_text css=&#8221;&#8221;]<\/p>\n<h1>NANATASIS<\/h1>\n<h4>A Musique 3 femmes, Le Vivier and Sixtrum coproduction<\/h4>\n<p>Created by Abenaki storyteller and librettist Nicole O&#8217;Bomsawin and composer Alejandra Odgers, Nanatasis takes us on a journey through three traditional Abenaki legends, through the tales of wise Grandma Marmotte and the exciting adventures of Kl8sk8ba, a boy turned man and hero. These legends tell us the story of the creation of the world, starting with the first sound of a rattle &#8211; a giant, terrifying moz that Kl8sk8ba reduces to its present-day size &#8211; and of an endless winter that finally gives way to spring. In this work commissioned by Musique 3 Femmes, in co-production with Sixtrum and directed by M\u00e9tis director and set designer Troy Hourie, eleven musicians and four puppeteers take you into a magical, colorful world.<\/p>\n<p>Young audiences. 6 years +[\/vc_column_text][\/vc_column_inner][vc_column_inner width=&#8221;1\/6&#8243;][\/vc_column_inner][\/vc_row_inner][\/vc_column][\/vc_row][vc_row css_animation=&#8221;&#8221; row_type=&#8221;row&#8221; use_row_as_full_screen_section=&#8221;no&#8221; type=&#8221;grid&#8221; angled_section=&#8221;no&#8221; text_align=&#8221;left&#8221; background_image_as_pattern=&#8221;without_pattern&#8221; z_index=&#8221;&#8221; padding_top=&#8221;64&#8243; padding_bottom=&#8221;64&#8243; background_color=&#8221;#ffffff&#8221;][vc_column width=&#8221;5\/6&#8243;][vc_video link=&#8221;https:\/\/youtu.be\/XfLZscGFHFo&#8221; css=&#8221;&#8221;][\/vc_column][vc_column width=&#8221;1\/6&#8243;][\/vc_column][\/vc_row][vc_row css_animation=&#8221;&#8221; row_type=&#8221;row&#8221; use_row_as_full_screen_section=&#8221;no&#8221; type=&#8221;grid&#8221; angled_section=&#8221;no&#8221; text_align=&#8221;left&#8221; background_image_as_pattern=&#8221;without_pattern&#8221; z_index=&#8221;&#8221; padding_top=&#8221;64&#8243; padding_bottom=&#8221;64&#8243;][vc_column width=&#8221;1\/3&#8243;]<div class='q_icon_with_title tiny circle left_from_title '><div class=\"icon_text_holder\" style=\"\"><div class=\"icon_text_inner\" style=\"\"><div class=\"icon_title_holder\"><div class=\"icon_holder \" style=\" \"><span data-icon-type=\"circle\" data-icon-hover-bg-color=\"#ffde4e\" class=\"qode_iwt_icon_holder fa-stack fa-lg  \" style=\"border-color: #ffde4e;background-color: #ffde4e\"><i class=\"qode_icon_font_awesome fa fa-clock-o qode_iwt_icon_element\" style=\"color: #242424\"><\/i><\/span><\/div><h6 class=\"icon_title\" style=\"\">Duration : 1h10<\/h6><\/div><p style=''><\/p><\/div><\/div><\/div><div class='q_icon_with_title tiny circle left_from_title '><div class=\"icon_text_holder\" style=\"\"><div class=\"icon_text_inner\" style=\"\"><div class=\"icon_title_holder\"><div class=\"icon_holder \" style=\" \"><span data-icon-type=\"circle\" data-icon-hover-bg-color=\"#ffde4e\" class=\"qode_iwt_icon_holder fa-stack fa-lg  \" style=\"border-color: #ffde4e;background-color: #ffde4e\"><i class=\"qode_icon_font_awesome_5 fa5 fa fa-drum qode_iwt_icon_element\" style=\"color: #242424\"><\/i><\/span><\/div><h6 class=\"icon_title\" style=\"\">Musicians<\/h6><\/div><p style=''><\/p><\/div><\/div><\/div>[vc_column_text css=&#8221;.vc_custom_1741038838642{margin-top: -25px !important;}&#8221;]<\/p>\n<p style=\"padding-left: 40px;\"><strong>Od\u00e9i Bilodeau<\/strong>, soprano<br \/>\n<strong>\u00c9lise Boucher-DeGonzague<\/strong>\u00a0et\u00a0<strong>Kristin Hoff<\/strong>, mezzo-soprano<br \/>\n<strong>Mishael Eusebio<\/strong>, tenor<br \/>\n<strong>William Kraushaar,<\/strong> bass<br \/>\n<strong>Jos\u00e9e Poirier<\/strong>, flute<\/p>\n<p>Sixtrum :<\/p>\n<p style=\"padding-left: 40px;\">Kristie Ibrahim<br \/>\nJo\u00e3o Catal\u00e3o<br \/>\nFabrice Marandola<br \/>\nPhilip Hornsey<\/p>\n<p>[\/vc_column_text][vc_empty_space][\/vc_column][vc_column width=&#8221;1\/3&#8243;]<div class='q_icon_with_title tiny circle left_from_title '><div class=\"icon_text_holder\" style=\"\"><div class=\"icon_text_inner\" style=\"\"><div class=\"icon_title_holder\"><div class=\"icon_holder \" style=\" \"><span data-icon-type=\"circle\" data-icon-hover-bg-color=\"#ffde4e\" class=\"qode_iwt_icon_holder fa-stack fa-lg  \" style=\"border-color: #ffde4e;background-color: #ffde4e\"><i class=\"qode_icon_font_awesome_5 fa5 fa fa-drum qode_iwt_icon_element\" style=\"color: #242424\"><\/i><\/span><\/div><h6 class=\"icon_title\" style=\"\">Artistic team<\/h6><\/div><p style=''><\/p><\/div><\/div><\/div>[vc_column_text css=&#8221;.vc_custom_1740004032448{margin-top: -25px !important;}&#8221;]<\/p>\n<p style=\"padding-left: 40px;\"><strong>Alejandra Odgers<\/strong>, composer<br \/>\n<strong>Nicole O\u2019Bomsawin<\/strong>, librettist and storyteller<br \/>\n<strong>Troy Hourie<\/strong>, director<br \/>\n<strong>Christopher Gaudreault<\/strong>, conductor<br \/>\n<strong>Karine St-Arnaud, Lysanne O\u2019Bomsawin and Andrew Gaboury, <\/strong>puppeteers<br \/>\n<strong>Guillaume Barrette<\/strong>, tech director<br \/>\n<strong>Jesse Wabegijig<\/strong>\u00a0et\u00a0<strong>Teatro e Marionetas de Mandr\u00e1gora<\/strong> (Portugal), puppet consultant<br \/>\n<strong>Andrew Gaboury<\/strong>, motion specialist<br \/>\n<strong>Ben Rosenberg<\/strong>, video (workshops)<br \/>\n<strong>Emily Soussana<\/strong> and <strong>Andrew Scriver<\/strong>, video<\/p>\n<div class=\"wpb_text_column wpb_content_element vc_custom_1738095216973\">\n<div class=\"wpb_wrapper\">\n<p><strong>Kristin Hoff<\/strong>, production director<br \/>\n<strong>Mathieu Marcil<\/strong>, ligthing<br \/>\n<strong>Nicole Ross<\/strong>, surtitles and assistant director<br \/>\n<strong>Sylvain Rivard<\/strong>, cultural advices<\/p>\n<\/div>\n<\/div>\n<div class=\"vc_empty_space\"><\/div>\n<p>[\/vc_column_text][vc_empty_space]<div class='q_icon_with_title tiny circle left_from_title '><div class=\"icon_text_holder\" style=\"\"><div class=\"icon_text_inner\" style=\"\"><div class=\"icon_title_holder\"><div class=\"icon_holder \" style=\" \"><span data-icon-type=\"circle\" data-icon-hover-bg-color=\"#ffde4e\" class=\"qode_iwt_icon_holder fa-stack fa-lg  \" style=\"border-color: #ffde4e;background-color: #ffde4e\"><i class=\"qode_icon_font_awesome fa fa-download qode_iwt_icon_element\" style=\"color: #242424\"><\/i><\/span><\/div><h6 class=\"icon_title\" style=\"\">Downloads<\/h6><\/div><p style=''><\/p><\/div><\/div><\/div>[vc_column_text css=&#8221;.vc_custom_1730998178842{margin-top: -25px !important;}&#8221;]<\/p>\n<p style=\"padding-left: 40px;\"><u>Press release<br \/>\n<a href=\"https:\/\/sixtrum.com\/en\/sixtrum-2\/about-us\/\">Biography and photos<\/a><br \/>\n<\/u><\/p>\n<p>[\/vc_column_text][vc_empty_space][\/vc_column][vc_column width=&#8221;1\/3&#8243;]<div class='q_icon_with_title tiny circle left_from_title '><div class=\"icon_text_holder\" style=\"\"><div class=\"icon_text_inner\" style=\"\"><div class=\"icon_title_holder\"><div class=\"icon_holder \" style=\" \"><span data-icon-type=\"circle\" data-icon-hover-bg-color=\"#ffde4e\" class=\"qode_iwt_icon_holder fa-stack fa-lg  \" style=\"border-color: #ffde4e;background-color: #ffde4e\"><i class=\"qode_icon_font_awesome fa fa-envelope-o qode_iwt_icon_element\" style=\"color: #242424\"><\/i><\/span><\/div><h6 class=\"icon_title\" style=\"\">Contacts<\/h6><\/div><p style=''><\/p><\/div><\/div><\/div>[vc_column_text css=&#8221;.vc_custom_1730998202854{margin-top: -25px !important;}&#8221;]<\/p>\n<p style=\"padding-left: 40px;\"><strong>Fabrice Marandola<\/strong><br \/>\nassociate artistic director<br \/>\n<u><a href=\"mailto:fabrice.marandola@sixtrum.com\">fabrice.marandola@sixtrum.com<\/a><\/u><\/p>\n<p style=\"padding-left: 40px;\"><strong>Aur\u00e9lie Suberchicot<\/strong><br \/>\nMusic promotion<br \/>\n<u><a href=\"mailto:info@sixtrum.com\">info@sixtrum.com<\/a><\/u><\/p>\n<p>[\/vc_column_text][vc_empty_space][\/vc_column][\/vc_row]<\/p>\n<\/div>","protected":false},"excerpt":{"rendered":"<p>[vc_row css_animation=&#8221;&#8221; row_type=&#8221;row&#8221; use_row_as_full_screen_section=&#8221;no&#8221; type=&#8221;full_width&#8221; angled_section=&#8221;no&#8221; text_align=&#8221;left&#8221; background_image_as_pattern=&#8221;without_pattern&#8221;][vc_column][\/vc_column][\/vc_row][vc_row css_animation=&#8221;&#8221; row_type=&#8221;row&#8221; use_row_as_full_screen_section=&#8221;no&#8221; type=&#8221;grid&#8221; angled_section=&#8221;no&#8221; text_align=&#8221;left&#8221; background_image_as_pattern=&#8221;without_pattern&#8221; z_index=&#8221;&#8221; padding_top=&#8221;64&#8243; padding_bottom=&#8221;64&#8243;][vc_column][vc_empty_space height=&#8221;16px&#8221;][vc_row_inner row_type=&#8221;row&#8221; type=&#8221;full_width&#8221; text_align=&#8221;left&#8221; css_animation=&#8221;&#8221;][vc_column_inner width=&#8221;5\/6&#8243;][vc_column_text css=&#8221;&#8221;] NANATASIS A Musique 3 femmes, Le Vivier and Sixtrum coproduction Created by Abenaki storyteller and librettist Nicole O&#8217;Bomsawin and composer&#8230;<\/p>\n","protected":false},"author":4,"featured_media":2606,"parent":2795,"menu_order":0,"comment_status":"closed","ping_status":"closed","template":"full_width.php","meta":{"footnotes":""},"class_list":["post-2843","page","type-page","status-publish","has-post-thumbnail","hentry"],"yoast_head":"<!-- This site is optimized with the Yoast SEO plugin v26.4 - https:\/\/yoast.com\/wordpress\/plugins\/seo\/ -->\n<title>Nanatasis - Ensemble \u00e0 percussion Sixtrum<\/title>\n<meta name=\"description\" content=\"Co-produced with Musique 3 Femmes, this new Aboriginal opera shares the beauty, wisdom and color of Wabanaki culture through a soundscape of flute, percussion and voice.\" \/>\n<meta name=\"robots\" content=\"index, follow, max-snippet:-1, max-image-preview:large, max-video-preview:-1\" \/>\n<link rel=\"canonical\" href=\"https:\/\/sixtrum.com\/en\/season-2024-2025\/nanatasis\/\" \/>\n<meta property=\"og:locale\" content=\"en_US\" \/>\n<meta property=\"og:type\" content=\"article\" \/>\n<meta property=\"og:title\" content=\"Nanatasis - Ensemble \u00e0 percussion Sixtrum\" \/>\n<meta property=\"og:description\" content=\"Co-produced with Musique 3 Femmes, this new Aboriginal opera shares the beauty, wisdom and color of Wabanaki culture through a soundscape of flute, percussion and voice.\" \/>\n<meta property=\"og:url\" content=\"https:\/\/sixtrum.com\/en\/season-2024-2025\/nanatasis\/\" \/>\n<meta property=\"og:site_name\" content=\"Ensemble \u00e0 percussion Sixtrum\" \/>\n<meta property=\"article:publisher\" content=\"https:\/\/www.facebook.com\/sixtrum\" \/>\n<meta property=\"article:modified_time\" content=\"2025-03-03T21:53:59+00:00\" \/>\n<meta property=\"og:image\" content=\"https:\/\/sixtrum.com\/wp-content\/uploads\/2024\/10\/445492959_767309112225197_7112115942732051902_n.jpg\" \/>\n\t<meta property=\"og:image:width\" content=\"2048\" \/>\n\t<meta property=\"og:image:height\" content=\"1365\" \/>\n\t<meta property=\"og:image:type\" content=\"image\/jpeg\" \/>\n<meta name=\"twitter:card\" content=\"summary_large_image\" \/>\n<meta name=\"twitter:site\" content=\"@sixtrum\" \/>\n<meta name=\"twitter:label1\" content=\"Est. reading time\" \/>\n\t<meta name=\"twitter:data1\" content=\"3 minutes\" \/>\n<script type=\"application\/ld+json\" class=\"yoast-schema-graph\">{\"@context\":\"https:\/\/schema.org\",\"@graph\":[{\"@type\":\"WebPage\",\"@id\":\"https:\/\/sixtrum.com\/en\/season-2024-2025\/nanatasis\/\",\"url\":\"https:\/\/sixtrum.com\/en\/season-2024-2025\/nanatasis\/\",\"name\":\"Nanatasis - Ensemble \u00e0 percussion Sixtrum\",\"isPartOf\":{\"@id\":\"https:\/\/sixtrum.com\/en\/#website\"},\"primaryImageOfPage\":{\"@id\":\"https:\/\/sixtrum.com\/en\/season-2024-2025\/nanatasis\/#primaryimage\"},\"image\":{\"@id\":\"https:\/\/sixtrum.com\/en\/season-2024-2025\/nanatasis\/#primaryimage\"},\"thumbnailUrl\":\"https:\/\/sixtrum.com\/wp-content\/uploads\/2024\/10\/445492959_767309112225197_7112115942732051902_n.jpg\",\"datePublished\":\"2023-09-19T14:16:00+00:00\",\"dateModified\":\"2025-03-03T21:53:59+00:00\",\"description\":\"Co-produced with Musique 3 Femmes, this new Aboriginal opera shares the beauty, wisdom and color of Wabanaki culture through a soundscape of flute, percussion and voice.\",\"breadcrumb\":{\"@id\":\"https:\/\/sixtrum.com\/en\/season-2024-2025\/nanatasis\/#breadcrumb\"},\"inLanguage\":\"en-US\",\"potentialAction\":[{\"@type\":\"ReadAction\",\"target\":[\"https:\/\/sixtrum.com\/en\/season-2024-2025\/nanatasis\/\"]}]},{\"@type\":\"ImageObject\",\"inLanguage\":\"en-US\",\"@id\":\"https:\/\/sixtrum.com\/en\/season-2024-2025\/nanatasis\/#primaryimage\",\"url\":\"https:\/\/sixtrum.com\/wp-content\/uploads\/2024\/10\/445492959_767309112225197_7112115942732051902_n.jpg\",\"contentUrl\":\"https:\/\/sixtrum.com\/wp-content\/uploads\/2024\/10\/445492959_767309112225197_7112115942732051902_n.jpg\",\"width\":2048,\"height\":1365},{\"@type\":\"BreadcrumbList\",\"@id\":\"https:\/\/sixtrum.com\/en\/season-2024-2025\/nanatasis\/#breadcrumb\",\"itemListElement\":[{\"@type\":\"ListItem\",\"position\":1,\"name\":\"Accueil\",\"item\":\"https:\/\/sixtrum.com\/en\/\"},{\"@type\":\"ListItem\",\"position\":2,\"name\":\"Season 2024-2025\",\"item\":\"https:\/\/sixtrum.com\/en\/season-2024-2025\/\"},{\"@type\":\"ListItem\",\"position\":3,\"name\":\"Nanatasis\"}]},{\"@type\":\"WebSite\",\"@id\":\"https:\/\/sixtrum.com\/en\/#website\",\"url\":\"https:\/\/sixtrum.com\/en\/\",\"name\":\"Ensemble \u00e0 percussion Sixtrum\",\"description\":\"Une exploration d\u00e9brid\u00e9e de la percussion contemporaine\",\"publisher\":{\"@id\":\"https:\/\/sixtrum.com\/en\/#organization\"},\"potentialAction\":[{\"@type\":\"SearchAction\",\"target\":{\"@type\":\"EntryPoint\",\"urlTemplate\":\"https:\/\/sixtrum.com\/en\/?s={search_term_string}\"},\"query-input\":{\"@type\":\"PropertyValueSpecification\",\"valueRequired\":true,\"valueName\":\"search_term_string\"}}],\"inLanguage\":\"en-US\"},{\"@type\":\"Organization\",\"@id\":\"https:\/\/sixtrum.com\/en\/#organization\",\"name\":\"Sixtrum\",\"url\":\"https:\/\/sixtrum.com\/en\/\",\"logo\":{\"@type\":\"ImageObject\",\"inLanguage\":\"en-US\",\"@id\":\"https:\/\/sixtrum.com\/en\/#\/schema\/logo\/image\/\",\"url\":\"https:\/\/sixtrum.com\/wp-content\/uploads\/2020\/10\/sixtrum-ensemble-percussion-logo-noir.png\",\"contentUrl\":\"https:\/\/sixtrum.com\/wp-content\/uploads\/2020\/10\/sixtrum-ensemble-percussion-logo-noir.png\",\"width\":1000,\"height\":368,\"caption\":\"Sixtrum\"},\"image\":{\"@id\":\"https:\/\/sixtrum.com\/en\/#\/schema\/logo\/image\/\"},\"sameAs\":[\"https:\/\/www.facebook.com\/sixtrum\",\"https:\/\/x.com\/sixtrum\",\"https:\/\/www.instagram.com\/sixtrum_percussion\/\",\"https:\/\/www.youtube.com\/sixtrum\"]}]}<\/script>\n<!-- \/ Yoast SEO plugin. -->","yoast_head_json":{"title":"Nanatasis - Ensemble \u00e0 percussion Sixtrum","description":"Co-produced with Musique 3 Femmes, this new Aboriginal opera shares the beauty, wisdom and color of Wabanaki culture through a soundscape of flute, percussion and voice.","robots":{"index":"index","follow":"follow","max-snippet":"max-snippet:-1","max-image-preview":"max-image-preview:large","max-video-preview":"max-video-preview:-1"},"canonical":"https:\/\/sixtrum.com\/en\/season-2024-2025\/nanatasis\/","og_locale":"en_US","og_type":"article","og_title":"Nanatasis - Ensemble \u00e0 percussion Sixtrum","og_description":"Co-produced with Musique 3 Femmes, this new Aboriginal opera shares the beauty, wisdom and color of Wabanaki culture through a soundscape of flute, percussion and voice.","og_url":"https:\/\/sixtrum.com\/en\/season-2024-2025\/nanatasis\/","og_site_name":"Ensemble \u00e0 percussion Sixtrum","article_publisher":"https:\/\/www.facebook.com\/sixtrum","article_modified_time":"2025-03-03T21:53:59+00:00","og_image":[{"width":2048,"height":1365,"url":"https:\/\/sixtrum.com\/wp-content\/uploads\/2024\/10\/445492959_767309112225197_7112115942732051902_n.jpg","type":"image\/jpeg"}],"twitter_card":"summary_large_image","twitter_site":"@sixtrum","twitter_misc":{"Est. reading time":"3 minutes"},"schema":{"@context":"https:\/\/schema.org","@graph":[{"@type":"WebPage","@id":"https:\/\/sixtrum.com\/en\/season-2024-2025\/nanatasis\/","url":"https:\/\/sixtrum.com\/en\/season-2024-2025\/nanatasis\/","name":"Nanatasis - Ensemble \u00e0 percussion Sixtrum","isPartOf":{"@id":"https:\/\/sixtrum.com\/en\/#website"},"primaryImageOfPage":{"@id":"https:\/\/sixtrum.com\/en\/season-2024-2025\/nanatasis\/#primaryimage"},"image":{"@id":"https:\/\/sixtrum.com\/en\/season-2024-2025\/nanatasis\/#primaryimage"},"thumbnailUrl":"https:\/\/sixtrum.com\/wp-content\/uploads\/2024\/10\/445492959_767309112225197_7112115942732051902_n.jpg","datePublished":"2023-09-19T14:16:00+00:00","dateModified":"2025-03-03T21:53:59+00:00","description":"Co-produced with Musique 3 Femmes, this new Aboriginal opera shares the beauty, wisdom and color of Wabanaki culture through a soundscape of flute, percussion and voice.","breadcrumb":{"@id":"https:\/\/sixtrum.com\/en\/season-2024-2025\/nanatasis\/#breadcrumb"},"inLanguage":"en-US","potentialAction":[{"@type":"ReadAction","target":["https:\/\/sixtrum.com\/en\/season-2024-2025\/nanatasis\/"]}]},{"@type":"ImageObject","inLanguage":"en-US","@id":"https:\/\/sixtrum.com\/en\/season-2024-2025\/nanatasis\/#primaryimage","url":"https:\/\/sixtrum.com\/wp-content\/uploads\/2024\/10\/445492959_767309112225197_7112115942732051902_n.jpg","contentUrl":"https:\/\/sixtrum.com\/wp-content\/uploads\/2024\/10\/445492959_767309112225197_7112115942732051902_n.jpg","width":2048,"height":1365},{"@type":"BreadcrumbList","@id":"https:\/\/sixtrum.com\/en\/season-2024-2025\/nanatasis\/#breadcrumb","itemListElement":[{"@type":"ListItem","position":1,"name":"Accueil","item":"https:\/\/sixtrum.com\/en\/"},{"@type":"ListItem","position":2,"name":"Season 2024-2025","item":"https:\/\/sixtrum.com\/en\/season-2024-2025\/"},{"@type":"ListItem","position":3,"name":"Nanatasis"}]},{"@type":"WebSite","@id":"https:\/\/sixtrum.com\/en\/#website","url":"https:\/\/sixtrum.com\/en\/","name":"Ensemble \u00e0 percussion Sixtrum","description":"Une exploration d\u00e9brid\u00e9e de la percussion contemporaine","publisher":{"@id":"https:\/\/sixtrum.com\/en\/#organization"},"potentialAction":[{"@type":"SearchAction","target":{"@type":"EntryPoint","urlTemplate":"https:\/\/sixtrum.com\/en\/?s={search_term_string}"},"query-input":{"@type":"PropertyValueSpecification","valueRequired":true,"valueName":"search_term_string"}}],"inLanguage":"en-US"},{"@type":"Organization","@id":"https:\/\/sixtrum.com\/en\/#organization","name":"Sixtrum","url":"https:\/\/sixtrum.com\/en\/","logo":{"@type":"ImageObject","inLanguage":"en-US","@id":"https:\/\/sixtrum.com\/en\/#\/schema\/logo\/image\/","url":"https:\/\/sixtrum.com\/wp-content\/uploads\/2020\/10\/sixtrum-ensemble-percussion-logo-noir.png","contentUrl":"https:\/\/sixtrum.com\/wp-content\/uploads\/2020\/10\/sixtrum-ensemble-percussion-logo-noir.png","width":1000,"height":368,"caption":"Sixtrum"},"image":{"@id":"https:\/\/sixtrum.com\/en\/#\/schema\/logo\/image\/"},"sameAs":["https:\/\/www.facebook.com\/sixtrum","https:\/\/x.com\/sixtrum","https:\/\/www.instagram.com\/sixtrum_percussion\/","https:\/\/www.youtube.com\/sixtrum"]}]}},"_links":{"self":[{"href":"https:\/\/sixtrum.com\/en\/wp-json\/wp\/v2\/pages\/2843","targetHints":{"allow":["GET"]}}],"collection":[{"href":"https:\/\/sixtrum.com\/en\/wp-json\/wp\/v2\/pages"}],"about":[{"href":"https:\/\/sixtrum.com\/en\/wp-json\/wp\/v2\/types\/page"}],"author":[{"embeddable":true,"href":"https:\/\/sixtrum.com\/en\/wp-json\/wp\/v2\/users\/4"}],"replies":[{"embeddable":true,"href":"https:\/\/sixtrum.com\/en\/wp-json\/wp\/v2\/comments?post=2843"}],"version-history":[{"count":7,"href":"https:\/\/sixtrum.com\/en\/wp-json\/wp\/v2\/pages\/2843\/revisions"}],"predecessor-version":[{"id":3035,"href":"https:\/\/sixtrum.com\/en\/wp-json\/wp\/v2\/pages\/2843\/revisions\/3035"}],"up":[{"embeddable":true,"href":"https:\/\/sixtrum.com\/en\/wp-json\/wp\/v2\/pages\/2795"}],"wp:featuredmedia":[{"embeddable":true,"href":"https:\/\/sixtrum.com\/en\/wp-json\/wp\/v2\/media\/2606"}],"wp:attachment":[{"href":"https:\/\/sixtrum.com\/en\/wp-json\/wp\/v2\/media?parent=2843"}],"curies":[{"name":"wp","href":"https:\/\/api.w.org\/{rel}","templated":true}]}}