{"id":1720,"date":"2020-11-04T16:35:31","date_gmt":"2020-11-04T21:35:31","guid":{"rendered":"https:\/\/sixtrum.com\/voir-et-entendre\/"},"modified":"2023-04-13T18:12:33","modified_gmt":"2023-04-13T22:12:33","slug":"medias","status":"publish","type":"page","link":"https:\/\/sixtrum.com\/en\/medias\/","title":{"rendered":"Multimedia"},"content":{"rendered":"<div class=\"wpb-content-wrapper\"><p>[vc_row css_animation=&#8221;&#8221; row_type=&#8221;row&#8221; use_row_as_full_screen_section=&#8221;no&#8221; type=&#8221;grid&#8221; angled_section=&#8221;no&#8221; text_align=&#8221;left&#8221; background_image_as_pattern=&#8221;without_pattern&#8221; z_index=&#8221;&#8221; padding_top=&#8221;64&#8243; padding_bottom=&#8221;64&#8243;][vc_column width=&#8221;1\/3&#8243;][vc_column_text]<\/p>\n<h4>Sounds &amp; Music<\/h4>\n<p>[\/vc_column_text][vc_empty_space]<a  itemprop=\"url\" href=\"https:\/\/sixtrum.com\/en\/medias\/audio\/\" target=\"_self\"  class=\"qbutton  default\" style=\"\">more<\/a>[vc_empty_space][\/vc_column][vc_column width=&#8221;2\/3&#8243;][vc_raw_html]JTNDaWZyYW1lJTIwd2lkdGglM0QlMjIxMDAlMjUlMjIlMjBoZWlnaHQlM0QlMjIzNTAlMjIlMjBzY3JvbGxpbmclM0QlMjJ5ZXMlMjIlMjBmcmFtZWJvcmRlciUzRCUyMm5vJTIyJTIwYWxsb3clM0QlMjJhdXRvcGxheSUyMiUyMHNyYyUzRCUyMmh0dHBzJTNBJTJGJTJGdy5zb3VuZGNsb3VkLmNvbSUyRnBsYXllciUyRiUzRnVybCUzRGh0dHBzJTI1M0ElMkYlMkZhcGkuc291bmRjbG91ZC5jb20lMkZwbGF5bGlzdHMlMkYxMTczMzM4OTM1JTI2Y29sb3IlM0QlMjUyM2ZmZGU0ZSUyNmF1dG9fcGxheSUzRGZhbHNlJTI2aGlkZV9yZWxhdGVkJTNEZmFsc2UlMjZzaG93X2NvbW1lbnRzJTNEdHJ1ZSUyNnNob3dfdXNlciUzRHRydWUlMjZzaG93X3JlcG9zdHMlM0RmYWxzZSUyNnNob3dfdGVhc2VyJTNEdHJ1ZSUyMiUzRSUzQyUyRmlmcmFtZSUzRSUzQ2RpdiUyMHN0eWxlJTNEJTIyZm9udC1zaXplJTNBJTIwMTBweCUzQiUyMGNvbG9yJTNBJTIwJTIzY2NjY2NjJTNCbGluZS1icmVhayUzQSUyMGFueXdoZXJlJTNCd29yZC1icmVhayUzQSUyMG5vcm1hbCUzQm92ZXJmbG93JTNBJTIwaGlkZGVuJTNCd2hpdGUtc3BhY2UlM0ElMjBub3dyYXAlM0J0ZXh0LW92ZXJmbG93JTNBJTIwZWxsaXBzaXMlM0IlMjBmb250LWZhbWlseSUzQSUyMEludGVyc3RhdGUlMkNMdWNpZGElMjBHcmFuZGUlMkNMdWNpZGElMjBTYW5zJTIwVW5pY29kZSUyQ0x1Y2lkYSUyMFNhbnMlMkNHYXJ1ZGElMkNWZXJkYW5hJTJDVGFob21hJTJDc2Fucy1zZXJpZiUzQmZvbnQtd2VpZ2h0JTNBJTIwMTAwJTNCJTIyJTNFJTNDYSUyMGhyZWYlM0QlMjJodHRwcyUzQSUyRiUyRnNvdW5kY2xvdWQuY29tJTJGc2l4dHJ1bSUyMiUyMHRpdGxlJTNEJTIyc2l4dHJ1bSUyMiUyMHRhcmdldCUzRCUyMl9ibGFuayUyMiUyMHN0eWxlJTNEJTIyY29sb3IlM0ElMjAlMjNjY2NjY2MlM0IlMjB0ZXh0LWRlY29yYXRpb24lM0ElMjBub25lJTNCJTIyJTNFc2l4dHJ1bSUzQyUyRmElM0UlMjAlQzIlQjclMjAlM0NhJTIwaHJlZiUzRCUyMmh0dHBzJTNBJTJGJTJGc291bmRjbG91ZC5jb20lMkZzaXh0cnVtJTJGc2V0cyUyRmRlY291dnJpci1zaXh0cnVtJTIyJTIwdGl0bGUlM0QlMjJEJUMzJUE5Y291dnJpciUyMFNpeHRydW0lMjIlMjB0YXJnZXQlM0QlMjJfYmxhbmslMjIlMjBzdHlsZSUzRCUyMmNvbG9yJTNBJTIwJTIzY2NjY2NjJTNCJTIwdGV4dC1kZWNvcmF0aW9uJTNBJTIwbm9uZSUzQiUyMiUzRUQlQzMlQTljb3V2cmlyJTIwU2l4dHJ1bSUzQyUyRmElM0UlM0MlMkZkaXYlM0U=[\/vc_raw_html][\/vc_column][\/vc_row][vc_row css_animation=&#8221;&#8221; row_type=&#8221;row&#8221; use_row_as_full_screen_section=&#8221;no&#8221; type=&#8221;grid&#8221; angled_section=&#8221;no&#8221; text_align=&#8221;left&#8221; background_image_as_pattern=&#8221;without_pattern&#8221; z_index=&#8221;&#8221; background_color=&#8221;#e6e3e3&#8243; padding_top=&#8221;64&#8243; padding_bottom=&#8221;64&#8243;][vc_column width=&#8221;1\/3&#8243;][vc_column_text]<\/p>\n<h4>Photos<\/h4>\n<p>[\/vc_column_text][vc_empty_space]<a  itemprop=\"url\" href=\"https:\/\/sixtrum.com\/en\/medias\/photos\/\" target=\"_self\"  class=\"qbutton  default\" style=\"\">More<\/a>[vc_empty_space][\/vc_column][vc_column width=&#8221;2\/3&#8243;]<div class='projects_holder_outer v2 portfolio_with_space portfolio_standard'>\n        <div class='projects_holder portfolio_main_holder clearfix v2 standard portfolio_landscape_image '>\n        \n        <article class='mix default' style=''>\n    \n    \n    \n                <div class='image_holder'>\n                <a itemprop='url' class='portfolio_link_for_touch' href='https:\/\/sixtrum.com\/en\/photos\/transformations\/' target='_self'>\n                    \n<span class='image'><img loading=\"lazy\" decoding=\"async\" width=\"800\" height=\"600\" src=\"https:\/\/sixtrum.com\/wp-content\/uploads\/2024\/10\/sixtrum-et-vicens-18-mars-site-web-1178-800x600.jpg\" class=\"attachment-portfolio-landscape size-portfolio-landscape wp-post-image\" alt=\"\" \/><\/span>                <\/a>\n\n                <span class='text_holder'>\n    <span class='text_outer'>\n        <span class='text_inner'>\n            <span class='feature_holder'>\n                            <span class=\"feature_holder_icons\">';\n                            <a itemprop='image' class='lightbox qbutton small white' title='Transformations' href='https:\/\/sixtrum.com\/wp-content\/uploads\/2024\/10\/sixtrum-et-vicens-18-mars-site-web-1178-scaled.jpg' data-rel='prettyPhoto[pretty_photo_gallery]'>zoom<\/a>\n    \n                            <a itemprop='url' class='preview qbutton small white' href='https:\/\/sixtrum.com\/en\/photos\/transformations\/' target='_self'>view<\/i><\/a>\n    \n                                            <\/span>\n        <\/span>\n    <\/span>\n<\/span>            <\/div>\n                <div class='portfolio_description ' >\n\n        \n    <h5 itemprop=\"name\" class=\"portfolio_title entry_title\"><a itemprop=\"url\" href=\"https:\/\/sixtrum.com\/en\/photos\/transformations\/\"  target=\"_self\"> Transformations<\/a><\/h5>\n\n\n        \n            <span class=\"project_category\"  >\n        <\/span>\n\n    <\/div>\n        \n<\/article>\n<article class='mix default' style=''>\n    \n    \n    \n                <div class='image_holder'>\n                <a itemprop='url' class='portfolio_link_for_touch' href='https:\/\/sixtrum.com\/en\/photos\/basileus\/' target='_self'>\n                    \n<span class='image'><img loading=\"lazy\" decoding=\"async\" width=\"800\" height=\"600\" src=\"https:\/\/sixtrum.com\/wp-content\/uploads\/2024\/10\/Basileus_credit-Martin-Morissette-14-800x600.jpg\" class=\"attachment-portfolio-landscape size-portfolio-landscape wp-post-image\" alt=\"\" \/><\/span>                <\/a>\n\n                <span class='text_holder'>\n    <span class='text_outer'>\n        <span class='text_inner'>\n            <span class='feature_holder'>\n                            <span class=\"feature_holder_icons\">';\n                            <a itemprop='image' class='lightbox qbutton small white' title='Basileus' href='https:\/\/sixtrum.com\/wp-content\/uploads\/2024\/10\/Basileus_credit-Martin-Morissette-14.jpg' data-rel='prettyPhoto[pretty_photo_gallery]'>zoom<\/a>\n    \n                            <a itemprop='url' class='preview qbutton small white' href='https:\/\/sixtrum.com\/en\/photos\/basileus\/' target='_self'>view<\/i><\/a>\n    \n                                            <\/span>\n        <\/span>\n    <\/span>\n<\/span>            <\/div>\n                <div class='portfolio_description ' >\n\n        \n    <h5 itemprop=\"name\" class=\"portfolio_title entry_title\"><a itemprop=\"url\" href=\"https:\/\/sixtrum.com\/en\/photos\/basileus\/\"  target=\"_self\"> Basileus<\/a><\/h5>\n\n\n        \n            <span class=\"project_category\"  >\n        <\/span>\n\n    <\/div>\n        \n<\/article>\n        <div class='filler'><\/div>\n            <div class='filler'><\/div>\n        <\/div>\n\n    \n    <\/div>[\/vc_column][\/vc_row][vc_row css_animation=&#8221;&#8221; row_type=&#8221;row&#8221; use_row_as_full_screen_section=&#8221;no&#8221; type=&#8221;grid&#8221; angled_section=&#8221;no&#8221; text_align=&#8221;left&#8221; background_image_as_pattern=&#8221;without_pattern&#8221; z_index=&#8221;&#8221; padding_top=&#8221;64&#8243; padding_bottom=&#8221;64&#8243;][vc_column width=&#8221;1\/3&#8243;][vc_column_text]<\/p>\n<h4>Videos<\/h4>\n<p>[\/vc_column_text][vc_empty_space]<a  itemprop=\"url\" href=\"https:\/\/sixtrum.com\/en\/medias\/videos\/\" target=\"_self\"  class=\"qbutton  default\" style=\"\">More<\/a>[vc_empty_space][\/vc_column][vc_column width=&#8221;2\/3&#8243;][vc_video link=&#8221;https:\/\/youtu.be\/5nO1Gt6Weeo&#8221;][\/vc_column][\/vc_row][vc_row css_animation=&#8221;&#8221; row_type=&#8221;row&#8221; use_row_as_full_screen_section=&#8221;no&#8221; type=&#8221;grid&#8221; angled_section=&#8221;no&#8221; text_align=&#8221;left&#8221; background_image_as_pattern=&#8221;without_pattern&#8221; z_index=&#8221;&#8221; padding_top=&#8221;64&#8243; padding_bottom=&#8221;64&#8243;][vc_column width=&#8221;1\/3&#8243;][vc_column_text]<\/p>\n<h4>Didaktika<\/h4>\n<p>[\/vc_column_text][vc_empty_space]<a  itemprop=\"url\" href=\"https:\/\/sixtrum.com\/en\/medias\/didaktika\/\" target=\"_self\"  class=\"qbutton  default\" style=\"\">More<\/a>[vc_empty_space][\/vc_column][vc_column width=&#8221;2\/3&#8243;][vc_raw_html]JTNDaWZyYW1lJTIwc3JjJTNEJTIyaHR0cHMlM0ElMkYlMkZwb2RjYXN0ZXJzLnNwb3RpZnkuY29tJTJGcG9kJTJGc2hvdyUyRnNpeHRydW0tcGVyY3Vzc2lvbiUyRmVtYmVkJTJGZXBpc29kZXMlMkZEaWRha3Rpa2EtSmV1bmVzc2UtLTEtLS1JbC10YWl0LXVuZS1mb2lzLS1pbWFnaW5lci11bmUtaGlzdG9pcmUtZTFqYzUxNyUyRmEtYTgxbDM4OCUyMiUyMGhlaWdodCUzRCUyMjI2MHB4JTIyJTIwd2lkdGglM0QlMjI3MzBweCUyMiUyMGZyYW1lYm9yZGVyJTNEJTIyMCUyMiUyMHNjcm9sbGluZyUzRCUyMm5vJTIyJTNFJTNDJTJGaWZyYW1lJTNF[\/vc_raw_html][\/vc_column][\/vc_row]<\/p>\n<\/div>","protected":false},"excerpt":{"rendered":"<p>[vc_row css_animation=&#8221;&#8221; row_type=&#8221;row&#8221; use_row_as_full_screen_section=&#8221;no&#8221; type=&#8221;grid&#8221; angled_section=&#8221;no&#8221; text_align=&#8221;left&#8221; background_image_as_pattern=&#8221;without_pattern&#8221; z_index=&#8221;&#8221; padding_top=&#8221;64&#8243; padding_bottom=&#8221;64&#8243;][vc_column width=&#8221;1\/3&#8243;][vc_column_text] Sounds &amp; Music [\/vc_column_text][vc_empty_space][vc_empty_space][\/vc_column][vc_column width=&#8221;2\/3&#8243;][vc_raw_html]JTNDaWZyYW1lJTIwd2lkdGglM0QlMjIxMDAlMjUlMjIlMjBoZWlnaHQlM0QlMjIzNTAlMjIlMjBzY3JvbGxpbmclM0QlMjJ5ZXMlMjIlMjBmcmFtZWJvcmRlciUzRCUyMm5vJTIyJTIwYWxsb3clM0QlMjJhdXRvcGxheSUyMiUyMHNyYyUzRCUyMmh0dHBzJTNBJTJGJTJGdy5zb3VuZGNsb3VkLmNvbSUyRnBsYXllciUyRiUzRnVybCUzRGh0dHBzJTI1M0ElMkYlMkZhcGkuc291bmRjbG91ZC5jb20lMkZwbGF5bGlzdHMlMkYxMTczMzM4OTM1JTI2Y29sb3IlM0QlMjUyM2ZmZGU0ZSUyNmF1dG9fcGxheSUzRGZhbHNlJTI2aGlkZV9yZWxhdGVkJTNEZmFsc2UlMjZzaG93X2NvbW1lbnRzJTNEdHJ1ZSUyNnNob3dfdXNlciUzRHRydWUlMjZzaG93X3JlcG9zdHMlM0RmYWxzZSUyNnNob3dfdGVhc2VyJTNEdHJ1ZSUyMiUzRSUzQyUyRmlmcmFtZSUzRSUzQ2RpdiUyMHN0eWxlJTNEJTIyZm9udC1zaXplJTNBJTIwMTBweCUzQiUyMGNvbG9yJTNBJTIwJTIzY2NjY2NjJTNCbGluZS1icmVhayUzQSUyMGFueXdoZXJlJTNCd29yZC1icmVhayUzQSUyMG5vcm1hbCUzQm92ZXJmbG93JTNBJTIwaGlkZGVuJTNCd2hpdGUtc3BhY2UlM0ElMjBub3dyYXAlM0J0ZXh0LW92ZXJmbG93JTNBJTIwZWxsaXBzaXMlM0IlMjBmb250LWZhbWlseSUzQSUyMEludGVyc3RhdGUlMkNMdWNpZGElMjBHcmFuZGUlMkNMdWNpZGElMjBTYW5zJTIwVW5pY29kZSUyQ0x1Y2lkYSUyMFNhbnMlMkNHYXJ1ZGElMkNWZXJkYW5hJTJDVGFob21hJTJDc2Fucy1zZXJpZiUzQmZvbnQtd2VpZ2h0JTNBJTIwMTAwJTNCJTIyJTNFJTNDYSUyMGhyZWYlM0QlMjJodHRwcyUzQSUyRiUyRnNvdW5kY2xvdWQuY29tJTJGc2l4dHJ1bSUyMiUyMHRpdGxlJTNEJTIyc2l4dHJ1bSUyMiUyMHRhcmdldCUzRCUyMl9ibGFuayUyMiUyMHN0eWxlJTNEJTIyY29sb3IlM0ElMjAlMjNjY2NjY2MlM0IlMjB0ZXh0LWRlY29yYXRpb24lM0ElMjBub25lJTNCJTIyJTNFc2l4dHJ1bSUzQyUyRmElM0UlMjAlQzIlQjclMjAlM0NhJTIwaHJlZiUzRCUyMmh0dHBzJTNBJTJGJTJGc291bmRjbG91ZC5jb20lMkZzaXh0cnVtJTJGc2V0cyUyRmRlY291dnJpci1zaXh0cnVtJTIyJTIwdGl0bGUlM0QlMjJEJUMzJUE5Y291dnJpciUyMFNpeHRydW0lMjIlMjB0YXJnZXQlM0QlMjJfYmxhbmslMjIlMjBzdHlsZSUzRCUyMmNvbG9yJTNBJTIwJTIzY2NjY2NjJTNCJTIwdGV4dC1kZWNvcmF0aW9uJTNBJTIwbm9uZSUzQiUyMiUzRUQlQzMlQTljb3V2cmlyJTIwU2l4dHJ1bSUzQyUyRmElM0UlM0MlMkZkaXYlM0U=[\/vc_raw_html][\/vc_column][\/vc_row][vc_row css_animation=&#8221;&#8221; row_type=&#8221;row&#8221; use_row_as_full_screen_section=&#8221;no&#8221; type=&#8221;grid&#8221; angled_section=&#8221;no&#8221; text_align=&#8221;left&#8221; background_image_as_pattern=&#8221;without_pattern&#8221; z_index=&#8221;&#8221; background_color=&#8221;#e6e3e3&#8243; padding_top=&#8221;64&#8243; padding_bottom=&#8221;64&#8243;][vc_column width=&#8221;1\/3&#8243;][vc_column_text] Photos [\/vc_column_text][vc_empty_space][vc_empty_space][\/vc_column][vc_column width=&#8221;2\/3&#8243;][\/vc_column][\/vc_row][vc_row css_animation=&#8221;&#8221; row_type=&#8221;row&#8221; use_row_as_full_screen_section=&#8221;no&#8221; type=&#8221;grid&#8221; angled_section=&#8221;no&#8221; text_align=&#8221;left&#8221; background_image_as_pattern=&#8221;without_pattern&#8221; z_index=&#8221;&#8221; padding_top=&#8221;64&#8243; padding_bottom=&#8221;64&#8243;][vc_column width=&#8221;1\/3&#8243;][vc_column_text] Videos [\/vc_column_text][vc_empty_space][vc_empty_space][\/vc_column][vc_column&#8230;<\/p>\n","protected":false},"author":2,"featured_media":0,"parent":0,"menu_order":0,"comment_status":"closed","ping_status":"closed","template":"full_width.php","meta":{"footnotes":""},"class_list":["post-1720","page","type-page","status-publish","hentry"],"yoast_head":"<!-- This site is optimized with the Yoast SEO plugin v26.4 - https:\/\/yoast.com\/wordpress\/plugins\/seo\/ -->\n<title>Multimedia - Ensemble \u00e0 percussion Sixtrum<\/title>\n<meta name=\"robots\" content=\"index, follow, max-snippet:-1, max-image-preview:large, max-video-preview:-1\" \/>\n<link rel=\"canonical\" href=\"https:\/\/sixtrum.com\/en\/medias\/\" \/>\n<meta property=\"og:locale\" content=\"en_US\" \/>\n<meta property=\"og:type\" content=\"article\" \/>\n<meta property=\"og:title\" content=\"Multimedia - Ensemble \u00e0 percussion Sixtrum\" \/>\n<meta property=\"og:description\" content=\"[vc_row css_animation=&#8221;&#8221; row_type=&#8221;row&#8221; use_row_as_full_screen_section=&#8221;no&#8221; type=&#8221;grid&#8221; angled_section=&#8221;no&#8221; text_align=&#8221;left&#8221; background_image_as_pattern=&#8221;without_pattern&#8221; z_index=&#8221;&#8221; padding_top=&#8221;64&#8243; padding_bottom=&#8221;64&#8243;][vc_column width=&#8221;1\/3&#8243;][vc_column_text] Sounds &amp; Music [\/vc_column_text][vc_empty_space][vc_empty_space][\/vc_column][vc_column width=&#8221;2\/3&#8243;][vc_raw_html]JTNDaWZyYW1lJTIwd2lkdGglM0QlMjIxMDAlMjUlMjIlMjBoZWlnaHQlM0QlMjIzNTAlMjIlMjBzY3JvbGxpbmclM0QlMjJ5ZXMlMjIlMjBmcmFtZWJvcmRlciUzRCUyMm5vJTIyJTIwYWxsb3clM0QlMjJhdXRvcGxheSUyMiUyMHNyYyUzRCUyMmh0dHBzJTNBJTJGJTJGdy5zb3VuZGNsb3VkLmNvbSUyRnBsYXllciUyRiUzRnVybCUzRGh0dHBzJTI1M0ElMkYlMkZhcGkuc291bmRjbG91ZC5jb20lMkZwbGF5bGlzdHMlMkYxMTczMzM4OTM1JTI2Y29sb3IlM0QlMjUyM2ZmZGU0ZSUyNmF1dG9fcGxheSUzRGZhbHNlJTI2aGlkZV9yZWxhdGVkJTNEZmFsc2UlMjZzaG93X2NvbW1lbnRzJTNEdHJ1ZSUyNnNob3dfdXNlciUzRHRydWUlMjZzaG93X3JlcG9zdHMlM0RmYWxzZSUyNnNob3dfdGVhc2VyJTNEdHJ1ZSUyMiUzRSUzQyUyRmlmcmFtZSUzRSUzQ2RpdiUyMHN0eWxlJTNEJTIyZm9udC1zaXplJTNBJTIwMTBweCUzQiUyMGNvbG9yJTNBJTIwJTIzY2NjY2NjJTNCbGluZS1icmVhayUzQSUyMGFueXdoZXJlJTNCd29yZC1icmVhayUzQSUyMG5vcm1hbCUzQm92ZXJmbG93JTNBJTIwaGlkZGVuJTNCd2hpdGUtc3BhY2UlM0ElMjBub3dyYXAlM0J0ZXh0LW92ZXJmbG93JTNBJTIwZWxsaXBzaXMlM0IlMjBmb250LWZhbWlseSUzQSUyMEludGVyc3RhdGUlMkNMdWNpZGElMjBHcmFuZGUlMkNMdWNpZGElMjBTYW5zJTIwVW5pY29kZSUyQ0x1Y2lkYSUyMFNhbnMlMkNHYXJ1ZGElMkNWZXJkYW5hJTJDVGFob21hJTJDc2Fucy1zZXJpZiUzQmZvbnQtd2VpZ2h0JTNBJTIwMTAwJTNCJTIyJTNFJTNDYSUyMGhyZWYlM0QlMjJodHRwcyUzQSUyRiUyRnNvdW5kY2xvdWQuY29tJTJGc2l4dHJ1bSUyMiUyMHRpdGxlJTNEJTIyc2l4dHJ1bSUyMiUyMHRhcmdldCUzRCUyMl9ibGFuayUyMiUyMHN0eWxlJTNEJTIyY29sb3IlM0ElMjAlMjNjY2NjY2MlM0IlMjB0ZXh0LWRlY29yYXRpb24lM0ElMjBub25lJTNCJTIyJTNFc2l4dHJ1bSUzQyUyRmElM0UlMjAlQzIlQjclMjAlM0NhJTIwaHJlZiUzRCUyMmh0dHBzJTNBJTJGJTJGc291bmRjbG91ZC5jb20lMkZzaXh0cnVtJTJGc2V0cyUyRmRlY291dnJpci1zaXh0cnVtJTIyJTIwdGl0bGUlM0QlMjJEJUMzJUE5Y291dnJpciUyMFNpeHRydW0lMjIlMjB0YXJnZXQlM0QlMjJfYmxhbmslMjIlMjBzdHlsZSUzRCUyMmNvbG9yJTNBJTIwJTIzY2NjY2NjJTNCJTIwdGV4dC1kZWNvcmF0aW9uJTNBJTIwbm9uZSUzQiUyMiUzRUQlQzMlQTljb3V2cmlyJTIwU2l4dHJ1bSUzQyUyRmElM0UlM0MlMkZkaXYlM0U=[\/vc_raw_html][\/vc_column][\/vc_row][vc_row css_animation=&#8221;&#8221; row_type=&#8221;row&#8221; use_row_as_full_screen_section=&#8221;no&#8221; type=&#8221;grid&#8221; angled_section=&#8221;no&#8221; text_align=&#8221;left&#8221; background_image_as_pattern=&#8221;without_pattern&#8221; z_index=&#8221;&#8221; background_color=&#8221;#e6e3e3&#8243; padding_top=&#8221;64&#8243; padding_bottom=&#8221;64&#8243;][vc_column width=&#8221;1\/3&#8243;][vc_column_text] Photos [\/vc_column_text][vc_empty_space][vc_empty_space][\/vc_column][vc_column width=&#8221;2\/3&#8243;][\/vc_column][\/vc_row][vc_row css_animation=&#8221;&#8221; row_type=&#8221;row&#8221; use_row_as_full_screen_section=&#8221;no&#8221; type=&#8221;grid&#8221; angled_section=&#8221;no&#8221; text_align=&#8221;left&#8221; background_image_as_pattern=&#8221;without_pattern&#8221; z_index=&#8221;&#8221; padding_top=&#8221;64&#8243; padding_bottom=&#8221;64&#8243;][vc_column width=&#8221;1\/3&#8243;][vc_column_text] Videos [\/vc_column_text][vc_empty_space][vc_empty_space][\/vc_column][vc_column...\" \/>\n<meta property=\"og:url\" content=\"https:\/\/sixtrum.com\/en\/medias\/\" \/>\n<meta property=\"og:site_name\" content=\"Ensemble \u00e0 percussion Sixtrum\" \/>\n<meta property=\"article:publisher\" content=\"https:\/\/www.facebook.com\/sixtrum\" \/>\n<meta property=\"article:modified_time\" content=\"2023-04-13T22:12:33+00:00\" \/>\n<meta property=\"og:image\" content=\"https:\/\/sixtrum.com\/wp-content\/uploads\/2020\/10\/sixtrum-ensemble-percussion-photo-groupe-hugo-lefort-fullscreen.jpg\" \/>\n\t<meta property=\"og:image:width\" content=\"2560\" \/>\n\t<meta property=\"og:image:height\" content=\"1440\" \/>\n\t<meta property=\"og:image:type\" content=\"image\/jpeg\" \/>\n<meta name=\"twitter:card\" content=\"summary_large_image\" \/>\n<meta name=\"twitter:site\" content=\"@sixtrum\" \/>\n<meta name=\"twitter:label1\" content=\"Est. reading time\" \/>\n\t<meta name=\"twitter:data1\" content=\"1 minute\" \/>\n<script type=\"application\/ld+json\" class=\"yoast-schema-graph\">{\"@context\":\"https:\/\/schema.org\",\"@graph\":[{\"@type\":\"WebPage\",\"@id\":\"https:\/\/sixtrum.com\/en\/medias\/\",\"url\":\"https:\/\/sixtrum.com\/en\/medias\/\",\"name\":\"Multimedia - Ensemble \u00e0 percussion Sixtrum\",\"isPartOf\":{\"@id\":\"https:\/\/sixtrum.com\/en\/#website\"},\"datePublished\":\"2020-11-04T21:35:31+00:00\",\"dateModified\":\"2023-04-13T22:12:33+00:00\",\"breadcrumb\":{\"@id\":\"https:\/\/sixtrum.com\/en\/medias\/#breadcrumb\"},\"inLanguage\":\"en-US\",\"potentialAction\":[{\"@type\":\"ReadAction\",\"target\":[\"https:\/\/sixtrum.com\/en\/medias\/\"]}]},{\"@type\":\"BreadcrumbList\",\"@id\":\"https:\/\/sixtrum.com\/en\/medias\/#breadcrumb\",\"itemListElement\":[{\"@type\":\"ListItem\",\"position\":1,\"name\":\"Accueil\",\"item\":\"https:\/\/sixtrum.com\/en\/\"},{\"@type\":\"ListItem\",\"position\":2,\"name\":\"Multimedia\"}]},{\"@type\":\"WebSite\",\"@id\":\"https:\/\/sixtrum.com\/en\/#website\",\"url\":\"https:\/\/sixtrum.com\/en\/\",\"name\":\"Ensemble \u00e0 percussion Sixtrum\",\"description\":\"Une exploration d\u00e9brid\u00e9e de la percussion contemporaine\",\"publisher\":{\"@id\":\"https:\/\/sixtrum.com\/en\/#organization\"},\"potentialAction\":[{\"@type\":\"SearchAction\",\"target\":{\"@type\":\"EntryPoint\",\"urlTemplate\":\"https:\/\/sixtrum.com\/en\/?s={search_term_string}\"},\"query-input\":{\"@type\":\"PropertyValueSpecification\",\"valueRequired\":true,\"valueName\":\"search_term_string\"}}],\"inLanguage\":\"en-US\"},{\"@type\":\"Organization\",\"@id\":\"https:\/\/sixtrum.com\/en\/#organization\",\"name\":\"Sixtrum\",\"url\":\"https:\/\/sixtrum.com\/en\/\",\"logo\":{\"@type\":\"ImageObject\",\"inLanguage\":\"en-US\",\"@id\":\"https:\/\/sixtrum.com\/en\/#\/schema\/logo\/image\/\",\"url\":\"https:\/\/sixtrum.com\/wp-content\/uploads\/2020\/10\/sixtrum-ensemble-percussion-logo-noir.png\",\"contentUrl\":\"https:\/\/sixtrum.com\/wp-content\/uploads\/2020\/10\/sixtrum-ensemble-percussion-logo-noir.png\",\"width\":1000,\"height\":368,\"caption\":\"Sixtrum\"},\"image\":{\"@id\":\"https:\/\/sixtrum.com\/en\/#\/schema\/logo\/image\/\"},\"sameAs\":[\"https:\/\/www.facebook.com\/sixtrum\",\"https:\/\/x.com\/sixtrum\",\"https:\/\/www.instagram.com\/sixtrum_percussion\/\",\"https:\/\/www.youtube.com\/sixtrum\"]}]}<\/script>\n<!-- \/ Yoast SEO plugin. -->","yoast_head_json":{"title":"Multimedia - Ensemble \u00e0 percussion Sixtrum","robots":{"index":"index","follow":"follow","max-snippet":"max-snippet:-1","max-image-preview":"max-image-preview:large","max-video-preview":"max-video-preview:-1"},"canonical":"https:\/\/sixtrum.com\/en\/medias\/","og_locale":"en_US","og_type":"article","og_title":"Multimedia - Ensemble \u00e0 percussion Sixtrum","og_description":"[vc_row css_animation=&#8221;&#8221; row_type=&#8221;row&#8221; use_row_as_full_screen_section=&#8221;no&#8221; type=&#8221;grid&#8221; angled_section=&#8221;no&#8221; text_align=&#8221;left&#8221; background_image_as_pattern=&#8221;without_pattern&#8221; z_index=&#8221;&#8221; padding_top=&#8221;64&#8243; padding_bottom=&#8221;64&#8243;][vc_column width=&#8221;1\/3&#8243;][vc_column_text] Sounds &amp; Music [\/vc_column_text][vc_empty_space][vc_empty_space][\/vc_column][vc_column width=&#8221;2\/3&#8243;][vc_raw_html]JTNDaWZyYW1lJTIwd2lkdGglM0QlMjIxMDAlMjUlMjIlMjBoZWlnaHQlM0QlMjIzNTAlMjIlMjBzY3JvbGxpbmclM0QlMjJ5ZXMlMjIlMjBmcmFtZWJvcmRlciUzRCUyMm5vJTIyJTIwYWxsb3clM0QlMjJhdXRvcGxheSUyMiUyMHNyYyUzRCUyMmh0dHBzJTNBJTJGJTJGdy5zb3VuZGNsb3VkLmNvbSUyRnBsYXllciUyRiUzRnVybCUzRGh0dHBzJTI1M0ElMkYlMkZhcGkuc291bmRjbG91ZC5jb20lMkZwbGF5bGlzdHMlMkYxMTczMzM4OTM1JTI2Y29sb3IlM0QlMjUyM2ZmZGU0ZSUyNmF1dG9fcGxheSUzRGZhbHNlJTI2aGlkZV9yZWxhdGVkJTNEZmFsc2UlMjZzaG93X2NvbW1lbnRzJTNEdHJ1ZSUyNnNob3dfdXNlciUzRHRydWUlMjZzaG93X3JlcG9zdHMlM0RmYWxzZSUyNnNob3dfdGVhc2VyJTNEdHJ1ZSUyMiUzRSUzQyUyRmlmcmFtZSUzRSUzQ2RpdiUyMHN0eWxlJTNEJTIyZm9udC1zaXplJTNBJTIwMTBweCUzQiUyMGNvbG9yJTNBJTIwJTIzY2NjY2NjJTNCbGluZS1icmVhayUzQSUyMGFueXdoZXJlJTNCd29yZC1icmVhayUzQSUyMG5vcm1hbCUzQm92ZXJmbG93JTNBJTIwaGlkZGVuJTNCd2hpdGUtc3BhY2UlM0ElMjBub3dyYXAlM0J0ZXh0LW92ZXJmbG93JTNBJTIwZWxsaXBzaXMlM0IlMjBmb250LWZhbWlseSUzQSUyMEludGVyc3RhdGUlMkNMdWNpZGElMjBHcmFuZGUlMkNMdWNpZGElMjBTYW5zJTIwVW5pY29kZSUyQ0x1Y2lkYSUyMFNhbnMlMkNHYXJ1ZGElMkNWZXJkYW5hJTJDVGFob21hJTJDc2Fucy1zZXJpZiUzQmZvbnQtd2VpZ2h0JTNBJTIwMTAwJTNCJTIyJTNFJTNDYSUyMGhyZWYlM0QlMjJodHRwcyUzQSUyRiUyRnNvdW5kY2xvdWQuY29tJTJGc2l4dHJ1bSUyMiUyMHRpdGxlJTNEJTIyc2l4dHJ1bSUyMiUyMHRhcmdldCUzRCUyMl9ibGFuayUyMiUyMHN0eWxlJTNEJTIyY29sb3IlM0ElMjAlMjNjY2NjY2MlM0IlMjB0ZXh0LWRlY29yYXRpb24lM0ElMjBub25lJTNCJTIyJTNFc2l4dHJ1bSUzQyUyRmElM0UlMjAlQzIlQjclMjAlM0NhJTIwaHJlZiUzRCUyMmh0dHBzJTNBJTJGJTJGc291bmRjbG91ZC5jb20lMkZzaXh0cnVtJTJGc2V0cyUyRmRlY291dnJpci1zaXh0cnVtJTIyJTIwdGl0bGUlM0QlMjJEJUMzJUE5Y291dnJpciUyMFNpeHRydW0lMjIlMjB0YXJnZXQlM0QlMjJfYmxhbmslMjIlMjBzdHlsZSUzRCUyMmNvbG9yJTNBJTIwJTIzY2NjY2NjJTNCJTIwdGV4dC1kZWNvcmF0aW9uJTNBJTIwbm9uZSUzQiUyMiUzRUQlQzMlQTljb3V2cmlyJTIwU2l4dHJ1bSUzQyUyRmElM0UlM0MlMkZkaXYlM0U=[\/vc_raw_html][\/vc_column][\/vc_row][vc_row css_animation=&#8221;&#8221; row_type=&#8221;row&#8221; use_row_as_full_screen_section=&#8221;no&#8221; type=&#8221;grid&#8221; angled_section=&#8221;no&#8221; text_align=&#8221;left&#8221; background_image_as_pattern=&#8221;without_pattern&#8221; z_index=&#8221;&#8221; background_color=&#8221;#e6e3e3&#8243; padding_top=&#8221;64&#8243; padding_bottom=&#8221;64&#8243;][vc_column width=&#8221;1\/3&#8243;][vc_column_text] Photos [\/vc_column_text][vc_empty_space][vc_empty_space][\/vc_column][vc_column width=&#8221;2\/3&#8243;][\/vc_column][\/vc_row][vc_row css_animation=&#8221;&#8221; row_type=&#8221;row&#8221; use_row_as_full_screen_section=&#8221;no&#8221; type=&#8221;grid&#8221; angled_section=&#8221;no&#8221; text_align=&#8221;left&#8221; background_image_as_pattern=&#8221;without_pattern&#8221; z_index=&#8221;&#8221; padding_top=&#8221;64&#8243; padding_bottom=&#8221;64&#8243;][vc_column width=&#8221;1\/3&#8243;][vc_column_text] Videos [\/vc_column_text][vc_empty_space][vc_empty_space][\/vc_column][vc_column...","og_url":"https:\/\/sixtrum.com\/en\/medias\/","og_site_name":"Ensemble \u00e0 percussion Sixtrum","article_publisher":"https:\/\/www.facebook.com\/sixtrum","article_modified_time":"2023-04-13T22:12:33+00:00","og_image":[{"width":2560,"height":1440,"url":"https:\/\/sixtrum.com\/wp-content\/uploads\/2020\/10\/sixtrum-ensemble-percussion-photo-groupe-hugo-lefort-fullscreen.jpg","type":"image\/jpeg"}],"twitter_card":"summary_large_image","twitter_site":"@sixtrum","twitter_misc":{"Est. reading time":"1 minute"},"schema":{"@context":"https:\/\/schema.org","@graph":[{"@type":"WebPage","@id":"https:\/\/sixtrum.com\/en\/medias\/","url":"https:\/\/sixtrum.com\/en\/medias\/","name":"Multimedia - Ensemble \u00e0 percussion Sixtrum","isPartOf":{"@id":"https:\/\/sixtrum.com\/en\/#website"},"datePublished":"2020-11-04T21:35:31+00:00","dateModified":"2023-04-13T22:12:33+00:00","breadcrumb":{"@id":"https:\/\/sixtrum.com\/en\/medias\/#breadcrumb"},"inLanguage":"en-US","potentialAction":[{"@type":"ReadAction","target":["https:\/\/sixtrum.com\/en\/medias\/"]}]},{"@type":"BreadcrumbList","@id":"https:\/\/sixtrum.com\/en\/medias\/#breadcrumb","itemListElement":[{"@type":"ListItem","position":1,"name":"Accueil","item":"https:\/\/sixtrum.com\/en\/"},{"@type":"ListItem","position":2,"name":"Multimedia"}]},{"@type":"WebSite","@id":"https:\/\/sixtrum.com\/en\/#website","url":"https:\/\/sixtrum.com\/en\/","name":"Ensemble \u00e0 percussion Sixtrum","description":"Une exploration d\u00e9brid\u00e9e de la percussion contemporaine","publisher":{"@id":"https:\/\/sixtrum.com\/en\/#organization"},"potentialAction":[{"@type":"SearchAction","target":{"@type":"EntryPoint","urlTemplate":"https:\/\/sixtrum.com\/en\/?s={search_term_string}"},"query-input":{"@type":"PropertyValueSpecification","valueRequired":true,"valueName":"search_term_string"}}],"inLanguage":"en-US"},{"@type":"Organization","@id":"https:\/\/sixtrum.com\/en\/#organization","name":"Sixtrum","url":"https:\/\/sixtrum.com\/en\/","logo":{"@type":"ImageObject","inLanguage":"en-US","@id":"https:\/\/sixtrum.com\/en\/#\/schema\/logo\/image\/","url":"https:\/\/sixtrum.com\/wp-content\/uploads\/2020\/10\/sixtrum-ensemble-percussion-logo-noir.png","contentUrl":"https:\/\/sixtrum.com\/wp-content\/uploads\/2020\/10\/sixtrum-ensemble-percussion-logo-noir.png","width":1000,"height":368,"caption":"Sixtrum"},"image":{"@id":"https:\/\/sixtrum.com\/en\/#\/schema\/logo\/image\/"},"sameAs":["https:\/\/www.facebook.com\/sixtrum","https:\/\/x.com\/sixtrum","https:\/\/www.instagram.com\/sixtrum_percussion\/","https:\/\/www.youtube.com\/sixtrum"]}]}},"_links":{"self":[{"href":"https:\/\/sixtrum.com\/en\/wp-json\/wp\/v2\/pages\/1720","targetHints":{"allow":["GET"]}}],"collection":[{"href":"https:\/\/sixtrum.com\/en\/wp-json\/wp\/v2\/pages"}],"about":[{"href":"https:\/\/sixtrum.com\/en\/wp-json\/wp\/v2\/types\/page"}],"author":[{"embeddable":true,"href":"https:\/\/sixtrum.com\/en\/wp-json\/wp\/v2\/users\/2"}],"replies":[{"embeddable":true,"href":"https:\/\/sixtrum.com\/en\/wp-json\/wp\/v2\/comments?post=1720"}],"version-history":[{"count":12,"href":"https:\/\/sixtrum.com\/en\/wp-json\/wp\/v2\/pages\/1720\/revisions"}],"predecessor-version":[{"id":2173,"href":"https:\/\/sixtrum.com\/en\/wp-json\/wp\/v2\/pages\/1720\/revisions\/2173"}],"wp:attachment":[{"href":"https:\/\/sixtrum.com\/en\/wp-json\/wp\/v2\/media?parent=1720"}],"curies":[{"name":"wp","href":"https:\/\/api.w.org\/{rel}","templated":true}]}}