{"id":1708,"date":"2020-10-28T11:27:54","date_gmt":"2020-10-28T15:27:54","guid":{"rendered":"https:\/\/sixtrum.com\/diffuseurs\/"},"modified":"2024-11-08T17:58:34","modified_gmt":"2024-11-08T22:58:34","slug":"programmers","status":"publish","type":"page","link":"https:\/\/sixtrum.com\/en\/programmers\/","title":{"rendered":"Programmers"},"content":{"rendered":"<div class=\"wpb-content-wrapper\"><p>[vc_row css_animation=&#8221;&#8221; row_type=&#8221;row&#8221; use_row_as_full_screen_section=&#8221;no&#8221; type=&#8221;grid&#8221; angled_section=&#8221;no&#8221; text_align=&#8221;left&#8221; background_image_as_pattern=&#8221;without_pattern&#8221; z_index=&#8221;&#8221; padding_top=&#8221;64&#8243; padding_bottom=&#8221;64&#8243; anchor=&#8221;general-audience&#8221;][vc_column][vc_column_text]<\/p>\n<h3>General audience<\/h3>\n<p>[\/vc_column_text][vc_empty_space][vc_row_inner row_type=&#8221;row&#8221; type=&#8221;full_width&#8221; text_align=&#8221;left&#8221; css_animation=&#8221;&#8221;][vc_column_inner width=&#8221;1\/2&#8243;][vc_single_image image=&#8221;1471&#8243; img_size=&#8221;full&#8221; onclick=&#8221;custom_link&#8221; css=&#8221;&#8221; qode_css_animation=&#8221;&#8221; qode_hover_animation=&#8221;zoom_in&#8221; link=&#8221;https:\/\/sixtrum.com\/en\/programmers\/6marimbas\/&#8221;][vc_empty_space height=&#8221;16px&#8221;][vc_column_text]<\/p>\n<h4>6 marimbas<\/h4>\n<p>The 6 marimbas concert features works by composers from Canada and the United States and offers listeners the opportunity to discover the rich sound of these instruments through works that illustrate a wide variety of playing styles and musical writing.[\/vc_column_text][vc_empty_space height=&#8221;16px&#8221;]<a  itemprop=\"url\" href=\"https:\/\/sixtrum.com\/en\/programmers\/6marimbas\/\" target=\"_self\"  class=\"qbutton  default\" style=\"margin: 4px; \">More<i class=\"qode_icon_font_awesome fa fa-angle-right qode_button_icon_element\"><\/i><\/a>[vc_empty_space][\/vc_column_inner][vc_column_inner width=&#8221;1\/2&#8243;][vc_single_image image=&#8221;2423&#8243; img_size=&#8221;full&#8221; onclick=&#8221;custom_link&#8221; css=&#8221;&#8221; qode_css_animation=&#8221;&#8221; qode_hover_animation=&#8221;zoom_in&#8221; link=&#8221;https:\/\/sixtrum.com\/en\/programmers\/directions6\/&#8221;][vc_empty_space height=&#8221;16px&#8221;][vc_column_text css=&#8221;&#8221;]<\/p>\n<h4>Direction 6<\/h4>\n<p>Polytope XXI is a tribute concert to Iannis Xenakis (1922-2001), architect, engineer and composer, who wrote some of the most significant works for percussion of the 21st century. It is also the name that composers Myriam Boucher and Dominic Thibault have given to their project of a monumental instrument, a sort of giant audio-luminous harp augmented by electroacoustics.[\/vc_column_text][vc_empty_space height=&#8221;16px&#8221;]<a  itemprop=\"url\" href=\"https:\/\/sixtrum.com\/en\/programmers\/directions6\/\" target=\"_self\"  class=\"qbutton  default\" style=\"margin: 4px; \">More<i class=\"qode_icon_font_awesome fa fa-angle-right qode_button_icon_element\"><\/i><\/a>[vc_empty_space][\/vc_column_inner][\/vc_row_inner][vc_empty_space][vc_row_inner row_type=&#8221;row&#8221; type=&#8221;full_width&#8221; text_align=&#8221;left&#8221; css_animation=&#8221;&#8221;][vc_column_inner width=&#8221;1\/2&#8243;][vc_single_image image=&#8221;2159&#8243; img_size=&#8221;full&#8221; onclick=&#8221;custom_link&#8221; css=&#8221;&#8221; qode_css_animation=&#8221;&#8221; qode_hover_animation=&#8221;zoom_in&#8221; link=&#8221;https:\/\/sixtrum.com\/en\/programmers\/dans-ma-valise\/&#8221;][vc_empty_space height=&#8221;16px&#8221;][vc_column_text]<\/p>\n<h4>Dans ma valise (&#8221;In my suitcase&#8221;)<\/h4>\n<p>\u00ab\u00a0Dans ma valise\u00a0\u00bb est un spectacle d\u2019improvisation avec acteurs et percussionnistes. Il se d\u00e9roule dans la rue, avec des valises de diff\u00e9rentes tailles et couleurs, qui chacune contient des instruments, des accessoires, des consignes qui lancent les improvisateurs dans des th\u00e8mes vari\u00e9s.[\/vc_column_text][vc_empty_space height=&#8221;16px&#8221;]<a  itemprop=\"url\" href=\"https:\/\/sixtrum.com\/en\/programmers\/dans-ma-valise\/\" target=\"_self\"  class=\"qbutton  default\" style=\"margin: 4px; \">More<i class=\"qode_icon_font_awesome fa fa-angle-right qode_button_icon_element\"><\/i><\/a>[vc_empty_space][\/vc_column_inner][vc_column_inner width=&#8221;1\/2&#8243;][vc_single_image image=&#8221;2452&#8243; img_size=&#8221;full&#8221; onclick=&#8221;custom_link&#8221; css=&#8221;&#8221; qode_css_animation=&#8221;&#8221; qode_hover_animation=&#8221;zoom_in&#8221; link=&#8221;https:\/\/sixtrum.com\/en\/saison-2023-2024\/transformations\/&#8221;][vc_empty_space height=&#8221;16px&#8221;][vc_column_text css=&#8221;&#8221;]<\/p>\n<h4>Transformations<\/h4>\n<p>A Sixtrum and Le Vivier coproduction<\/p>\n<p>From the fluidity of water to the implacable mechanics of machines, Sixtrum explores the transformation of sonorities through mechanical and electronic devices and materials.[\/vc_column_text][vc_empty_space height=&#8221;16px&#8221;]<a  itemprop=\"url\" href=\"https:\/\/sixtrum.com\/en\/saison-2023-2024\/transformations\/\" target=\"_self\"  class=\"qbutton  default\" style=\"margin: 4px; \">More<i class=\"qode_icon_font_awesome fa fa-angle-right qode_button_icon_element\"><\/i><\/a>[vc_empty_space][\/vc_column_inner][\/vc_row_inner][\/vc_column][\/vc_row][vc_row css_animation=&#8221;&#8221; row_type=&#8221;row&#8221; use_row_as_full_screen_section=&#8221;no&#8221; type=&#8221;grid&#8221; angled_section=&#8221;no&#8221; text_align=&#8221;left&#8221; background_image_as_pattern=&#8221;without_pattern&#8221; z_index=&#8221;&#8221; padding_top=&#8221;64&#8243; padding_bottom=&#8221;64&#8243; background_color=&#8221;#ffffff&#8221; anchor=&#8221;young-audience&#8221;][vc_column][vc_column_text]<\/p>\n<h3>Young audience<\/h3>\n<p>[\/vc_column_text][vc_empty_space][vc_empty_space][vc_row_inner row_type=&#8221;row&#8221; type=&#8221;full_width&#8221; text_align=&#8221;left&#8221; css_animation=&#8221;&#8221;][vc_column_inner width=&#8221;1\/2&#8243;][vc_single_image image=&#8221;568&#8243; img_size=&#8221;full&#8221; onclick=&#8221;custom_link&#8221; css=&#8221;&#8221; qode_css_animation=&#8221;&#8221; qode_hover_animation=&#8221;zoom_in&#8221; link=&#8221;https:\/\/sixtrum.com\/en\/programmers\/archipel\/&#8221;][vc_empty_space height=&#8221;16px&#8221;][vc_column_text]<\/p>\n<h4>L&#8217;archipel aux mille sons<\/h4>\n<p>Three percussionists stop on each of these imaginary islands to discover music that is by turns intimate and exuberant, sailing from one to the other on musical themes inspired by water and wind.[\/vc_column_text][vc_empty_space height=&#8221;16px&#8221;]<a  itemprop=\"url\" href=\"https:\/\/sixtrum.com\/en\/programmers\/archipel\/\" target=\"_self\"  class=\"qbutton  default\" style=\"margin: 4px; \">More<i class=\"qode_icon_font_awesome fa fa-angle-right qode_button_icon_element\"><\/i><\/a>[vc_empty_space][\/vc_column_inner][vc_column_inner width=&#8221;1\/2&#8243;][\/vc_column_inner][\/vc_row_inner][\/vc_column][\/vc_row][vc_row css_animation=&#8221;&#8221; row_type=&#8221;row&#8221; use_row_as_full_screen_section=&#8221;no&#8221; type=&#8221;full_width&#8221; angled_section=&#8221;no&#8221; text_align=&#8221;center&#8221; background_image_as_pattern=&#8221;without_pattern&#8221; z_index=&#8221;&#8221; background_color=&#8221;#000000&#8243; padding_top=&#8221;64&#8243; padding_bottom=&#8221;64&#8243;][vc_column width=&#8221;1\/4&#8243;][\/vc_column][vc_column width=&#8221;1\/2&#8243;][vc_column_text css=&#8221;&#8221;]<\/p>\n<h3><span style=\"color: #ffffff;\">Interested in touring Sixtrum?<br \/>\n<\/span><\/h3>\n<h5><span style=\"color: #ffffff;\">Contact us !<\/span><\/h5>\n<p>[\/vc_column_text][vc_empty_space]<a  itemprop=\"url\" href=\"https:\/\/sixtrum.com\/en\/sixtrum-2-contact\/\" target=\"_self\" data-hover-border-color=\"#ffde4e\" class=\"qbutton  large default\" style=\"border-color: #ffffff; \">Contact<i class=\"qode_icon_font_awesome fa fa-envelope qode_button_icon_element\"><\/i><\/a>[\/vc_column][vc_column width=&#8221;1\/4&#8243;][\/vc_column][\/vc_row][vc_row css_animation=&#8221;&#8221; row_type=&#8221;row&#8221; use_row_as_full_screen_section=&#8221;no&#8221; type=&#8221;grid&#8221; angled_section=&#8221;no&#8221; text_align=&#8221;left&#8221; background_image_as_pattern=&#8221;without_pattern&#8221; z_index=&#8221;&#8221; padding_top=&#8221;64&#8243; padding_bottom=&#8221;64&#8243;][vc_column width=&#8221;5\/6&#8243;]<div class=\"templatera_shortcode\"><div      class=\"vc_row wpb_row section vc_row-fluid \" style=' text-align:left;'><div class=\" full_section_inner clearfix\"><div class=\"wpb_column vc_column_container vc_col-sm-3\"><div class=\"vc_column-inner\"><div class=\"wpb_wrapper\">\n\t<div class=\"wpb_single_image wpb_content_element vc_align_left  qode_image_hover_zoom_in\">\n\t\t<div class=\"wpb_wrapper\">\n\t\t\t\n\t\t\t<a href=\"https:\/\/www.umontreal.ca\/\" target=\"_blank\"><div class=\"vc_single_image-wrapper   vc_box_border_grey\"><img loading=\"lazy\" decoding=\"async\" width=\"1000\" height=\"500\" src=\"https:\/\/sixtrum.com\/wp-content\/uploads\/2020\/11\/universite-montreal-logo-noir.png\" class=\"vc_single_image-img attachment-full\" alt=\"\" title=\"universite-montreal-logo-noir\" srcset=\"https:\/\/sixtrum.com\/wp-content\/uploads\/2020\/11\/universite-montreal-logo-noir.png 1000w, https:\/\/sixtrum.com\/wp-content\/uploads\/2020\/11\/universite-montreal-logo-noir-300x150.png 300w, https:\/\/sixtrum.com\/wp-content\/uploads\/2020\/11\/universite-montreal-logo-noir-768x384.png 768w, https:\/\/sixtrum.com\/wp-content\/uploads\/2020\/11\/universite-montreal-logo-noir-700x350.png 700w\" sizes=\"auto, (max-width: 1000px) 100vw, 1000px\" \/><\/div><\/a>\n\t\t<\/div>\n\t<\/div>\n<\/div><\/div><\/div><div class=\"wpb_column vc_column_container vc_col-sm-3\"><div class=\"vc_column-inner\"><div class=\"wpb_wrapper\">\n\t<div class=\"wpb_single_image wpb_content_element vc_align_left  qode_image_hover_zoom_in\">\n\t\t<div class=\"wpb_wrapper\">\n\t\t\t\n\t\t\t<a href=\"https:\/\/www.artsmontreal.org\/fr\" target=\"_blank\"><div class=\"vc_single_image-wrapper   vc_box_border_grey\"><img loading=\"lazy\" decoding=\"async\" width=\"1000\" height=\"500\" src=\"https:\/\/sixtrum.com\/wp-content\/uploads\/2020\/11\/conseil-arts-montreal-logo-noir.png\" class=\"vc_single_image-img attachment-full\" alt=\"\" title=\"conseil-arts-montreal-logo-noir\" srcset=\"https:\/\/sixtrum.com\/wp-content\/uploads\/2020\/11\/conseil-arts-montreal-logo-noir.png 1000w, https:\/\/sixtrum.com\/wp-content\/uploads\/2020\/11\/conseil-arts-montreal-logo-noir-300x150.png 300w, https:\/\/sixtrum.com\/wp-content\/uploads\/2020\/11\/conseil-arts-montreal-logo-noir-768x384.png 768w, https:\/\/sixtrum.com\/wp-content\/uploads\/2020\/11\/conseil-arts-montreal-logo-noir-700x350.png 700w\" sizes=\"auto, (max-width: 1000px) 100vw, 1000px\" \/><\/div><\/a>\n\t\t<\/div>\n\t<\/div>\n<\/div><\/div><\/div><div class=\"wpb_column vc_column_container vc_col-sm-3\"><div class=\"vc_column-inner\"><div class=\"wpb_wrapper\">\n\t<div class=\"wpb_single_image wpb_content_element vc_align_left  qode_image_hover_zoom_in\">\n\t\t<div class=\"wpb_wrapper\">\n\t\t\t\n\t\t\t<a href=\"https:\/\/www.calq.gouv.qc.ca\/\" target=\"_blank\"><div class=\"vc_single_image-wrapper   vc_box_border_grey\"><img loading=\"lazy\" decoding=\"async\" width=\"1000\" height=\"500\" src=\"https:\/\/sixtrum.com\/wp-content\/uploads\/2020\/11\/conseil-arts-lettres-quebec-logo-noir.png\" class=\"vc_single_image-img attachment-full\" alt=\"\" title=\"conseil-arts-lettres-quebec-logo-noir\" srcset=\"https:\/\/sixtrum.com\/wp-content\/uploads\/2020\/11\/conseil-arts-lettres-quebec-logo-noir.png 1000w, https:\/\/sixtrum.com\/wp-content\/uploads\/2020\/11\/conseil-arts-lettres-quebec-logo-noir-300x150.png 300w, https:\/\/sixtrum.com\/wp-content\/uploads\/2020\/11\/conseil-arts-lettres-quebec-logo-noir-768x384.png 768w, https:\/\/sixtrum.com\/wp-content\/uploads\/2020\/11\/conseil-arts-lettres-quebec-logo-noir-700x350.png 700w\" sizes=\"auto, (max-width: 1000px) 100vw, 1000px\" \/><\/div><\/a>\n\t\t<\/div>\n\t<\/div>\n<\/div><\/div><\/div><div class=\"wpb_column vc_column_container vc_col-sm-3\"><div class=\"vc_column-inner\"><div class=\"wpb_wrapper\">\n\t<div class=\"wpb_single_image wpb_content_element vc_align_left  qode_image_hover_zoom_in\">\n\t\t<div class=\"wpb_wrapper\">\n\t\t\t\n\t\t\t<a href=\"https:\/\/conseildesarts.ca\/\" target=\"_blank\"><div class=\"vc_single_image-wrapper   vc_box_border_grey\"><img loading=\"lazy\" decoding=\"async\" width=\"1000\" height=\"500\" src=\"https:\/\/sixtrum.com\/wp-content\/uploads\/2020\/11\/conseil-arts-canada-logo-noir.png\" class=\"vc_single_image-img attachment-full\" alt=\"\" title=\"conseil-arts-canada-logo-noir\" srcset=\"https:\/\/sixtrum.com\/wp-content\/uploads\/2020\/11\/conseil-arts-canada-logo-noir.png 1000w, https:\/\/sixtrum.com\/wp-content\/uploads\/2020\/11\/conseil-arts-canada-logo-noir-300x150.png 300w, https:\/\/sixtrum.com\/wp-content\/uploads\/2020\/11\/conseil-arts-canada-logo-noir-768x384.png 768w, https:\/\/sixtrum.com\/wp-content\/uploads\/2020\/11\/conseil-arts-canada-logo-noir-700x350.png 700w\" sizes=\"auto, (max-width: 1000px) 100vw, 1000px\" \/><\/div><\/a>\n\t\t<\/div>\n\t<\/div>\n<\/div><\/div><\/div><\/div><\/div><\/div>[\/vc_column][vc_column width=&#8221;1\/6&#8243;][\/vc_column][\/vc_row]<\/p>\n<\/div>","protected":false},"excerpt":{"rendered":"General audience 6 marimbas The 6 marimbas concert features works by composers from Canada and the United States and offers listeners the opportunity to discover the rich sound of these instruments through works that illustrate a wide variety of playing styles and musical writing. More...","protected":false},"author":2,"featured_media":0,"parent":0,"menu_order":0,"comment_status":"closed","ping_status":"closed","template":"full_width.php","meta":{"footnotes":""},"class_list":["post-1708","page","type-page","status-publish","hentry"],"yoast_head":"<!-- This site is optimized with the Yoast SEO plugin v26.4 - https:\/\/yoast.com\/wordpress\/plugins\/seo\/ -->\n<title>Programmers - Ensemble \u00e0 percussion Sixtrum<\/title>\n<meta name=\"robots\" content=\"index, follow, max-snippet:-1, max-image-preview:large, max-video-preview:-1\" \/>\n<link rel=\"canonical\" href=\"https:\/\/sixtrum.com\/en\/programmers\/\" \/>\n<meta property=\"og:locale\" content=\"en_US\" \/>\n<meta property=\"og:type\" content=\"article\" \/>\n<meta property=\"og:title\" content=\"Programmers - Ensemble \u00e0 percussion Sixtrum\" \/>\n<meta property=\"og:url\" content=\"https:\/\/sixtrum.com\/en\/programmers\/\" \/>\n<meta property=\"og:site_name\" content=\"Ensemble \u00e0 percussion Sixtrum\" \/>\n<meta property=\"article:publisher\" content=\"https:\/\/www.facebook.com\/sixtrum\" \/>\n<meta property=\"article:modified_time\" content=\"2024-11-08T22:58:34+00:00\" \/>\n<meta property=\"og:image\" content=\"https:\/\/sixtrum.com\/wp-content\/uploads\/2020\/10\/sixtrum-ensemble-percussion-photo-groupe-hugo-lefort-fullscreen.jpg\" \/>\n\t<meta property=\"og:image:width\" content=\"2560\" \/>\n\t<meta property=\"og:image:height\" content=\"1440\" \/>\n\t<meta property=\"og:image:type\" content=\"image\/jpeg\" \/>\n<meta name=\"twitter:card\" content=\"summary_large_image\" \/>\n<meta name=\"twitter:site\" content=\"@sixtrum\" \/>\n<meta name=\"twitter:label1\" content=\"Est. reading time\" \/>\n\t<meta name=\"twitter:data1\" content=\"3 minutes\" \/>\n<script type=\"application\/ld+json\" class=\"yoast-schema-graph\">{\"@context\":\"https:\/\/schema.org\",\"@graph\":[{\"@type\":\"WebPage\",\"@id\":\"https:\/\/sixtrum.com\/en\/programmers\/\",\"url\":\"https:\/\/sixtrum.com\/en\/programmers\/\",\"name\":\"Programmers - Ensemble \u00e0 percussion Sixtrum\",\"isPartOf\":{\"@id\":\"https:\/\/sixtrum.com\/en\/#website\"},\"datePublished\":\"2020-10-28T15:27:54+00:00\",\"dateModified\":\"2024-11-08T22:58:34+00:00\",\"breadcrumb\":{\"@id\":\"https:\/\/sixtrum.com\/en\/programmers\/#breadcrumb\"},\"inLanguage\":\"en-US\",\"potentialAction\":[{\"@type\":\"ReadAction\",\"target\":[\"https:\/\/sixtrum.com\/en\/programmers\/\"]}]},{\"@type\":\"BreadcrumbList\",\"@id\":\"https:\/\/sixtrum.com\/en\/programmers\/#breadcrumb\",\"itemListElement\":[{\"@type\":\"ListItem\",\"position\":1,\"name\":\"Accueil\",\"item\":\"https:\/\/sixtrum.com\/en\/\"},{\"@type\":\"ListItem\",\"position\":2,\"name\":\"Programmers\"}]},{\"@type\":\"WebSite\",\"@id\":\"https:\/\/sixtrum.com\/en\/#website\",\"url\":\"https:\/\/sixtrum.com\/en\/\",\"name\":\"Ensemble \u00e0 percussion Sixtrum\",\"description\":\"Une exploration d\u00e9brid\u00e9e de la percussion contemporaine\",\"publisher\":{\"@id\":\"https:\/\/sixtrum.com\/en\/#organization\"},\"potentialAction\":[{\"@type\":\"SearchAction\",\"target\":{\"@type\":\"EntryPoint\",\"urlTemplate\":\"https:\/\/sixtrum.com\/en\/?s={search_term_string}\"},\"query-input\":{\"@type\":\"PropertyValueSpecification\",\"valueRequired\":true,\"valueName\":\"search_term_string\"}}],\"inLanguage\":\"en-US\"},{\"@type\":\"Organization\",\"@id\":\"https:\/\/sixtrum.com\/en\/#organization\",\"name\":\"Sixtrum\",\"url\":\"https:\/\/sixtrum.com\/en\/\",\"logo\":{\"@type\":\"ImageObject\",\"inLanguage\":\"en-US\",\"@id\":\"https:\/\/sixtrum.com\/en\/#\/schema\/logo\/image\/\",\"url\":\"https:\/\/sixtrum.com\/wp-content\/uploads\/2020\/10\/sixtrum-ensemble-percussion-logo-noir.png\",\"contentUrl\":\"https:\/\/sixtrum.com\/wp-content\/uploads\/2020\/10\/sixtrum-ensemble-percussion-logo-noir.png\",\"width\":1000,\"height\":368,\"caption\":\"Sixtrum\"},\"image\":{\"@id\":\"https:\/\/sixtrum.com\/en\/#\/schema\/logo\/image\/\"},\"sameAs\":[\"https:\/\/www.facebook.com\/sixtrum\",\"https:\/\/x.com\/sixtrum\",\"https:\/\/www.instagram.com\/sixtrum_percussion\/\",\"https:\/\/www.youtube.com\/sixtrum\"]}]}<\/script>\n<!-- \/ Yoast SEO plugin. -->","yoast_head_json":{"title":"Programmers - Ensemble \u00e0 percussion Sixtrum","robots":{"index":"index","follow":"follow","max-snippet":"max-snippet:-1","max-image-preview":"max-image-preview:large","max-video-preview":"max-video-preview:-1"},"canonical":"https:\/\/sixtrum.com\/en\/programmers\/","og_locale":"en_US","og_type":"article","og_title":"Programmers - Ensemble \u00e0 percussion Sixtrum","og_url":"https:\/\/sixtrum.com\/en\/programmers\/","og_site_name":"Ensemble \u00e0 percussion Sixtrum","article_publisher":"https:\/\/www.facebook.com\/sixtrum","article_modified_time":"2024-11-08T22:58:34+00:00","og_image":[{"width":2560,"height":1440,"url":"https:\/\/sixtrum.com\/wp-content\/uploads\/2020\/10\/sixtrum-ensemble-percussion-photo-groupe-hugo-lefort-fullscreen.jpg","type":"image\/jpeg"}],"twitter_card":"summary_large_image","twitter_site":"@sixtrum","twitter_misc":{"Est. reading time":"3 minutes"},"schema":{"@context":"https:\/\/schema.org","@graph":[{"@type":"WebPage","@id":"https:\/\/sixtrum.com\/en\/programmers\/","url":"https:\/\/sixtrum.com\/en\/programmers\/","name":"Programmers - Ensemble \u00e0 percussion Sixtrum","isPartOf":{"@id":"https:\/\/sixtrum.com\/en\/#website"},"datePublished":"2020-10-28T15:27:54+00:00","dateModified":"2024-11-08T22:58:34+00:00","breadcrumb":{"@id":"https:\/\/sixtrum.com\/en\/programmers\/#breadcrumb"},"inLanguage":"en-US","potentialAction":[{"@type":"ReadAction","target":["https:\/\/sixtrum.com\/en\/programmers\/"]}]},{"@type":"BreadcrumbList","@id":"https:\/\/sixtrum.com\/en\/programmers\/#breadcrumb","itemListElement":[{"@type":"ListItem","position":1,"name":"Accueil","item":"https:\/\/sixtrum.com\/en\/"},{"@type":"ListItem","position":2,"name":"Programmers"}]},{"@type":"WebSite","@id":"https:\/\/sixtrum.com\/en\/#website","url":"https:\/\/sixtrum.com\/en\/","name":"Ensemble \u00e0 percussion Sixtrum","description":"Une exploration d\u00e9brid\u00e9e de la percussion contemporaine","publisher":{"@id":"https:\/\/sixtrum.com\/en\/#organization"},"potentialAction":[{"@type":"SearchAction","target":{"@type":"EntryPoint","urlTemplate":"https:\/\/sixtrum.com\/en\/?s={search_term_string}"},"query-input":{"@type":"PropertyValueSpecification","valueRequired":true,"valueName":"search_term_string"}}],"inLanguage":"en-US"},{"@type":"Organization","@id":"https:\/\/sixtrum.com\/en\/#organization","name":"Sixtrum","url":"https:\/\/sixtrum.com\/en\/","logo":{"@type":"ImageObject","inLanguage":"en-US","@id":"https:\/\/sixtrum.com\/en\/#\/schema\/logo\/image\/","url":"https:\/\/sixtrum.com\/wp-content\/uploads\/2020\/10\/sixtrum-ensemble-percussion-logo-noir.png","contentUrl":"https:\/\/sixtrum.com\/wp-content\/uploads\/2020\/10\/sixtrum-ensemble-percussion-logo-noir.png","width":1000,"height":368,"caption":"Sixtrum"},"image":{"@id":"https:\/\/sixtrum.com\/en\/#\/schema\/logo\/image\/"},"sameAs":["https:\/\/www.facebook.com\/sixtrum","https:\/\/x.com\/sixtrum","https:\/\/www.instagram.com\/sixtrum_percussion\/","https:\/\/www.youtube.com\/sixtrum"]}]}},"_links":{"self":[{"href":"https:\/\/sixtrum.com\/en\/wp-json\/wp\/v2\/pages\/1708","targetHints":{"allow":["GET"]}}],"collection":[{"href":"https:\/\/sixtrum.com\/en\/wp-json\/wp\/v2\/pages"}],"about":[{"href":"https:\/\/sixtrum.com\/en\/wp-json\/wp\/v2\/types\/page"}],"author":[{"embeddable":true,"href":"https:\/\/sixtrum.com\/en\/wp-json\/wp\/v2\/users\/2"}],"replies":[{"embeddable":true,"href":"https:\/\/sixtrum.com\/en\/wp-json\/wp\/v2\/comments?post=1708"}],"version-history":[{"count":13,"href":"https:\/\/sixtrum.com\/en\/wp-json\/wp\/v2\/pages\/1708\/revisions"}],"predecessor-version":[{"id":2876,"href":"https:\/\/sixtrum.com\/en\/wp-json\/wp\/v2\/pages\/1708\/revisions\/2876"}],"wp:attachment":[{"href":"https:\/\/sixtrum.com\/en\/wp-json\/wp\/v2\/media?parent=1708"}],"curies":[{"name":"wp","href":"https:\/\/api.w.org\/{rel}","templated":true}]}}