{"id":1705,"date":"2021-09-14T16:29:44","date_gmt":"2021-09-14T20:29:44","guid":{"rendered":"https:\/\/sixtrum.com\/dans-ma-valise\/"},"modified":"2023-04-13T14:34:48","modified_gmt":"2023-04-13T18:34:48","slug":"dans-ma-valise","status":"publish","type":"page","link":"https:\/\/sixtrum.com\/en\/programmers\/dans-ma-valise\/","title":{"rendered":"Dans ma valise"},"content":{"rendered":"<div class=\"wpb-content-wrapper\"><p>[vc_row css_animation=&#8221;&#8221; row_type=&#8221;row&#8221; use_row_as_full_screen_section=&#8221;no&#8221; type=&#8221;full_width&#8221; angled_section=&#8221;no&#8221; text_align=&#8221;left&#8221; background_image_as_pattern=&#8221;without_pattern&#8221;][vc_column]\n\t\t\t<!-- START Dans ma valise REVOLUTION SLIDER 6.7.38 --><p class=\"rs-p-wp-fix\"><\/p>\n\t\t\t<rs-module-wrap id=\"rev_slider_11_1_wrapper\" data-source=\"gallery\" style=\"visibility:hidden;background:transparent;padding:0;margin:0px auto;margin-top:0;margin-bottom:0;\">\n\t\t\t\t<rs-module id=\"rev_slider_11_1\" style=\"\" data-version=\"6.7.38\">\n\t\t\t\t\t<rs-slides style=\"overflow: hidden; position: absolute;\">\n\t\t\t\t\t\t<rs-slide style=\"position: absolute;\" data-key=\"rs-73\" data-title=\"Slide\" data-thumb=\"\/\/sixtrum.com\/wp-content\/uploads\/2021\/09\/Dans-ma-valise_-credit-Fabrice-Marandola-1-scaled-50x100.jpg\" data-anim=\"ms:1000;r:0;\" data-in=\"o:0;\" data-out=\"a:false;\">\n\t\t\t\t\t\t\t<img decoding=\"async\" src=\"\/\/sixtrum.com\/wp-content\/plugins\/revslider\/sr6\/assets\/assets\/dummy.png\" alt=\"\" title=\"Dans ma valise_ cr\u00e9dit Fabrice Marandola (1)\" width=\"2560\" height=\"1790\" class=\"rev-slidebg tp-rs-img rs-lazyload\" data-lazyload=\"\/\/sixtrum.com\/wp-content\/uploads\/2021\/09\/Dans-ma-valise_-credit-Fabrice-Marandola-1-scaled.jpg\" data-parallax=\"off\" data-no-retina>\n<!---->\t\t\t\t\t<\/rs-slide>\n\t\t\t\t\t\t<rs-slide style=\"position: absolute;\" data-key=\"rs-74\" data-title=\"Slide\" data-thumb=\"\/\/sixtrum.com\/wp-content\/uploads\/2021\/09\/Dans-ma-valise_-credit-Fabrice-Marandola-8-scaled-50x100.jpg\" data-anim=\"ms:1000;r:0;\" data-in=\"o:0;\" data-out=\"a:false;\">\n\t\t\t\t\t\t\t<img decoding=\"async\" src=\"\/\/sixtrum.com\/wp-content\/plugins\/revslider\/sr6\/assets\/assets\/dummy.png\" alt=\"\" title=\"Dans ma valise_ cr\u00e9dit Fabrice Marandola (8)\" width=\"2560\" height=\"1875\" class=\"rev-slidebg tp-rs-img rs-lazyload\" data-lazyload=\"\/\/sixtrum.com\/wp-content\/uploads\/2021\/09\/Dans-ma-valise_-credit-Fabrice-Marandola-8-scaled.jpg\" data-parallax=\"off\" data-no-retina>\n<!---->\t\t\t\t\t<\/rs-slide>\n\t\t\t\t\t\t<rs-slide style=\"position: absolute;\" data-key=\"rs-75\" data-title=\"Slide\" data-thumb=\"\/\/sixtrum.com\/wp-content\/uploads\/2021\/09\/Dans-ma-valise_-credit-Fabrice-Marandola-41-scaled-50x100.jpg\" data-anim=\"ms:1000;r:0;\" data-in=\"o:0;\" data-out=\"a:false;\">\n\t\t\t\t\t\t\t<img decoding=\"async\" src=\"\/\/sixtrum.com\/wp-content\/plugins\/revslider\/sr6\/assets\/assets\/dummy.png\" alt=\"\" title=\"Dans ma valise_ cr\u00e9dit Fabrice Marandola (41)\" width=\"2560\" height=\"1708\" class=\"rev-slidebg tp-rs-img rs-lazyload\" data-lazyload=\"\/\/sixtrum.com\/wp-content\/uploads\/2021\/09\/Dans-ma-valise_-credit-Fabrice-Marandola-41-scaled.jpg\" data-parallax=\"off\" data-no-retina>\n<!---->\t\t\t\t\t<\/rs-slide>\n\t\t\t\t\t\t<rs-slide style=\"position: absolute;\" data-key=\"rs-76\" data-title=\"Slide\" data-thumb=\"\/\/sixtrum.com\/wp-content\/uploads\/2021\/09\/Dans-ma-valise_-credit-Fabrice-Marandola-2-scaled-50x100.jpg\" data-anim=\"ms:1000;r:0;\" data-in=\"o:0;\" data-out=\"a:false;\">\n\t\t\t\t\t\t\t<img decoding=\"async\" src=\"\/\/sixtrum.com\/wp-content\/plugins\/revslider\/sr6\/assets\/assets\/dummy.png\" alt=\"\" title=\"Dans ma valise_ cr\u00e9dit Fabrice Marandola (2)\" width=\"2560\" height=\"1870\" class=\"rev-slidebg tp-rs-img rs-lazyload\" data-lazyload=\"\/\/sixtrum.com\/wp-content\/uploads\/2021\/09\/Dans-ma-valise_-credit-Fabrice-Marandola-2-scaled.jpg\" data-parallax=\"off\" data-no-retina>\n<!---->\t\t\t\t\t<\/rs-slide>\n\t\t\t\t\t\t<rs-slide style=\"position: absolute;\" data-key=\"rs-77\" data-title=\"Slide\" data-thumb=\"\/\/sixtrum.com\/wp-content\/uploads\/2021\/09\/Dans-ma-valise_-credit-Fabrice-Marandola-14-scaled-50x100.jpg\" data-anim=\"ms:1000;r:0;\" data-in=\"o:0;\" data-out=\"a:false;\">\n\t\t\t\t\t\t\t<img decoding=\"async\" src=\"\/\/sixtrum.com\/wp-content\/plugins\/revslider\/sr6\/assets\/assets\/dummy.png\" alt=\"\" title=\"Dans ma valise_ cr\u00e9dit Fabrice Marandola (14)\" width=\"2560\" height=\"1708\" class=\"rev-slidebg tp-rs-img rs-lazyload\" data-lazyload=\"\/\/sixtrum.com\/wp-content\/uploads\/2021\/09\/Dans-ma-valise_-credit-Fabrice-Marandola-14-scaled.jpg\" data-parallax=\"off\" data-no-retina>\n<!---->\t\t\t\t\t<\/rs-slide>\n\t\t\t\t\t<\/rs-slides>\n\t\t\t\t<\/rs-module>\n\t\t\t\t<script>\n\t\t\t\t\tsetREVStartSize({c: 'rev_slider_11_1',rl:[1240,1240,778,480],el:[525,525,960,720],gw:[1240,1240,778,480],gh:[525,525,550,400],type:'standard',justify:'',layout:'fullwidth',mh:\"0\"});if (window.RS_MODULES!==undefined && window.RS_MODULES.modules!==undefined && window.RS_MODULES.modules[\"revslider111\"]!==undefined) {window.RS_MODULES.modules[\"revslider111\"].once = false;window.revapi11 = undefined;if (window.RS_MODULES.checkMinimal!==undefined) window.RS_MODULES.checkMinimal()}\n\t\t\t\t<\/script>\n\t\t\t<\/rs-module-wrap>\n\t\t\t<!-- END REVOLUTION SLIDER -->\n[\/vc_column][\/vc_row][vc_row css_animation=&#8221;&#8221; row_type=&#8221;row&#8221; use_row_as_full_screen_section=&#8221;no&#8221; type=&#8221;grid&#8221; angled_section=&#8221;no&#8221; text_align=&#8221;left&#8221; background_image_as_pattern=&#8221;without_pattern&#8221; z_index=&#8221;&#8221; padding_top=&#8221;64&#8243; padding_bottom=&#8221;64&#8243;][vc_column][vc_column_text]<\/p>\n<h2>Dans ma valise<\/h2>\n<p>[\/vc_column_text][vc_empty_space height=&#8221;16px&#8221;][vc_row_inner row_type=&#8221;row&#8221; type=&#8221;full_width&#8221; text_align=&#8221;left&#8221; css_animation=&#8221;&#8221;][vc_column_inner width=&#8221;5\/6&#8243;][vc_column_text]<em>Dans ma valise<\/em> (&#8221;In my suitcase&#8221;) is an improvisation show with actors and percussionists. It takes place in the street, with suitcases of different sizes and colors, each of which contains instruments, props and instructions that launch the improvisers into various themes. The suitcases propose starting situations (station platform, subway platform, American customs, airport check-in, grandma&#8217;s attic) which are pretexts for various improvisations; a master of ceremonies will play the master of time, helped by a large chronometer dial that the improvisers will try to thwart with humor and good humor.<\/p>\n<p><strong>First performance<\/strong>: September 2021, Montreal (spaces in front of the McCord Museum and the Museum of Fine Arts)[\/vc_column_text][\/vc_column_inner][vc_column_inner width=&#8221;1\/6&#8243;][\/vc_column_inner][\/vc_row_inner][\/vc_column][\/vc_row][vc_row css_animation=&#8221;&#8221; row_type=&#8221;row&#8221; use_row_as_full_screen_section=&#8221;no&#8221; type=&#8221;grid&#8221; angled_section=&#8221;no&#8221; text_align=&#8221;left&#8221; background_image_as_pattern=&#8221;without_pattern&#8221; z_index=&#8221;&#8221; padding_top=&#8221;64&#8243; padding_bottom=&#8221;64&#8243; background_color=&#8221;#ffffff&#8221;][vc_column width=&#8221;1\/3&#8243;]<div class='q_icon_with_title tiny circle left_from_title '><div class=\"icon_text_holder\" style=\"\"><div class=\"icon_text_inner\" style=\"\"><div class=\"icon_title_holder\"><div class=\"icon_holder \" style=\" \"><span data-icon-type=\"circle\" data-icon-hover-bg-color=\"#ffde4e\" class=\"qode_iwt_icon_holder fa-stack fa-lg  \" style=\"border-color: #ffde4e;background-color: #ffde4e\"><i class=\"qode_icon_font_awesome fa fa-dot-circle-o qode_iwt_icon_element\" style=\"color: #242424\"><\/i><\/span><\/div><h6 class=\"icon_title\" style=\"\">Family show<\/h6><\/div><p style=''><\/p><\/div><\/div><\/div><div class='q_icon_with_title tiny circle left_from_title '><div class=\"icon_text_holder\" style=\"\"><div class=\"icon_text_inner\" style=\"\"><div class=\"icon_title_holder\"><div class=\"icon_holder \" style=\" \"><span data-icon-type=\"circle\" data-icon-hover-bg-color=\"#ffde4e\" class=\"qode_iwt_icon_holder fa-stack fa-lg  \" style=\"border-color: #ffde4e;background-color: #ffde4e\"><i class=\"qode_icon_font_awesome fa fa-clock-o qode_iwt_icon_element\" style=\"color: #242424\"><\/i><\/span><\/div><h6 class=\"icon_title\" style=\"\">Duration : 4 sets of 20 min each<\/h6><\/div><p style=''><\/p><\/div><\/div><\/div><div class='q_icon_with_title tiny circle left_from_title '><div class=\"icon_text_holder\" style=\"\"><div class=\"icon_text_inner\" style=\"\"><div class=\"icon_title_holder\"><div class=\"icon_holder \" style=\" \"><span data-icon-type=\"circle\" data-icon-hover-bg-color=\"#ffde4e\" class=\"qode_iwt_icon_holder fa-stack fa-lg  \" style=\"border-color: #ffde4e;background-color: #ffde4e\"><i class=\"qode_icon_font_awesome fa fa-building-o qode_iwt_icon_element\" style=\"color: #242424\"><\/i><\/span><\/div><h6 class=\"icon_title\" style=\"\">outside \/ inside performance<\/h6><\/div><p style=''><\/p><\/div><\/div><\/div>[vc_empty_space][\/vc_column][vc_column width=&#8221;1\/3&#8243;]<div class='q_icon_with_title tiny circle left_from_title '><div class=\"icon_text_holder\" style=\"\"><div class=\"icon_text_inner\" style=\"\"><div class=\"icon_title_holder\"><div class=\"icon_holder \" style=\" \"><span data-icon-type=\"circle\" data-icon-hover-bg-color=\"#ffde4e\" class=\"qode_iwt_icon_holder fa-stack fa-lg  \" style=\"border-color: #ffde4e;background-color: #ffde4e\"><i class=\"qode_icon_font_awesome_5 fa5 fa fa-drum qode_iwt_icon_element\" style=\"color: #242424\"><\/i><\/span><\/div><h6 class=\"icon_title\" style=\"\">Artists<\/h6><\/div><p style=''><\/p><\/div><\/div><\/div>[vc_column_text css=&#8221;.vc_custom_1674772041205{margin-top: -25px !important;}&#8221;]<\/p>\n<p style=\"padding-left: 40px;\"><strong>SIXTRUM<\/strong><\/p>\n<p style=\"padding-left: 40px;\">Jo\u00e3o Catal\u00e3o<br \/>\nPhilip Hornsey<br \/>\nKristie Ibrahim<br \/>\nFabrice Marandola<br \/>\nSandra Joseph (invit\u00e9e)<\/p>\n<p style=\"padding-left: 40px;\"><strong>ACTORS (2022)<\/strong><\/p>\n<p style=\"padding-left: 40px;\">Nicholas Bourdon-Fontaine<br \/>\nLor Shirley Tran<br \/>\nMarianne Desjardins<\/p>\n<p style=\"padding-left: 40px;\"><strong>ACTORS (2021)<\/strong><\/p>\n<p style=\"padding-left: 40px;\">Romane Bonpunt<br \/>\nMichael Dub\u00e9<br \/>\nJulien Bouchard-Claessens<\/p>\n<p style=\"padding-left: 40px;\"><b>Director and facilitator<\/b> : Michel G. Barette<\/p>\n<p>[\/vc_column_text][vc_empty_space][vc_empty_space][\/vc_column][vc_column width=&#8221;1\/3&#8243;]<div class='q_icon_with_title tiny circle left_from_title '><div class=\"icon_text_holder\" style=\"\"><div class=\"icon_text_inner\" style=\"\"><div class=\"icon_title_holder\"><div class=\"icon_holder \" style=\" \"><span data-icon-type=\"circle\" data-icon-hover-bg-color=\"#ffde4e\" class=\"qode_iwt_icon_holder fa-stack fa-lg  \" style=\"border-color: #ffde4e;background-color: #ffde4e\"><i class=\"qode_icon_font_awesome fa fa-envelope-o qode_iwt_icon_element\" style=\"color: #242424\"><\/i><\/span><\/div><h6 class=\"icon_title\" style=\"\">Contacts<\/h6><\/div><p style=''><\/p><\/div><\/div><\/div>[vc_column_text css=&#8221;.vc_custom_1681410885903{margin-top: -25px !important;}&#8221;]<\/p>\n<p style=\"padding-left: 40px;\"><strong>Fabrice Marandola<\/strong><br \/>\nassociate artistic director<br \/>\n<u><a href=\"mailto:fabrice.marandola@sixtrum.com\">fabrice.marandola@sixtrum.com<\/a><\/u><\/p>\n<p style=\"padding-left: 40px;\"><strong>Aur\u00e9lie Suberchicot<\/strong><br \/>\nmusic promotion and communication<br \/>\n<u><a href=\"mailto:info@sixtrum.com\">info@sixtrum.com<\/a><\/u><\/p>\n<p>[\/vc_column_text][vc_empty_space]<div class='q_icon_with_title tiny circle left_from_title '><div class=\"icon_text_holder\" style=\"\"><div class=\"icon_text_inner\" style=\"\"><div class=\"icon_title_holder\"><div class=\"icon_holder \" style=\" \"><span data-icon-type=\"circle\" data-icon-hover-bg-color=\"#ffde4e\" class=\"qode_iwt_icon_holder fa-stack fa-lg  \" style=\"border-color: #ffde4e;background-color: #ffde4e\"><i class=\"qode_icon_font_awesome fa fa-download qode_iwt_icon_element\" style=\"color: #242424\"><\/i><\/span><\/div><h6 class=\"icon_title\" style=\"\">Downloads<\/h6><\/div><p style=''><\/p><\/div><\/div><\/div>[vc_column_text css=&#8221;.vc_custom_1674772354086{margin-top: -25px !important;}&#8221;]<\/p>\n<p style=\"padding-left: 40px;\"><u><a href=\"https:\/\/sixtrum.com\/en\/ensemble\/#biographies-photos-logos\">Bi<\/a>ography and photos<\/u><\/p>\n<p>[\/vc_column_text][\/vc_column][\/vc_row]<\/p>\n<\/div>","protected":false},"excerpt":{"rendered":"<p>[vc_row css_animation=&#8221;&#8221; row_type=&#8221;row&#8221; use_row_as_full_screen_section=&#8221;no&#8221; type=&#8221;full_width&#8221; angled_section=&#8221;no&#8221; text_align=&#8221;left&#8221; background_image_as_pattern=&#8221;without_pattern&#8221;][vc_column][\/vc_column][\/vc_row][vc_row css_animation=&#8221;&#8221; row_type=&#8221;row&#8221; use_row_as_full_screen_section=&#8221;no&#8221; type=&#8221;grid&#8221; angled_section=&#8221;no&#8221; text_align=&#8221;left&#8221; background_image_as_pattern=&#8221;without_pattern&#8221; z_index=&#8221;&#8221; padding_top=&#8221;64&#8243; padding_bottom=&#8221;64&#8243;][vc_column][vc_column_text] Dans ma valise [\/vc_column_text][vc_empty_space height=&#8221;16px&#8221;][vc_row_inner row_type=&#8221;row&#8221; type=&#8221;full_width&#8221; text_align=&#8221;left&#8221; css_animation=&#8221;&#8221;][vc_column_inner width=&#8221;5\/6&#8243;][vc_column_text]Dans ma valise (&#8221;In my suitcase&#8221;) is an improvisation show with actors and percussionists. It takes place in&#8230;<\/p>\n","protected":false},"author":4,"featured_media":860,"parent":1708,"menu_order":0,"comment_status":"closed","ping_status":"closed","template":"full_width.php","meta":{"footnotes":""},"class_list":["post-1705","page","type-page","status-publish","has-post-thumbnail","hentry"],"yoast_head":"<!-- This site is optimized with the Yoast SEO plugin v26.4 - https:\/\/yoast.com\/wordpress\/plugins\/seo\/ -->\n<title>Dans ma valise - Ensemble \u00e0 percussion Sixtrum<\/title>\n<meta name=\"description\" content=\"&quot;Dans ma valise&quot; is an improvisation show with actors and percussionists. It takes place in the street, with suitcases of different sizes and colors, each of which contains instruments, props, instructions that launch the improvisers into various themes.\" \/>\n<meta name=\"robots\" content=\"index, follow, max-snippet:-1, max-image-preview:large, max-video-preview:-1\" \/>\n<link rel=\"canonical\" href=\"https:\/\/sixtrum.com\/en\/programmers\/dans-ma-valise\/\" \/>\n<meta property=\"og:locale\" content=\"en_US\" \/>\n<meta property=\"og:type\" content=\"article\" \/>\n<meta property=\"og:title\" content=\"Dans ma valise - Ensemble \u00e0 percussion Sixtrum\" \/>\n<meta property=\"og:description\" content=\"&quot;Dans ma valise&quot; is an improvisation show with actors and percussionists. It takes place in the street, with suitcases of different sizes and colors, each of which contains instruments, props, instructions that launch the improvisers into various themes.\" \/>\n<meta property=\"og:url\" content=\"https:\/\/sixtrum.com\/en\/programmers\/dans-ma-valise\/\" \/>\n<meta property=\"og:site_name\" content=\"Ensemble \u00e0 percussion Sixtrum\" \/>\n<meta property=\"article:publisher\" content=\"https:\/\/www.facebook.com\/sixtrum\" \/>\n<meta property=\"article:modified_time\" content=\"2023-04-13T18:34:48+00:00\" \/>\n<meta property=\"og:image\" content=\"https:\/\/sixtrum.com\/wp-content\/uploads\/2021\/09\/DSC_1505-1-scaled.jpg\" \/>\n\t<meta property=\"og:image:width\" content=\"2560\" \/>\n\t<meta property=\"og:image:height\" content=\"1589\" \/>\n\t<meta property=\"og:image:type\" content=\"image\/jpeg\" \/>\n<meta name=\"twitter:card\" content=\"summary_large_image\" \/>\n<meta name=\"twitter:site\" content=\"@sixtrum\" \/>\n<meta name=\"twitter:label1\" content=\"Est. reading time\" \/>\n\t<meta name=\"twitter:data1\" content=\"2 minutes\" \/>\n<script type=\"application\/ld+json\" class=\"yoast-schema-graph\">{\"@context\":\"https:\/\/schema.org\",\"@graph\":[{\"@type\":\"WebPage\",\"@id\":\"https:\/\/sixtrum.com\/en\/programmers\/dans-ma-valise\/\",\"url\":\"https:\/\/sixtrum.com\/en\/programmers\/dans-ma-valise\/\",\"name\":\"Dans ma valise - Ensemble \u00e0 percussion Sixtrum\",\"isPartOf\":{\"@id\":\"https:\/\/sixtrum.com\/en\/#website\"},\"primaryImageOfPage\":{\"@id\":\"https:\/\/sixtrum.com\/en\/programmers\/dans-ma-valise\/#primaryimage\"},\"image\":{\"@id\":\"https:\/\/sixtrum.com\/en\/programmers\/dans-ma-valise\/#primaryimage\"},\"thumbnailUrl\":\"https:\/\/sixtrum.com\/wp-content\/uploads\/2021\/09\/DSC_1505-1-scaled.jpg\",\"datePublished\":\"2021-09-14T20:29:44+00:00\",\"dateModified\":\"2023-04-13T18:34:48+00:00\",\"description\":\"\\\"Dans ma valise\\\" is an improvisation show with actors and percussionists. It takes place in the street, with suitcases of different sizes and colors, each of which contains instruments, props, instructions that launch the improvisers into various themes.\",\"breadcrumb\":{\"@id\":\"https:\/\/sixtrum.com\/en\/programmers\/dans-ma-valise\/#breadcrumb\"},\"inLanguage\":\"en-US\",\"potentialAction\":[{\"@type\":\"ReadAction\",\"target\":[\"https:\/\/sixtrum.com\/en\/programmers\/dans-ma-valise\/\"]}]},{\"@type\":\"ImageObject\",\"inLanguage\":\"en-US\",\"@id\":\"https:\/\/sixtrum.com\/en\/programmers\/dans-ma-valise\/#primaryimage\",\"url\":\"https:\/\/sixtrum.com\/wp-content\/uploads\/2021\/09\/DSC_1505-1-scaled.jpg\",\"contentUrl\":\"https:\/\/sixtrum.com\/wp-content\/uploads\/2021\/09\/DSC_1505-1-scaled.jpg\",\"width\":2560,\"height\":1589},{\"@type\":\"BreadcrumbList\",\"@id\":\"https:\/\/sixtrum.com\/en\/programmers\/dans-ma-valise\/#breadcrumb\",\"itemListElement\":[{\"@type\":\"ListItem\",\"position\":1,\"name\":\"Accueil\",\"item\":\"https:\/\/sixtrum.com\/en\/\"},{\"@type\":\"ListItem\",\"position\":2,\"name\":\"Programmers\",\"item\":\"https:\/\/sixtrum.com\/en\/programmers\/\"},{\"@type\":\"ListItem\",\"position\":3,\"name\":\"Dans ma valise\"}]},{\"@type\":\"WebSite\",\"@id\":\"https:\/\/sixtrum.com\/en\/#website\",\"url\":\"https:\/\/sixtrum.com\/en\/\",\"name\":\"Ensemble \u00e0 percussion Sixtrum\",\"description\":\"Une exploration d\u00e9brid\u00e9e de la percussion contemporaine\",\"publisher\":{\"@id\":\"https:\/\/sixtrum.com\/en\/#organization\"},\"potentialAction\":[{\"@type\":\"SearchAction\",\"target\":{\"@type\":\"EntryPoint\",\"urlTemplate\":\"https:\/\/sixtrum.com\/en\/?s={search_term_string}\"},\"query-input\":{\"@type\":\"PropertyValueSpecification\",\"valueRequired\":true,\"valueName\":\"search_term_string\"}}],\"inLanguage\":\"en-US\"},{\"@type\":\"Organization\",\"@id\":\"https:\/\/sixtrum.com\/en\/#organization\",\"name\":\"Sixtrum\",\"url\":\"https:\/\/sixtrum.com\/en\/\",\"logo\":{\"@type\":\"ImageObject\",\"inLanguage\":\"en-US\",\"@id\":\"https:\/\/sixtrum.com\/en\/#\/schema\/logo\/image\/\",\"url\":\"https:\/\/sixtrum.com\/wp-content\/uploads\/2020\/10\/sixtrum-ensemble-percussion-logo-noir.png\",\"contentUrl\":\"https:\/\/sixtrum.com\/wp-content\/uploads\/2020\/10\/sixtrum-ensemble-percussion-logo-noir.png\",\"width\":1000,\"height\":368,\"caption\":\"Sixtrum\"},\"image\":{\"@id\":\"https:\/\/sixtrum.com\/en\/#\/schema\/logo\/image\/\"},\"sameAs\":[\"https:\/\/www.facebook.com\/sixtrum\",\"https:\/\/x.com\/sixtrum\",\"https:\/\/www.instagram.com\/sixtrum_percussion\/\",\"https:\/\/www.youtube.com\/sixtrum\"]}]}<\/script>\n<!-- \/ Yoast SEO plugin. -->","yoast_head_json":{"title":"Dans ma valise - Ensemble \u00e0 percussion Sixtrum","description":"\"Dans ma valise\" is an improvisation show with actors and percussionists. It takes place in the street, with suitcases of different sizes and colors, each of which contains instruments, props, instructions that launch the improvisers into various themes.","robots":{"index":"index","follow":"follow","max-snippet":"max-snippet:-1","max-image-preview":"max-image-preview:large","max-video-preview":"max-video-preview:-1"},"canonical":"https:\/\/sixtrum.com\/en\/programmers\/dans-ma-valise\/","og_locale":"en_US","og_type":"article","og_title":"Dans ma valise - Ensemble \u00e0 percussion Sixtrum","og_description":"\"Dans ma valise\" is an improvisation show with actors and percussionists. It takes place in the street, with suitcases of different sizes and colors, each of which contains instruments, props, instructions that launch the improvisers into various themes.","og_url":"https:\/\/sixtrum.com\/en\/programmers\/dans-ma-valise\/","og_site_name":"Ensemble \u00e0 percussion Sixtrum","article_publisher":"https:\/\/www.facebook.com\/sixtrum","article_modified_time":"2023-04-13T18:34:48+00:00","og_image":[{"width":2560,"height":1589,"url":"https:\/\/sixtrum.com\/wp-content\/uploads\/2021\/09\/DSC_1505-1-scaled.jpg","type":"image\/jpeg"}],"twitter_card":"summary_large_image","twitter_site":"@sixtrum","twitter_misc":{"Est. reading time":"2 minutes"},"schema":{"@context":"https:\/\/schema.org","@graph":[{"@type":"WebPage","@id":"https:\/\/sixtrum.com\/en\/programmers\/dans-ma-valise\/","url":"https:\/\/sixtrum.com\/en\/programmers\/dans-ma-valise\/","name":"Dans ma valise - Ensemble \u00e0 percussion Sixtrum","isPartOf":{"@id":"https:\/\/sixtrum.com\/en\/#website"},"primaryImageOfPage":{"@id":"https:\/\/sixtrum.com\/en\/programmers\/dans-ma-valise\/#primaryimage"},"image":{"@id":"https:\/\/sixtrum.com\/en\/programmers\/dans-ma-valise\/#primaryimage"},"thumbnailUrl":"https:\/\/sixtrum.com\/wp-content\/uploads\/2021\/09\/DSC_1505-1-scaled.jpg","datePublished":"2021-09-14T20:29:44+00:00","dateModified":"2023-04-13T18:34:48+00:00","description":"\"Dans ma valise\" is an improvisation show with actors and percussionists. It takes place in the street, with suitcases of different sizes and colors, each of which contains instruments, props, instructions that launch the improvisers into various themes.","breadcrumb":{"@id":"https:\/\/sixtrum.com\/en\/programmers\/dans-ma-valise\/#breadcrumb"},"inLanguage":"en-US","potentialAction":[{"@type":"ReadAction","target":["https:\/\/sixtrum.com\/en\/programmers\/dans-ma-valise\/"]}]},{"@type":"ImageObject","inLanguage":"en-US","@id":"https:\/\/sixtrum.com\/en\/programmers\/dans-ma-valise\/#primaryimage","url":"https:\/\/sixtrum.com\/wp-content\/uploads\/2021\/09\/DSC_1505-1-scaled.jpg","contentUrl":"https:\/\/sixtrum.com\/wp-content\/uploads\/2021\/09\/DSC_1505-1-scaled.jpg","width":2560,"height":1589},{"@type":"BreadcrumbList","@id":"https:\/\/sixtrum.com\/en\/programmers\/dans-ma-valise\/#breadcrumb","itemListElement":[{"@type":"ListItem","position":1,"name":"Accueil","item":"https:\/\/sixtrum.com\/en\/"},{"@type":"ListItem","position":2,"name":"Programmers","item":"https:\/\/sixtrum.com\/en\/programmers\/"},{"@type":"ListItem","position":3,"name":"Dans ma valise"}]},{"@type":"WebSite","@id":"https:\/\/sixtrum.com\/en\/#website","url":"https:\/\/sixtrum.com\/en\/","name":"Ensemble \u00e0 percussion Sixtrum","description":"Une exploration d\u00e9brid\u00e9e de la percussion contemporaine","publisher":{"@id":"https:\/\/sixtrum.com\/en\/#organization"},"potentialAction":[{"@type":"SearchAction","target":{"@type":"EntryPoint","urlTemplate":"https:\/\/sixtrum.com\/en\/?s={search_term_string}"},"query-input":{"@type":"PropertyValueSpecification","valueRequired":true,"valueName":"search_term_string"}}],"inLanguage":"en-US"},{"@type":"Organization","@id":"https:\/\/sixtrum.com\/en\/#organization","name":"Sixtrum","url":"https:\/\/sixtrum.com\/en\/","logo":{"@type":"ImageObject","inLanguage":"en-US","@id":"https:\/\/sixtrum.com\/en\/#\/schema\/logo\/image\/","url":"https:\/\/sixtrum.com\/wp-content\/uploads\/2020\/10\/sixtrum-ensemble-percussion-logo-noir.png","contentUrl":"https:\/\/sixtrum.com\/wp-content\/uploads\/2020\/10\/sixtrum-ensemble-percussion-logo-noir.png","width":1000,"height":368,"caption":"Sixtrum"},"image":{"@id":"https:\/\/sixtrum.com\/en\/#\/schema\/logo\/image\/"},"sameAs":["https:\/\/www.facebook.com\/sixtrum","https:\/\/x.com\/sixtrum","https:\/\/www.instagram.com\/sixtrum_percussion\/","https:\/\/www.youtube.com\/sixtrum"]}]}},"_links":{"self":[{"href":"https:\/\/sixtrum.com\/en\/wp-json\/wp\/v2\/pages\/1705","targetHints":{"allow":["GET"]}}],"collection":[{"href":"https:\/\/sixtrum.com\/en\/wp-json\/wp\/v2\/pages"}],"about":[{"href":"https:\/\/sixtrum.com\/en\/wp-json\/wp\/v2\/types\/page"}],"author":[{"embeddable":true,"href":"https:\/\/sixtrum.com\/en\/wp-json\/wp\/v2\/users\/4"}],"replies":[{"embeddable":true,"href":"https:\/\/sixtrum.com\/en\/wp-json\/wp\/v2\/comments?post=1705"}],"version-history":[{"count":4,"href":"https:\/\/sixtrum.com\/en\/wp-json\/wp\/v2\/pages\/1705\/revisions"}],"predecessor-version":[{"id":2137,"href":"https:\/\/sixtrum.com\/en\/wp-json\/wp\/v2\/pages\/1705\/revisions\/2137"}],"up":[{"embeddable":true,"href":"https:\/\/sixtrum.com\/en\/wp-json\/wp\/v2\/pages\/1708"}],"wp:featuredmedia":[{"embeddable":true,"href":"https:\/\/sixtrum.com\/en\/wp-json\/wp\/v2\/media\/860"}],"wp:attachment":[{"href":"https:\/\/sixtrum.com\/en\/wp-json\/wp\/v2\/media?parent=1705"}],"curies":[{"name":"wp","href":"https:\/\/api.w.org\/{rel}","templated":true}]}}