{"id":1582,"date":"2020-12-04T15:38:46","date_gmt":"2020-12-04T20:38:46","guid":{"rendered":"https:\/\/sixtrum.com\/didaktika\/"},"modified":"2023-03-27T15:37:07","modified_gmt":"2023-03-27T19:37:07","slug":"didaktika","status":"publish","type":"page","link":"https:\/\/sixtrum.com\/en\/medias\/didaktika\/","title":{"rendered":"Didaktika"},"content":{"rendered":"<div class=\"wpb-content-wrapper\"><p>[vc_row css_animation=&#8221;&#8221; row_type=&#8221;row&#8221; use_row_as_full_screen_section=&#8221;no&#8221; type=&#8221;grid&#8221; angled_section=&#8221;no&#8221; text_align=&#8221;left&#8221; background_image_as_pattern=&#8221;without_pattern&#8221; z_index=&#8221;&#8221; padding_top=&#8221;64&#8243; padding_bottom=&#8221;64&#8243;][vc_column width=&#8221;1\/3&#8243;][vc_single_image image=&#8221;1295&#8243; img_size=&#8221;full&#8221; onclick=&#8221;link_image&#8221; qode_css_animation=&#8221;&#8221; qode_hover_animation=&#8221;zoom_in&#8221;][vc_empty_space][vc_column_text]<\/p>\n<p style=\"text-align: center;\"><a href=\"https:\/\/open.spotify.com\/show\/6iOmXbQe07NjaJckwcAWmC\">Listen on Spotify<\/a><\/p>\n<p>[\/vc_column_text][vc_single_image image=&#8221;1298&#8243; alignment=&#8221;center&#8221; onclick=&#8221;custom_link&#8221; img_link_target=&#8221;_blank&#8221; qode_css_animation=&#8221;&#8221; link=&#8221;https:\/\/open.spotify.com\/show\/6iOmXbQe07NjaJckwcAWmC&#8221;][\/vc_column][vc_column width=&#8221;2\/3&#8243;]<div class='q_icon_with_title tiny circle left_from_title '><div class=\"icon_text_holder\" style=\"\"><div class=\"icon_text_inner\" style=\"\"><div class=\"icon_title_holder\"><div class=\"icon_holder \" style=\" \"><span data-icon-type=\"circle\" class=\"qode_iwt_icon_holder fa-stack fa-lg  \" style=\"border-color: #ffde4e;background-color: #ffde4e\"><i class=\"qode_icon_font_awesome fa fa-headphones qode_iwt_icon_element\" style=\"color: #000000\"><\/i><\/span><\/div><h3 class=\"icon_title\" style=\"\">Didaktika for young audience : the making of a show<\/h3><\/div><p style=''><\/p><\/div><\/div><\/div>[vc_column_text css=&#8221;.vc_custom_1679945698099{margin-top: -20px !important;}&#8221;]<\/p>\n<p style=\"padding-left: 40px;\">Aimed at young audiences aged 5 and up, the youth component of the Didaktika project takes young audiences backstage at the show <a href=\"https:\/\/sixtrum.com\/en\/diffuseurs\/archipel\/\">L&#8217;Archipel aux mille sons<\/a> and leads them through all the steps leading to the creation and performance of a show. Created in collaboration with <a href=\"https:\/\/lpalo.com\/\">La Puce \u00e0 L&#8217;oreille<\/a>, this series of 5 episodes of 10 minutes describes the journey of the different creators. From the construction of the story to the making of the costumes and instruments, through the rehearsals and the final performance, Sixtrum&#8217;s musicians lead young people to discover the secrets of a stage production.<\/p>\n<p>[\/vc_column_text][vc_column_text]<\/p>\n<p style=\"padding-left: 40px;\"><iframe loading=\"lazy\" src=\"https:\/\/anchor.fm\/sixtrum-percussion\/embed\/episodes\/Didaktika-Jeunesse--1---Il-tait-une-fois--imaginer-une-histoire-e1jc517\" width=\"700px\" height=\"102px\" frameborder=\"0\" scrolling=\"no\"><\/iframe><\/p>\n<p style=\"padding-left: 40px;\"><iframe loading=\"lazy\" src=\"https:\/\/anchor.fm\/sixtrum-percussion\/embed\/episodes\/Didaktika-jeunsse--2---Composer--lhistoire-mise-en-musique-e1jcc67\" width=\"700px\" height=\"102px\" frameborder=\"0\" scrolling=\"no\"><\/iframe><\/p>\n<p style=\"padding-left: 40px;\"><iframe loading=\"lazy\" src=\"https:\/\/anchor.fm\/sixtrum-percussion\/embed\/episodes\/Didaktika-jeunesse--3---Fabriquer-les-instruments-de-musique-e1jcda3\" width=\"700px\" height=\"102px\" frameborder=\"0\" scrolling=\"no\"><\/iframe><\/p>\n<p style=\"padding-left: 40px;\"><iframe loading=\"lazy\" src=\"https:\/\/anchor.fm\/sixtrum-percussion\/embed\/episodes\/Didaktika-jeunesse--4---Imaginer-les-costumes-et-dcors-e1jcdl1\" width=\"700px\" height=\"102px\" frameborder=\"0\" scrolling=\"no\"><\/iframe><\/p>\n<p style=\"padding-left: 40px;\"><iframe loading=\"lazy\" src=\"https:\/\/anchor.fm\/sixtrum-percussion\/embed\/episodes\/Didaktika-jeunesse--5---Les-rptitions-et-la-Premire-reprsentation-e1jce7n\" width=\"700px\" height=\"102px\" frameborder=\"0\" scrolling=\"no\"><\/iframe><\/p>\n<p>[\/vc_column_text][\/vc_column][\/vc_row][vc_row css_animation=&#8221;&#8221; row_type=&#8221;row&#8221; use_row_as_full_screen_section=&#8221;no&#8221; type=&#8221;grid&#8221; angled_section=&#8221;no&#8221; text_align=&#8221;left&#8221; background_image_as_pattern=&#8221;without_pattern&#8221; z_index=&#8221;&#8221; padding_top=&#8221;64&#8243; padding_bottom=&#8221;64&#8243;][vc_column width=&#8221;1\/3&#8243;][vc_single_image image=&#8221;1292&#8243; img_size=&#8221;full&#8221; onclick=&#8221;link_image&#8221; qode_css_animation=&#8221;&#8221; qode_hover_animation=&#8221;zoom_in&#8221;][vc_empty_space][\/vc_column][vc_column width=&#8221;2\/3&#8243;]<div class='q_icon_with_title tiny circle left_from_title '><div class=\"icon_text_holder\" style=\"\"><div class=\"icon_text_inner\" style=\"\"><div class=\"icon_title_holder\"><div class=\"icon_holder \" style=\" \"><span data-icon-type=\"circle\" class=\"qode_iwt_icon_holder fa-stack fa-lg  \" style=\"border-color: #ffde4e;background-color: #ffde4e\"><i class=\"qode_icon_font_awesome fa fa-headphones qode_iwt_icon_element\" style=\"color: #000000\"><\/i><\/span><\/div><h3 class=\"icon_title\" style=\"\">A podcast for rythm lovers<\/h3><\/div><p style=''><\/p><\/div><\/div><\/div>[vc_column_text css=&#8221;.vc_custom_1679945776823{margin-top: -20px !important;}&#8221;]<\/p>\n<p style=\"padding-left: 40px;\">Sixtrum is launching a series of audio documentaries around percussion. The episodes are organized around a theme and we invite several personalities to reflect with us, from different backgrounds and disciplines. Didaktika takes a broad approach to rhythm in its various facets: rhythm in poetry, the impact of timbre, the &#8220;played-together&#8221; in percussion ensembles, the making of the instrumentarium, etc. A vast program for a notion that is no less vast.<\/p>\n<p>[\/vc_column_text][\/vc_column][\/vc_row]<\/p>\n<\/div>","protected":false},"excerpt":{"rendered":"<p>[vc_row css_animation=&#8221;&#8221; row_type=&#8221;row&#8221; use_row_as_full_screen_section=&#8221;no&#8221; type=&#8221;grid&#8221; angled_section=&#8221;no&#8221; text_align=&#8221;left&#8221; background_image_as_pattern=&#8221;without_pattern&#8221; z_index=&#8221;&#8221; padding_top=&#8221;64&#8243; padding_bottom=&#8221;64&#8243;][vc_column width=&#8221;1\/3&#8243;][vc_single_image image=&#8221;1295&#8243; img_size=&#8221;full&#8221; onclick=&#8221;link_image&#8221; qode_css_animation=&#8221;&#8221; qode_hover_animation=&#8221;zoom_in&#8221;][vc_empty_space][vc_column_text] Listen on Spotify [\/vc_column_text][vc_single_image image=&#8221;1298&#8243; alignment=&#8221;center&#8221; onclick=&#8221;custom_link&#8221; img_link_target=&#8221;_blank&#8221; qode_css_animation=&#8221;&#8221; link=&#8221;https:\/\/open.spotify.com\/show\/6iOmXbQe07NjaJckwcAWmC&#8221;][\/vc_column][vc_column width=&#8221;2\/3&#8243;][vc_column_text css=&#8221;.vc_custom_1679945698099{margin-top: -20px !important;}&#8221;] Aimed at young audiences aged 5 and up, the youth component of the Didaktika&#8230;<\/p>\n","protected":false},"author":2,"featured_media":1292,"parent":1720,"menu_order":0,"comment_status":"closed","ping_status":"closed","template":"full_width.php","meta":{"footnotes":""},"class_list":["post-1582","page","type-page","status-publish","has-post-thumbnail","hentry"],"yoast_head":"<!-- This site is optimized with the Yoast SEO plugin v26.4 - https:\/\/yoast.com\/wordpress\/plugins\/seo\/ -->\n<title>Didaktika - Ensemble \u00e0 percussion Sixtrum<\/title>\n<meta name=\"description\" content=\"Sixtrum se lance dans une s\u00e9rie de documentaires audio autour de la musique.\" \/>\n<meta name=\"robots\" content=\"index, follow, max-snippet:-1, max-image-preview:large, max-video-preview:-1\" \/>\n<link rel=\"canonical\" href=\"https:\/\/sixtrum.com\/en\/medias\/didaktika\/\" \/>\n<meta property=\"og:locale\" content=\"en_US\" \/>\n<meta property=\"og:type\" content=\"article\" \/>\n<meta property=\"og:title\" content=\"Didaktika - Ensemble \u00e0 percussion Sixtrum\" \/>\n<meta property=\"og:description\" content=\"Sixtrum se lance dans une s\u00e9rie de documentaires audio autour de la musique.\" \/>\n<meta property=\"og:url\" content=\"https:\/\/sixtrum.com\/en\/medias\/didaktika\/\" \/>\n<meta property=\"og:site_name\" content=\"Ensemble \u00e0 percussion Sixtrum\" \/>\n<meta property=\"article:publisher\" content=\"https:\/\/www.facebook.com\/sixtrum\" \/>\n<meta property=\"article:modified_time\" content=\"2023-03-27T19:37:07+00:00\" \/>\n<meta property=\"og:image\" content=\"https:\/\/sixtrum.com\/wp-content\/uploads\/2022\/06\/didaktika-adulte-4-768x768.png\" \/>\n\t<meta property=\"og:image:width\" content=\"768\" \/>\n\t<meta property=\"og:image:height\" content=\"768\" \/>\n\t<meta property=\"og:image:type\" content=\"image\/png\" \/>\n<meta name=\"twitter:card\" content=\"summary_large_image\" \/>\n<meta name=\"twitter:site\" content=\"@sixtrum\" \/>\n<meta name=\"twitter:label1\" content=\"Est. reading time\" \/>\n\t<meta name=\"twitter:data1\" content=\"2 minutes\" \/>\n<script type=\"application\/ld+json\" class=\"yoast-schema-graph\">{\"@context\":\"https:\/\/schema.org\",\"@graph\":[{\"@type\":\"WebPage\",\"@id\":\"https:\/\/sixtrum.com\/en\/medias\/didaktika\/\",\"url\":\"https:\/\/sixtrum.com\/en\/medias\/didaktika\/\",\"name\":\"Didaktika - Ensemble \u00e0 percussion Sixtrum\",\"isPartOf\":{\"@id\":\"https:\/\/sixtrum.com\/en\/#website\"},\"primaryImageOfPage\":{\"@id\":\"https:\/\/sixtrum.com\/en\/medias\/didaktika\/#primaryimage\"},\"image\":{\"@id\":\"https:\/\/sixtrum.com\/en\/medias\/didaktika\/#primaryimage\"},\"thumbnailUrl\":\"https:\/\/sixtrum.com\/wp-content\/uploads\/2022\/06\/didaktika-adulte-4.png\",\"datePublished\":\"2020-12-04T20:38:46+00:00\",\"dateModified\":\"2023-03-27T19:37:07+00:00\",\"description\":\"Sixtrum se lance dans une s\u00e9rie de documentaires audio autour de la musique.\",\"breadcrumb\":{\"@id\":\"https:\/\/sixtrum.com\/en\/medias\/didaktika\/#breadcrumb\"},\"inLanguage\":\"en-US\",\"potentialAction\":[{\"@type\":\"ReadAction\",\"target\":[\"https:\/\/sixtrum.com\/en\/medias\/didaktika\/\"]}]},{\"@type\":\"ImageObject\",\"inLanguage\":\"en-US\",\"@id\":\"https:\/\/sixtrum.com\/en\/medias\/didaktika\/#primaryimage\",\"url\":\"https:\/\/sixtrum.com\/wp-content\/uploads\/2022\/06\/didaktika-adulte-4.png\",\"contentUrl\":\"https:\/\/sixtrum.com\/wp-content\/uploads\/2022\/06\/didaktika-adulte-4.png\",\"width\":4500,\"height\":4500},{\"@type\":\"BreadcrumbList\",\"@id\":\"https:\/\/sixtrum.com\/en\/medias\/didaktika\/#breadcrumb\",\"itemListElement\":[{\"@type\":\"ListItem\",\"position\":1,\"name\":\"Accueil\",\"item\":\"https:\/\/sixtrum.com\/en\/\"},{\"@type\":\"ListItem\",\"position\":2,\"name\":\"Multimedia\",\"item\":\"https:\/\/sixtrum.com\/en\/medias\/\"},{\"@type\":\"ListItem\",\"position\":3,\"name\":\"Didaktika\"}]},{\"@type\":\"WebSite\",\"@id\":\"https:\/\/sixtrum.com\/en\/#website\",\"url\":\"https:\/\/sixtrum.com\/en\/\",\"name\":\"Ensemble \u00e0 percussion Sixtrum\",\"description\":\"Une exploration d\u00e9brid\u00e9e de la percussion contemporaine\",\"publisher\":{\"@id\":\"https:\/\/sixtrum.com\/en\/#organization\"},\"potentialAction\":[{\"@type\":\"SearchAction\",\"target\":{\"@type\":\"EntryPoint\",\"urlTemplate\":\"https:\/\/sixtrum.com\/en\/?s={search_term_string}\"},\"query-input\":{\"@type\":\"PropertyValueSpecification\",\"valueRequired\":true,\"valueName\":\"search_term_string\"}}],\"inLanguage\":\"en-US\"},{\"@type\":\"Organization\",\"@id\":\"https:\/\/sixtrum.com\/en\/#organization\",\"name\":\"Sixtrum\",\"url\":\"https:\/\/sixtrum.com\/en\/\",\"logo\":{\"@type\":\"ImageObject\",\"inLanguage\":\"en-US\",\"@id\":\"https:\/\/sixtrum.com\/en\/#\/schema\/logo\/image\/\",\"url\":\"https:\/\/sixtrum.com\/wp-content\/uploads\/2020\/10\/sixtrum-ensemble-percussion-logo-noir.png\",\"contentUrl\":\"https:\/\/sixtrum.com\/wp-content\/uploads\/2020\/10\/sixtrum-ensemble-percussion-logo-noir.png\",\"width\":1000,\"height\":368,\"caption\":\"Sixtrum\"},\"image\":{\"@id\":\"https:\/\/sixtrum.com\/en\/#\/schema\/logo\/image\/\"},\"sameAs\":[\"https:\/\/www.facebook.com\/sixtrum\",\"https:\/\/x.com\/sixtrum\",\"https:\/\/www.instagram.com\/sixtrum_percussion\/\",\"https:\/\/www.youtube.com\/sixtrum\"]}]}<\/script>\n<!-- \/ Yoast SEO plugin. -->","yoast_head_json":{"title":"Didaktika - Ensemble \u00e0 percussion Sixtrum","description":"Sixtrum se lance dans une s\u00e9rie de documentaires audio autour de la musique.","robots":{"index":"index","follow":"follow","max-snippet":"max-snippet:-1","max-image-preview":"max-image-preview:large","max-video-preview":"max-video-preview:-1"},"canonical":"https:\/\/sixtrum.com\/en\/medias\/didaktika\/","og_locale":"en_US","og_type":"article","og_title":"Didaktika - Ensemble \u00e0 percussion Sixtrum","og_description":"Sixtrum se lance dans une s\u00e9rie de documentaires audio autour de la musique.","og_url":"https:\/\/sixtrum.com\/en\/medias\/didaktika\/","og_site_name":"Ensemble \u00e0 percussion Sixtrum","article_publisher":"https:\/\/www.facebook.com\/sixtrum","article_modified_time":"2023-03-27T19:37:07+00:00","og_image":[{"width":768,"height":768,"url":"https:\/\/sixtrum.com\/wp-content\/uploads\/2022\/06\/didaktika-adulte-4-768x768.png","type":"image\/png"}],"twitter_card":"summary_large_image","twitter_site":"@sixtrum","twitter_misc":{"Est. reading time":"2 minutes"},"schema":{"@context":"https:\/\/schema.org","@graph":[{"@type":"WebPage","@id":"https:\/\/sixtrum.com\/en\/medias\/didaktika\/","url":"https:\/\/sixtrum.com\/en\/medias\/didaktika\/","name":"Didaktika - Ensemble \u00e0 percussion Sixtrum","isPartOf":{"@id":"https:\/\/sixtrum.com\/en\/#website"},"primaryImageOfPage":{"@id":"https:\/\/sixtrum.com\/en\/medias\/didaktika\/#primaryimage"},"image":{"@id":"https:\/\/sixtrum.com\/en\/medias\/didaktika\/#primaryimage"},"thumbnailUrl":"https:\/\/sixtrum.com\/wp-content\/uploads\/2022\/06\/didaktika-adulte-4.png","datePublished":"2020-12-04T20:38:46+00:00","dateModified":"2023-03-27T19:37:07+00:00","description":"Sixtrum se lance dans une s\u00e9rie de documentaires audio autour de la musique.","breadcrumb":{"@id":"https:\/\/sixtrum.com\/en\/medias\/didaktika\/#breadcrumb"},"inLanguage":"en-US","potentialAction":[{"@type":"ReadAction","target":["https:\/\/sixtrum.com\/en\/medias\/didaktika\/"]}]},{"@type":"ImageObject","inLanguage":"en-US","@id":"https:\/\/sixtrum.com\/en\/medias\/didaktika\/#primaryimage","url":"https:\/\/sixtrum.com\/wp-content\/uploads\/2022\/06\/didaktika-adulte-4.png","contentUrl":"https:\/\/sixtrum.com\/wp-content\/uploads\/2022\/06\/didaktika-adulte-4.png","width":4500,"height":4500},{"@type":"BreadcrumbList","@id":"https:\/\/sixtrum.com\/en\/medias\/didaktika\/#breadcrumb","itemListElement":[{"@type":"ListItem","position":1,"name":"Accueil","item":"https:\/\/sixtrum.com\/en\/"},{"@type":"ListItem","position":2,"name":"Multimedia","item":"https:\/\/sixtrum.com\/en\/medias\/"},{"@type":"ListItem","position":3,"name":"Didaktika"}]},{"@type":"WebSite","@id":"https:\/\/sixtrum.com\/en\/#website","url":"https:\/\/sixtrum.com\/en\/","name":"Ensemble \u00e0 percussion Sixtrum","description":"Une exploration d\u00e9brid\u00e9e de la percussion contemporaine","publisher":{"@id":"https:\/\/sixtrum.com\/en\/#organization"},"potentialAction":[{"@type":"SearchAction","target":{"@type":"EntryPoint","urlTemplate":"https:\/\/sixtrum.com\/en\/?s={search_term_string}"},"query-input":{"@type":"PropertyValueSpecification","valueRequired":true,"valueName":"search_term_string"}}],"inLanguage":"en-US"},{"@type":"Organization","@id":"https:\/\/sixtrum.com\/en\/#organization","name":"Sixtrum","url":"https:\/\/sixtrum.com\/en\/","logo":{"@type":"ImageObject","inLanguage":"en-US","@id":"https:\/\/sixtrum.com\/en\/#\/schema\/logo\/image\/","url":"https:\/\/sixtrum.com\/wp-content\/uploads\/2020\/10\/sixtrum-ensemble-percussion-logo-noir.png","contentUrl":"https:\/\/sixtrum.com\/wp-content\/uploads\/2020\/10\/sixtrum-ensemble-percussion-logo-noir.png","width":1000,"height":368,"caption":"Sixtrum"},"image":{"@id":"https:\/\/sixtrum.com\/en\/#\/schema\/logo\/image\/"},"sameAs":["https:\/\/www.facebook.com\/sixtrum","https:\/\/x.com\/sixtrum","https:\/\/www.instagram.com\/sixtrum_percussion\/","https:\/\/www.youtube.com\/sixtrum"]}]}},"_links":{"self":[{"href":"https:\/\/sixtrum.com\/en\/wp-json\/wp\/v2\/pages\/1582","targetHints":{"allow":["GET"]}}],"collection":[{"href":"https:\/\/sixtrum.com\/en\/wp-json\/wp\/v2\/pages"}],"about":[{"href":"https:\/\/sixtrum.com\/en\/wp-json\/wp\/v2\/types\/page"}],"author":[{"embeddable":true,"href":"https:\/\/sixtrum.com\/en\/wp-json\/wp\/v2\/users\/2"}],"replies":[{"embeddable":true,"href":"https:\/\/sixtrum.com\/en\/wp-json\/wp\/v2\/comments?post=1582"}],"version-history":[{"count":4,"href":"https:\/\/sixtrum.com\/en\/wp-json\/wp\/v2\/pages\/1582\/revisions"}],"predecessor-version":[{"id":1963,"href":"https:\/\/sixtrum.com\/en\/wp-json\/wp\/v2\/pages\/1582\/revisions\/1963"}],"up":[{"embeddable":true,"href":"https:\/\/sixtrum.com\/en\/wp-json\/wp\/v2\/pages\/1720"}],"wp:featuredmedia":[{"embeddable":true,"href":"https:\/\/sixtrum.com\/en\/wp-json\/wp\/v2\/media\/1292"}],"wp:attachment":[{"href":"https:\/\/sixtrum.com\/en\/wp-json\/wp\/v2\/media?parent=1582"}],"curies":[{"name":"wp","href":"https:\/\/api.w.org\/{rel}","templated":true}]}}