{"id":1069,"date":"2020-10-28T13:56:33","date_gmt":"2020-10-28T17:56:33","guid":{"rendered":"https:\/\/sixtrum.com\/musicians\/fabrice-marandola\/"},"modified":"2025-03-18T15:37:53","modified_gmt":"2025-03-18T19:37:53","slug":"fabrice-marandola","status":"publish","type":"page","link":"https:\/\/sixtrum.com\/en\/musicians\/fabrice-marandola\/","title":{"rendered":"Fabrice Marandola"},"content":{"rendered":"<div class=\"wpb-content-wrapper\"><p>[vc_row css_animation=&#8221;&#8221; row_type=&#8221;row&#8221; use_row_as_full_screen_section=&#8221;no&#8221; type=&#8221;grid&#8221; angled_section=&#8221;no&#8221; text_align=&#8221;left&#8221; background_image_as_pattern=&#8221;without_pattern&#8221; z_index=&#8221;&#8221; padding_top=&#8221;32&#8243; padding_bottom=&#8221;32&#8243;][vc_column width=&#8221;1\/3&#8243;][vc_single_image image=&#8221;1070&#8243; img_size=&#8221;full&#8221; onclick=&#8221;link_image&#8221; qode_css_animation=&#8221;&#8221; qode_hover_animation=&#8221;zoom_in&#8221;][vc_empty_space][\/vc_column][vc_column width=&#8221;2\/3&#8243;][vc_column_text]<span><span><a href=\"https:\/\/sixtrum.com\/en\/\">Accueil<\/a><\/span><\/span>[\/vc_column_text][vc_empty_space height=&#8221;16px&#8221;][vc_column_text css=&#8221;&#8221;]<\/p>\n<h3>Fabrice Marandola<\/h3>\n<p>Fabrice Marandola is an Associate Professor of Percussion and Contemporary Music at the Schulich School of Music of McGill University (Montreal). Previously, he was a professor of percussion at the conservatories of Angers and Grenoble in France, a pedagogy instructor at the Conservatory of Paris, and an invited professor at the Crane School of Music (SUNY-Potsdam, NY). A founding member of Canadian percussion ensemble Sixtrum, he has an active career on the New Music scene, commissioning, performing and recording new works for solo and chamber ensembles. His artistic activities have received numerous distinctions and awards from Conseil Qu\u00e9b\u00e9cois pour la Musique, Acad\u00e9mie Charles-Cros and Montreal English Theatre Awards. Notably, he<br \/>\nwas the co-designer and musical director of Rythmopolis in 2018, a large-scale<br \/>\nimmersive show produced by Sixtrum, which received the Prix Opus award for Event of the Year.<\/p>\n<p>Dividing his time between teaching, performing and research, Fabrice Marandola was appointed Deputy Director &#8211; Artistic Research at CIRMMT (Centre for Interdisciplinary Research in Music Media and Technology) from 2009 to 2014, and Director from 2020 to 2024. He holds a First Prize in percussion from the CNSMD in Paris (1997), a PhD in Ethnomusicology from Paris IV-Sorbonne (2003), and he has conducted in-depth field\u00a0research in Cameroon with the Langues-Musiques-Soci\u00e9t\u00e9s Laboratory (CNRS, France).<\/p>\n<p>As Senior Research Chair at Sorbonne-Universit\u00e9s (2015-16), Marandola led a<br \/>\nmultidisciplinary research project on Musical Gesture (Geste-Acoustique-Musique). Author of over 30 scientific papers, his current research focuses on the study of the conception, production and perception of instrumental gestures in percussion performance, using 3D Motion Capture and wearable eye-tracking systems.[\/vc_column_text][\/vc_column][\/vc_row]<\/p>\n<\/div>","protected":false},"excerpt":{"rendered":"<p>[vc_row css_animation=&#8221;&#8221; row_type=&#8221;row&#8221; use_row_as_full_screen_section=&#8221;no&#8221; type=&#8221;grid&#8221; angled_section=&#8221;no&#8221; text_align=&#8221;left&#8221; background_image_as_pattern=&#8221;without_pattern&#8221; z_index=&#8221;&#8221; padding_top=&#8221;32&#8243; padding_bottom=&#8221;32&#8243;][vc_column width=&#8221;1\/3&#8243;][vc_single_image image=&#8221;1070&#8243; img_size=&#8221;full&#8221; onclick=&#8221;link_image&#8221; qode_css_animation=&#8221;&#8221; qode_hover_animation=&#8221;zoom_in&#8221;][vc_empty_space][\/vc_column][vc_column width=&#8221;2\/3&#8243;][vc_column_text][\/vc_column_text][vc_empty_space height=&#8221;16px&#8221;][vc_column_text css=&#8221;&#8221;] Fabrice Marandola Fabrice Marandola is an Associate Professor of Percussion and Contemporary Music at the Schulich School of Music of McGill University (Montreal). Previously, he&#8230;<\/p>\n","protected":false},"author":2,"featured_media":1070,"parent":3119,"menu_order":0,"comment_status":"closed","ping_status":"closed","template":"full_width.php","meta":{"footnotes":""},"class_list":["post-1069","page","type-page","status-publish","has-post-thumbnail","hentry"],"yoast_head":"<!-- This site is optimized with the Yoast SEO plugin v26.4 - https:\/\/yoast.com\/wordpress\/plugins\/seo\/ -->\n<title>Fabrice Marandola - Ensemble \u00e0 percussion Sixtrum<\/title>\n<meta name=\"description\" content=\"A founding member of SIXTRUM, Fabrice Marandola has an active career on the New Music scene commissioning, producing and performing new works by Canadian and international composers.\" \/>\n<meta name=\"robots\" content=\"index, follow, max-snippet:-1, max-image-preview:large, max-video-preview:-1\" \/>\n<link rel=\"canonical\" href=\"https:\/\/sixtrum.com\/en\/musicians\/fabrice-marandola\/\" \/>\n<meta property=\"og:locale\" content=\"en_US\" \/>\n<meta property=\"og:type\" content=\"article\" \/>\n<meta property=\"og:title\" content=\"Fabrice Marandola - Ensemble \u00e0 percussion Sixtrum\" \/>\n<meta property=\"og:description\" content=\"A founding member of SIXTRUM, Fabrice Marandola has an active career on the New Music scene commissioning, producing and performing new works by Canadian and international composers.\" \/>\n<meta property=\"og:url\" content=\"https:\/\/sixtrum.com\/en\/musicians\/fabrice-marandola\/\" \/>\n<meta property=\"og:site_name\" content=\"Ensemble \u00e0 percussion Sixtrum\" \/>\n<meta property=\"article:publisher\" content=\"https:\/\/www.facebook.com\/sixtrum\" \/>\n<meta property=\"article:modified_time\" content=\"2025-03-18T19:37:53+00:00\" \/>\n<meta property=\"og:image\" content=\"https:\/\/sixtrum.com\/wp-content\/uploads\/2020\/10\/fabrice-marandola-sixtrum-percussion.jpg\" \/>\n\t<meta property=\"og:image:width\" content=\"1000\" \/>\n\t<meta property=\"og:image:height\" content=\"1500\" \/>\n\t<meta property=\"og:image:type\" content=\"image\/jpeg\" \/>\n<meta name=\"twitter:card\" content=\"summary_large_image\" \/>\n<meta name=\"twitter:site\" content=\"@sixtrum\" \/>\n<meta name=\"twitter:label1\" content=\"Est. reading time\" \/>\n\t<meta name=\"twitter:data1\" content=\"2 minutes\" \/>\n<script type=\"application\/ld+json\" class=\"yoast-schema-graph\">{\"@context\":\"https:\/\/schema.org\",\"@graph\":[{\"@type\":\"WebPage\",\"@id\":\"https:\/\/sixtrum.com\/en\/musicians\/fabrice-marandola\/\",\"url\":\"https:\/\/sixtrum.com\/en\/musicians\/fabrice-marandola\/\",\"name\":\"Fabrice Marandola - Ensemble \u00e0 percussion Sixtrum\",\"isPartOf\":{\"@id\":\"https:\/\/sixtrum.com\/en\/#website\"},\"primaryImageOfPage\":{\"@id\":\"https:\/\/sixtrum.com\/en\/musicians\/fabrice-marandola\/#primaryimage\"},\"image\":{\"@id\":\"https:\/\/sixtrum.com\/en\/musicians\/fabrice-marandola\/#primaryimage\"},\"thumbnailUrl\":\"https:\/\/sixtrum.com\/wp-content\/uploads\/2020\/10\/fabrice-marandola-sixtrum-percussion.jpg\",\"datePublished\":\"2020-10-28T17:56:33+00:00\",\"dateModified\":\"2025-03-18T19:37:53+00:00\",\"description\":\"A founding member of SIXTRUM, Fabrice Marandola has an active career on the New Music scene commissioning, producing and performing new works by Canadian and international composers.\",\"breadcrumb\":{\"@id\":\"https:\/\/sixtrum.com\/en\/musicians\/fabrice-marandola\/#breadcrumb\"},\"inLanguage\":\"en-US\",\"potentialAction\":[{\"@type\":\"ReadAction\",\"target\":[\"https:\/\/sixtrum.com\/en\/musicians\/fabrice-marandola\/\"]}]},{\"@type\":\"ImageObject\",\"inLanguage\":\"en-US\",\"@id\":\"https:\/\/sixtrum.com\/en\/musicians\/fabrice-marandola\/#primaryimage\",\"url\":\"https:\/\/sixtrum.com\/wp-content\/uploads\/2020\/10\/fabrice-marandola-sixtrum-percussion.jpg\",\"contentUrl\":\"https:\/\/sixtrum.com\/wp-content\/uploads\/2020\/10\/fabrice-marandola-sixtrum-percussion.jpg\",\"width\":1000,\"height\":1500},{\"@type\":\"BreadcrumbList\",\"@id\":\"https:\/\/sixtrum.com\/en\/musicians\/fabrice-marandola\/#breadcrumb\",\"itemListElement\":[{\"@type\":\"ListItem\",\"position\":1,\"name\":\"Accueil\",\"item\":\"https:\/\/sixtrum.com\/en\/\"},{\"@type\":\"ListItem\",\"position\":2,\"name\":\"Musicians\",\"item\":\"https:\/\/sixtrum.com\/en\/musicians\/\"},{\"@type\":\"ListItem\",\"position\":3,\"name\":\"Fabrice Marandola\"}]},{\"@type\":\"WebSite\",\"@id\":\"https:\/\/sixtrum.com\/en\/#website\",\"url\":\"https:\/\/sixtrum.com\/en\/\",\"name\":\"Ensemble \u00e0 percussion Sixtrum\",\"description\":\"Une exploration d\u00e9brid\u00e9e de la percussion contemporaine\",\"publisher\":{\"@id\":\"https:\/\/sixtrum.com\/en\/#organization\"},\"potentialAction\":[{\"@type\":\"SearchAction\",\"target\":{\"@type\":\"EntryPoint\",\"urlTemplate\":\"https:\/\/sixtrum.com\/en\/?s={search_term_string}\"},\"query-input\":{\"@type\":\"PropertyValueSpecification\",\"valueRequired\":true,\"valueName\":\"search_term_string\"}}],\"inLanguage\":\"en-US\"},{\"@type\":\"Organization\",\"@id\":\"https:\/\/sixtrum.com\/en\/#organization\",\"name\":\"Sixtrum\",\"url\":\"https:\/\/sixtrum.com\/en\/\",\"logo\":{\"@type\":\"ImageObject\",\"inLanguage\":\"en-US\",\"@id\":\"https:\/\/sixtrum.com\/en\/#\/schema\/logo\/image\/\",\"url\":\"https:\/\/sixtrum.com\/wp-content\/uploads\/2020\/10\/sixtrum-ensemble-percussion-logo-noir.png\",\"contentUrl\":\"https:\/\/sixtrum.com\/wp-content\/uploads\/2020\/10\/sixtrum-ensemble-percussion-logo-noir.png\",\"width\":1000,\"height\":368,\"caption\":\"Sixtrum\"},\"image\":{\"@id\":\"https:\/\/sixtrum.com\/en\/#\/schema\/logo\/image\/\"},\"sameAs\":[\"https:\/\/www.facebook.com\/sixtrum\",\"https:\/\/x.com\/sixtrum\",\"https:\/\/www.instagram.com\/sixtrum_percussion\/\",\"https:\/\/www.youtube.com\/sixtrum\"]}]}<\/script>\n<!-- \/ Yoast SEO plugin. -->","yoast_head_json":{"title":"Fabrice Marandola - Ensemble \u00e0 percussion Sixtrum","description":"A founding member of SIXTRUM, Fabrice Marandola has an active career on the New Music scene commissioning, producing and performing new works by Canadian and international composers.","robots":{"index":"index","follow":"follow","max-snippet":"max-snippet:-1","max-image-preview":"max-image-preview:large","max-video-preview":"max-video-preview:-1"},"canonical":"https:\/\/sixtrum.com\/en\/musicians\/fabrice-marandola\/","og_locale":"en_US","og_type":"article","og_title":"Fabrice Marandola - Ensemble \u00e0 percussion Sixtrum","og_description":"A founding member of SIXTRUM, Fabrice Marandola has an active career on the New Music scene commissioning, producing and performing new works by Canadian and international composers.","og_url":"https:\/\/sixtrum.com\/en\/musicians\/fabrice-marandola\/","og_site_name":"Ensemble \u00e0 percussion Sixtrum","article_publisher":"https:\/\/www.facebook.com\/sixtrum","article_modified_time":"2025-03-18T19:37:53+00:00","og_image":[{"width":1000,"height":1500,"url":"https:\/\/sixtrum.com\/wp-content\/uploads\/2020\/10\/fabrice-marandola-sixtrum-percussion.jpg","type":"image\/jpeg"}],"twitter_card":"summary_large_image","twitter_site":"@sixtrum","twitter_misc":{"Est. reading time":"2 minutes"},"schema":{"@context":"https:\/\/schema.org","@graph":[{"@type":"WebPage","@id":"https:\/\/sixtrum.com\/en\/musicians\/fabrice-marandola\/","url":"https:\/\/sixtrum.com\/en\/musicians\/fabrice-marandola\/","name":"Fabrice Marandola - Ensemble \u00e0 percussion Sixtrum","isPartOf":{"@id":"https:\/\/sixtrum.com\/en\/#website"},"primaryImageOfPage":{"@id":"https:\/\/sixtrum.com\/en\/musicians\/fabrice-marandola\/#primaryimage"},"image":{"@id":"https:\/\/sixtrum.com\/en\/musicians\/fabrice-marandola\/#primaryimage"},"thumbnailUrl":"https:\/\/sixtrum.com\/wp-content\/uploads\/2020\/10\/fabrice-marandola-sixtrum-percussion.jpg","datePublished":"2020-10-28T17:56:33+00:00","dateModified":"2025-03-18T19:37:53+00:00","description":"A founding member of SIXTRUM, Fabrice Marandola has an active career on the New Music scene commissioning, producing and performing new works by Canadian and international composers.","breadcrumb":{"@id":"https:\/\/sixtrum.com\/en\/musicians\/fabrice-marandola\/#breadcrumb"},"inLanguage":"en-US","potentialAction":[{"@type":"ReadAction","target":["https:\/\/sixtrum.com\/en\/musicians\/fabrice-marandola\/"]}]},{"@type":"ImageObject","inLanguage":"en-US","@id":"https:\/\/sixtrum.com\/en\/musicians\/fabrice-marandola\/#primaryimage","url":"https:\/\/sixtrum.com\/wp-content\/uploads\/2020\/10\/fabrice-marandola-sixtrum-percussion.jpg","contentUrl":"https:\/\/sixtrum.com\/wp-content\/uploads\/2020\/10\/fabrice-marandola-sixtrum-percussion.jpg","width":1000,"height":1500},{"@type":"BreadcrumbList","@id":"https:\/\/sixtrum.com\/en\/musicians\/fabrice-marandola\/#breadcrumb","itemListElement":[{"@type":"ListItem","position":1,"name":"Accueil","item":"https:\/\/sixtrum.com\/en\/"},{"@type":"ListItem","position":2,"name":"Musicians","item":"https:\/\/sixtrum.com\/en\/musicians\/"},{"@type":"ListItem","position":3,"name":"Fabrice Marandola"}]},{"@type":"WebSite","@id":"https:\/\/sixtrum.com\/en\/#website","url":"https:\/\/sixtrum.com\/en\/","name":"Ensemble \u00e0 percussion Sixtrum","description":"Une exploration d\u00e9brid\u00e9e de la percussion contemporaine","publisher":{"@id":"https:\/\/sixtrum.com\/en\/#organization"},"potentialAction":[{"@type":"SearchAction","target":{"@type":"EntryPoint","urlTemplate":"https:\/\/sixtrum.com\/en\/?s={search_term_string}"},"query-input":{"@type":"PropertyValueSpecification","valueRequired":true,"valueName":"search_term_string"}}],"inLanguage":"en-US"},{"@type":"Organization","@id":"https:\/\/sixtrum.com\/en\/#organization","name":"Sixtrum","url":"https:\/\/sixtrum.com\/en\/","logo":{"@type":"ImageObject","inLanguage":"en-US","@id":"https:\/\/sixtrum.com\/en\/#\/schema\/logo\/image\/","url":"https:\/\/sixtrum.com\/wp-content\/uploads\/2020\/10\/sixtrum-ensemble-percussion-logo-noir.png","contentUrl":"https:\/\/sixtrum.com\/wp-content\/uploads\/2020\/10\/sixtrum-ensemble-percussion-logo-noir.png","width":1000,"height":368,"caption":"Sixtrum"},"image":{"@id":"https:\/\/sixtrum.com\/en\/#\/schema\/logo\/image\/"},"sameAs":["https:\/\/www.facebook.com\/sixtrum","https:\/\/x.com\/sixtrum","https:\/\/www.instagram.com\/sixtrum_percussion\/","https:\/\/www.youtube.com\/sixtrum"]}]}},"_links":{"self":[{"href":"https:\/\/sixtrum.com\/en\/wp-json\/wp\/v2\/pages\/1069","targetHints":{"allow":["GET"]}}],"collection":[{"href":"https:\/\/sixtrum.com\/en\/wp-json\/wp\/v2\/pages"}],"about":[{"href":"https:\/\/sixtrum.com\/en\/wp-json\/wp\/v2\/types\/page"}],"author":[{"embeddable":true,"href":"https:\/\/sixtrum.com\/en\/wp-json\/wp\/v2\/users\/2"}],"replies":[{"embeddable":true,"href":"https:\/\/sixtrum.com\/en\/wp-json\/wp\/v2\/comments?post=1069"}],"version-history":[{"count":5,"href":"https:\/\/sixtrum.com\/en\/wp-json\/wp\/v2\/pages\/1069\/revisions"}],"predecessor-version":[{"id":2698,"href":"https:\/\/sixtrum.com\/en\/wp-json\/wp\/v2\/pages\/1069\/revisions\/2698"}],"up":[{"embeddable":true,"href":"https:\/\/sixtrum.com\/en\/wp-json\/wp\/v2\/pages\/3119"}],"wp:featuredmedia":[{"embeddable":true,"href":"https:\/\/sixtrum.com\/en\/wp-json\/wp\/v2\/media\/1070"}],"wp:attachment":[{"href":"https:\/\/sixtrum.com\/en\/wp-json\/wp\/v2\/media?parent=1069"}],"curies":[{"name":"wp","href":"https:\/\/api.w.org\/{rel}","templated":true}]}}