{"id":1067,"date":"2020-11-17T11:50:06","date_gmt":"2020-11-17T16:50:06","guid":{"rendered":"https:\/\/sixtrum.com\/musicians\/kristie-ibrahim\/"},"modified":"2025-03-18T15:38:08","modified_gmt":"2025-03-18T19:38:08","slug":"kristie-ibrahim","status":"publish","type":"page","link":"https:\/\/sixtrum.com\/en\/musicians\/kristie-ibrahim\/","title":{"rendered":"Kristie Ibrahim"},"content":{"rendered":"<div class=\"wpb-content-wrapper\"><p>[vc_row css_animation=&#8221;&#8221; row_type=&#8221;row&#8221; use_row_as_full_screen_section=&#8221;no&#8221; type=&#8221;grid&#8221; angled_section=&#8221;no&#8221; text_align=&#8221;left&#8221; background_image_as_pattern=&#8221;without_pattern&#8221; z_index=&#8221;&#8221; padding_top=&#8221;32&#8243; padding_bottom=&#8221;32&#8243;][vc_column width=&#8221;1\/3&#8243;][vc_single_image image=&#8221;1055&#8243; img_size=&#8221;full&#8221; onclick=&#8221;link_image&#8221; qode_css_animation=&#8221;&#8221; qode_hover_animation=&#8221;zoom_in&#8221;][vc_empty_space][\/vc_column][vc_column width=&#8221;2\/3&#8243;][vc_column_text]<span><span><a href=\"https:\/\/sixtrum.com\/en\/\">Accueil<\/a><\/span><\/span>[\/vc_column_text][vc_empty_space height=&#8221;16px&#8221;][vc_column_text css=&#8221;&#8221;]<\/p>\n<h3>Kristie Ibrahim<\/h3>\n<p>Percussionist Kristie Ibrahim has a Master\u2019s degree in Chamber Music from McGill University and has performed internationally with chamber ensembles and symphony orchestras in Canada, USA, France, Mexico, and New Zealand. She has also collaborated extensively as a performer and sound designer with local and international choral directors, choreographers, and theatre directors. A co-founder of Montreal percussion ensemble Sixtrum, and percussion duo Akrostick with Fabrice Marandola, Kristie is dedicated to creating new works and new performance experiences for percussion. Devoted to arts education for all ages, Kristie is Assistant Professor of Percussion and Co-Director of the McGill Percussion Ensemble at The Schulich School of Music of McGill University, a tutor of percussion at FACE School in Montreal, and is a vice-president of the Quebec Chapter of the Percussive Arts Society.[\/vc_column_text][\/vc_column][\/vc_row]<\/p>\n<\/div>","protected":false},"excerpt":{"rendered":"<p>[vc_row css_animation=&#8221;&#8221; row_type=&#8221;row&#8221; use_row_as_full_screen_section=&#8221;no&#8221; type=&#8221;grid&#8221; angled_section=&#8221;no&#8221; text_align=&#8221;left&#8221; background_image_as_pattern=&#8221;without_pattern&#8221; z_index=&#8221;&#8221; padding_top=&#8221;32&#8243; padding_bottom=&#8221;32&#8243;][vc_column width=&#8221;1\/3&#8243;][vc_single_image image=&#8221;1055&#8243; img_size=&#8221;full&#8221; onclick=&#8221;link_image&#8221; qode_css_animation=&#8221;&#8221; qode_hover_animation=&#8221;zoom_in&#8221;][vc_empty_space][\/vc_column][vc_column width=&#8221;2\/3&#8243;][vc_column_text][\/vc_column_text][vc_empty_space height=&#8221;16px&#8221;][vc_column_text css=&#8221;&#8221;] Kristie Ibrahim Percussionist Kristie Ibrahim has a Master\u2019s degree in Chamber Music from McGill University and has performed internationally with chamber ensembles and symphony orchestras&#8230;<\/p>\n","protected":false},"author":2,"featured_media":1055,"parent":3119,"menu_order":0,"comment_status":"closed","ping_status":"closed","template":"full_width.php","meta":{"footnotes":""},"class_list":["post-1067","page","type-page","status-publish","has-post-thumbnail","hentry"],"yoast_head":"<!-- This site is optimized with the Yoast SEO plugin v26.4 - https:\/\/yoast.com\/wordpress\/plugins\/seo\/ -->\n<title>Kristie Ibrahim - Ensemble \u00e0 percussion Sixtrum<\/title>\n<meta name=\"description\" content=\"Kristie Ibrahim has a Masters degree in Chamber Music from McGill University and has performed internationally with chamber ensembles and symphony orchestras in Canada, USA, France, Mexico, and New Zealand.\" \/>\n<meta name=\"robots\" content=\"index, follow, max-snippet:-1, max-image-preview:large, max-video-preview:-1\" \/>\n<link rel=\"canonical\" href=\"https:\/\/sixtrum.com\/en\/musicians\/kristie-ibrahim\/\" \/>\n<meta property=\"og:locale\" content=\"en_US\" \/>\n<meta property=\"og:type\" content=\"article\" \/>\n<meta property=\"og:title\" content=\"Kristie Ibrahim - Ensemble \u00e0 percussion Sixtrum\" \/>\n<meta property=\"og:description\" content=\"Kristie Ibrahim has a Masters degree in Chamber Music from McGill University and has performed internationally with chamber ensembles and symphony orchestras in Canada, USA, France, Mexico, and New Zealand.\" \/>\n<meta property=\"og:url\" content=\"https:\/\/sixtrum.com\/en\/musicians\/kristie-ibrahim\/\" \/>\n<meta property=\"og:site_name\" content=\"Ensemble \u00e0 percussion Sixtrum\" \/>\n<meta property=\"article:publisher\" content=\"https:\/\/www.facebook.com\/sixtrum\" \/>\n<meta property=\"article:modified_time\" content=\"2025-03-18T19:38:08+00:00\" \/>\n<meta property=\"og:image\" content=\"https:\/\/sixtrum.com\/wp-content\/uploads\/2020\/10\/kristie-ibrahim-sixtrum-percussion.jpg\" \/>\n\t<meta property=\"og:image:width\" content=\"1000\" \/>\n\t<meta property=\"og:image:height\" content=\"1500\" \/>\n\t<meta property=\"og:image:type\" content=\"image\/jpeg\" \/>\n<meta name=\"twitter:card\" content=\"summary_large_image\" \/>\n<meta name=\"twitter:site\" content=\"@sixtrum\" \/>\n<meta name=\"twitter:label1\" content=\"Est. reading time\" \/>\n\t<meta name=\"twitter:data1\" content=\"2 minutes\" \/>\n<script type=\"application\/ld+json\" class=\"yoast-schema-graph\">{\"@context\":\"https:\/\/schema.org\",\"@graph\":[{\"@type\":\"WebPage\",\"@id\":\"https:\/\/sixtrum.com\/en\/musicians\/kristie-ibrahim\/\",\"url\":\"https:\/\/sixtrum.com\/en\/musicians\/kristie-ibrahim\/\",\"name\":\"Kristie Ibrahim - Ensemble \u00e0 percussion Sixtrum\",\"isPartOf\":{\"@id\":\"https:\/\/sixtrum.com\/en\/#website\"},\"primaryImageOfPage\":{\"@id\":\"https:\/\/sixtrum.com\/en\/musicians\/kristie-ibrahim\/#primaryimage\"},\"image\":{\"@id\":\"https:\/\/sixtrum.com\/en\/musicians\/kristie-ibrahim\/#primaryimage\"},\"thumbnailUrl\":\"https:\/\/sixtrum.com\/wp-content\/uploads\/2020\/10\/kristie-ibrahim-sixtrum-percussion.jpg\",\"datePublished\":\"2020-11-17T16:50:06+00:00\",\"dateModified\":\"2025-03-18T19:38:08+00:00\",\"description\":\"Kristie Ibrahim has a Masters degree in Chamber Music from McGill University and has performed internationally with chamber ensembles and symphony orchestras in Canada, USA, France, Mexico, and New Zealand.\",\"breadcrumb\":{\"@id\":\"https:\/\/sixtrum.com\/en\/musicians\/kristie-ibrahim\/#breadcrumb\"},\"inLanguage\":\"en-US\",\"potentialAction\":[{\"@type\":\"ReadAction\",\"target\":[\"https:\/\/sixtrum.com\/en\/musicians\/kristie-ibrahim\/\"]}]},{\"@type\":\"ImageObject\",\"inLanguage\":\"en-US\",\"@id\":\"https:\/\/sixtrum.com\/en\/musicians\/kristie-ibrahim\/#primaryimage\",\"url\":\"https:\/\/sixtrum.com\/wp-content\/uploads\/2020\/10\/kristie-ibrahim-sixtrum-percussion.jpg\",\"contentUrl\":\"https:\/\/sixtrum.com\/wp-content\/uploads\/2020\/10\/kristie-ibrahim-sixtrum-percussion.jpg\",\"width\":1000,\"height\":1500},{\"@type\":\"BreadcrumbList\",\"@id\":\"https:\/\/sixtrum.com\/en\/musicians\/kristie-ibrahim\/#breadcrumb\",\"itemListElement\":[{\"@type\":\"ListItem\",\"position\":1,\"name\":\"Accueil\",\"item\":\"https:\/\/sixtrum.com\/en\/\"},{\"@type\":\"ListItem\",\"position\":2,\"name\":\"Musicians\",\"item\":\"https:\/\/sixtrum.com\/en\/musicians\/\"},{\"@type\":\"ListItem\",\"position\":3,\"name\":\"Kristie Ibrahim\"}]},{\"@type\":\"WebSite\",\"@id\":\"https:\/\/sixtrum.com\/en\/#website\",\"url\":\"https:\/\/sixtrum.com\/en\/\",\"name\":\"Ensemble \u00e0 percussion Sixtrum\",\"description\":\"Une exploration d\u00e9brid\u00e9e de la percussion contemporaine\",\"publisher\":{\"@id\":\"https:\/\/sixtrum.com\/en\/#organization\"},\"potentialAction\":[{\"@type\":\"SearchAction\",\"target\":{\"@type\":\"EntryPoint\",\"urlTemplate\":\"https:\/\/sixtrum.com\/en\/?s={search_term_string}\"},\"query-input\":{\"@type\":\"PropertyValueSpecification\",\"valueRequired\":true,\"valueName\":\"search_term_string\"}}],\"inLanguage\":\"en-US\"},{\"@type\":\"Organization\",\"@id\":\"https:\/\/sixtrum.com\/en\/#organization\",\"name\":\"Sixtrum\",\"url\":\"https:\/\/sixtrum.com\/en\/\",\"logo\":{\"@type\":\"ImageObject\",\"inLanguage\":\"en-US\",\"@id\":\"https:\/\/sixtrum.com\/en\/#\/schema\/logo\/image\/\",\"url\":\"https:\/\/sixtrum.com\/wp-content\/uploads\/2020\/10\/sixtrum-ensemble-percussion-logo-noir.png\",\"contentUrl\":\"https:\/\/sixtrum.com\/wp-content\/uploads\/2020\/10\/sixtrum-ensemble-percussion-logo-noir.png\",\"width\":1000,\"height\":368,\"caption\":\"Sixtrum\"},\"image\":{\"@id\":\"https:\/\/sixtrum.com\/en\/#\/schema\/logo\/image\/\"},\"sameAs\":[\"https:\/\/www.facebook.com\/sixtrum\",\"https:\/\/x.com\/sixtrum\",\"https:\/\/www.instagram.com\/sixtrum_percussion\/\",\"https:\/\/www.youtube.com\/sixtrum\"]}]}<\/script>\n<!-- \/ Yoast SEO plugin. -->","yoast_head_json":{"title":"Kristie Ibrahim - Ensemble \u00e0 percussion Sixtrum","description":"Kristie Ibrahim has a Masters degree in Chamber Music from McGill University and has performed internationally with chamber ensembles and symphony orchestras in Canada, USA, France, Mexico, and New Zealand.","robots":{"index":"index","follow":"follow","max-snippet":"max-snippet:-1","max-image-preview":"max-image-preview:large","max-video-preview":"max-video-preview:-1"},"canonical":"https:\/\/sixtrum.com\/en\/musicians\/kristie-ibrahim\/","og_locale":"en_US","og_type":"article","og_title":"Kristie Ibrahim - Ensemble \u00e0 percussion Sixtrum","og_description":"Kristie Ibrahim has a Masters degree in Chamber Music from McGill University and has performed internationally with chamber ensembles and symphony orchestras in Canada, USA, France, Mexico, and New Zealand.","og_url":"https:\/\/sixtrum.com\/en\/musicians\/kristie-ibrahim\/","og_site_name":"Ensemble \u00e0 percussion Sixtrum","article_publisher":"https:\/\/www.facebook.com\/sixtrum","article_modified_time":"2025-03-18T19:38:08+00:00","og_image":[{"width":1000,"height":1500,"url":"https:\/\/sixtrum.com\/wp-content\/uploads\/2020\/10\/kristie-ibrahim-sixtrum-percussion.jpg","type":"image\/jpeg"}],"twitter_card":"summary_large_image","twitter_site":"@sixtrum","twitter_misc":{"Est. reading time":"2 minutes"},"schema":{"@context":"https:\/\/schema.org","@graph":[{"@type":"WebPage","@id":"https:\/\/sixtrum.com\/en\/musicians\/kristie-ibrahim\/","url":"https:\/\/sixtrum.com\/en\/musicians\/kristie-ibrahim\/","name":"Kristie Ibrahim - Ensemble \u00e0 percussion Sixtrum","isPartOf":{"@id":"https:\/\/sixtrum.com\/en\/#website"},"primaryImageOfPage":{"@id":"https:\/\/sixtrum.com\/en\/musicians\/kristie-ibrahim\/#primaryimage"},"image":{"@id":"https:\/\/sixtrum.com\/en\/musicians\/kristie-ibrahim\/#primaryimage"},"thumbnailUrl":"https:\/\/sixtrum.com\/wp-content\/uploads\/2020\/10\/kristie-ibrahim-sixtrum-percussion.jpg","datePublished":"2020-11-17T16:50:06+00:00","dateModified":"2025-03-18T19:38:08+00:00","description":"Kristie Ibrahim has a Masters degree in Chamber Music from McGill University and has performed internationally with chamber ensembles and symphony orchestras in Canada, USA, France, Mexico, and New Zealand.","breadcrumb":{"@id":"https:\/\/sixtrum.com\/en\/musicians\/kristie-ibrahim\/#breadcrumb"},"inLanguage":"en-US","potentialAction":[{"@type":"ReadAction","target":["https:\/\/sixtrum.com\/en\/musicians\/kristie-ibrahim\/"]}]},{"@type":"ImageObject","inLanguage":"en-US","@id":"https:\/\/sixtrum.com\/en\/musicians\/kristie-ibrahim\/#primaryimage","url":"https:\/\/sixtrum.com\/wp-content\/uploads\/2020\/10\/kristie-ibrahim-sixtrum-percussion.jpg","contentUrl":"https:\/\/sixtrum.com\/wp-content\/uploads\/2020\/10\/kristie-ibrahim-sixtrum-percussion.jpg","width":1000,"height":1500},{"@type":"BreadcrumbList","@id":"https:\/\/sixtrum.com\/en\/musicians\/kristie-ibrahim\/#breadcrumb","itemListElement":[{"@type":"ListItem","position":1,"name":"Accueil","item":"https:\/\/sixtrum.com\/en\/"},{"@type":"ListItem","position":2,"name":"Musicians","item":"https:\/\/sixtrum.com\/en\/musicians\/"},{"@type":"ListItem","position":3,"name":"Kristie Ibrahim"}]},{"@type":"WebSite","@id":"https:\/\/sixtrum.com\/en\/#website","url":"https:\/\/sixtrum.com\/en\/","name":"Ensemble \u00e0 percussion Sixtrum","description":"Une exploration d\u00e9brid\u00e9e de la percussion contemporaine","publisher":{"@id":"https:\/\/sixtrum.com\/en\/#organization"},"potentialAction":[{"@type":"SearchAction","target":{"@type":"EntryPoint","urlTemplate":"https:\/\/sixtrum.com\/en\/?s={search_term_string}"},"query-input":{"@type":"PropertyValueSpecification","valueRequired":true,"valueName":"search_term_string"}}],"inLanguage":"en-US"},{"@type":"Organization","@id":"https:\/\/sixtrum.com\/en\/#organization","name":"Sixtrum","url":"https:\/\/sixtrum.com\/en\/","logo":{"@type":"ImageObject","inLanguage":"en-US","@id":"https:\/\/sixtrum.com\/en\/#\/schema\/logo\/image\/","url":"https:\/\/sixtrum.com\/wp-content\/uploads\/2020\/10\/sixtrum-ensemble-percussion-logo-noir.png","contentUrl":"https:\/\/sixtrum.com\/wp-content\/uploads\/2020\/10\/sixtrum-ensemble-percussion-logo-noir.png","width":1000,"height":368,"caption":"Sixtrum"},"image":{"@id":"https:\/\/sixtrum.com\/en\/#\/schema\/logo\/image\/"},"sameAs":["https:\/\/www.facebook.com\/sixtrum","https:\/\/x.com\/sixtrum","https:\/\/www.instagram.com\/sixtrum_percussion\/","https:\/\/www.youtube.com\/sixtrum"]}]}},"_links":{"self":[{"href":"https:\/\/sixtrum.com\/en\/wp-json\/wp\/v2\/pages\/1067","targetHints":{"allow":["GET"]}}],"collection":[{"href":"https:\/\/sixtrum.com\/en\/wp-json\/wp\/v2\/pages"}],"about":[{"href":"https:\/\/sixtrum.com\/en\/wp-json\/wp\/v2\/types\/page"}],"author":[{"embeddable":true,"href":"https:\/\/sixtrum.com\/en\/wp-json\/wp\/v2\/users\/2"}],"replies":[{"embeddable":true,"href":"https:\/\/sixtrum.com\/en\/wp-json\/wp\/v2\/comments?post=1067"}],"version-history":[{"count":4,"href":"https:\/\/sixtrum.com\/en\/wp-json\/wp\/v2\/pages\/1067\/revisions"}],"predecessor-version":[{"id":2923,"href":"https:\/\/sixtrum.com\/en\/wp-json\/wp\/v2\/pages\/1067\/revisions\/2923"}],"up":[{"embeddable":true,"href":"https:\/\/sixtrum.com\/en\/wp-json\/wp\/v2\/pages\/3119"}],"wp:featuredmedia":[{"embeddable":true,"href":"https:\/\/sixtrum.com\/en\/wp-json\/wp\/v2\/media\/1055"}],"wp:attachment":[{"href":"https:\/\/sixtrum.com\/en\/wp-json\/wp\/v2\/media?parent=1067"}],"curies":[{"name":"wp","href":"https:\/\/api.w.org\/{rel}","templated":true}]}}