{"id":1065,"date":"2020-11-17T11:46:33","date_gmt":"2020-11-17T16:46:33","guid":{"rendered":"https:\/\/sixtrum.com\/musicians\/philip-hornsey\/"},"modified":"2025-03-18T15:38:46","modified_gmt":"2025-03-18T19:38:46","slug":"philip-hornsey","status":"publish","type":"page","link":"https:\/\/sixtrum.com\/en\/musicians\/philip-hornsey\/","title":{"rendered":"Philip Hornsey"},"content":{"rendered":"<div class=\"wpb-content-wrapper\"><p>[vc_row css_animation=&#8221;&#8221; row_type=&#8221;row&#8221; use_row_as_full_screen_section=&#8221;no&#8221; type=&#8221;grid&#8221; angled_section=&#8221;no&#8221; text_align=&#8221;left&#8221; background_image_as_pattern=&#8221;without_pattern&#8221; z_index=&#8221;&#8221; padding_top=&#8221;32&#8243; padding_bottom=&#8221;32&#8243;][vc_column width=&#8221;1\/3&#8243;][vc_single_image image=&#8221;1057&#8243; img_size=&#8221;full&#8221; onclick=&#8221;link_image&#8221; qode_css_animation=&#8221;&#8221; qode_hover_animation=&#8221;zoom_in&#8221;][vc_empty_space][\/vc_column][vc_column width=&#8221;2\/3&#8243;][vc_column_text]<span><span><a href=\"https:\/\/sixtrum.com\/en\/\">Accueil<\/a><\/span><\/span>[\/vc_column_text][vc_empty_space height=&#8221;16px&#8221;][vc_column_text]<\/p>\n<h3>Philip Hornsey<\/h3>\n<p><strong>Philip Hornsey<\/strong> discovered contemporary percussion at McGill University with D\u2019Arcy Gray and Pierre B\u00e9luse.\u00a0 After residencies in Germany and in Banff, he completed a master\u2019s degree at the University of Montreal.\u00a0 A freelance percussionist with numerous Montreal orchestras, he places contemporary music at the heart of his calling, as demonstrated through his work with the Ensemble contemporain de Montr\u00e9al, Bradyworks, Ensemble Kore, duo Kovalis and the Nouvel Ensemble Moderne.\u00a0 Hornsey also directs his own percussion and recording studio, Timpano Percussion.\u00a0 As a musician, he distinguishes himself through his desire to discover new sounds, and a curiosity about his audience members.[\/vc_column_text][\/vc_column][\/vc_row]<\/p>\n<\/div>","protected":false},"excerpt":{"rendered":"<p>[vc_row css_animation=&#8221;&#8221; row_type=&#8221;row&#8221; use_row_as_full_screen_section=&#8221;no&#8221; type=&#8221;grid&#8221; angled_section=&#8221;no&#8221; text_align=&#8221;left&#8221; background_image_as_pattern=&#8221;without_pattern&#8221; z_index=&#8221;&#8221; padding_top=&#8221;32&#8243; padding_bottom=&#8221;32&#8243;][vc_column width=&#8221;1\/3&#8243;][vc_single_image image=&#8221;1057&#8243; img_size=&#8221;full&#8221; onclick=&#8221;link_image&#8221; qode_css_animation=&#8221;&#8221; qode_hover_animation=&#8221;zoom_in&#8221;][vc_empty_space][\/vc_column][vc_column width=&#8221;2\/3&#8243;][vc_column_text][\/vc_column_text][vc_empty_space height=&#8221;16px&#8221;][vc_column_text] Philip Hornsey Philip Hornsey discovered contemporary percussion at McGill University with D\u2019Arcy Gray and Pierre B\u00e9luse.\u00a0 After residencies in Germany and in Banff, he completed a&#8230;<\/p>\n","protected":false},"author":2,"featured_media":1057,"parent":3119,"menu_order":0,"comment_status":"closed","ping_status":"closed","template":"full_width.php","meta":{"footnotes":""},"class_list":["post-1065","page","type-page","status-publish","has-post-thumbnail","hentry"],"yoast_head":"<!-- This site is optimized with the Yoast SEO plugin v26.4 - https:\/\/yoast.com\/wordpress\/plugins\/seo\/ -->\n<title>Philip Hornsey - Ensemble \u00e0 percussion Sixtrum<\/title>\n<meta name=\"description\" content=\"Philip Hornsey discovered contemporary percussion at McGill University with D\u2019Arcy Gray and Pierre B\u00e9luse.\" \/>\n<meta name=\"robots\" content=\"index, follow, max-snippet:-1, max-image-preview:large, max-video-preview:-1\" \/>\n<link rel=\"canonical\" href=\"https:\/\/sixtrum.com\/en\/musicians\/philip-hornsey\/\" \/>\n<meta property=\"og:locale\" content=\"en_US\" \/>\n<meta property=\"og:type\" content=\"article\" \/>\n<meta property=\"og:title\" content=\"Philip Hornsey - Ensemble \u00e0 percussion Sixtrum\" \/>\n<meta property=\"og:description\" content=\"Philip Hornsey discovered contemporary percussion at McGill University with D\u2019Arcy Gray and Pierre B\u00e9luse.\" \/>\n<meta property=\"og:url\" content=\"https:\/\/sixtrum.com\/en\/musicians\/philip-hornsey\/\" \/>\n<meta property=\"og:site_name\" content=\"Ensemble \u00e0 percussion Sixtrum\" \/>\n<meta property=\"article:publisher\" content=\"https:\/\/www.facebook.com\/sixtrum\" \/>\n<meta property=\"article:modified_time\" content=\"2025-03-18T19:38:46+00:00\" \/>\n<meta property=\"og:image\" content=\"https:\/\/sixtrum.com\/wp-content\/uploads\/2020\/10\/philip-hornsey-sixtrum-percussion.jpg\" \/>\n\t<meta property=\"og:image:width\" content=\"1000\" \/>\n\t<meta property=\"og:image:height\" content=\"1500\" \/>\n\t<meta property=\"og:image:type\" content=\"image\/jpeg\" \/>\n<meta name=\"twitter:card\" content=\"summary_large_image\" \/>\n<meta name=\"twitter:site\" content=\"@sixtrum\" \/>\n<meta name=\"twitter:label1\" content=\"Est. reading time\" \/>\n\t<meta name=\"twitter:data1\" content=\"2 minutes\" \/>\n<script type=\"application\/ld+json\" class=\"yoast-schema-graph\">{\"@context\":\"https:\/\/schema.org\",\"@graph\":[{\"@type\":\"WebPage\",\"@id\":\"https:\/\/sixtrum.com\/en\/musicians\/philip-hornsey\/\",\"url\":\"https:\/\/sixtrum.com\/en\/musicians\/philip-hornsey\/\",\"name\":\"Philip Hornsey - Ensemble \u00e0 percussion Sixtrum\",\"isPartOf\":{\"@id\":\"https:\/\/sixtrum.com\/en\/#website\"},\"primaryImageOfPage\":{\"@id\":\"https:\/\/sixtrum.com\/en\/musicians\/philip-hornsey\/#primaryimage\"},\"image\":{\"@id\":\"https:\/\/sixtrum.com\/en\/musicians\/philip-hornsey\/#primaryimage\"},\"thumbnailUrl\":\"https:\/\/sixtrum.com\/wp-content\/uploads\/2020\/10\/philip-hornsey-sixtrum-percussion.jpg\",\"datePublished\":\"2020-11-17T16:46:33+00:00\",\"dateModified\":\"2025-03-18T19:38:46+00:00\",\"description\":\"Philip Hornsey discovered contemporary percussion at McGill University with D\u2019Arcy Gray and Pierre B\u00e9luse.\",\"breadcrumb\":{\"@id\":\"https:\/\/sixtrum.com\/en\/musicians\/philip-hornsey\/#breadcrumb\"},\"inLanguage\":\"en-US\",\"potentialAction\":[{\"@type\":\"ReadAction\",\"target\":[\"https:\/\/sixtrum.com\/en\/musicians\/philip-hornsey\/\"]}]},{\"@type\":\"ImageObject\",\"inLanguage\":\"en-US\",\"@id\":\"https:\/\/sixtrum.com\/en\/musicians\/philip-hornsey\/#primaryimage\",\"url\":\"https:\/\/sixtrum.com\/wp-content\/uploads\/2020\/10\/philip-hornsey-sixtrum-percussion.jpg\",\"contentUrl\":\"https:\/\/sixtrum.com\/wp-content\/uploads\/2020\/10\/philip-hornsey-sixtrum-percussion.jpg\",\"width\":1000,\"height\":1500},{\"@type\":\"BreadcrumbList\",\"@id\":\"https:\/\/sixtrum.com\/en\/musicians\/philip-hornsey\/#breadcrumb\",\"itemListElement\":[{\"@type\":\"ListItem\",\"position\":1,\"name\":\"Accueil\",\"item\":\"https:\/\/sixtrum.com\/en\/\"},{\"@type\":\"ListItem\",\"position\":2,\"name\":\"Musicians\",\"item\":\"https:\/\/sixtrum.com\/en\/musicians\/\"},{\"@type\":\"ListItem\",\"position\":3,\"name\":\"Philip Hornsey\"}]},{\"@type\":\"WebSite\",\"@id\":\"https:\/\/sixtrum.com\/en\/#website\",\"url\":\"https:\/\/sixtrum.com\/en\/\",\"name\":\"Ensemble \u00e0 percussion Sixtrum\",\"description\":\"Une exploration d\u00e9brid\u00e9e de la percussion contemporaine\",\"publisher\":{\"@id\":\"https:\/\/sixtrum.com\/en\/#organization\"},\"potentialAction\":[{\"@type\":\"SearchAction\",\"target\":{\"@type\":\"EntryPoint\",\"urlTemplate\":\"https:\/\/sixtrum.com\/en\/?s={search_term_string}\"},\"query-input\":{\"@type\":\"PropertyValueSpecification\",\"valueRequired\":true,\"valueName\":\"search_term_string\"}}],\"inLanguage\":\"en-US\"},{\"@type\":\"Organization\",\"@id\":\"https:\/\/sixtrum.com\/en\/#organization\",\"name\":\"Sixtrum\",\"url\":\"https:\/\/sixtrum.com\/en\/\",\"logo\":{\"@type\":\"ImageObject\",\"inLanguage\":\"en-US\",\"@id\":\"https:\/\/sixtrum.com\/en\/#\/schema\/logo\/image\/\",\"url\":\"https:\/\/sixtrum.com\/wp-content\/uploads\/2020\/10\/sixtrum-ensemble-percussion-logo-noir.png\",\"contentUrl\":\"https:\/\/sixtrum.com\/wp-content\/uploads\/2020\/10\/sixtrum-ensemble-percussion-logo-noir.png\",\"width\":1000,\"height\":368,\"caption\":\"Sixtrum\"},\"image\":{\"@id\":\"https:\/\/sixtrum.com\/en\/#\/schema\/logo\/image\/\"},\"sameAs\":[\"https:\/\/www.facebook.com\/sixtrum\",\"https:\/\/x.com\/sixtrum\",\"https:\/\/www.instagram.com\/sixtrum_percussion\/\",\"https:\/\/www.youtube.com\/sixtrum\"]}]}<\/script>\n<!-- \/ Yoast SEO plugin. -->","yoast_head_json":{"title":"Philip Hornsey - Ensemble \u00e0 percussion Sixtrum","description":"Philip Hornsey discovered contemporary percussion at McGill University with D\u2019Arcy Gray and Pierre B\u00e9luse.","robots":{"index":"index","follow":"follow","max-snippet":"max-snippet:-1","max-image-preview":"max-image-preview:large","max-video-preview":"max-video-preview:-1"},"canonical":"https:\/\/sixtrum.com\/en\/musicians\/philip-hornsey\/","og_locale":"en_US","og_type":"article","og_title":"Philip Hornsey - Ensemble \u00e0 percussion Sixtrum","og_description":"Philip Hornsey discovered contemporary percussion at McGill University with D\u2019Arcy Gray and Pierre B\u00e9luse.","og_url":"https:\/\/sixtrum.com\/en\/musicians\/philip-hornsey\/","og_site_name":"Ensemble \u00e0 percussion Sixtrum","article_publisher":"https:\/\/www.facebook.com\/sixtrum","article_modified_time":"2025-03-18T19:38:46+00:00","og_image":[{"width":1000,"height":1500,"url":"https:\/\/sixtrum.com\/wp-content\/uploads\/2020\/10\/philip-hornsey-sixtrum-percussion.jpg","type":"image\/jpeg"}],"twitter_card":"summary_large_image","twitter_site":"@sixtrum","twitter_misc":{"Est. reading time":"2 minutes"},"schema":{"@context":"https:\/\/schema.org","@graph":[{"@type":"WebPage","@id":"https:\/\/sixtrum.com\/en\/musicians\/philip-hornsey\/","url":"https:\/\/sixtrum.com\/en\/musicians\/philip-hornsey\/","name":"Philip Hornsey - Ensemble \u00e0 percussion Sixtrum","isPartOf":{"@id":"https:\/\/sixtrum.com\/en\/#website"},"primaryImageOfPage":{"@id":"https:\/\/sixtrum.com\/en\/musicians\/philip-hornsey\/#primaryimage"},"image":{"@id":"https:\/\/sixtrum.com\/en\/musicians\/philip-hornsey\/#primaryimage"},"thumbnailUrl":"https:\/\/sixtrum.com\/wp-content\/uploads\/2020\/10\/philip-hornsey-sixtrum-percussion.jpg","datePublished":"2020-11-17T16:46:33+00:00","dateModified":"2025-03-18T19:38:46+00:00","description":"Philip Hornsey discovered contemporary percussion at McGill University with D\u2019Arcy Gray and Pierre B\u00e9luse.","breadcrumb":{"@id":"https:\/\/sixtrum.com\/en\/musicians\/philip-hornsey\/#breadcrumb"},"inLanguage":"en-US","potentialAction":[{"@type":"ReadAction","target":["https:\/\/sixtrum.com\/en\/musicians\/philip-hornsey\/"]}]},{"@type":"ImageObject","inLanguage":"en-US","@id":"https:\/\/sixtrum.com\/en\/musicians\/philip-hornsey\/#primaryimage","url":"https:\/\/sixtrum.com\/wp-content\/uploads\/2020\/10\/philip-hornsey-sixtrum-percussion.jpg","contentUrl":"https:\/\/sixtrum.com\/wp-content\/uploads\/2020\/10\/philip-hornsey-sixtrum-percussion.jpg","width":1000,"height":1500},{"@type":"BreadcrumbList","@id":"https:\/\/sixtrum.com\/en\/musicians\/philip-hornsey\/#breadcrumb","itemListElement":[{"@type":"ListItem","position":1,"name":"Accueil","item":"https:\/\/sixtrum.com\/en\/"},{"@type":"ListItem","position":2,"name":"Musicians","item":"https:\/\/sixtrum.com\/en\/musicians\/"},{"@type":"ListItem","position":3,"name":"Philip Hornsey"}]},{"@type":"WebSite","@id":"https:\/\/sixtrum.com\/en\/#website","url":"https:\/\/sixtrum.com\/en\/","name":"Ensemble \u00e0 percussion Sixtrum","description":"Une exploration d\u00e9brid\u00e9e de la percussion contemporaine","publisher":{"@id":"https:\/\/sixtrum.com\/en\/#organization"},"potentialAction":[{"@type":"SearchAction","target":{"@type":"EntryPoint","urlTemplate":"https:\/\/sixtrum.com\/en\/?s={search_term_string}"},"query-input":{"@type":"PropertyValueSpecification","valueRequired":true,"valueName":"search_term_string"}}],"inLanguage":"en-US"},{"@type":"Organization","@id":"https:\/\/sixtrum.com\/en\/#organization","name":"Sixtrum","url":"https:\/\/sixtrum.com\/en\/","logo":{"@type":"ImageObject","inLanguage":"en-US","@id":"https:\/\/sixtrum.com\/en\/#\/schema\/logo\/image\/","url":"https:\/\/sixtrum.com\/wp-content\/uploads\/2020\/10\/sixtrum-ensemble-percussion-logo-noir.png","contentUrl":"https:\/\/sixtrum.com\/wp-content\/uploads\/2020\/10\/sixtrum-ensemble-percussion-logo-noir.png","width":1000,"height":368,"caption":"Sixtrum"},"image":{"@id":"https:\/\/sixtrum.com\/en\/#\/schema\/logo\/image\/"},"sameAs":["https:\/\/www.facebook.com\/sixtrum","https:\/\/x.com\/sixtrum","https:\/\/www.instagram.com\/sixtrum_percussion\/","https:\/\/www.youtube.com\/sixtrum"]}]}},"_links":{"self":[{"href":"https:\/\/sixtrum.com\/en\/wp-json\/wp\/v2\/pages\/1065","targetHints":{"allow":["GET"]}}],"collection":[{"href":"https:\/\/sixtrum.com\/en\/wp-json\/wp\/v2\/pages"}],"about":[{"href":"https:\/\/sixtrum.com\/en\/wp-json\/wp\/v2\/types\/page"}],"author":[{"embeddable":true,"href":"https:\/\/sixtrum.com\/en\/wp-json\/wp\/v2\/users\/2"}],"replies":[{"embeddable":true,"href":"https:\/\/sixtrum.com\/en\/wp-json\/wp\/v2\/comments?post=1065"}],"version-history":[{"count":3,"href":"https:\/\/sixtrum.com\/en\/wp-json\/wp\/v2\/pages\/1065\/revisions"}],"predecessor-version":[{"id":1078,"href":"https:\/\/sixtrum.com\/en\/wp-json\/wp\/v2\/pages\/1065\/revisions\/1078"}],"up":[{"embeddable":true,"href":"https:\/\/sixtrum.com\/en\/wp-json\/wp\/v2\/pages\/3119"}],"wp:featuredmedia":[{"embeddable":true,"href":"https:\/\/sixtrum.com\/en\/wp-json\/wp\/v2\/media\/1057"}],"wp:attachment":[{"href":"https:\/\/sixtrum.com\/en\/wp-json\/wp\/v2\/media?parent=1065"}],"curies":[{"name":"wp","href":"https:\/\/api.w.org\/{rel}","templated":true}]}}