{"id":1061,"date":"2020-11-17T11:37:16","date_gmt":"2020-11-17T16:37:16","guid":{"rendered":"https:\/\/sixtrum.com\/musicians\/joao-catalao\/"},"modified":"2025-03-18T15:37:33","modified_gmt":"2025-03-18T19:37:33","slug":"joao-catalao","status":"publish","type":"page","link":"https:\/\/sixtrum.com\/en\/musicians\/joao-catalao\/","title":{"rendered":"Jo\u00e3o Catal\u00e3o"},"content":{"rendered":"<div class=\"wpb-content-wrapper\"><p>[vc_row css_animation=&#8221;&#8221; row_type=&#8221;row&#8221; use_row_as_full_screen_section=&#8221;no&#8221; type=&#8221;grid&#8221; angled_section=&#8221;no&#8221; text_align=&#8221;left&#8221; background_image_as_pattern=&#8221;without_pattern&#8221; z_index=&#8221;&#8221; padding_top=&#8221;32&#8243; padding_bottom=&#8221;32&#8243;][vc_column width=&#8221;1\/3&#8243;][vc_single_image image=&#8221;1052&#8243; img_size=&#8221;full&#8221; onclick=&#8221;link_image&#8221; qode_css_animation=&#8221;&#8221; qode_hover_animation=&#8221;zoom_in&#8221;][vc_empty_space][\/vc_column][vc_column width=&#8221;2\/3&#8243;][vc_column_text]<span><span><a href=\"https:\/\/sixtrum.com\/en\/\">Accueil<\/a><\/span><\/span>[\/vc_column_text][vc_empty_space height=&#8221;16px&#8221;][vc_column_text css=&#8221;&#8221;]<\/p>\n<h3>Jo\u00e3o Catal\u00e3o<\/h3>\n<p><strong>Jo\u00e3o Catal\u00e3o<\/strong> is interested in how theatrical approaches and acting techniques can be applied to music. This work earned him a doctorate in performance from the University of Montreal and awards at the PAS-Brazil Composition Competition, a finalist spot at the IPCL in Luxembourg, and the &#8220;Outstanding Contribution to Theater&#8221; award with <em>Ang\u00e9lique<\/em>.<\/p>\n<p>As guest professor and head of the percussion sector at the University of Montreal, he is active in the contemporary, jazz, and pop music scenes in Quebec and Canada. Jo\u00e3o Catal\u00e3o is a member of Sixtrum, a contemporary percussion ensemble, a timpanist with the ensemble &#8220;Obiora,&#8221; a member of the jazz group Thuya, and has also worked as a marimbist for singer Pierre Lapointe and other pop\/rock bands in Montreal. With these groups, he has performed at various American and European festivals: PASIC (US), MUSICA (FR), La Rochelle (FR), Salzburg Festival (AT), International Marimba Festival of Tabasco (MX), among others.<\/p>\n<p>As a composer, Catal\u00e3o has written music for productions such as <em>Fantaisie des Am\u00e9riques,<\/em>\u00a0a jazz musical tale with his group Thuya, <em>La Grande Tortue<\/em> (Sixtrum), <em>Utopia.Arvore<\/em> for puppet and marimba (J. Notari), and <em>L\u2019Ombre et l\u2019Hibou<\/em> (La Nef). His piece <em>La pri\u00e8re de Fran\u00e7ois d\u2019Assis<\/em> is performed by multiple percussionists in Brazil and the United States.<\/p>\n<p>He also teaches percussion to a variety of age groups, from children and teenagers to academic and professional levels, at institutions such as the University of Montreal, McGill University in Brazilian jazz combos, and contemporary and Latin percussion at CEGEP Marie-Victorin and Pierre-Laporte High School.[\/vc_column_text][\/vc_column][\/vc_row]<\/p>\n<\/div>","protected":false},"excerpt":{"rendered":"<p>[vc_row css_animation=&#8221;&#8221; row_type=&#8221;row&#8221; use_row_as_full_screen_section=&#8221;no&#8221; type=&#8221;grid&#8221; angled_section=&#8221;no&#8221; text_align=&#8221;left&#8221; background_image_as_pattern=&#8221;without_pattern&#8221; z_index=&#8221;&#8221; padding_top=&#8221;32&#8243; padding_bottom=&#8221;32&#8243;][vc_column width=&#8221;1\/3&#8243;][vc_single_image image=&#8221;1052&#8243; img_size=&#8221;full&#8221; onclick=&#8221;link_image&#8221; qode_css_animation=&#8221;&#8221; qode_hover_animation=&#8221;zoom_in&#8221;][vc_empty_space][\/vc_column][vc_column width=&#8221;2\/3&#8243;][vc_column_text][\/vc_column_text][vc_empty_space height=&#8221;16px&#8221;][vc_column_text css=&#8221;&#8221;] Jo\u00e3o Catal\u00e3o Jo\u00e3o Catal\u00e3o is interested in how theatrical approaches and acting techniques can be applied to music. This work earned him a doctorate in&#8230;<\/p>\n","protected":false},"author":2,"featured_media":1052,"parent":3119,"menu_order":0,"comment_status":"closed","ping_status":"closed","template":"full_width.php","meta":{"footnotes":""},"class_list":["post-1061","page","type-page","status-publish","has-post-thumbnail","hentry"],"yoast_head":"<!-- This site is optimized with the Yoast SEO plugin v26.4 - https:\/\/yoast.com\/wordpress\/plugins\/seo\/ -->\n<title>Jo\u00e3o Catal\u00e3o - Ensemble \u00e0 percussion Sixtrum<\/title>\n<meta name=\"description\" content=\"Jo\u00e3o Catal\u00e3o is interested in how theatrical approaches and working methods of actors may be applied to music.\" \/>\n<meta name=\"robots\" content=\"index, follow, max-snippet:-1, max-image-preview:large, max-video-preview:-1\" \/>\n<link rel=\"canonical\" href=\"https:\/\/sixtrum.com\/en\/musicians\/joao-catalao\/\" \/>\n<meta property=\"og:locale\" content=\"en_US\" \/>\n<meta property=\"og:type\" content=\"article\" \/>\n<meta property=\"og:title\" content=\"Jo\u00e3o Catal\u00e3o - Ensemble \u00e0 percussion Sixtrum\" \/>\n<meta property=\"og:description\" content=\"Jo\u00e3o Catal\u00e3o is interested in how theatrical approaches and working methods of actors may be applied to music.\" \/>\n<meta property=\"og:url\" content=\"https:\/\/sixtrum.com\/en\/musicians\/joao-catalao\/\" \/>\n<meta property=\"og:site_name\" content=\"Ensemble \u00e0 percussion Sixtrum\" \/>\n<meta property=\"article:publisher\" content=\"https:\/\/www.facebook.com\/sixtrum\" \/>\n<meta property=\"article:modified_time\" content=\"2025-03-18T19:37:33+00:00\" \/>\n<meta property=\"og:image\" content=\"https:\/\/sixtrum.com\/wp-content\/uploads\/2020\/10\/joao-catalao-sixtrum-percussion.jpg\" \/>\n\t<meta property=\"og:image:width\" content=\"1000\" \/>\n\t<meta property=\"og:image:height\" content=\"1500\" \/>\n\t<meta property=\"og:image:type\" content=\"image\/jpeg\" \/>\n<meta name=\"twitter:card\" content=\"summary_large_image\" \/>\n<meta name=\"twitter:site\" content=\"@sixtrum\" \/>\n<meta name=\"twitter:label1\" content=\"Est. reading time\" \/>\n\t<meta name=\"twitter:data1\" content=\"2 minutes\" \/>\n<script type=\"application\/ld+json\" class=\"yoast-schema-graph\">{\"@context\":\"https:\/\/schema.org\",\"@graph\":[{\"@type\":\"WebPage\",\"@id\":\"https:\/\/sixtrum.com\/en\/musicians\/joao-catalao\/\",\"url\":\"https:\/\/sixtrum.com\/en\/musicians\/joao-catalao\/\",\"name\":\"Jo\u00e3o Catal\u00e3o - Ensemble \u00e0 percussion Sixtrum\",\"isPartOf\":{\"@id\":\"https:\/\/sixtrum.com\/en\/#website\"},\"primaryImageOfPage\":{\"@id\":\"https:\/\/sixtrum.com\/en\/musicians\/joao-catalao\/#primaryimage\"},\"image\":{\"@id\":\"https:\/\/sixtrum.com\/en\/musicians\/joao-catalao\/#primaryimage\"},\"thumbnailUrl\":\"https:\/\/sixtrum.com\/wp-content\/uploads\/2020\/10\/joao-catalao-sixtrum-percussion.jpg\",\"datePublished\":\"2020-11-17T16:37:16+00:00\",\"dateModified\":\"2025-03-18T19:37:33+00:00\",\"description\":\"Jo\u00e3o Catal\u00e3o is interested in how theatrical approaches and working methods of actors may be applied to music.\",\"breadcrumb\":{\"@id\":\"https:\/\/sixtrum.com\/en\/musicians\/joao-catalao\/#breadcrumb\"},\"inLanguage\":\"en-US\",\"potentialAction\":[{\"@type\":\"ReadAction\",\"target\":[\"https:\/\/sixtrum.com\/en\/musicians\/joao-catalao\/\"]}]},{\"@type\":\"ImageObject\",\"inLanguage\":\"en-US\",\"@id\":\"https:\/\/sixtrum.com\/en\/musicians\/joao-catalao\/#primaryimage\",\"url\":\"https:\/\/sixtrum.com\/wp-content\/uploads\/2020\/10\/joao-catalao-sixtrum-percussion.jpg\",\"contentUrl\":\"https:\/\/sixtrum.com\/wp-content\/uploads\/2020\/10\/joao-catalao-sixtrum-percussion.jpg\",\"width\":1000,\"height\":1500},{\"@type\":\"BreadcrumbList\",\"@id\":\"https:\/\/sixtrum.com\/en\/musicians\/joao-catalao\/#breadcrumb\",\"itemListElement\":[{\"@type\":\"ListItem\",\"position\":1,\"name\":\"Accueil\",\"item\":\"https:\/\/sixtrum.com\/en\/\"},{\"@type\":\"ListItem\",\"position\":2,\"name\":\"Musicians\",\"item\":\"https:\/\/sixtrum.com\/en\/musicians\/\"},{\"@type\":\"ListItem\",\"position\":3,\"name\":\"Jo\u00e3o Catal\u00e3o\"}]},{\"@type\":\"WebSite\",\"@id\":\"https:\/\/sixtrum.com\/en\/#website\",\"url\":\"https:\/\/sixtrum.com\/en\/\",\"name\":\"Ensemble \u00e0 percussion Sixtrum\",\"description\":\"Une exploration d\u00e9brid\u00e9e de la percussion contemporaine\",\"publisher\":{\"@id\":\"https:\/\/sixtrum.com\/en\/#organization\"},\"potentialAction\":[{\"@type\":\"SearchAction\",\"target\":{\"@type\":\"EntryPoint\",\"urlTemplate\":\"https:\/\/sixtrum.com\/en\/?s={search_term_string}\"},\"query-input\":{\"@type\":\"PropertyValueSpecification\",\"valueRequired\":true,\"valueName\":\"search_term_string\"}}],\"inLanguage\":\"en-US\"},{\"@type\":\"Organization\",\"@id\":\"https:\/\/sixtrum.com\/en\/#organization\",\"name\":\"Sixtrum\",\"url\":\"https:\/\/sixtrum.com\/en\/\",\"logo\":{\"@type\":\"ImageObject\",\"inLanguage\":\"en-US\",\"@id\":\"https:\/\/sixtrum.com\/en\/#\/schema\/logo\/image\/\",\"url\":\"https:\/\/sixtrum.com\/wp-content\/uploads\/2020\/10\/sixtrum-ensemble-percussion-logo-noir.png\",\"contentUrl\":\"https:\/\/sixtrum.com\/wp-content\/uploads\/2020\/10\/sixtrum-ensemble-percussion-logo-noir.png\",\"width\":1000,\"height\":368,\"caption\":\"Sixtrum\"},\"image\":{\"@id\":\"https:\/\/sixtrum.com\/en\/#\/schema\/logo\/image\/\"},\"sameAs\":[\"https:\/\/www.facebook.com\/sixtrum\",\"https:\/\/x.com\/sixtrum\",\"https:\/\/www.instagram.com\/sixtrum_percussion\/\",\"https:\/\/www.youtube.com\/sixtrum\"]}]}<\/script>\n<!-- \/ Yoast SEO plugin. -->","yoast_head_json":{"title":"Jo\u00e3o Catal\u00e3o - Ensemble \u00e0 percussion Sixtrum","description":"Jo\u00e3o Catal\u00e3o is interested in how theatrical approaches and working methods of actors may be applied to music.","robots":{"index":"index","follow":"follow","max-snippet":"max-snippet:-1","max-image-preview":"max-image-preview:large","max-video-preview":"max-video-preview:-1"},"canonical":"https:\/\/sixtrum.com\/en\/musicians\/joao-catalao\/","og_locale":"en_US","og_type":"article","og_title":"Jo\u00e3o Catal\u00e3o - Ensemble \u00e0 percussion Sixtrum","og_description":"Jo\u00e3o Catal\u00e3o is interested in how theatrical approaches and working methods of actors may be applied to music.","og_url":"https:\/\/sixtrum.com\/en\/musicians\/joao-catalao\/","og_site_name":"Ensemble \u00e0 percussion Sixtrum","article_publisher":"https:\/\/www.facebook.com\/sixtrum","article_modified_time":"2025-03-18T19:37:33+00:00","og_image":[{"width":1000,"height":1500,"url":"https:\/\/sixtrum.com\/wp-content\/uploads\/2020\/10\/joao-catalao-sixtrum-percussion.jpg","type":"image\/jpeg"}],"twitter_card":"summary_large_image","twitter_site":"@sixtrum","twitter_misc":{"Est. reading time":"2 minutes"},"schema":{"@context":"https:\/\/schema.org","@graph":[{"@type":"WebPage","@id":"https:\/\/sixtrum.com\/en\/musicians\/joao-catalao\/","url":"https:\/\/sixtrum.com\/en\/musicians\/joao-catalao\/","name":"Jo\u00e3o Catal\u00e3o - Ensemble \u00e0 percussion Sixtrum","isPartOf":{"@id":"https:\/\/sixtrum.com\/en\/#website"},"primaryImageOfPage":{"@id":"https:\/\/sixtrum.com\/en\/musicians\/joao-catalao\/#primaryimage"},"image":{"@id":"https:\/\/sixtrum.com\/en\/musicians\/joao-catalao\/#primaryimage"},"thumbnailUrl":"https:\/\/sixtrum.com\/wp-content\/uploads\/2020\/10\/joao-catalao-sixtrum-percussion.jpg","datePublished":"2020-11-17T16:37:16+00:00","dateModified":"2025-03-18T19:37:33+00:00","description":"Jo\u00e3o Catal\u00e3o is interested in how theatrical approaches and working methods of actors may be applied to music.","breadcrumb":{"@id":"https:\/\/sixtrum.com\/en\/musicians\/joao-catalao\/#breadcrumb"},"inLanguage":"en-US","potentialAction":[{"@type":"ReadAction","target":["https:\/\/sixtrum.com\/en\/musicians\/joao-catalao\/"]}]},{"@type":"ImageObject","inLanguage":"en-US","@id":"https:\/\/sixtrum.com\/en\/musicians\/joao-catalao\/#primaryimage","url":"https:\/\/sixtrum.com\/wp-content\/uploads\/2020\/10\/joao-catalao-sixtrum-percussion.jpg","contentUrl":"https:\/\/sixtrum.com\/wp-content\/uploads\/2020\/10\/joao-catalao-sixtrum-percussion.jpg","width":1000,"height":1500},{"@type":"BreadcrumbList","@id":"https:\/\/sixtrum.com\/en\/musicians\/joao-catalao\/#breadcrumb","itemListElement":[{"@type":"ListItem","position":1,"name":"Accueil","item":"https:\/\/sixtrum.com\/en\/"},{"@type":"ListItem","position":2,"name":"Musicians","item":"https:\/\/sixtrum.com\/en\/musicians\/"},{"@type":"ListItem","position":3,"name":"Jo\u00e3o Catal\u00e3o"}]},{"@type":"WebSite","@id":"https:\/\/sixtrum.com\/en\/#website","url":"https:\/\/sixtrum.com\/en\/","name":"Ensemble \u00e0 percussion Sixtrum","description":"Une exploration d\u00e9brid\u00e9e de la percussion contemporaine","publisher":{"@id":"https:\/\/sixtrum.com\/en\/#organization"},"potentialAction":[{"@type":"SearchAction","target":{"@type":"EntryPoint","urlTemplate":"https:\/\/sixtrum.com\/en\/?s={search_term_string}"},"query-input":{"@type":"PropertyValueSpecification","valueRequired":true,"valueName":"search_term_string"}}],"inLanguage":"en-US"},{"@type":"Organization","@id":"https:\/\/sixtrum.com\/en\/#organization","name":"Sixtrum","url":"https:\/\/sixtrum.com\/en\/","logo":{"@type":"ImageObject","inLanguage":"en-US","@id":"https:\/\/sixtrum.com\/en\/#\/schema\/logo\/image\/","url":"https:\/\/sixtrum.com\/wp-content\/uploads\/2020\/10\/sixtrum-ensemble-percussion-logo-noir.png","contentUrl":"https:\/\/sixtrum.com\/wp-content\/uploads\/2020\/10\/sixtrum-ensemble-percussion-logo-noir.png","width":1000,"height":368,"caption":"Sixtrum"},"image":{"@id":"https:\/\/sixtrum.com\/en\/#\/schema\/logo\/image\/"},"sameAs":["https:\/\/www.facebook.com\/sixtrum","https:\/\/x.com\/sixtrum","https:\/\/www.instagram.com\/sixtrum_percussion\/","https:\/\/www.youtube.com\/sixtrum"]}]}},"_links":{"self":[{"href":"https:\/\/sixtrum.com\/en\/wp-json\/wp\/v2\/pages\/1061","targetHints":{"allow":["GET"]}}],"collection":[{"href":"https:\/\/sixtrum.com\/en\/wp-json\/wp\/v2\/pages"}],"about":[{"href":"https:\/\/sixtrum.com\/en\/wp-json\/wp\/v2\/types\/page"}],"author":[{"embeddable":true,"href":"https:\/\/sixtrum.com\/en\/wp-json\/wp\/v2\/users\/2"}],"replies":[{"embeddable":true,"href":"https:\/\/sixtrum.com\/en\/wp-json\/wp\/v2\/comments?post=1061"}],"version-history":[{"count":3,"href":"https:\/\/sixtrum.com\/en\/wp-json\/wp\/v2\/pages\/1061\/revisions"}],"predecessor-version":[{"id":2702,"href":"https:\/\/sixtrum.com\/en\/wp-json\/wp\/v2\/pages\/1061\/revisions\/2702"}],"up":[{"embeddable":true,"href":"https:\/\/sixtrum.com\/en\/wp-json\/wp\/v2\/pages\/3119"}],"wp:featuredmedia":[{"embeddable":true,"href":"https:\/\/sixtrum.com\/en\/wp-json\/wp\/v2\/media\/1052"}],"wp:attachment":[{"href":"https:\/\/sixtrum.com\/en\/wp-json\/wp\/v2\/media?parent=1061"}],"curies":[{"name":"wp","href":"https:\/\/api.w.org\/{rel}","templated":true}]}}